{"id":104,"date":"2019-10-28T14:03:52","date_gmt":"2019-10-28T18:03:52","guid":{"rendered":"http:\/\/aftertheasylum.ca\/new-wordpress\/?page_id=104"},"modified":"2022-07-05T15:06:52","modified_gmt":"2022-07-05T19:06:52","slug":"marguerite-marie","status":"publish","type":"page","link":"https:\/\/madnesscanada.com\/fr\/after-the-asylum\/case-studies\/marguerite-marie\/","title":{"rendered":"Marguerite-Marie"},"content":{"rendered":"<p><\/p>\n<!-- Widget Shortcode --><div id=\"nav_menu-64\" class=\"widget widget_nav_menu widget-shortcode area-arbitrary \"><h2 class=\"widgettitle\">(English) After the Asylum<\/h2><div class=\"menu-after-the-asylum-container\"><ul id=\"menu-after-the-asylum-1\" class=\"menu\"><li class=\"menu-item menu-item-type-post_type menu-item-object-page menu-item-9204\"><a href=\"https:\/\/madnesscanada.com\/fr\/after-the-asylum\/\">Apr\u00e8s l\u2019asile<\/a><\/li>\n<li class=\"menu-item menu-item-type-post_type menu-item-object-page menu-item-9203\"><a href=\"https:\/\/madnesscanada.com\/fr\/after-the-asylum\/policy-and-practice\/\">Politiques de sant\u00e9 mentale<\/a><\/li>\n<li class=\"menu-item menu-item-type-post_type menu-item-object-page menu-item-9208\"><a href=\"https:\/\/madnesscanada.com\/fr\/after-the-asylum\/peer-support-activism\/\">Soutien par les pairs et activisme<\/a><\/li>\n<li class=\"menu-item menu-item-type-post_type menu-item-object-page menu-item-9207\"><a href=\"https:\/\/madnesscanada.com\/fr\/after-the-asylum\/survivor-culture\/\">Culture de la survivante<\/a><\/li>\n<li class=\"menu-item menu-item-type-post_type menu-item-object-page menu-item-9206\"><a href=\"https:\/\/madnesscanada.com\/fr\/after-the-asylum\/case-studies\/\">\u00c9tudes de cas<\/a><\/li>\n<\/ul><\/div><\/div><!-- \/Widget Shortcode -->\n<!-- Widget Shortcode --><div id=\"search-3\" class=\"widget widget_search widget-shortcode area-arbitrary \"><h2 class=\"widgettitle\">(English) SEARCH<\/h2><form role=\"search\" method=\"get\" class=\"search-form\" action=\"https:\/\/madnesscanada.com\/fr\/\">\n\t\t\t\t<label>\n\t\t\t\t\t<span class=\"screen-reader-text\">Rechercher\u00a0:<\/span>\n\t\t\t\t\t<input type=\"search\" class=\"search-field\" placeholder=\"Rechercher\u2026\" value=\"\" name=\"s\" \/>\n\t\t\t\t<\/label>\n\t\t\t\t<input type=\"submit\" class=\"search-submit\" value=\"Rechercher\" \/>\n\t\t\t<\/form><\/div><!-- \/Widget Shortcode -->\n<div class=\"rightmenu\"><!-- Widget Shortcode --><div id=\"nav_menu-85\" class=\"widget widget_nav_menu widget-shortcode area-arbitrary \"><div class=\"menu-marguerite-marie-container\"><ul id=\"menu-marguerite-marie-1\" class=\"menu\"><li class=\"menu-item menu-item-type-post_type menu-item-object-page menu-item-9353\"><a href=\"https:\/\/madnesscanada.com\/fr\/after-the-asylum\/case-studies\/marguerite-marie\/\">Marguerite-Marie<\/a><\/li>\n<li class=\"menu-item menu-item-type-post_type menu-item-object-page menu-item-9351\"><a href=\"https:\/\/madnesscanada.com\/fr\/after-the-asylum\/case-studies\/marguerite-marie\/marguerite-marie\/\">L&rsquo;h\u00f4pital<\/a><\/li>\n<li class=\"menu-item menu-item-type-post_type menu-item-object-page menu-item-9350\"><a href=\"https:\/\/madnesscanada.com\/fr\/after-the-asylum\/case-studies\/marguerite-marie\/family-connections\/\">Son dossier m\u00e9dical<\/a><\/li>\n<li class=\"menu-item menu-item-type-post_type menu-item-object-page menu-item-9349\"><a href=\"https:\/\/madnesscanada.com\/fr\/after-the-asylum\/case-studies\/marguerite-marie\/medical-records\/\">Sa correspondance<\/a><\/li>\n<li class=\"menu-item menu-item-type-post_type menu-item-object-page menu-item-9348\"><a href=\"https:\/\/madnesscanada.com\/fr\/after-the-asylum\/case-studies\/marguerite-marie\/patient-letters\/\">Qui est Marguerite-Marie?<\/a><\/li>\n<li class=\"menu-item menu-item-type-post_type menu-item-object-page menu-item-9352\"><a href=\"https:\/\/madnesscanada.com\/fr\/after-the-asylum\/case-studies\/\">\u00c9tudes de cas<\/a><\/li>\n<\/ul><\/div><\/div><!-- \/Widget Shortcode --><\/div>\n<nav aria-label=\"breadcrumbs\">\n            <div class=\"breadcrumb-container theme1\">\n                <ol>\n                                    <\/ol>\n            <\/div>\n        <\/nav>    <script type=\"application\/ld+json\">\n        {\n            \"@context\": \"http:\/\/schema.org\",\n            \"@type\": \"BreadcrumbList\",\n            \"itemListElement\": [\n                            ]\n        }\n    <\/script>\n   \n    <script>\n            <\/script>\n\n<h1>Marguerite-Marie<\/h1>\n<figure id=\"attachment_2970\" aria-describedby=\"caption-attachment-2970\" style=\"width: 207px\" class=\"wp-caption alignleft\"><a href=\"https:\/\/madnesscanada.com\/wp-content\/uploads\/2020\/04\/sisters-photo-1-e1587665656647.png\"><img loading=\"lazy\" decoding=\"async\" class=\"wp-image-2970 size-medium\" src=\"https:\/\/madnesscanada.com\/wp-content\/uploads\/2020\/04\/sisters-photo-1-e1587665656647-207x300.png\" alt=\"Cinq petites filles les unes \u00e0 c\u00f4t\u00e9 des autres de la plus petite \u00e0 la plus grande toutes v\u00eatues d'une robe blanche\" width=\"207\" height=\"300\" \/><\/a><figcaption id=\"caption-attachment-2970\" class=\"wp-caption-text\">Photographie noir et blanc de Marguerite-Marie avec ses quatre s\u0153urs.<\/figcaption><\/figure>\n<p>Marguerite-Marie est une jeune fille de 12 ans lorsqu\u2019elle est admise \u00e0 l\u2019H\u00f4pital Saint-Jean-de-Dieu. \u00c9pileptique et orpheline de p\u00e8re, sa m\u00e8re la place sous les soins des S\u0153urs de la Providence, propri\u00e9taires de l\u2019h\u00f4pital psychiatrique. Il s\u2019agit d\u2019une d\u00e9cision difficile, mais \u00e0 une \u00e9poque o\u00f9 l\u2019\u00e9pilepsie est une maladie grave pour laquelle aucun traitement efficace n\u2019existe, l\u2019internement est une pratique courante. Son dossier m\u00e9dical raconte de fa\u00e7on plut\u00f4t laconique les 29 ann\u00e9es pass\u00e9es \u00e0 Saint-Jean-de-Dieu. Le hasard \u00e9tant parfois heureux en recherche s\u2019ajoute \u00e0 notre qu\u00eate d\u2019archives, la correspondance familiale et quelques art\u00e9facts que nous a remis la ni\u00e8ce de Marguerite-Marie. L\u2019analyse du tout permet de pr\u00e9senter un tout autre visage de la jeune fille enjou\u00e9e devenue une femme aigrie durant le temps long de l\u2019enfermement asilaire.<\/p>\n<p>&nbsp;<\/p>","protected":false},"excerpt":{"rendered":"<p>Marguerite-Marie Marguerite-Marie est une jeune fille de 12 ans lorsqu\u2019elle est admise \u00e0 l\u2019H\u00f4pital Saint-Jean-de-Dieu. \u00c9pileptique et orpheline de p\u00e8re, sa m\u00e8re la place sous les soins des S\u0153urs de la Providence, propri\u00e9taires de l\u2019h\u00f4pital psychiatrique. Il s\u2019agit d\u2019une d\u00e9cision difficile, mais \u00e0 une \u00e9poque o\u00f9 l\u2019\u00e9pilepsie est une maladie grave pour laquelle aucun traitement &hellip; <\/p>\n","protected":false},"author":3,"featured_media":0,"parent":9135,"menu_order":1,"comment_status":"closed","ping_status":"closed","template":"","meta":{"footnotes":""},"class_list":["post-104","page","type-page","status-publish","hentry","entry"],"aioseo_notices":[],"_links":{"self":[{"href":"https:\/\/madnesscanada.com\/fr\/wp-json\/wp\/v2\/pages\/104"}],"collection":[{"href":"https:\/\/madnesscanada.com\/fr\/wp-json\/wp\/v2\/pages"}],"about":[{"href":"https:\/\/madnesscanada.com\/fr\/wp-json\/wp\/v2\/types\/page"}],"author":[{"embeddable":true,"href":"https:\/\/madnesscanada.com\/fr\/wp-json\/wp\/v2\/users\/3"}],"replies":[{"embeddable":true,"href":"https:\/\/madnesscanada.com\/fr\/wp-json\/wp\/v2\/comments?post=104"}],"version-history":[{"count":4,"href":"https:\/\/madnesscanada.com\/fr\/wp-json\/wp\/v2\/pages\/104\/revisions"}],"predecessor-version":[{"id":11797,"href":"https:\/\/madnesscanada.com\/fr\/wp-json\/wp\/v2\/pages\/104\/revisions\/11797"}],"up":[{"embeddable":true,"href":"https:\/\/madnesscanada.com\/fr\/wp-json\/wp\/v2\/pages\/9135"}],"wp:attachment":[{"href":"https:\/\/madnesscanada.com\/fr\/wp-json\/wp\/v2\/media?parent=104"}],"curies":[{"name":"wp","href":"https:\/\/api.w.org\/{rel}","templated":true}]}}