{"id":12023,"date":"2024-09-06T11:37:44","date_gmt":"2024-09-06T15:37:44","guid":{"rendered":"https:\/\/madnesscanada.com\/?page_id=12023"},"modified":"2024-10-05T09:49:13","modified_gmt":"2024-10-05T13:49:13","slug":"the-future","status":"publish","type":"page","link":"https:\/\/madnesscanada.com\/fr\/contributor-exhibits\/lets-talk-mental-health\/the-future\/","title":{"rendered":"L&rsquo;avenir"},"content":{"rendered":"<p><!-- Widget Shortcode --><div id=\"nav_menu-8\" class=\"widget widget_nav_menu widget-shortcode area-arbitrary \"><h2 class=\"widgettitle\">(English) Contributing Exhibits<\/h2><div class=\"menu-contributor-exhibits-container\"><ul id=\"menu-contributor-exhibits-1\" class=\"menu\"><li class=\"menu-item menu-item-type-post_type menu-item-object-page menu-item-1076\"><a href=\"https:\/\/madnesscanada.com\/fr\/contributor-exhibits\/\">Pr\u00e9sentation d\u2019expositions<\/a><\/li>\n<li class=\"menu-item menu-item-type-post_type menu-item-object-page menu-item-12247\"><a href=\"https:\/\/madnesscanada.com\/fr\/contributor-exhibits\/lets-talk-mental-health\/\">Parlons sant\u00e9 mentale<\/a><\/li>\n<\/ul><\/div><\/div><!-- \/Widget Shortcode --><\/p>\n<!-- Widget Shortcode --><div id=\"search-3\" class=\"widget widget_search widget-shortcode area-arbitrary \"><h2 class=\"widgettitle\">(English) SEARCH<\/h2><form role=\"search\" method=\"get\" class=\"search-form\" action=\"https:\/\/madnesscanada.com\/fr\/\">\n\t\t\t\t<label>\n\t\t\t\t\t<span class=\"screen-reader-text\">Rechercher\u00a0:<\/span>\n\t\t\t\t\t<input type=\"search\" class=\"search-field\" placeholder=\"Rechercher\u2026\" value=\"\" name=\"s\" \/>\n\t\t\t\t<\/label>\n\t\t\t\t<input type=\"submit\" class=\"search-submit\" value=\"Rechercher\" \/>\n\t\t\t<\/form><\/div><!-- \/Widget Shortcode -->\n<div class=\"rightmenu\"><!-- Widget Shortcode --><div id=\"nav_menu-88\" class=\"widget widget_nav_menu widget-shortcode area-arbitrary \"><div class=\"menu-lets-talk-mental-health-container\"><ul id=\"menu-lets-talk-mental-health-1\" class=\"menu\"><li class=\"menu-item menu-item-type-post_type menu-item-object-page menu-item-12035\"><a href=\"https:\/\/madnesscanada.com\/fr\/contributor-exhibits\/lets-talk-mental-health\/\">Parlons sant\u00e9 mentale<\/a><\/li>\n<li class=\"menu-item menu-item-type-post_type menu-item-object-page menu-item-12044\"><a href=\"https:\/\/madnesscanada.com\/fr\/contributor-exhibits\/lets-talk-mental-health\/the-end-of-the-19th-century\/\">Fin Si\u00e8cle 19<\/a><\/li>\n<li class=\"menu-item menu-item-type-post_type menu-item-object-page menu-item-12046\"><a href=\"https:\/\/madnesscanada.com\/fr\/contributor-exhibits\/lets-talk-mental-health\/the-start-of-the-20th-century\/\">Si\u00e8cle 20<\/a><\/li>\n<li class=\"menu-item menu-item-type-post_type menu-item-object-page menu-item-12057\"><a href=\"https:\/\/madnesscanada.com\/fr\/contributor-exhibits\/lets-talk-mental-health\/the-transition-period\/\">Transition<\/a><\/li>\n<li class=\"menu-item menu-item-type-post_type menu-item-object-page menu-item-12056\"><a href=\"https:\/\/madnesscanada.com\/fr\/contributor-exhibits\/lets-talk-mental-health\/today\/\">Aujourd\u2019hui<\/a><\/li>\n<li class=\"menu-item menu-item-type-post_type menu-item-object-page menu-item-12055\"><a href=\"https:\/\/madnesscanada.com\/fr\/contributor-exhibits\/lets-talk-mental-health\/the-future\/\">L\u2019avenir<\/a><\/li>\n<li class=\"menu-item menu-item-type-post_type menu-item-object-page menu-item-12036\"><a href=\"https:\/\/madnesscanada.com\/fr\/contributor-exhibits\/\">Pr\u00e9sentation d\u2019expositions<\/a><\/li>\n<\/ul><\/div><\/div><!-- \/Widget Shortcode --><\/div>\n<nav aria-label=\"breadcrumbs\">\n            <div class=\"breadcrumb-container theme1\">\n                <ol>\n                                    <\/ol>\n            <\/div>\n        <\/nav>    <script type=\"application\/ld+json\">\n        {\n            \"@context\": \"http:\/\/schema.org\",\n            \"@type\": \"BreadcrumbList\",\n            \"itemListElement\": [\n                            ]\n        }\n    <\/script>\n   \n    <script>\n            <\/script>\n\n<h1>L&rsquo;avenir<\/h1>\n<p>En lisant et r\u00e9fl\u00e9chissant sur cette ligne du temps, comment envisagez-vous l\u2019avenir des soins en sant\u00e9 mentale?<\/p>\n<p>Quel engagement prendrez-vous pour contrer la stigmatisation de la sant\u00e9 mentale?<\/p>\n<p>Comment les patients chroniques (maintenant appel\u00e9s \u00ab clients \u00bb) devraient-ils \u00eatre soign\u00e9s et trait\u00e9s de mani\u00e8re \u00e0 respecter leur dignit\u00e9 ?<\/p>\n<p>Pouvez-vous identifier des attitudes et des comportements qui favorisent la stigmatisation de la maladie mentale ?<\/p>\n<p>J&rsquo;aimerais conna\u00eetre votre avis ! Si vous souhaitez les partager ou me contacter pour une autre raison, envoyez-moi un courriel.<\/p>\n<p><strong>Clarissa Andrade (<a href=\"mailto:candrade1@ustboniface.ca\">candrade1@ustboniface.ca<\/a>)<\/strong><\/p>","protected":false},"excerpt":{"rendered":"<p>L&rsquo;avenir En lisant et r\u00e9fl\u00e9chissant sur cette ligne du temps, comment envisagez-vous l\u2019avenir des soins en sant\u00e9 mentale? Quel engagement prendrez-vous pour contrer la stigmatisation de la sant\u00e9 mentale? Comment les patients chroniques (maintenant appel\u00e9s \u00ab clients \u00bb) devraient-ils \u00eatre soign\u00e9s et trait\u00e9s de mani\u00e8re \u00e0 respecter leur dignit\u00e9 ? Pouvez-vous identifier des attitudes et &hellip; <\/p>\n","protected":false},"author":7,"featured_media":0,"parent":12019,"menu_order":4,"comment_status":"closed","ping_status":"closed","template":"","meta":{"footnotes":""},"class_list":["post-12023","page","type-page","status-publish","hentry","entry"],"aioseo_notices":[],"_links":{"self":[{"href":"https:\/\/madnesscanada.com\/fr\/wp-json\/wp\/v2\/pages\/12023"}],"collection":[{"href":"https:\/\/madnesscanada.com\/fr\/wp-json\/wp\/v2\/pages"}],"about":[{"href":"https:\/\/madnesscanada.com\/fr\/wp-json\/wp\/v2\/types\/page"}],"author":[{"embeddable":true,"href":"https:\/\/madnesscanada.com\/fr\/wp-json\/wp\/v2\/users\/7"}],"replies":[{"embeddable":true,"href":"https:\/\/madnesscanada.com\/fr\/wp-json\/wp\/v2\/comments?post=12023"}],"version-history":[{"count":5,"href":"https:\/\/madnesscanada.com\/fr\/wp-json\/wp\/v2\/pages\/12023\/revisions"}],"predecessor-version":[{"id":12240,"href":"https:\/\/madnesscanada.com\/fr\/wp-json\/wp\/v2\/pages\/12023\/revisions\/12240"}],"up":[{"embeddable":true,"href":"https:\/\/madnesscanada.com\/fr\/wp-json\/wp\/v2\/pages\/12019"}],"wp:attachment":[{"href":"https:\/\/madnesscanada.com\/fr\/wp-json\/wp\/v2\/media?parent=12023"}],"curies":[{"name":"wp","href":"https:\/\/api.w.org\/{rel}","templated":true}]}}