{"id":12025,"date":"2024-09-06T11:34:10","date_gmt":"2024-09-06T15:34:10","guid":{"rendered":"https:\/\/madnesscanada.com\/?page_id=12025"},"modified":"2024-10-07T09:27:22","modified_gmt":"2024-10-07T13:27:22","slug":"the-transition-period","status":"publish","type":"page","link":"https:\/\/madnesscanada.com\/fr\/contributor-exhibits\/lets-talk-mental-health\/the-transition-period\/","title":{"rendered":"Transition"},"content":{"rendered":"<p><!-- Widget Shortcode --><div id=\"nav_menu-8\" class=\"widget widget_nav_menu widget-shortcode area-arbitrary \"><h2 class=\"widgettitle\">(English) Contributing Exhibits<\/h2><div class=\"menu-contributor-exhibits-container\"><ul id=\"menu-contributor-exhibits-1\" class=\"menu\"><li class=\"menu-item menu-item-type-post_type menu-item-object-page menu-item-1076\"><a href=\"https:\/\/madnesscanada.com\/fr\/contributor-exhibits\/\">Pr\u00e9sentation d\u2019expositions<\/a><\/li>\n<li class=\"menu-item menu-item-type-post_type menu-item-object-page menu-item-12247\"><a href=\"https:\/\/madnesscanada.com\/fr\/contributor-exhibits\/lets-talk-mental-health\/\">Parlons sant\u00e9 mentale<\/a><\/li>\n<\/ul><\/div><\/div><!-- \/Widget Shortcode --><\/p>\n<!-- Widget Shortcode --><div id=\"search-3\" class=\"widget widget_search widget-shortcode area-arbitrary \"><h2 class=\"widgettitle\">(English) SEARCH<\/h2><form role=\"search\" method=\"get\" class=\"search-form\" action=\"https:\/\/madnesscanada.com\/fr\/\">\n\t\t\t\t<label>\n\t\t\t\t\t<span class=\"screen-reader-text\">Rechercher\u00a0:<\/span>\n\t\t\t\t\t<input type=\"search\" class=\"search-field\" placeholder=\"Rechercher\u2026\" value=\"\" name=\"s\" \/>\n\t\t\t\t<\/label>\n\t\t\t\t<input type=\"submit\" class=\"search-submit\" value=\"Rechercher\" \/>\n\t\t\t<\/form><\/div><!-- \/Widget Shortcode -->\n<div class=\"rightmenu\"><!-- Widget Shortcode --><div id=\"nav_menu-88\" class=\"widget widget_nav_menu widget-shortcode area-arbitrary \"><div class=\"menu-lets-talk-mental-health-container\"><ul id=\"menu-lets-talk-mental-health-1\" class=\"menu\"><li class=\"menu-item menu-item-type-post_type menu-item-object-page menu-item-12035\"><a href=\"https:\/\/madnesscanada.com\/fr\/contributor-exhibits\/lets-talk-mental-health\/\">Parlons sant\u00e9 mentale<\/a><\/li>\n<li class=\"menu-item menu-item-type-post_type menu-item-object-page menu-item-12044\"><a href=\"https:\/\/madnesscanada.com\/fr\/contributor-exhibits\/lets-talk-mental-health\/the-end-of-the-19th-century\/\">Fin Si\u00e8cle 19<\/a><\/li>\n<li class=\"menu-item menu-item-type-post_type menu-item-object-page menu-item-12046\"><a href=\"https:\/\/madnesscanada.com\/fr\/contributor-exhibits\/lets-talk-mental-health\/the-start-of-the-20th-century\/\">Si\u00e8cle 20<\/a><\/li>\n<li class=\"menu-item menu-item-type-post_type menu-item-object-page menu-item-12057\"><a href=\"https:\/\/madnesscanada.com\/fr\/contributor-exhibits\/lets-talk-mental-health\/the-transition-period\/\">Transition<\/a><\/li>\n<li class=\"menu-item menu-item-type-post_type menu-item-object-page menu-item-12056\"><a href=\"https:\/\/madnesscanada.com\/fr\/contributor-exhibits\/lets-talk-mental-health\/today\/\">Aujourd\u2019hui<\/a><\/li>\n<li class=\"menu-item menu-item-type-post_type menu-item-object-page menu-item-12055\"><a href=\"https:\/\/madnesscanada.com\/fr\/contributor-exhibits\/lets-talk-mental-health\/the-future\/\">L\u2019avenir<\/a><\/li>\n<li class=\"menu-item menu-item-type-post_type menu-item-object-page menu-item-12036\"><a href=\"https:\/\/madnesscanada.com\/fr\/contributor-exhibits\/\">Pr\u00e9sentation d\u2019expositions<\/a><\/li>\n<\/ul><\/div><\/div><!-- \/Widget Shortcode --><\/div>\n<nav aria-label=\"breadcrumbs\">\n            <div class=\"breadcrumb-container theme1\">\n                <ol>\n                                    <\/ol>\n            <\/div>\n        <\/nav>    <script type=\"application\/ld+json\">\n        {\n            \"@context\": \"http:\/\/schema.org\",\n            \"@type\": \"BreadcrumbList\",\n            \"itemListElement\": [\n                            ]\n        }\n    <\/script>\n   \n    <script>\n            <\/script>\n\n<h1>Transition<\/h1>\n<p>Entre 1950 et 1960 &#8211; Des changements qui ont refa\u00e7onn\u00e9 le cours des services de sant\u00e9 mentale, entre autres l&rsquo;introduction de nouveaux m\u00e9dicaments a effectivement stabilis\u00e9 des sympt\u00f4mes plus inhabituels des malades mentaux \u00e0 un point tel que le retour \u00e0 la vie communautaire est devenu une option<\/p>\n<h4>SELKIRK<\/h4>\n<p><strong>1957<\/strong> \u2013 Chute de la population de patients \u00e0 l&rsquo;h\u00f4pital de Selkirk, de 1200 patients hospitalis\u00e9s \u00e0 moins de 280.<\/p>\n<p><strong>1973<\/strong> \u2013 Chang\u00e9 de nom et il \u00e9tait devenu le Selkirk Mental Health Centre, refl\u00e9tant ces changements d&rsquo;attitudes envers la sant\u00e9 mentale.<\/p>\n<p><strong>1978<\/strong> &#8211; Le b\u00e2timent principal d&rsquo;origine a \u00e9t\u00e9 ferm\u00e9 et d\u00e9moli en raison de conditions de vie dangereuses.<\/p>\n<p><strong>1998<\/strong> &#8211; Le Centre de sant\u00e9 mentale de Selkirk ferme officiellement ses portes.<\/p>\n<div class=\"captionpicsaligned short260\" style=\"clear: both;\">\n<figure id=\"attachment_12173\" aria-describedby=\"caption-attachment-12173\" style=\"width: 300px\" class=\"wp-caption alignleft\"><a href=\"https:\/\/madnesscanada.com\/wp-content\/uploads\/GPSA_ZZ-8-1-6-3-78-12655.jpg\"><img loading=\"lazy\" decoding=\"async\" class=\"wp-image-12173 size-medium\" src=\"https:\/\/madnesscanada.com\/wp-content\/uploads\/GPSA_ZZ-8-1-6-3-78-12655-300x249.jpg\" alt=\"\" width=\"300\" height=\"249\" srcset=\"https:\/\/madnesscanada.com\/wp-content\/uploads\/GPSA_ZZ-8-1-6-3-78-12655-300x249.jpg 300w, https:\/\/madnesscanada.com\/wp-content\/uploads\/GPSA_ZZ-8-1-6-3-78-12655-1024x851.jpg 1024w, https:\/\/madnesscanada.com\/wp-content\/uploads\/GPSA_ZZ-8-1-6-3-78-12655-768x638.jpg 768w, https:\/\/madnesscanada.com\/wp-content\/uploads\/GPSA_ZZ-8-1-6-3-78-12655.jpg 1232w\" sizes=\"(max-width: 300px) 100vw, 300px\" \/><\/a><figcaption id=\"caption-attachment-12173\" class=\"wp-caption-text\">D\u00e9molition de l&rsquo;h\u00f4pital psychiatrique de Selkirk<\/figcaption><\/figure>\n<figure id=\"attachment_12174\" aria-describedby=\"caption-attachment-12174\" style=\"width: 250px\" class=\"wp-caption alignleft\"><a href=\"https:\/\/madnesscanada.com\/wp-content\/uploads\/GPSA_ZZ-8-1-6-3-78-12656.jpg\"><img loading=\"lazy\" decoding=\"async\" class=\"wp-image-12174 size-medium\" src=\"https:\/\/madnesscanada.com\/wp-content\/uploads\/GPSA_ZZ-8-1-6-3-78-12656-250x300.jpg\" alt=\"\" width=\"250\" height=\"300\" srcset=\"https:\/\/madnesscanada.com\/wp-content\/uploads\/GPSA_ZZ-8-1-6-3-78-12656-250x300.jpg 250w, https:\/\/madnesscanada.com\/wp-content\/uploads\/GPSA_ZZ-8-1-6-3-78-12656-768x920.jpg 768w, https:\/\/madnesscanada.com\/wp-content\/uploads\/GPSA_ZZ-8-1-6-3-78-12656.jpg 855w\" sizes=\"(max-width: 250px) 100vw, 250px\" \/><\/a><figcaption id=\"caption-attachment-12174\" class=\"wp-caption-text\">D\u00e9molition de l&rsquo;h\u00f4pital psychiatrique de Selkirk<\/figcaption><\/figure>\n<figure id=\"attachment_12175\" aria-describedby=\"caption-attachment-12175\" style=\"width: 300px\" class=\"wp-caption alignleft\"><a href=\"https:\/\/madnesscanada.com\/wp-content\/uploads\/GPSA_ZZ-8-1-6-3-78-12657.jpg\"><img loading=\"lazy\" decoding=\"async\" class=\"wp-image-12175 size-medium\" src=\"https:\/\/madnesscanada.com\/wp-content\/uploads\/GPSA_ZZ-8-1-6-3-78-12657-300x250.jpg\" alt=\"\" width=\"300\" height=\"250\" srcset=\"https:\/\/madnesscanada.com\/wp-content\/uploads\/GPSA_ZZ-8-1-6-3-78-12657-300x250.jpg 300w, https:\/\/madnesscanada.com\/wp-content\/uploads\/GPSA_ZZ-8-1-6-3-78-12657-1024x852.jpg 1024w, https:\/\/madnesscanada.com\/wp-content\/uploads\/GPSA_ZZ-8-1-6-3-78-12657-768x639.jpg 768w, https:\/\/madnesscanada.com\/wp-content\/uploads\/GPSA_ZZ-8-1-6-3-78-12657.jpg 1231w\" sizes=\"(max-width: 300px) 100vw, 300px\" \/><\/a><figcaption id=\"caption-attachment-12175\" class=\"wp-caption-text\">D\u00e9molition de l&rsquo;h\u00f4pital psychiatrique de Selkirk<\/figcaption><\/figure>\n<figure id=\"attachment_12176\" aria-describedby=\"caption-attachment-12176\" style=\"width: 251px\" class=\"wp-caption alignleft\"><a href=\"https:\/\/madnesscanada.com\/wp-content\/uploads\/GPSA_ZZ-8-1-6-3-78-12665.jpg\"><img loading=\"lazy\" decoding=\"async\" class=\"wp-image-12176 size-medium\" src=\"https:\/\/madnesscanada.com\/wp-content\/uploads\/GPSA_ZZ-8-1-6-3-78-12665-251x300.jpg\" alt=\"\" width=\"251\" height=\"300\" srcset=\"https:\/\/madnesscanada.com\/wp-content\/uploads\/GPSA_ZZ-8-1-6-3-78-12665-251x300.jpg 251w, https:\/\/madnesscanada.com\/wp-content\/uploads\/GPSA_ZZ-8-1-6-3-78-12665-768x918.jpg 768w, https:\/\/madnesscanada.com\/wp-content\/uploads\/GPSA_ZZ-8-1-6-3-78-12665.jpg 857w\" sizes=\"(max-width: 251px) 100vw, 251px\" \/><\/a><figcaption id=\"caption-attachment-12176\" class=\"wp-caption-text\">D\u00e9molition de l&rsquo;h\u00f4pital psychiatrique de Selkirk<\/figcaption><\/figure>\n<\/div>\n<h4 style=\"clear: both;\">BRANDON<\/h4>\n<p><strong>1972<\/strong> \u2013 Changement de nom \u00ab Centre de sant\u00e9 mentale de Brandon \u00bb.<\/p>\n<p><strong>1992<\/strong> \u2013 L&rsquo;\u00e9difice Valleyview a ferm\u00e9 ses portes.<\/p>\n<p><strong>1999<\/strong> \u2013 Les autres b\u00e2timents ont \u00e9t\u00e9 ferm\u00e9s.<\/p>\n<h4>PORTAGE LA PRAIRIE<\/h4>\n<p>Les anciens r\u00e9sidents du MDC, en particulier ceux qui y \u00e9taient dans les ann\u00e9es 1960 et 1970, parlent de traitements inhumains. La peur \u00e9tait omnipr\u00e9sente et l&rsquo;intimit\u00e9 inexistante dans les dortoirs de 30 lits. L&rsquo;isolement cellulaire aurait \u00e9t\u00e9 utilis\u00e9 comme mesure disciplinaire. Certains membres du personnel \u00e9taient physiquement violents. La faim, disent certains, \u00e9tait courante. Les r\u00e9sidents n&rsquo;avaient que peu ou pas de recours et, bien s\u00fbr, n&rsquo;avaient pas le choix d&rsquo;\u00eatre l\u00e0.<\/p>\n<h4>Sources<\/h4>\n<p>Manitoba Asylum &#8211; Selkirk Museum<br \/>\n[https:\/\/selkirkmuseum.ca\/places\/the-manitoba-asylum\/]<\/p>\n<p>History of SMHC.pdf (smhc-archives.com)<br \/>\n[https:\/\/smhc-archives.com\/index_htm_files\/History of SMHC.pdf]<\/p>\n<h4>Photo Credits<\/h4>\n<p><em>D\u00e9molition de l&rsquo;h\u00f4pital psychiatrique de Selkirk<\/em><br \/>\nArchives of Manitoba, Government photographs, 78-12634 to 78-12668 Demolition of Selkirk Mental Hospital, ZZ 8-1-6-3<\/p>","protected":false},"excerpt":{"rendered":"<p>Transition Entre 1950 et 1960 &#8211; Des changements qui ont refa\u00e7onn\u00e9 le cours des services de sant\u00e9 mentale, entre autres l&rsquo;introduction de nouveaux m\u00e9dicaments a effectivement stabilis\u00e9 des sympt\u00f4mes plus inhabituels des malades mentaux \u00e0 un point tel que le retour \u00e0 la vie communautaire est devenu une option SELKIRK 1957 \u2013 Chute de la &hellip; <\/p>\n","protected":false},"author":7,"featured_media":0,"parent":12019,"menu_order":2,"comment_status":"closed","ping_status":"closed","template":"","meta":{"footnotes":""},"class_list":["post-12025","page","type-page","status-publish","hentry","entry"],"aioseo_notices":[],"_links":{"self":[{"href":"https:\/\/madnesscanada.com\/fr\/wp-json\/wp\/v2\/pages\/12025"}],"collection":[{"href":"https:\/\/madnesscanada.com\/fr\/wp-json\/wp\/v2\/pages"}],"about":[{"href":"https:\/\/madnesscanada.com\/fr\/wp-json\/wp\/v2\/types\/page"}],"author":[{"embeddable":true,"href":"https:\/\/madnesscanada.com\/fr\/wp-json\/wp\/v2\/users\/7"}],"replies":[{"embeddable":true,"href":"https:\/\/madnesscanada.com\/fr\/wp-json\/wp\/v2\/comments?post=12025"}],"version-history":[{"count":12,"href":"https:\/\/madnesscanada.com\/fr\/wp-json\/wp\/v2\/pages\/12025\/revisions"}],"predecessor-version":[{"id":12281,"href":"https:\/\/madnesscanada.com\/fr\/wp-json\/wp\/v2\/pages\/12025\/revisions\/12281"}],"up":[{"embeddable":true,"href":"https:\/\/madnesscanada.com\/fr\/wp-json\/wp\/v2\/pages\/12019"}],"wp:attachment":[{"href":"https:\/\/madnesscanada.com\/fr\/wp-json\/wp\/v2\/media?parent=12025"}],"curies":[{"name":"wp","href":"https:\/\/api.w.org\/{rel}","templated":true}]}}