{"id":13460,"date":"2026-05-05T12:49:09","date_gmt":"2026-05-05T16:49:09","guid":{"rendered":"https:\/\/dev.madnesscanada.com\/?page_id=13460"},"modified":"2026-05-06T15:33:33","modified_gmt":"2026-05-06T19:33:33","slug":"childhood-madness","status":"publish","type":"page","link":"https:\/\/madnesscanada.com\/fr\/childhood-madness\/","title":{"rendered":"Folie d\u2019enfance: Les portraits compassant des enfants dans les asiles canadiens, 1900-1930"},"content":{"rendered":"<h1 class=\"wp-block-heading\">Folie d\u2019enfance: Les portraits compassant des enfants dans les asiles canadiens, 1900-1930<\/h1>\r\n\r\n\r\n\r\n<h4 class=\"wp-block-heading\">Par Kira A. Smith<\/h4>\r\n\r\n\r\n\r\n<p>Entre 1900 et 1930, \u00e0 travers tout le Canada, des enfants sont entr\u00e9s dans des asiles d\u2019ali\u00e9n\u00e9s con\u00e7us pour les adultes. Des soins leur \u00e9taient rarement offerts. Au contraire, les enfants \u00e9taient soumis \u00e0 l\u2019incarc\u00e9ration, l\u2019eug\u00e9nisme et l\u2019abus institutionnel. L\u2019environnement des asiles \u00e9tait souvent effrayant pour les enfants.<\/p>\r\n\r\n\r\n\r\n<p>C\u2019est leurs exp\u00e9riences qui sont au c\u0153ur de cette exposition. Six histoires d\u2019enfants qui r\u00e9v\u00e8lent comment les soins qu\u2019ils ont re\u00e7us ont \u00e9t\u00e9 influenc\u00e9s par le contexte socio-politique.<\/p>\r\n\r\n\r\n\r\n<p>Se retrouvant peu dans les archives m\u00e9dicales, les exp\u00e9riences de ces enfants sont longtemps rest\u00e9es inconnues des historien.nes. Toutefois, nous avons \u00e9t\u00e9 capables de retrouver leurs traces et de donner \u00e0 voir, \u00e0 travers des portraits, des vignettes fictives et de l\u2019information contextuelle, leurs exp\u00e9riences personnelles. Cela a notamment \u00e9t\u00e9 permis par l\u2019int\u00e9gration de l\u2019art dans cette histoire, formant ainsi une nouvelle approche qui cherche \u00e0 mieux comprendre les enfants et les soins.<\/p>\r\n\r\n<p>&nbsp;<\/p>\r\n<hr class=\"wp-block-separator has-alpha-channel-opacity\" \/>\r\n<p>&nbsp;<\/p>\r\n\r\n<h2 class=\"wp-block-heading\">Les asiles en contexte<\/h2>\r\n<p>Les dix-neuvi\u00e8me et vingti\u00e8me si\u00e8cles ont vu \u00e9merger une vague de politiciens et de professionnels militant pour la cr\u00e9ation d\u2019asiles \u00e0 travers le Canada. Cette carte fournit les histoires des origines pour les plusieurs asiles canadiens. Elle d\u00e9crit aussi les liens de ces institutions avec la colonisation de peuplement.<\/p>\r\n<p>&nbsp;<\/p>\r\n<p><iframe loading=\"lazy\" src=\"https:\/\/www.google.com\/maps\/d\/embed?mid=1yw400_3t94FgQXc6iNKJ8faS9MOzGw8&amp;ehbc=2E312F\" width=\"640\" height=\"480\"><\/iframe><\/p>\r\n<p>&nbsp;<\/p>\r\n<hr class=\"wp-block-separator has-alpha-channel-opacity\" \/>\r\n<p>&nbsp;<\/p>\r\n\r\n\r\n\r\n<div data-wp-context=\"{ &quot;autoclose&quot;: false, &quot;accordionItems&quot;: [] }\" data-wp-interactive=\"core\/accordion\" class=\"wp-block-accordion is-layout-flow wp-block-accordion-is-layout-flow\" role=\"group\">\r\n<div data-wp-class--is-open=\"state.isOpen\" data-wp-context=\"{ &quot;id&quot;: &quot;accordion-item-5&quot;, &quot;openByDefault&quot;: false }\" data-wp-init=\"callbacks.initAccordionItems\" data-wp-on-window--hashchange=\"callbacks.hashChange\" class=\"wp-block-accordion-item is-layout-flow wp-block-accordion-item-is-layout-flow\">\r\n<h3 class=\"wp-block-accordion-heading\"><button aria-expanded=\"false\" aria-controls=\"accordion-item-5-panel\" data-wp-bind--aria-expanded=\"state.isOpen\" data-wp-on--click=\"actions.toggle\" data-wp-on--keydown=\"actions.handleKeyDown\" id=\"accordion-item-5\" class=\"wp-block-accordion-heading__toggle\" type=\"button\"><span class=\"wp-block-accordion-heading__toggle-title\"> Interroger les soins<\/span><span class=\"wp-block-accordion-heading__toggle-icon\" aria-hidden=\"true\">+<\/span><\/button><\/h3>\r\n\r\n\r\n\r\n<div inert aria-labelledby=\"accordion-item-5\" data-wp-bind--inert=\"!state.isOpen\" id=\"accordion-item-5-panel\" class=\"wp-block-accordion-panel is-layout-flow wp-block-accordion-panel-is-layout-flow\" role=\"region\">\r\n<p>Les enfants en milieu psychiatrique \u00e9taient soumis \u00e0 un retrait de la soci\u00e9t\u00e9. Ce retrait \u00e9tait souvent d\u00e9clench\u00e9 en raison de comportements ind\u00e9sirables ou de contextes familiaux d\u00e9favoris\u00e9s. Cela impliquait les enfants ill\u00e9gitimes et les orphelins. Les comportements et les origines qui \u00e9taient consid\u00e9r\u00e9s \u00ab anormaux \u00bb faisaient partie des discours sur l\u2019eug\u00e9nisme et la normalit\u00e9 de l\u2019\u00e9poque. Les soins psychiatriques \u00e9taient inform\u00e9s par les syst\u00e8mes de pouvoir existants.<\/p>\r\n\r\n\r\n\r\n<p>Par exemple, les enfants \u00e9taient soumis \u00e0 la pseudo-science eug\u00e9nique. Cela incluait l\u2019utilisation de descriptions visuelles et de mesures comme signes de \u00ab d\u00e9g\u00e9n\u00e9rescence. \u00bb Stanislav, treize ans, admis \u00e0 l\u2019asile Brandon en 1927, a ainsi \u00e9t\u00e9 le sujet d\u2019un examen physique qui a enregistr\u00e9 ces r\u00e9sultats. \u00c0 treize ans, les m\u00e9decins ont conclu qu\u2019il \u00e9tait faible d\u2019esprit. La pauvret\u00e9 et le diagnostic de Stanislav l\u2019ont rendu \u00e9ligible pour une incarc\u00e9ration permanente.<\/p>\r\n<\/div>\r\n<\/div>\r\n<\/div>\r\n\r\n<p>&nbsp;<\/p>\r\n\r\n<div data-wp-context=\"{ &quot;autoclose&quot;: false, &quot;accordionItems&quot;: [] }\" data-wp-interactive=\"core\/accordion\" class=\"wp-block-accordion is-layout-flow wp-block-accordion-is-layout-flow\" role=\"group\">\r\n<div data-wp-class--is-open=\"state.isOpen\" data-wp-context=\"{ &quot;id&quot;: &quot;accordion-item-6&quot;, &quot;openByDefault&quot;: false }\" data-wp-init=\"callbacks.initAccordionItems\" data-wp-on-window--hashchange=\"callbacks.hashChange\" class=\"wp-block-accordion-item is-layout-flow wp-block-accordion-item-is-layout-flow\">\r\n<h3 class=\"wp-block-accordion-heading\"><button aria-expanded=\"false\" aria-controls=\"accordion-item-6-panel\" data-wp-bind--aria-expanded=\"state.isOpen\" data-wp-on--click=\"actions.toggle\" data-wp-on--keydown=\"actions.handleKeyDown\" id=\"accordion-item-6\" class=\"wp-block-accordion-heading__toggle\" type=\"button\"><span class=\"wp-block-accordion-heading__toggle-title\"> Colonisation dans la m\u00e9decine<\/span><span class=\"wp-block-accordion-heading__toggle-icon\" aria-hidden=\"true\">+<\/span><\/button><\/h3>\r\n\r\n\r\n\r\n<div inert aria-labelledby=\"accordion-item-6\" data-wp-bind--inert=\"!state.isOpen\" id=\"accordion-item-6-panel\" class=\"wp-block-accordion-panel is-layout-flow wp-block-accordion-panel-is-layout-flow\" role=\"region\">\r\n<p>La colonisation est la pierre de fondation du d\u00e9veloppement de l\u2019\u00c9tat canadien. Cela inclut la cr\u00e9ation et le d\u00e9veloppement des soins psychiatriques. La fondation des asiles faisait partie de la spoliation des terres et de l\u2019\u00e9radication des connaissances autochtones.<\/p>\r\n\r\n\r\n\r\n<p>Qui plus est, pour les enfants autochtones, les asiles servaient de site d\u2019incarc\u00e9ration et de g\u00e9nocide. John, quinze ans, a \u00e9t\u00e9 admis au New Westminster Insane Asylum en 1914. Auparavant, il avait \u00e9t\u00e9 incarc\u00e9r\u00e9 dans un pensionnat autochtone. John a pass\u00e9 le reste de sa vie en internement.<\/p>\r\n\r\n\r\n\r\n<p>Des d\u00e9cennies apr\u00e8s son enterrement, sa pierre tombale a \u00e9t\u00e9 retir\u00e9e. La destruction des s\u00e9pultures refl\u00e9tait la d\u00e9shumanisation des Autochtones et des personnes atteintes de troubles de sant\u00e9 mentale. On retrouve aussi cela dans la tendance \u00e0 enterrer les enfants dans des tombes sans \u00e9pitaphe.<\/p>\r\n<\/div>\r\n<\/div>\r\n<\/div>\r\n\r\n<p>&nbsp;<\/p>\r\n\r\n<div data-wp-context=\"{ &quot;autoclose&quot;: false, &quot;accordionItems&quot;: [] }\" data-wp-interactive=\"core\/accordion\" class=\"wp-block-accordion is-layout-flow wp-block-accordion-is-layout-flow\" role=\"group\">\r\n<div data-wp-class--is-open=\"state.isOpen\" data-wp-context=\"{ &quot;id&quot;: &quot;accordion-item-7&quot;, &quot;openByDefault&quot;: false }\" data-wp-init=\"callbacks.initAccordionItems\" data-wp-on-window--hashchange=\"callbacks.hashChange\" class=\"wp-block-accordion-item is-layout-flow wp-block-accordion-item-is-layout-flow\">\r\n<h3 class=\"wp-block-accordion-heading\"><button aria-expanded=\"false\" aria-controls=\"accordion-item-7-panel\" data-wp-bind--aria-expanded=\"state.isOpen\" data-wp-on--click=\"actions.toggle\" data-wp-on--keydown=\"actions.handleKeyDown\" id=\"accordion-item-7\" class=\"wp-block-accordion-heading__toggle\" type=\"button\"><span class=\"wp-block-accordion-heading__toggle-title\"> Intersectionnalit\u00e9<\/span><span class=\"wp-block-accordion-heading__toggle-icon\" aria-hidden=\"true\">+<\/span><\/button><\/h3>\r\n\r\n\r\n\r\n<div inert aria-labelledby=\"accordion-item-7\" data-wp-bind--inert=\"!state.isOpen\" id=\"accordion-item-7-panel\" class=\"wp-block-accordion-panel is-layout-flow wp-block-accordion-panel-is-layout-flow\" role=\"region\">\r\n<p>La position sociale des enfants changeait la mani\u00e8re dont ils \u00e9taient pathologis\u00e9s. Certains enfants n\u2019\u00e9taient pas consid\u00e9r\u00e9s comme appartenant \u00e0 cette cat\u00e9gorie universelle de l\u2019enfance qui devait leur apporter de la protection. Par exemple, la m\u00eame valeur n\u2019\u00e9tait pas accord\u00e9e aux enfants handicap\u00e9s et racialis\u00e9s. Le mod\u00e8le traditionnel de l\u2019enfant a \u00e9t\u00e9 construit avec des crit\u00e8res de capacit\u00e9, de classe, de genre et de race en t\u00eate.<\/p>\r\n\r\n\r\n\r\n<p>En 1907, Ella a \u00e9t\u00e9 admise \u00e0 New Westminster \u00e0 l\u2019\u00e2ge de quatorze ans. Elle a \u00e9t\u00e9 trait\u00e9e avec une indiff\u00e9rence aliment\u00e9e par le racisme. La supr\u00e9matie blanche signifiait que la peau noire d\u2019Ella la disqualifiait de la cat\u00e9gorie universelle de l\u2019enfance. Sa cat\u00e9gorisation comme violente et hyst\u00e9rique doit d\u00e8s lors \u00eatre lue avec beaucoup de scepticisme. Les accusations faites par Ella de violence de la part du personnel \u00e9taient rejet\u00e9es d\u2019embl\u00e9e et elle a \u00e9t\u00e9 d\u00e9port\u00e9e sans suivre la proc\u00e9dure judiciaire \u00e9tablie. Ella a re\u00e7u peu de sollicitude.<\/p>\r\n<\/div>\r\n<\/div>\r\n<\/div>\r\n\r\n<p>&nbsp;<\/p>\r\n<hr class=\"wp-block-separator has-alpha-channel-opacity\" \/>\r\n<p>&nbsp;<\/p>\r\n\r\n<p>Each of these themes reminds us that the history of mental health care reflects contemporary culture and politics. For children who were disabled and poor, they were often excluded from the category of childhood innocence. Those deemed mad were further marginalized from the category of childhood. As such, access to care varied.<\/p>\r\n\r\n<p>&nbsp;<\/p>\r\n<hr class=\"wp-block-separator has-alpha-channel-opacity\" \/>\r\n<p>&nbsp;<\/p>\r\n\r\n<p>Chacun de ces th\u00e8mes nous rappelle que l\u2019histoire des soins de sant\u00e9 mentale refl\u00e8te la culture contemporaine et la politique. Dans le cas des enfants qui \u00e9taient handicap\u00e9s ou pauvres, ils \u00e9taient souvent exclus de la cat\u00e9gorie de l\u2019innocence associ\u00e9e habituellement \u00e0 l\u2019enfance. Ceux qui \u00e9taient consid\u00e9r\u00e9s \u00ab fous \u00bb se retrouvaient mis \u00e0 l\u2019\u00e9cart du mod\u00e8le traditionnel de l\u2019enfant. Dans ce contexte, l\u2019acc\u00e8s aux soins variait grandement.<\/p>\r\n\r\n<p>&nbsp;<\/p>\r\n<hr class=\"wp-block-separator has-alpha-channel-opacity\" \/>\r\n<p>&nbsp;<\/p>\r\n\r\n<figure class=\"wp-block-gallery has-nested-images columns-default is-cropped wp-block-gallery-8 is-layout-flex wp-block-gallery-is-layout-flex\">\r\n<figure class=\"wp-block-image size-large\"><img decoding=\"async\" data-id=\"13490\" class=\"wp-image-13490\" src=\"https:\/\/dev.madnesscanada.com\/wp-content\/uploads\/scan001_resize.jpg\" alt=\"\" \/>\r\n<figcaption class=\"wp-element-caption\">Mathieu, L\u2019H\u00f4pital Saint-Jean-de-Dieu, 1906<\/figcaption>\r\n<\/figure>\r\n\r\n\r\n\r\n<figure class=\"wp-block-image size-large\"><img loading=\"lazy\" decoding=\"async\" data-id=\"13506\" class=\"alignnone wp-image-13506\" src=\"https:\/\/dev.madnesscanada.com\/wp-content\/uploads\/scan004_resize.jpg\" alt=\"\" width=\"428\" height=\"666\" srcset=\"https:\/\/madnesscanada.com\/wp-content\/uploads\/scan004_resize.jpg 432w, https:\/\/madnesscanada.com\/wp-content\/uploads\/scan004_resize-193x300.jpg 193w\" sizes=\"auto, (max-width: 428px) 100vw, 428px\" \/>\r\n<figcaption class=\"wp-element-caption\">Bertha, L\u2019H\u00f4pital Falconwood, 1914<\/figcaption>\r\n<\/figure>\r\n\r\n\r\n\r\n<figure class=\"wp-block-image size-large\"><img loading=\"lazy\" decoding=\"async\" data-id=\"13508\" class=\"alignnone wp-image-13508\" src=\"https:\/\/dev.madnesscanada.com\/wp-content\/uploads\/scan006_resize.jpg\" alt=\"\" width=\"428\" height=\"664\" srcset=\"https:\/\/madnesscanada.com\/wp-content\/uploads\/scan006_resize.jpg 433w, https:\/\/madnesscanada.com\/wp-content\/uploads\/scan006_resize-193x300.jpg 193w\" sizes=\"auto, (max-width: 428px) 100vw, 428px\" \/>\r\n<figcaption class=\"wp-element-caption\">Sophia, Les Asiles Selkirk and Brandon, 1916<\/figcaption>\r\n<\/figure>\r\n\r\n\r\n\r\n<figure class=\"wp-block-image size-large\"><img loading=\"lazy\" decoding=\"async\" data-id=\"13505\" class=\"alignnone wp-image-13505\" src=\"https:\/\/dev.madnesscanada.com\/wp-content\/uploads\/scan003_resize.jpg\" alt=\"\" width=\"428\" height=\"638\" srcset=\"https:\/\/madnesscanada.com\/wp-content\/uploads\/scan003_resize.jpg 451w, https:\/\/madnesscanada.com\/wp-content\/uploads\/scan003_resize-201x300.jpg 201w\" sizes=\"auto, (max-width: 428px) 100vw, 428px\" \/>\r\n<figcaption class=\"wp-element-caption\">Wilfrid, L&rsquo;Asile Brandon, 1930<\/figcaption>\r\n<\/figure>\r\n<\/figure>","protected":false},"excerpt":{"rendered":"<p>Folie d\u2019enfance: Les portraits compassant des enfants dans les asiles canadiens, 1900-1930 Par Kira A. Smith Entre 1900 et 1930, \u00e0 travers tout le Canada, des enfants sont entr\u00e9s dans des asiles d\u2019ali\u00e9n\u00e9s con\u00e7us pour les adultes. Des soins leur \u00e9taient rarement offerts. Au contraire, les enfants \u00e9taient soumis \u00e0 l\u2019incarc\u00e9ration, l\u2019eug\u00e9nisme et l\u2019abus institutionnel. &hellip; <\/p>\n<p class=\"link-more\"><a href=\"https:\/\/madnesscanada.com\/fr\/childhood-madness\/\" class=\"more-link\">Continuer la lecture<span class=\"screen-reader-text\"> de &laquo;&nbsp;Folie d\u2019enfance: Les portraits compassant des enfants dans les asiles canadiens, 1900-1930&nbsp;&raquo;<\/span><\/a><\/p>\n","protected":false},"author":2,"featured_media":0,"parent":0,"menu_order":2,"comment_status":"closed","ping_status":"closed","template":"","meta":{"footnotes":""},"class_list":["post-13460","page","type-page","status-publish","hentry"],"_links":{"self":[{"href":"https:\/\/madnesscanada.com\/fr\/wp-json\/wp\/v2\/pages\/13460","targetHints":{"allow":["GET"]}}],"collection":[{"href":"https:\/\/madnesscanada.com\/fr\/wp-json\/wp\/v2\/pages"}],"about":[{"href":"https:\/\/madnesscanada.com\/fr\/wp-json\/wp\/v2\/types\/page"}],"author":[{"embeddable":true,"href":"https:\/\/madnesscanada.com\/fr\/wp-json\/wp\/v2\/users\/2"}],"replies":[{"embeddable":true,"href":"https:\/\/madnesscanada.com\/fr\/wp-json\/wp\/v2\/comments?post=13460"}],"version-history":[{"count":46,"href":"https:\/\/madnesscanada.com\/fr\/wp-json\/wp\/v2\/pages\/13460\/revisions"}],"predecessor-version":[{"id":13801,"href":"https:\/\/madnesscanada.com\/fr\/wp-json\/wp\/v2\/pages\/13460\/revisions\/13801"}],"wp:attachment":[{"href":"https:\/\/madnesscanada.com\/fr\/wp-json\/wp\/v2\/media?parent=13460"}],"curies":[{"name":"wp","href":"https:\/\/api.w.org\/{rel}","templated":true}]}}