{"id":13468,"date":"2026-05-05T13:31:19","date_gmt":"2026-05-05T17:31:19","guid":{"rendered":"https:\/\/dev.madnesscanada.com\/?page_id=13468"},"modified":"2026-05-06T15:03:47","modified_gmt":"2026-05-06T19:03:47","slug":"mathieu","status":"publish","type":"page","link":"https:\/\/madnesscanada.com\/fr\/childhood-madness\/mathieu\/","title":{"rendered":"Mathieu, L&rsquo;H\u00f4pital Saint-Jean-de-Dieu, 1906"},"content":{"rendered":"<h1 class=\"wp-block-heading\">Mathieu, L&rsquo;H\u00f4pital Saint-Jean-de-Dieu, 1906<\/h1>\r\n\r\n\r\n\r\n<p>\u00c2ge 8<\/p>\r\n\r\n\r\n\r\n<p>Dates d&rsquo;admission: September 1906 \u00e0 inconnu<\/p>\r\n\r\n\r\n\r\n<div class=\"wp-block-group is-nowrap is-layout-flex wp-container-core-group-is-layout-ad2f72ca wp-block-group-is-layout-flex\">\r\n<div class=\"wp-block-media-text is-stacked-on-mobile\">\r\n<figure class=\"wp-block-media-text__media\">\r\n<figure id=\"attachment_13490\" aria-describedby=\"caption-attachment-13490\" style=\"width: 525px\" class=\"wp-caption alignnone\"><img loading=\"lazy\" decoding=\"async\" class=\"wp-image-13490 size-large\" src=\"https:\/\/dev.madnesscanada.com\/wp-content\/uploads\/1.-Mathieu-Portrait-653x1024.jpg\" alt=\"Illustration repr\u00e9sentant un jeune gar\u00e7on blanc dont les \u00e9paules sont masqu\u00e9es. L'arri\u00e8re-plan est rempli de ce qui semble \u00eatre des silhouettes sombres de personnes. Le gar\u00e7on a les cheveux blonds et le regard tourn\u00e9 vers la droite. Son visage exprime \u00e0 la fois de la tristesse, de l'inqui\u00e9tude et de la vigilance. \" width=\"525\" height=\"823\" srcset=\"https:\/\/madnesscanada.com\/wp-content\/uploads\/1.-Mathieu-Portrait-653x1024.jpg 653w, https:\/\/madnesscanada.com\/wp-content\/uploads\/1.-Mathieu-Portrait-191x300.jpg 191w, https:\/\/madnesscanada.com\/wp-content\/uploads\/1.-Mathieu-Portrait-768x1205.jpg 768w, https:\/\/madnesscanada.com\/wp-content\/uploads\/1.-Mathieu-Portrait-979x1536.jpg 979w, https:\/\/madnesscanada.com\/wp-content\/uploads\/1.-Mathieu-Portrait-1306x2048.jpg 1306w, https:\/\/madnesscanada.com\/wp-content\/uploads\/1.-Mathieu-Portrait-scaled.jpg 1632w\" sizes=\"auto, (max-width: 525px) 100vw, 525px\" \/><figcaption id=\"caption-attachment-13490\" class=\"wp-caption-text\">Portrait de Mathieu par Maia Weintrager (2025).<\/figcaption><\/figure>\r\n<\/figure>\r\n<div class=\"wp-block-media-text__content\">\r\n<p>Derri\u00e8re une ligne d\u2019hommes de grande stature, en habits de travail souill\u00e9s, Mathieu, un gar\u00e7on blond de huit ans, suivait le groupe. Ses mains claqu\u00e8rent ses bretelles qui retenaient ses shorts noirs par-dessus une chemise quasiment blanche. Alors que les patients commen\u00e7aient \u00e0 remplir l\u2019un des bancs \u00e0 l\u2019arri\u00e8re, Mathieu tenta de jeter un \u0153il par la fen\u00eatre la plus proche. Durant le souper, il avait entendu des hommes parlant des pommiers. Il imagina qu\u2019il \u00e9tait un \u00e9cureuil au milieu d\u2019un groupe de pr\u00e9dateurs. Il voulait une pomme. Toutefois, il \u00e9tait trop loin de la fen\u00eatre pour voir quoi que ce soit d\u2019autre que l\u2019horizon. D\u00e9courag\u00e9, Mathieu s\u2019assit, la peau derri\u00e8re ses genoux coll\u00e9e contre le banc et ses pieds pendus dans les airs.<\/p>\r\n<p>Alors que les derniers patients rejoignaient leur si\u00e8ge, tout \u00e9tait calme \u00e0 l\u2019exception de quelques pieds gigotants. La plupart des regards \u00e9taient tourn\u00e9s vers la m\u00e8re sup\u00e9rieure qui se tenait \u00e0 l\u2019entr\u00e9e de la chapelle. De temps en temps, les patients se rassemblaient \u00e0 la chapelle pour la pri\u00e8re du soir. C\u2019\u00e9tait un moment rare o\u00f9 le brouhaha de l\u2019institution se calmait. Mathieu attendit anxieusement. Il appr\u00e9ciait l\u2019atmosph\u00e8re de la chapelle, mais il avait surtout h\u00e2te de voir la com\u00e9die th\u00e9\u00e2trale qu\u2019un groupe de patients allait interpr\u00e9ter apr\u00e8s. Mathieu avait tellement h\u00e2te.<\/p>\r\n<p>Il entra dans la pi\u00e8ce alors qu&rsquo;ils r\u00e9citaient le Notre P\u00e8re.<\/p>\r\n<\/div>\r\n<\/div>\r\n\r\n\r\n\r\n<p>&nbsp;<\/p>\r\n<\/div>\r\n\r\n<p>&nbsp;<\/p>\r\n<hr class=\"wp-block-separator has-alpha-channel-opacity\" \/>\r\n<p>&nbsp;<\/p>\r\n\r\n<h3 class=\"wp-block-heading\">Vie quotidienne<\/h3>\r\n\r\n<p>&nbsp;<\/p>\r\n\r\n<p>La vie institutionnelle suivait une routine d\u00e9cid\u00e9e par les administrateurs. Un horaire id\u00e9al organis\u00e9 autour des heures de r\u00e9veil, des repas, des pri\u00e8res, du travail, des visites m\u00e9dicales et des divertissements. Les patients n\u2019avaient gu\u00e8re leur mot \u00e0 dire sur l\u2019organisation de leur journ\u00e9e. Qui plus est, la vie commune leur offrait peu d\u2019intimit\u00e9. Mathieu passait ses journ\u00e9es \u00e0 suivre un horaire, constamment entour\u00e9s d\u2019autres personnes. Des t\u00e9moignages limit\u00e9s montrent que les enfants trouvaient l\u2019int\u00e9gration avec les adultes effrayante, dangereuse et d\u00e9routante.<\/p>\r\n<p>Au Qu\u00e9bec, les h\u00f4pitaux psychiatriques \u00e9taient uniques parce que les contrats pour g\u00e9rer les \u00e9tablissements \u00e9taient sign\u00e9s avec des organisations religieuses. On appelait ce ph\u00e9nom\u00e8ne la \u00ab\u00a0sous-traitance.\u00a0\u00bb Le r\u00e9sultat \u00e9tait que la religion jouait un r\u00f4le cl\u00e9 dans la vie quotidienne des patients du Qu\u00e9bec avec des pri\u00e8res r\u00e9guli\u00e8res offertes par les religieuses. La religion faisait aussi partie de d\u2019autres aspects de leur vie incluant le divertissement.<\/p>\r\n\r\n<p>&nbsp;<\/p>\r\n\r\n<figure class=\"wp-block-gallery has-nested-images columns-default is-cropped wp-block-gallery-2 is-layout-flex wp-block-gallery-is-layout-flex\">\r\n<figure class=\"wp-block-image size-large\">\r\n<figure id=\"attachment_13495\" aria-describedby=\"caption-attachment-13495\" style=\"width: 1024px\" class=\"wp-caption alignnone\"><img loading=\"lazy\" decoding=\"async\" data-id=\"13495\" class=\"wp-image-13495\" src=\"https:\/\/dev.madnesscanada.com\/wp-content\/uploads\/2.-McCord-Chapel-at-Longue-Pointe-Asylum-1024x826.jpeg\" alt=\"Prise depuis le fond de la salle, cette photographie montre la chapelle de l'asile de Longue Pointe en 1911. La longue salle \u00e9tait remplie de rang\u00e9es de bancs qui s'\u00e9tendaient jusqu'au ch\u0153ur. Des fen\u00eatres, situ\u00e9es de part et d'autre de la salle, alternaient avec des tableaux religieux.\" width=\"1024\" height=\"826\" srcset=\"https:\/\/madnesscanada.com\/wp-content\/uploads\/2.-McCord-Chapel-at-Longue-Pointe-Asylum-1024x826.jpeg 1024w, https:\/\/madnesscanada.com\/wp-content\/uploads\/2.-McCord-Chapel-at-Longue-Pointe-Asylum-300x242.jpeg 300w, https:\/\/madnesscanada.com\/wp-content\/uploads\/2.-McCord-Chapel-at-Longue-Pointe-Asylum-768x619.jpeg 768w, https:\/\/madnesscanada.com\/wp-content\/uploads\/2.-McCord-Chapel-at-Longue-Pointe-Asylum-1536x1238.jpeg 1536w, https:\/\/madnesscanada.com\/wp-content\/uploads\/2.-McCord-Chapel-at-Longue-Pointe-Asylum-2048x1651.jpeg 2048w\" sizes=\"auto, (max-width: 767px) 89vw, (max-width: 1000px) 54vw, (max-width: 1071px) 543px, 580px\" \/><figcaption id=\"caption-attachment-13495\" class=\"wp-caption-text\">Depuis l\u2019arri\u00e8re de la pi\u00e8ce, le photographe capture la chapelle de l\u2019Asile de Longue Pointe en 1911. La longue pi\u00e8ce est remplie de lignes de bancs jusqu\u2019au sanctuaire. Il y avait des fen\u00eatres de chaque c\u00f4t\u00e9 de la pi\u00e8ce m\u00e9lang\u00e9es avec des peintures saintes. Courtoisie du Mus\u00e9e McCord Steward.<\/figcaption><\/figure>\r\n<\/figure>\r\n\r\n\r\n\r\n<figure class=\"wp-block-image size-large\">\r\n<figure id=\"attachment_13496\" aria-describedby=\"caption-attachment-13496\" style=\"width: 1024px\" class=\"wp-caption alignnone\"><img loading=\"lazy\" decoding=\"async\" data-id=\"13496\" class=\"wp-image-13496\" src=\"https:\/\/dev.madnesscanada.com\/wp-content\/uploads\/3.-McCord-Theatre-1024x814.jpeg\" alt=\"Vus de dos, des bancs en bois bordent la longue salle jusqu\u2019\u00e0 la sc\u00e8ne du th\u00e9\u00e2tre. Des fen\u00eatres sont dispos\u00e9es de part et d\u2019autre de la salle, entrecoup\u00e9es de portraits. \" width=\"1024\" height=\"814\" srcset=\"https:\/\/madnesscanada.com\/wp-content\/uploads\/3.-McCord-Theatre-1024x814.jpeg 1024w, https:\/\/madnesscanada.com\/wp-content\/uploads\/3.-McCord-Theatre-300x238.jpeg 300w, https:\/\/madnesscanada.com\/wp-content\/uploads\/3.-McCord-Theatre-768x611.jpeg 768w, https:\/\/madnesscanada.com\/wp-content\/uploads\/3.-McCord-Theatre-1536x1221.jpeg 1536w, https:\/\/madnesscanada.com\/wp-content\/uploads\/3.-McCord-Theatre-2048x1628.jpeg 2048w\" sizes=\"auto, (max-width: 767px) 89vw, (max-width: 1000px) 54vw, (max-width: 1071px) 543px, 580px\" \/><figcaption id=\"caption-attachment-13496\" class=\"wp-caption-text\">Le divertissement \u00e9tait une partie importante de l\u2019horaire de l\u2019asile. Le th\u00e9\u00e2tre en institution, qui mettait en vedette un ensemble de professionnels en tourn\u00e9e ou d\u2019acteurs amateurs et de patients produisant des pi\u00e8ces, avait des th\u00e8mes religieux. Cette forme de divertissement \u00e9tait appr\u00e9ci\u00e9e par ceux qui vivaient dans l\u2019institution. Courtoisie du Mus\u00e9e McCord Steward.<\/figcaption><\/figure>\r\n<\/figure>\r\n<\/figure>\r\n\r\n<p>&nbsp;<\/p>\r\n\r\n<h3 class=\"wp-block-heading\">Soins infirmiers<\/h3>\r\n\r\n<p>&nbsp;<\/p>\r\n\r\n<div class=\"wp-block-media-text is-stacked-on-mobile\">\r\n<figure class=\"wp-block-media-text__media\">\r\n<figure id=\"attachment_13497\" aria-describedby=\"caption-attachment-13497\" style=\"width: 500px\" class=\"wp-caption alignnone\"><img loading=\"lazy\" decoding=\"async\" class=\"wp-image-13497 size-full\" src=\"https:\/\/dev.madnesscanada.com\/wp-content\/uploads\/4.-rpcq_bien_112264_35858.jpg\" alt=\"Le livre reli\u00e9 a une couverture rouge et est bien us\u00e9.\" width=\"500\" height=\"375\" srcset=\"https:\/\/madnesscanada.com\/wp-content\/uploads\/4.-rpcq_bien_112264_35858.jpg 500w, https:\/\/madnesscanada.com\/wp-content\/uploads\/4.-rpcq_bien_112264_35858-300x225.jpg 300w\" sizes=\"auto, (max-width: 500px) 100vw, 500px\" \/><figcaption id=\"caption-attachment-13497\" class=\"wp-caption-text\">Une copie de la toute premi\u00e8re version du \u00ab Trait\u00e9 \u00e9l\u00e9mentaire de mati\u00e8re m\u00e9dicale et guide pratique des Soeurs de Charit\u00e9 de l&rsquo;Asile de la Providence. \u00bb Le livre reli\u00e9 a une couverture rouge et est us\u00e9. \u00c0 l\u2019int\u00e9rieur, le livre est sign\u00e9 par Pierre J.O. Chauveau. Apr\u00e8s la Conf\u00e9d\u00e9ration, il deviendrait le premier Premier Ministre du Qu\u00e9bec. Courtoisie de David McBryde, Minist\u00e8re de la Culture et des Communications.<\/figcaption><\/figure>\r\n<\/figure>\r\n<div class=\"wp-block-media-text__content\">\r\n<p>Les S\u0153urs de la Providence donnaient les soins quotidiens aux patients. \u00c0 partir de 1900, elles suivaient la troisi\u00e8me \u00e9dition du \u00ab\u00a0Trait\u00e9 \u00e9l\u00e9mentaire de mati\u00e8re m\u00e9dicale et guide pratique des S\u0153urs de Charit\u00e9 de l\u2019Asile de la Providence.\u00a0\u00bb Ce livre de 1663 pages formerait la base de l\u2019enseignement pour l\u2019\u00e9cole de soins infirmiers qui a \u00e9t\u00e9 fond\u00e9e en 1912. Ce livre aidait les s\u0153urs \u00e0 naviguer les diff\u00e9rentes formes de traitement et de soins pour les patients. Dans le chapitre sept sur l\u2019hydroth\u00e9rapie, il d\u00e9taille ainsi la pratique, incluant l\u2019utilisation de diff\u00e9rentes temp\u00e9ratures d\u2019eau pour les soins th\u00e9rapeutiques.<\/p>\r\n<p>La pratique des soins infirmiers \u00e9tait aussi ench\u00e2ss\u00e9e dans la religion et S\u0153ur Monique de la croix y a r\u00e9fl\u00e9chi lorsqu\u2019elle a partag\u00e9\u00a0:<\/p>\r\n<p style=\"text-align: left;\"><span style=\"color: #66666; font-size: 1rem; font-style: italic;\">\u00ab Que de vertu \u00e0 pratiquer dans une seule journ\u00e9e aupr\u00e8s de nos chers malades! Que notre quotidien don de soi, soit une preuve de notre amour compatissant et rayonnant! Pour l\u2019infirmi\u00e8re, le malade mental est d\u00e9j\u00e0 h\u00e9ritier du message Sauveur de la croix, il porte en lui une ombre des souffrances du Christ. Et tel le bon samaritain, l\u2019infirmi\u00e8re attir\u00e9e au service du malade doit poss\u00e9der en plus d\u2019une extr\u00eame bont\u00e9 une intuition inspir\u00e9e par une lumi\u00e8re surnaturelle, une force divine \u00bb<\/span><\/p>\r\n<p>Bien que les soins infirmiers allaient \u00e9voluer pendant le vingti\u00e8me si\u00e8cle, leurs interventions n\u2019\u00e9taient pas toujours bien accueillies par les patients et les bonnes intentions ne r\u00e9sultaient pas toujours en de bons r\u00e9sultats chez les enfants. L\u2019asile roulait sur un budget serr\u00e9 et les patients n\u2019\u00e9taient pas requis de donner leur consentement. Les enfants vivaient souvent de l\u2019abus et de la maltraitance. Plusieurs s\u2019opposaient m\u00eame frontalement \u00e0 leur internement.<\/p>\r\n<\/div>\r\n<\/div>\r\n<p>\r\n\r\n<\/p>\r\n<h3 class=\"wp-block-heading\">Controverse<\/h3>\r\n<p>\r\n\r\n<\/p>\r\n<div class=\"wp-block-media-text is-stacked-on-mobile\">\r\n<figure class=\"wp-block-media-text__media\">\r\n<div class=\"mceTemp\">\u00a0<\/div>\r\n<\/figure>\r\n<\/div>\r\n<figure id=\"attachment_13498\" aria-describedby=\"caption-attachment-13498\" style=\"width: 352px\" class=\"wp-caption alignright\"><img loading=\"lazy\" decoding=\"async\" class=\"wp-image-13498\" src=\"https:\/\/dev.madnesscanada.com\/wp-content\/uploads\/5.-tuke_0011-176x300.jpg\" alt=\"La page de titre int\u00e9rieure de l'ouvrage \u00ab The Insane in the United States and Canada \u00bb du Dr Daniel Hack Tuke. Elle comprend la page de titre, les informations sur l'auteur et les coordonn\u00e9es de l'\u00e9diteur. \" width=\"352\" height=\"601\" srcset=\"https:\/\/madnesscanada.com\/wp-content\/uploads\/5.-tuke_0011-176x300.jpg 176w, https:\/\/madnesscanada.com\/wp-content\/uploads\/5.-tuke_0011.jpg 572w\" sizes=\"auto, (max-width: 352px) 100vw, 352px\" \/><figcaption id=\"caption-attachment-13498\" class=\"wp-caption-text\">La page titre \u00e0 l\u2019int\u00e9rieur de \u201cThe Insane in the United States and Canada\u201d par Dr. Daniel Hack Tuke. Le livre contient ses \u00e9valuations de tous les asiles qu\u2019il a visit\u00e9 lorsqu\u2019il \u00e9tait \u00e0 l\u2019\u00e9tranger. Au Canada, ceux-ci incluaient les asiles au Qu\u00e9bec, en Ontario, au Nouveau-Brunswick, en Nouvelle-\u00c9cosse, \u00e0 l\u2019\u00cele-du-Prince-\u00c9douard, au Manitoba et \u00e0 Terre-Neuve. Courtoisie de l\u2019Universit\u00e9 de Toronto.<\/figcaption><\/figure>\r\n<p><\/p>\r\n<p>En 1885, le Dr. Daniel Hack Tuke a publi\u00e9 un t\u00e9moignage sur Saint-Jean-de-Dieu. Il a \u00e9crit que ses patients \u00e9taient indisciplin\u00e9s et apathiques, que l\u2019endroit \u00e9tait surpeupl\u00e9 et que des modes de contention \u00e9taient activement utilis\u00e9s.\u00a0 Il a critiqu\u00e9 tant l\u2019espace physique que le manque de soins pour les patients. Dans la foul\u00e9e, la Commission royale sur les asiles d&rsquo;ali\u00e9n\u00e9s de la Province du Qu\u00e9bec de 1887 a demand\u00e9 la fin de la sous-traitance des soins aux individus priv\u00e9s ou aux entreprises.<\/p>\r\n<p>Cela n\u2019a jamais \u00e9t\u00e9 mis en place.<\/p>\r\n<p>En 1890, 100 personnes ont perdu la vie dans un feu qui a \u00e9clat\u00e9 dans le b\u00e2timent original de l\u2019asile. Il a \u00e9t\u00e9 reconstruit en 1901. D\u00e8s 1906, de petites r\u00e9parations \u00e9taient n\u00e9cessaires et d\u00e8s 1907, l\u2019\u00e9tablissement faisait face au surpeuplement.<\/p>\r\n<p>Les patients continuaient d\u2019\u00eatre trait\u00e9s avec un support financier inad\u00e9quat. Bien que de la supervision ait \u00e9t\u00e9 ajout\u00e9e, peu de changements se sont produits dans la vie quotidienne des patients. En 1908, le per diem des patients \u00e9tait de 0,29$. En comparaison, l\u2019H\u00f4pital pour enfants de Sainte-Justine en 1908 avait un per diem de 1,10$, plus de trois fois plus haut. Le co\u00fbt du per diem \u00e0 Saint-Jean-de-Dieu atteindrait 1,06$ seulement en 1949.<\/p>\r\n<p><\/p>","protected":false},"excerpt":{"rendered":"<p>Mathieu, L&rsquo;H\u00f4pital Saint-Jean-de-Dieu, 1906 \u00c2ge 8 Dates d&rsquo;admission: September 1906 \u00e0 inconnu Derri\u00e8re une ligne d\u2019hommes de grande stature, en habits de travail souill\u00e9s, Mathieu, un gar\u00e7on blond de huit ans, suivait le groupe. Ses mains claqu\u00e8rent ses bretelles qui retenaient ses shorts noirs par-dessus une chemise quasiment blanche. Alors que les patients commen\u00e7aient \u00e0 &hellip; <\/p>\n<p class=\"link-more\"><a href=\"https:\/\/madnesscanada.com\/fr\/childhood-madness\/mathieu\/\" class=\"more-link\">Continuer la lecture<span class=\"screen-reader-text\"> de &laquo;&nbsp;Mathieu, L&rsquo;H\u00f4pital Saint-Jean-de-Dieu, 1906&nbsp;&raquo;<\/span><\/a><\/p>\n","protected":false},"author":2,"featured_media":13490,"parent":13460,"menu_order":0,"comment_status":"closed","ping_status":"closed","template":"","meta":{"footnotes":""},"class_list":["post-13468","page","type-page","status-publish","has-post-thumbnail","hentry"],"_links":{"self":[{"href":"https:\/\/madnesscanada.com\/fr\/wp-json\/wp\/v2\/pages\/13468","targetHints":{"allow":["GET"]}}],"collection":[{"href":"https:\/\/madnesscanada.com\/fr\/wp-json\/wp\/v2\/pages"}],"about":[{"href":"https:\/\/madnesscanada.com\/fr\/wp-json\/wp\/v2\/types\/page"}],"author":[{"embeddable":true,"href":"https:\/\/madnesscanada.com\/fr\/wp-json\/wp\/v2\/users\/2"}],"replies":[{"embeddable":true,"href":"https:\/\/madnesscanada.com\/fr\/wp-json\/wp\/v2\/comments?post=13468"}],"version-history":[{"count":9,"href":"https:\/\/madnesscanada.com\/fr\/wp-json\/wp\/v2\/pages\/13468\/revisions"}],"predecessor-version":[{"id":13829,"href":"https:\/\/madnesscanada.com\/fr\/wp-json\/wp\/v2\/pages\/13468\/revisions\/13829"}],"up":[{"embeddable":true,"href":"https:\/\/madnesscanada.com\/fr\/wp-json\/wp\/v2\/pages\/13460"}],"wp:featuredmedia":[{"embeddable":true,"href":"https:\/\/madnesscanada.com\/fr\/wp-json\/wp\/v2\/media\/13490"}],"wp:attachment":[{"href":"https:\/\/madnesscanada.com\/fr\/wp-json\/wp\/v2\/media?parent=13468"}],"curies":[{"name":"wp","href":"https:\/\/api.w.org\/{rel}","templated":true}]}}