{"id":13470,"date":"2026-05-05T13:31:50","date_gmt":"2026-05-05T17:31:50","guid":{"rendered":"https:\/\/dev.madnesscanada.com\/?page_id=13470"},"modified":"2026-05-06T15:38:05","modified_gmt":"2026-05-06T19:38:05","slug":"bertha","status":"publish","type":"page","link":"https:\/\/madnesscanada.com\/fr\/childhood-madness\/bertha\/","title":{"rendered":"Bertha, L&rsquo;H\u00f4pital Falconwood, 1914"},"content":{"rendered":"<p>\u00c2ge 14<\/p>\r\n<p>Dates d\u2019admission: Juillet 1914 \u00e0 Septembre 1915<\/p>\r\n<figure id=\"attachment_13506\" aria-describedby=\"caption-attachment-13506\" style=\"width: 432px\" class=\"wp-caption alignleft\"><img loading=\"lazy\" decoding=\"async\" class=\"wp-image-13506 size-full\" src=\"https:\/\/dev.madnesscanada.com\/wp-content\/uploads\/scan004_resize.jpg\" alt=\"Une illustration repr\u00e9sentant une jeune fille blanche avec une longue tresse noire. Elle porte un haut blanc et a le regard baiss\u00e9. L'arri\u00e8re-plan est compos\u00e9 d'un m\u00e9lange de rayures rouges et noires. La jeune fille semble triste.\" width=\"432\" height=\"672\" srcset=\"https:\/\/madnesscanada.com\/wp-content\/uploads\/scan004_resize.jpg 432w, https:\/\/madnesscanada.com\/wp-content\/uploads\/scan004_resize-193x300.jpg 193w\" sizes=\"auto, (max-width: 432px) 100vw, 432px\" \/><figcaption id=\"caption-attachment-13506\" class=\"wp-caption-text\">Portrait de Bertha par Maia Weintrager (2025).<\/figcaption><\/figure>\r\n<div class=\"wp-block-media-text is-stacked-on-mobile\">\r\n<div class=\"wp-block-media-text__content\">\r\n<p>&nbsp;<\/p>\r\n<p>&nbsp;<\/p>\r\n<div class=\"wp-block-media-text is-stacked-on-mobile\">\r\n<div class=\"wp-block-media-text__content\">\r\n<p>Les pieds nus de Bertha frappaient le plancher de bois franc d\u2019un bruit sourd et r\u00e9p\u00e9titif. Ses yeux \u00e9taient larmoyants. Elle portait une chemise cr\u00e8me \u00e0 haut col et une longue jupe brune qui l\u2019emp\u00eachait de se d\u00e9placer rapidement. Sa longue tresse noire rebondissait sur son dos. Alors qu\u2019elle traversait le long couloir de portes blanches, Bertha retint un sanglot. Elle se pr\u00e9cipita dans une petite chambre avec six lits de chaque c\u00f4t\u00e9. Elle se jeta sur le premier lit. Bertha commen\u00e7a \u00e0 pleurer. Ses g\u00e9missements sourds devenaient de plus en plus bruyants. Jusqu\u2019\u00e0 ce que Bertha ne g\u00e9misse entre ses pleurs qu\u2019elle voulait se suicider, qu\u2019elle allait prendre un poison et qu\u2019elle allait en finir.<\/p>\r\n<p>Les pleurs de Bertha furent momentan\u00e9ment interrompus alors qu\u2019une figure drap\u00e9e de blanc entra dans la pi\u00e8ce. C\u2019\u00e9tait l\u2019une des infirmi\u00e8res. Bertha releva sa t\u00eate de l\u2019oreiller. L\u2019infirmi\u00e8re secoua la t\u00eate et lui dit, \u00ab Arr\u00eate tes b\u00eatises\u2014tu n\u2019as aucune raison d\u2019\u00eatre triste. Ta vie vaut la peine d\u2019\u00eatre v\u00e9cue. \u00bb Bertha replongea sa t\u00eate contre l\u2019oreiller et pleura encore plus fort. Les employ\u00e9s ne la comprenaient pas; ils r\u00e9p\u00e9taient encore et encore qu\u2019elle exag\u00e9rait. \u00catre dans cet asile la faisait se sentir si vuln\u00e9rable, et pourtant comme aujourd\u2019hui, elle se sentait aussi compl\u00e8tement incomprise.<\/p>\r\n<\/div>\r\n<\/div>\r\n<\/div>\r\n<\/div>\r\n<hr class=\"wp-block-separator has-alpha-channel-opacity\" \/>\r\n<p>&nbsp;<\/p>\r\n\r\n<h3 class=\"wp-block-heading\"><span lang=\"FR-CA\">Contexte institutionnel et traitement<\/span><\/h3>\r\n<figure id=\"attachment_13521\" aria-describedby=\"caption-attachment-13521\" style=\"width: 620px\" class=\"wp-caption alignright\"><img loading=\"lazy\" decoding=\"async\" class=\"wp-image-13521 size-full\" src=\"https:\/\/dev.madnesscanada.com\/wp-content\/uploads\/2.-P0002440.jpg\" alt=\"Cette photo montre une petite salle d'hospitalisation comprenant huit lits. Un banc est plac\u00e9 devant une fen\u00eatre au fond de la pi\u00e8ce. Une infirmi\u00e8re, coiff\u00e9e d'une coiffe blanche et v\u00eatue d'un tablier, se tient debout entre les lits.\" width=\"620\" height=\"493\" srcset=\"https:\/\/madnesscanada.com\/wp-content\/uploads\/2.-P0002440.jpg 620w, https:\/\/madnesscanada.com\/wp-content\/uploads\/2.-P0002440-300x239.jpg 300w\" sizes=\"auto, (max-width: 620px) 100vw, 620px\" \/><figcaption id=\"caption-attachment-13521\" class=\"wp-caption-text\">Cette image est celle d\u2019une petite unit\u00e9 de patients avec huit lits visibles. En raison du surpeuplement \u00e0 l\u2019H\u00f4pital Falconwood, les lits auraient \u00e9t\u00e9 pouss\u00e9s plus pr\u00e8s les uns des autres pour permettre d\u2019accueillir plus de patients. Il est possible, compte tenu de l\u2019espace entre les lits, que certains d\u2019entre eux aient \u00e9t\u00e9 retir\u00e9s pour cette photographie et qu\u2019au maximum 12 individus vivaient dans cette chambre. Courtoisie du Bureau des archives et des documents publics de l\u2019\u00cele-du-Prince-\u00c9douard.<\/figcaption><\/figure>\r\n\r\n<p>&nbsp;<\/p>\r\n\r\n<p>&nbsp;<\/p>\r\n\r\n<p>&nbsp;<\/p>\r\n<p>En juin 1914, Bertha, quatorze ans, a \u00e9t\u00e9 admise \u00e0 l\u2019H\u00f4pital Falconwood, r\u00e9cemment renomm\u00e9, \u00e0 Charlottetown sur l\u2019\u00cele-du-Prince-\u00c9douard. Elle \u00e9tait la seule enfant admise cette ann\u00e9e-l\u00e0 et elle s\u2019est retrouv\u00e9e dans une unit\u00e9 remplie de femmes beaucoup plus \u00e2g\u00e9es. Le paysage idyllique et le b\u00e2timent \u00e9taient suppos\u00e9s cr\u00e9er la base du traitement moral, mais presque aucun asile au Canada ne pouvait maintenir leurs installations entre les demandes d\u2019admission et les fonds limit\u00e9s qui leur \u00e9taient accessibles.<\/p>\r\n<p>Le traitement moral \u00e9tait le principe directeur des soins. Son but \u00e9tait d\u2019am\u00e9liorer l\u2019humanit\u00e9 du traitement permettant de ramener les patients \u00e0 la raison. Les m\u00e9decins \u00e9taient cens\u00e9s avoir une connexion individuelle avec les patients, l\u2019h\u00f4pital devait \u00eatre con\u00e7u pour \u00eatre un lieu agr\u00e9able avec une population relativement petite. Malgr\u00e9 tout cela, l\u2019institution souffrait de surpeuplement, d\u2019un besoin constant de r\u00e9parations compte tenu du manque de fonds et d\u2019employ\u00e9s form\u00e9s de mani\u00e8re inad\u00e9quate, ce qui veut dire que le projet originel ne s\u2019est jamais r\u00e9alis\u00e9.<\/p>\r\n\r\n<p>&nbsp;<\/p>\r\n<!-- \/wp:paragraph --><!-- wp:post-content --><!-- wp:heading {\"level\":1} -->\r\n<h1 class=\"wp-block-heading\">Bertha, L\u2019H\u00f4pital Falconwood, 1914<\/h1>\r\n<!-- \/wp:heading -->\r\n<p>&nbsp;<\/p>\r\n<!-- wp:paragraph -->\r\n<p>\u00c2ge 14<\/p>\r\n<p>Dates d\u2019admission: Juillet 1914 \u00e0 Septembre 1915<\/p>\r\n<figure id=\"attachment_13506\" aria-describedby=\"caption-attachment-13506\" style=\"width: 432px\" class=\"wp-caption alignleft\"><img loading=\"lazy\" decoding=\"async\" class=\"wp-image-13506 size-full\" src=\"https:\/\/dev.madnesscanada.com\/wp-content\/uploads\/scan004_resize.jpg\" alt=\"Une illustration repr\u00e9sentant une jeune fille blanche avec une longue tresse noire. Elle porte un haut blanc et a le regard baiss\u00e9. L'arri\u00e8re-plan est compos\u00e9 d'un m\u00e9lange de rayures rouges et noires. La jeune fille semble triste.\" width=\"432\" height=\"672\" srcset=\"https:\/\/madnesscanada.com\/wp-content\/uploads\/scan004_resize.jpg 432w, https:\/\/madnesscanada.com\/wp-content\/uploads\/scan004_resize-193x300.jpg 193w\" sizes=\"auto, (max-width: 432px) 100vw, 432px\" \/><figcaption id=\"caption-attachment-13506\" class=\"wp-caption-text\">Portrait de Bertha par Maia Weintrager (2025).<\/figcaption><\/figure>\r\n<div class=\"wp-block-media-text is-stacked-on-mobile\">\r\n<div class=\"wp-block-media-text__content\"><!-- wp:paragraph {\"placeholder\":\"Content\u2026\"} -->\r\n<p>&nbsp;<\/p>\r\n<p>&nbsp;<\/p>\r\n<div class=\"wp-block-media-text is-stacked-on-mobile\">\r\n<div class=\"wp-block-media-text__content\">\r\n<p>Les pieds nus de Bertha frappaient le plancher de bois franc d\u2019un bruit sourd et r\u00e9p\u00e9titif. Ses yeux \u00e9taient larmoyants. Elle portait une chemise cr\u00e8me \u00e0 haut col et une longue jupe brune qui l\u2019emp\u00eachait de se d\u00e9placer rapidement. Sa longue tresse noire rebondissait sur son dos. Alors qu\u2019elle traversait le long couloir de portes blanches, Bertha retint un sanglot. Elle se pr\u00e9cipita dans une petite chambre avec six lits de chaque c\u00f4t\u00e9. Elle se jeta sur le premier lit. Bertha commen\u00e7a \u00e0 pleurer. Ses g\u00e9missements sourds devenaient de plus en plus bruyants. Jusqu\u2019\u00e0 ce que Bertha ne g\u00e9misse entre ses pleurs qu\u2019elle voulait se suicider, qu\u2019elle allait prendre un poison et qu\u2019elle allait en finir.<\/p>\r\n<p>Les pleurs de Bertha furent momentan\u00e9ment interrompus alors qu\u2019une figure drap\u00e9e de blanc entra dans la pi\u00e8ce. C\u2019\u00e9tait l\u2019une des infirmi\u00e8res. Bertha releva sa t\u00eate de l\u2019oreiller. L\u2019infirmi\u00e8re secoua la t\u00eate et lui dit, \u00ab Arr\u00eate tes b\u00eatises\u2014tu n\u2019as aucune raison d\u2019\u00eatre triste. Ta vie vaut la peine d\u2019\u00eatre v\u00e9cue. \u00bb Bertha replongea sa t\u00eate contre l\u2019oreiller et pleura encore plus fort. Les employ\u00e9s ne la comprenaient pas; ils r\u00e9p\u00e9taient encore et encore qu\u2019elle exag\u00e9rait. \u00catre dans cet asile la faisait se sentir si vuln\u00e9rable, et pourtant comme aujourd\u2019hui, elle se sentait aussi compl\u00e8tement incomprise.<\/p>\r\n<\/div>\r\n<\/div>\r\n<\/div>\r\n<\/div>\r\n<!-- wp:separator --><hr class=\"wp-block-separator has-alpha-channel-opacity\" \/><!-- \/wp:separator -->\r\n<p>&nbsp;<\/p>\r\n<!-- wp:heading -->\r\n<h3><span lang=\"FR-CA\">Contexte institutionnel et traitement<\/span><\/h3>\r\n<figure id=\"attachment_13521\" aria-describedby=\"caption-attachment-13521\" style=\"width: 620px\" class=\"wp-caption alignright\"><img loading=\"lazy\" decoding=\"async\" class=\"wp-image-13521 size-full\" src=\"https:\/\/dev.madnesscanada.com\/wp-content\/uploads\/2.-P0002440.jpg\" alt=\"Cette photo montre une petite salle d'hospitalisation comprenant huit lits. Un banc est plac\u00e9 devant une fen\u00eatre au fond de la pi\u00e8ce. Une infirmi\u00e8re, coiff\u00e9e d'une coiffe blanche et v\u00eatue d'un tablier, se tient debout entre les lits.\" width=\"620\" height=\"493\" srcset=\"https:\/\/madnesscanada.com\/wp-content\/uploads\/2.-P0002440.jpg 620w, https:\/\/madnesscanada.com\/wp-content\/uploads\/2.-P0002440-300x239.jpg 300w\" sizes=\"auto, (max-width: 620px) 100vw, 620px\" \/><figcaption id=\"caption-attachment-13521\" class=\"wp-caption-text\">Cette image est celle d\u2019une petite unit\u00e9 de patients avec huit lits visibles. En raison du surpeuplement \u00e0 l\u2019H\u00f4pital Falconwood, les lits auraient \u00e9t\u00e9 pouss\u00e9s plus pr\u00e8s les uns des autres pour permettre d\u2019accueillir plus de patients. Il est possible, compte tenu de l\u2019espace entre les lits, que certains d\u2019entre eux aient \u00e9t\u00e9 retir\u00e9s pour cette photographie et qu\u2019au maximum 12 individus vivaient dans cette chambre. Courtoisie du Bureau des archives et des documents publics de l\u2019\u00cele-du-Prince-\u00c9douard.<\/figcaption><\/figure>\r\n<!-- \/wp:heading -->\r\n<p>&nbsp;<\/p>\r\n<!-- wp:image {\"id\":13521,\"sizeSlug\":\"full\",\"linkDestination\":\"none\"} --><!-- \/wp:image -->\r\n<p>&nbsp;<\/p>\r\n<!-- wp:paragraph -->\r\n<p>&nbsp;<\/p>\r\n<p>En juin 1914, Bertha, quatorze ans, a \u00e9t\u00e9 admise \u00e0 l\u2019H\u00f4pital Falconwood, r\u00e9cemment renomm\u00e9, \u00e0 Charlottetown sur l\u2019\u00cele-du-Prince-\u00c9douard. Elle \u00e9tait la seule enfant admise cette ann\u00e9e-l\u00e0 et elle s\u2019est retrouv\u00e9e dans une unit\u00e9 remplie de femmes beaucoup plus \u00e2g\u00e9es. Le paysage idyllique et le b\u00e2timent \u00e9taient suppos\u00e9s cr\u00e9er la base du traitement moral, mais presque aucun asile au Canada ne pouvait maintenir leurs installations entre les demandes d\u2019admission et les fonds limit\u00e9s qui leur \u00e9taient accessibles.<\/p>\r\n<p>Le traitement moral \u00e9tait le principe directeur des soins. Son but \u00e9tait d\u2019am\u00e9liorer l\u2019humanit\u00e9 du traitement permettant de ramener les patients \u00e0 la raison. Les m\u00e9decins \u00e9taient cens\u00e9s avoir une connexion individuelle avec les patients, l\u2019h\u00f4pital devait \u00eatre con\u00e7u pour \u00eatre un lieu agr\u00e9able avec une population relativement petite. Malgr\u00e9 tout cela, l\u2019institution souffrait de surpeuplement, d\u2019un besoin constant de r\u00e9parations compte tenu du manque de fonds et d\u2019employ\u00e9s form\u00e9s de mani\u00e8re inad\u00e9quate, ce qui veut dire que le projet originel ne s\u2019est jamais r\u00e9alis\u00e9.<\/p>\r\n<!-- \/wp:paragraph -->\r\n<p>&nbsp;<\/p>\r\n<!-- wp:heading --><!-- \/wp:paragraph --><!-- \/wp:post-content -->","protected":false},"excerpt":{"rendered":"<p>Bertha, L\u2019H\u00f4pital Falconwood, 1914 \u00c2ge 14 Dates d\u2019admission: Juillet 1914 \u00e0 Septembre 1915 &nbsp; \u00c2ge 14 Dates d\u2019admission: Juillet 1914 \u00e0 Septembre 1915 &nbsp; &nbsp; Les pieds nus de Bertha frappaient le plancher de bois franc d\u2019un bruit sourd et r\u00e9p\u00e9titif. Ses yeux \u00e9taient larmoyants. Elle portait une chemise cr\u00e8me \u00e0 haut col et une &hellip; <\/p>\n<p class=\"link-more\"><a href=\"https:\/\/madnesscanada.com\/fr\/childhood-madness\/bertha\/\" class=\"more-link\">Continuer la lecture<span class=\"screen-reader-text\"> de &laquo;&nbsp;Bertha, L&rsquo;H\u00f4pital Falconwood, 1914&nbsp;&raquo;<\/span><\/a><\/p>\n","protected":false},"author":2,"featured_media":13506,"parent":13460,"menu_order":1,"comment_status":"closed","ping_status":"closed","template":"","meta":{"footnotes":""},"class_list":["post-13470","page","type-page","status-publish","has-post-thumbnail","hentry"],"_links":{"self":[{"href":"https:\/\/madnesscanada.com\/fr\/wp-json\/wp\/v2\/pages\/13470","targetHints":{"allow":["GET"]}}],"collection":[{"href":"https:\/\/madnesscanada.com\/fr\/wp-json\/wp\/v2\/pages"}],"about":[{"href":"https:\/\/madnesscanada.com\/fr\/wp-json\/wp\/v2\/types\/page"}],"author":[{"embeddable":true,"href":"https:\/\/madnesscanada.com\/fr\/wp-json\/wp\/v2\/users\/2"}],"replies":[{"embeddable":true,"href":"https:\/\/madnesscanada.com\/fr\/wp-json\/wp\/v2\/comments?post=13470"}],"version-history":[{"count":8,"href":"https:\/\/madnesscanada.com\/fr\/wp-json\/wp\/v2\/pages\/13470\/revisions"}],"predecessor-version":[{"id":13830,"href":"https:\/\/madnesscanada.com\/fr\/wp-json\/wp\/v2\/pages\/13470\/revisions\/13830"}],"up":[{"embeddable":true,"href":"https:\/\/madnesscanada.com\/fr\/wp-json\/wp\/v2\/pages\/13460"}],"wp:featuredmedia":[{"embeddable":true,"href":"https:\/\/madnesscanada.com\/fr\/wp-json\/wp\/v2\/media\/13506"}],"wp:attachment":[{"href":"https:\/\/madnesscanada.com\/fr\/wp-json\/wp\/v2\/media?parent=13470"}],"curies":[{"name":"wp","href":"https:\/\/api.w.org\/{rel}","templated":true}]}}