{"id":139,"date":"2019-01-08T15:50:12","date_gmt":"2019-01-08T20:50:12","guid":{"rendered":"https:\/\/madnesscanada.com\/?page_id=139"},"modified":"2026-04-23T10:31:53","modified_gmt":"2026-04-23T14:31:53","slug":"indigenous","status":"publish","type":"page","link":"https:\/\/madnesscanada.com\/fr\/indigenous\/","title":{"rendered":"Indig\u00e8ne"},"content":{"rendered":"<h1 class=\"wp-block-heading\">Indig\u00e8ne<\/h1>\n\n\n\n<p>Cette section c\u00e9l\u00e8bre et se souvient des personnes folles autochtones, de leur communaut\u00e9 et de leur histoire. C\u2019est un espace qui facilite et supporte les connaissances exp\u00e9rientielles autochtones et leurs bourses d\u2019\u00e9tudes et s\u2019implique dans des conversations concr\u00e8tes pass\u00e9es et pr\u00e9sentes sur la r\u00e9conciliation et le d\u00e9veloppement des collectivit\u00e9s. L\u2019histoire des fous est ins\u00e9parable du colonialisme.<\/p>\n\n\n\n<p>Un petit groupe se rencontre pr\u00e9sentement dans un cercle de discussion sur les publications pertinentes et les futures opportunit\u00e9s de financement. Nous accueillons de nouveaux participants dans le groupe. Veuillez nous <a href=\"mailto:info@madnesscanada.com\">envoyer un courriel<\/a> pour obtenir plus d\u2019information.<\/p>","protected":false},"excerpt":{"rendered":"<p>Indig\u00e8ne Cette section c\u00e9l\u00e8bre et se souvient des personnes folles autochtones, de leur communaut\u00e9 et de leur histoire. C\u2019est un espace qui facilite et supporte les connaissances exp\u00e9rientielles autochtones et leurs bourses d\u2019\u00e9tudes et s\u2019implique dans des conversations concr\u00e8tes pass\u00e9es et pr\u00e9sentes sur la r\u00e9conciliation et le d\u00e9veloppement des collectivit\u00e9s. L\u2019histoire des fous est ins\u00e9parable &hellip; <\/p>\n<p class=\"link-more\"><a href=\"https:\/\/madnesscanada.com\/fr\/indigenous\/\" class=\"more-link\">Continuer la lecture<span class=\"screen-reader-text\"> de &laquo;&nbsp;Indig\u00e8ne&nbsp;&raquo;<\/span><\/a><\/p>\n","protected":false},"author":3,"featured_media":0,"parent":0,"menu_order":13,"comment_status":"closed","ping_status":"closed","template":"","meta":{"footnotes":""},"class_list":["post-139","page","type-page","status-publish","hentry"],"_links":{"self":[{"href":"https:\/\/madnesscanada.com\/fr\/wp-json\/wp\/v2\/pages\/139","targetHints":{"allow":["GET"]}}],"collection":[{"href":"https:\/\/madnesscanada.com\/fr\/wp-json\/wp\/v2\/pages"}],"about":[{"href":"https:\/\/madnesscanada.com\/fr\/wp-json\/wp\/v2\/types\/page"}],"author":[{"embeddable":true,"href":"https:\/\/madnesscanada.com\/fr\/wp-json\/wp\/v2\/users\/3"}],"replies":[{"embeddable":true,"href":"https:\/\/madnesscanada.com\/fr\/wp-json\/wp\/v2\/comments?post=139"}],"version-history":[{"count":33,"href":"https:\/\/madnesscanada.com\/fr\/wp-json\/wp\/v2\/pages\/139\/revisions"}],"predecessor-version":[{"id":13310,"href":"https:\/\/madnesscanada.com\/fr\/wp-json\/wp\/v2\/pages\/139\/revisions\/13310"}],"wp:attachment":[{"href":"https:\/\/madnesscanada.com\/fr\/wp-json\/wp\/v2\/media?parent=139"}],"curies":[{"name":"wp","href":"https:\/\/api.w.org\/{rel}","templated":true}]}}