{"id":146,"date":"2019-10-28T14:24:06","date_gmt":"2019-10-28T18:24:06","guid":{"rendered":"http:\/\/aftertheasylum.ca\/new-wordpress\/?page_id=146"},"modified":"2022-06-21T10:51:37","modified_gmt":"2022-06-21T14:51:37","slug":"hopital-saint-michel-archangel","status":"publish","type":"page","link":"https:\/\/madnesscanada.com\/fr\/after-the-asylum\/policy-and-practice\/the-last-asylums\/hopital-saint-michel-archangel\/","title":{"rendered":"H\u00f4pital Saint-Michel-Archangel"},"content":{"rendered":"<p><\/p>\n<!-- Widget Shortcode --><div id=\"nav_menu-64\" class=\"widget widget_nav_menu widget-shortcode area-arbitrary \"><h2 class=\"widgettitle\">(English) After the Asylum<\/h2><div class=\"menu-after-the-asylum-container\"><ul id=\"menu-after-the-asylum-1\" class=\"menu\"><li class=\"menu-item menu-item-type-post_type menu-item-object-page menu-item-9204\"><a href=\"https:\/\/madnesscanada.com\/fr\/after-the-asylum\/\">Apr\u00e8s l\u2019asile<\/a><\/li>\n<li class=\"menu-item menu-item-type-post_type menu-item-object-page menu-item-9203\"><a href=\"https:\/\/madnesscanada.com\/fr\/after-the-asylum\/policy-and-practice\/\">Politiques de sant\u00e9 mentale<\/a><\/li>\n<li class=\"menu-item menu-item-type-post_type menu-item-object-page menu-item-9208\"><a href=\"https:\/\/madnesscanada.com\/fr\/after-the-asylum\/peer-support-activism\/\">Soutien par les pairs et activisme<\/a><\/li>\n<li class=\"menu-item menu-item-type-post_type menu-item-object-page menu-item-9207\"><a href=\"https:\/\/madnesscanada.com\/fr\/after-the-asylum\/survivor-culture\/\">Culture de la survivante<\/a><\/li>\n<li class=\"menu-item menu-item-type-post_type menu-item-object-page menu-item-9206\"><a href=\"https:\/\/madnesscanada.com\/fr\/after-the-asylum\/case-studies\/\">\u00c9tudes de cas<\/a><\/li>\n<\/ul><\/div><\/div><!-- \/Widget Shortcode -->\n<!-- Widget Shortcode --><div id=\"search-3\" class=\"widget widget_search widget-shortcode area-arbitrary \"><h2 class=\"widgettitle\">(English) SEARCH<\/h2><form role=\"search\" method=\"get\" class=\"search-form\" action=\"https:\/\/madnesscanada.com\/fr\/\">\n\t\t\t\t<label>\n\t\t\t\t\t<span class=\"screen-reader-text\">Rechercher\u00a0:<\/span>\n\t\t\t\t\t<input type=\"search\" class=\"search-field\" placeholder=\"Rechercher\u2026\" value=\"\" name=\"s\" \/>\n\t\t\t\t<\/label>\n\t\t\t\t<input type=\"submit\" class=\"search-submit\" value=\"Rechercher\" \/>\n\t\t\t<\/form><\/div><!-- \/Widget Shortcode -->\n<div class=\"rightmenu\"><!-- Widget Shortcode --><div id=\"nav_menu-66\" class=\"widget widget_nav_menu widget-shortcode area-arbitrary \"><div class=\"menu-the-last-asylums-container\"><ul id=\"menu-the-last-asylums-1\" class=\"menu\"><li class=\"menu-item menu-item-type-post_type menu-item-object-page menu-item-9228\"><a href=\"https:\/\/madnesscanada.com\/fr\/after-the-asylum\/policy-and-practice\/the-last-asylums\/\">Les derniers asiles<\/a><\/li>\n<li class=\"menu-item menu-item-type-post_type menu-item-object-page menu-item-9229\"><a href=\"https:\/\/madnesscanada.com\/fr\/after-the-asylum\/policy-and-practice\/the-last-asylums\/riverview\/\">Riverview<\/a><\/li>\n<li class=\"menu-item menu-item-type-post_type menu-item-object-page menu-item-9230\"><a href=\"https:\/\/madnesscanada.com\/fr\/after-the-asylum\/policy-and-practice\/the-last-asylums\/ponoka\/\">Ponoka<\/a><\/li>\n<li class=\"menu-item menu-item-type-post_type menu-item-object-page menu-item-9231\"><a href=\"https:\/\/madnesscanada.com\/fr\/after-the-asylum\/policy-and-practice\/the-last-asylums\/weyburn\/\">Weyburn<\/a><\/li>\n<li class=\"menu-item menu-item-type-post_type menu-item-object-page menu-item-9232\"><a href=\"https:\/\/madnesscanada.com\/fr\/after-the-asylum\/policy-and-practice\/the-last-asylums\/brandon\/\">Brandon<\/a><\/li>\n<li class=\"menu-item menu-item-type-post_type menu-item-object-page menu-item-9233\"><a href=\"https:\/\/madnesscanada.com\/fr\/after-the-asylum\/policy-and-practice\/the-last-asylums\/hamilton\/\">Hamilton<\/a><\/li>\n<li class=\"menu-item menu-item-type-post_type menu-item-object-page menu-item-9234\"><a href=\"https:\/\/madnesscanada.com\/fr\/after-the-asylum\/policy-and-practice\/the-last-asylums\/lakeshore\/\">Lakeshore<\/a><\/li>\n<li class=\"menu-item menu-item-type-post_type menu-item-object-page menu-item-9235\"><a href=\"https:\/\/madnesscanada.com\/fr\/after-the-asylum\/policy-and-practice\/the-last-asylums\/queen-street\/\">Queen Street<\/a><\/li>\n<li class=\"menu-item menu-item-type-post_type menu-item-object-page menu-item-9236\"><a href=\"https:\/\/madnesscanada.com\/fr\/after-the-asylum\/policy-and-practice\/the-last-asylums\/verdun-douglas\/\">Verdun \/ Douglas<\/a><\/li>\n<li class=\"menu-item menu-item-type-post_type menu-item-object-page menu-item-9238\"><a href=\"https:\/\/madnesscanada.com\/fr\/after-the-asylum\/policy-and-practice\/the-last-asylums\/hospice-saint-jean-de-dieu\/\">Hospice Saint-Jean-de-Dieu<\/a><\/li>\n<li class=\"menu-item menu-item-type-post_type menu-item-object-page menu-item-9237\"><a href=\"https:\/\/madnesscanada.com\/fr\/after-the-asylum\/policy-and-practice\/the-last-asylums\/hopital-saint-michel-archangel\/\">H\u00f4pital Saint-Michel-Archangel<\/a><\/li>\n<li class=\"menu-item menu-item-type-post_type menu-item-object-page menu-item-9239\"><a href=\"https:\/\/madnesscanada.com\/fr\/after-the-asylum\/policy-and-practice\/the-last-asylums\/nova-scotia-hospital\/\">Nova Scotia Hospital<\/a><\/li>\n<li class=\"menu-item menu-item-type-post_type menu-item-object-page menu-item-9240\"><a href=\"https:\/\/madnesscanada.com\/fr\/after-the-asylum\/policy-and-practice\/the-last-asylums\/the-provincial-hospital\/\">The Provincial Hospital<\/a><\/li>\n<li class=\"menu-item menu-item-type-post_type menu-item-object-page menu-item-9241\"><a href=\"https:\/\/madnesscanada.com\/fr\/after-the-asylum\/policy-and-practice\/the-last-asylums\/waterford\/\">H\u00f4pital de Waterford<\/a><\/li>\n<li class=\"menu-item menu-item-type-post_type menu-item-object-page menu-item-9227\"><a href=\"https:\/\/madnesscanada.com\/fr\/after-the-asylum\/policy-and-practice\/\">Politiques de sant\u00e9 mentale<\/a><\/li>\n<\/ul><\/div><\/div><!-- \/Widget Shortcode --><\/div>\n<nav aria-label=\"breadcrumbs\">\n            <div class=\"breadcrumb-container theme1\">\n                <ol>\n                                    <\/ol>\n            <\/div>\n        <\/nav>    <script type=\"application\/ld+json\">\n        {\n            \"@context\": \"http:\/\/schema.org\",\n            \"@type\": \"BreadcrumbList\",\n            \"itemListElement\": [\n                            ]\n        }\n    <\/script>\n   \n    <script>\n            <\/script>\n\n<h1>H\u00f4pital Saint-Michel-Archangel<\/h1>\n<p><a href=\"https:\/\/madnesscanada.com\/wp-content\/uploads\/2019\/11\/St-Michel-Arch-Postcard-FR.jpg\"><img loading=\"lazy\" decoding=\"async\" class=\"alignleft wp-image-1208 size-medium\" src=\"https:\/\/madnesscanada.com\/wp-content\/uploads\/2019\/11\/St-Michel-Arch-Postcard-FR-300x200.jpg\" alt=\"Photo en couleurs d'un immense \u00e9difice institutionnel en pierres, entour\u00e9 de b\u00e2timents commerciaux\" width=\"300\" height=\"200\" \/><\/a><\/p>\n<p><a href=\"https:\/\/madnesscanada.com\/wp-content\/uploads\/2019\/11\/St-Michel-Arch-Postcard-back-FR.jpg\"><img loading=\"lazy\" decoding=\"async\" class=\"alignleft wp-image-1207 size-medium\" src=\"https:\/\/madnesscanada.com\/wp-content\/uploads\/2019\/11\/St-Michel-Arch-Postcard-back-FR-300x200.jpg\" alt=\"Remerciements sinc\u00e8res \u00e0 France-St-Hilaire de l'Institut universitaire en sant\u00e9 mentale de Qu\u00e9bec. Auteur: Dominic Dagenais\" width=\"300\" height=\"200\" \/><\/a><\/p>\n<h4>Nom(s) de l\u2019institution:<\/h4>\n<p>H\u00f4pital Saint-Michel-Archange<\/p>\n<p>Fond\u00e9 en 1845 sous le nom d\u2019Asile provisoire de Beauport.<\/p>\n<p>Devient en 1850 la Quebec Lunatic Asylum.<\/p>\n<p>Devient en 1865 l\u2019Asile des ali\u00e9n\u00e9s de Qu\u00e9bec.<\/p>\n<p>Devient en 1912 l\u2019Asile Saint-Michel-Archange.<\/p>\n<p>Devient en 1914 l\u2019H\u00f4pital Saint-Michel-Archange.<\/p>\n<p>Devient en 1976 le Centre hospitalier Robert-Giffard.<\/p>\n<p>Devient en 2009 l\u2019Institut universitaire en sant\u00e9 mentale de Qu\u00e9bec<\/p>\n<h4>Ann\u00e9e d\u2019ouverture:<\/h4>\n<p>1845<\/p>\n<h4>Lieu:<\/h4>\n<p>Beauport (Qu\u00e9bec)<\/p>\n<h4>P\u00e9riode de d\u00e9sinstitutionnalisation:<\/h4>\n<p>1960-1980<\/p>\n<h4>D\u00e9mographie des patients:<\/h4>\n<table style=\"width: 37.8433%;\">\n<tbody>\n<tr>\n<td style=\"width: 9.20162%; text-align: center;\"><span style=\"font-size: 10pt; color: #941b41;\">Ann\u00e9e<\/span><\/td>\n<td style=\"width: 11.0961%; text-align: center;\"><span style=\"font-size: 10pt; color: #941b41;\">Total<\/span><\/td>\n<td style=\"width: 8.25763%; text-align: center;\"><span style=\"font-size: 10pt; color: #941b41;\">Personnel<\/span><\/td>\n<td style=\"width: 16.1725%;\"><span style=\"font-size: 10pt; color: #941b41;\">Ann\u00e9e<\/span><\/td>\n<td style=\"width: 12.6685%;\"><span style=\"font-size: 10pt; color: #941b41;\">Total<\/span><\/td>\n<td style=\"width: 21.8329%;\"><span style=\"font-size: 10pt; color: #941b41;\">Personnel<\/span><\/td>\n<\/tr>\n<tr>\n<td style=\"width: 9.20162%; text-align: center;\"><span style=\"font-size: 10pt;\">1845<\/span><\/td>\n<td style=\"width: 11.0961%; text-align: center;\"><span style=\"font-size: 10pt;\">23<\/span><\/td>\n<td style=\"width: 8.25763%; text-align: center;\"><\/td>\n<td style=\"width: 16.1725%;\">1925<\/td>\n<td style=\"width: 12.6685%;\">1624<\/td>\n<td style=\"width: 21.8329%;\"><\/td>\n<\/tr>\n<tr>\n<td style=\"width: 9.20162%; text-align: center;\"><span style=\"font-size: 10pt;\">1850<\/span><\/td>\n<td style=\"width: 11.0961%; text-align: center;\"><span style=\"font-size: 10pt;\">275 beds<\/span><\/td>\n<td style=\"width: 8.25763%; text-align: center;\"><\/td>\n<td style=\"width: 16.1725%;\">1935<\/td>\n<td style=\"width: 12.6685%;\">2576<\/td>\n<td style=\"width: 21.8329%;\"><\/td>\n<\/tr>\n<tr>\n<td style=\"width: 9.20162%; text-align: center;\"><span style=\"font-size: 10pt;\">1893<\/span><\/td>\n<td style=\"width: 11.0961%; text-align: center;\"><span style=\"font-size: 10pt;\">958<\/span><\/td>\n<td style=\"width: 8.25763%; text-align: center;\"><\/td>\n<td style=\"width: 16.1725%;\">1945<\/td>\n<td style=\"width: 12.6685%;\">3701<\/td>\n<td style=\"width: 21.8329%;\"><\/td>\n<\/tr>\n<tr>\n<td style=\"width: 9.20162%; text-align: center;\"><span style=\"font-size: 10pt;\">1909<\/span><\/td>\n<td style=\"width: 11.0961%; text-align: center;\"><span style=\"font-size: 10pt;\">1480<\/span><\/td>\n<td style=\"width: 8.25763%; text-align: center;\"><span style=\"font-size: 10pt;\">3 des m\u00e9decins<\/span><\/td>\n<td style=\"width: 16.1725%;\">1952<\/td>\n<td style=\"width: 12.6685%;\">4500<\/td>\n<td style=\"width: 21.8329%;\">1300 personnel<\/td>\n<\/tr>\n<tr>\n<td style=\"width: 9.20162%; text-align: center;\"><span style=\"font-size: 10pt;\">1918<\/span><\/td>\n<td style=\"width: 11.0961%; text-align: center;\"><span style=\"font-size: 10pt;\">1453<\/span><\/td>\n<td style=\"width: 8.25763%; text-align: center;\"><\/td>\n<td style=\"width: 16.1725%;\">1961<\/td>\n<td style=\"width: 12.6685%;\">5127*<\/td>\n<td style=\"width: 21.8329%;\"><\/td>\n<\/tr>\n<\/tbody>\n<\/table>\n<p><span style=\"font-size: 10pt;\">* Parmi lesquels 15% de personnes ayant une d\u00e9ficience intellectuelle.<\/span><\/p>\n<h4>D\u00e9sinstitutionnalisation:<\/h4>\n<p>Le d\u00e9p\u00f4t, en 1962, du rapport de la Commission d\u2019\u00e9tude des h\u00f4pitaux psychiatriques, mieux connue sous le nom de Commission B\u00e9dard, donne le coup d\u2019envoi \u00e0 la d\u00e9sinstitutionnalisation dans les h\u00f4pitaux psychiatriques qu\u00e9b\u00e9cois. La Commission propose une modernisation majeure du syst\u00e8me psychiatrique qu\u00e9b\u00e9cois, encore largement domin\u00e9 par le traitement traditionnel, bas\u00e9 sur \u00abla pri\u00e8re, les bonnes paroles, les promesses de r\u00e9compense, la contrainte physique, la fermet\u00e9, les menaces, les punitions et les sanctions\u00bb (B\u00e9dard, 21). La Commission Castonguay-Nepveu, en 1967, l\u2019adoption de la Loi sur la protection du malade mental, en 1972, puis le d\u00e9p\u00f4t de du rapport B\u00e9langer en 1973, accentueront les r\u00e9formes structurelles propos\u00e9es par la Commission B\u00e9dard. Les services psychiatriques connaissent une importante r\u00e9gionalisation, multiplication et diversification (Boudreau, 88).<\/p>\n<figure id=\"attachment_3114\" aria-describedby=\"caption-attachment-3114\" style=\"width: 300px\" class=\"wp-caption alignleft\"><a href=\"https:\/\/madnesscanada.com\/wp-content\/uploads\/2020\/04\/Un-des-52-dortoirs-scaled.jpg\"><img loading=\"lazy\" decoding=\"async\" class=\"wp-image-3114 size-medium\" src=\"https:\/\/madnesscanada.com\/wp-content\/uploads\/2020\/04\/Un-des-52-dortoirs-300x226.jpg\" alt=\"Photo en noir et blanc d'un dortoir\" width=\"300\" height=\"226\" \/><\/a><figcaption id=\"caption-attachment-3114\" class=\"wp-caption-text\">Un des 52 dortoirs que compte l\u2019h\u00f4pital avant la d\u00e9sinstitutionnalisation. Ici, celui des femmes de l\u2019unit\u00e9 2-B, en 1947. Source: Archives\u2014Institut universitaire en sant\u00e9 mentale de Qu\u00e9bec.<\/figcaption><\/figure>\n<p>Le processus de d\u00e9sinstitutionnalisation s\u2019av\u00e8re toutefois plus complexe dans les h\u00f4pitaux-cit\u00e9s que sont Saint-Michel-Archange et Saint-Jean-de-Dieu. N\u00e9anmoins, la population interne de l\u2019H\u00f4pital Saint-Michel-Archange conna\u00eet une baisse marqu\u00e9e au cours de la d\u00e9cennie, passant de 5\u00a0127 r\u00e9sidents en 1962 \u00e0 3\u00a0219 en 1970. Le nombre d\u2019admissions annuelles passe pour sa part de 1\u00a0481 \u00e0 571 au cours des m\u00eames ann\u00e9es (Boudreau, 124).<\/p>\n<p>D\u00e9j\u00e0\u00a0 en 1963, un service social professionnel, sous la direction de Edda Leczinska, infirmi\u00e8re et travailleuse sociale, voir le jour \u00e0 Saint-Michel-Archange (Lambert, 101\u2013102).<\/p>\n<p>En 1969, un service de r\u00e9habilitation pour toxicomanes est inaugur\u00e9 et admet 160 personnes (Boudreau, 125).Un centre d\u2019accueil et un service des ressources ext\u00e9rieures sont \u00e9galement cr\u00e9\u00e9es afin d\u2019assurer aux personnes psychiatris\u00e9es l\u2019acc\u00e8s \u00e0 des services th\u00e9rapeutiques et de soutien en dehors de l\u2019h\u00f4pital (Lambert, 115).<\/p>\n<p>En 1970, sur les 1\u00a0675 patients lib\u00e9r\u00e9s de Saint-Michel-Archange, 889 (53%) sont retourn\u00e9s dans leur famille, 48 (2,3%) r\u00e9sident en foyers et 71 (4,2%) s\u00e9journent dans d\u2019autres institutions (Boudreau, 127).<\/p>\n<h4>Transinstitutionnalisation:<\/h4>\n<figure id=\"attachment_3112\" aria-describedby=\"caption-attachment-3112\" style=\"width: 216px\" class=\"wp-caption alignright\"><a href=\"https:\/\/madnesscanada.com\/wp-content\/uploads\/2020\/04\/Le-Centre-de-traitement.jpg\"><img loading=\"lazy\" decoding=\"async\" class=\"wp-image-3112 size-medium\" src=\"https:\/\/madnesscanada.com\/wp-content\/uploads\/2020\/04\/Le-Centre-de-traitement-216x300.jpg\" alt=\"Photo en couleurs d'une maison \u00e0 l'architecture victorienne en milieu urbain\" width=\"216\" height=\"300\" \/><\/a><figcaption id=\"caption-attachment-3112\" class=\"wp-caption-text\">Le Centre de traitement pour jeunes psychotiques, le 388. Source: Archives\u2014Institut universitaire en sant\u00e9 mentale de Qu\u00e9bec.<\/figcaption><\/figure>\n<p>En 1966, on d\u00e9nombre 29 foyers affili\u00e9s \u00e0 l\u2019\u00e9tablissement. En 1974, ils sont au nombre de 39 et accueillent un total de 237 patients. On compte aussi alors 95 foyers de pension surveill\u00e9e o\u00f9 logent 271 personnes (Lambert, 103). Les foyers affili\u00e9s s\u2019av\u00e8rent toutefois trop peu nombreux pour r\u00e9pondre aux besoins.<\/p>\n<p>Des cliniques externes affili\u00e9es \u00e0 l\u2019H\u00f4pital Saint-Michel-Archange, comme le 388, centre de traitement psychanalytique pour personnes psychotiques, voient aussi le jour.<\/p>\n<h4>De la th\u00e9rapie par le travail \u00e0 l\u2019ergoth\u00e9rapie :<\/h4>\n<figure id=\"attachment_3108\" aria-describedby=\"caption-attachment-3108\" style=\"width: 270px\" class=\"wp-caption alignleft\"><a href=\"https:\/\/madnesscanada.com\/wp-content\/uploads\/2020\/04\/Atelier-de-menuiserie.jpg\"><img loading=\"lazy\" decoding=\"async\" class=\" wp-image-3108\" src=\"https:\/\/madnesscanada.com\/wp-content\/uploads\/2020\/04\/Atelier-de-menuiserie-300x211.jpg\" alt=\"Photo en noir et blanc d'un groupe d'hommes en train de vernir des chaises dans un atelier\" width=\"270\" height=\"190\" \/><\/a><figcaption id=\"caption-attachment-3108\" class=\"wp-caption-text\">Atelier de menuiserie. Source: Archives\u2014Institut universitaire en sant\u00e9 mentale de Qu\u00e9bec.<\/figcaption><\/figure>\n<p>En 1922, 430 patients travaillent du matin au soir dans diff\u00e9rents corps de m\u00e9tiers (Lambert, 50). Au d\u00e9but des ann\u00e9es 1960, 2\u00a0480 patients de l\u2019h\u00f4pital sont assign\u00e9s \u00e0 un travail\u00a0: cuisine, entretien m\u00e9nager, soins vestimentaires, ferme, etc. Dans le rapport de la Commission B\u00e9dard, on mentionne que \u00abcette forme d\u2019Activit\u00e9s qui est \u00e0 diff\u00e9rencier de la th\u00e9rapie d\u2019occupation n\u2019a pas, \u00e0 notre avis, la valeur th\u00e9rapeutique qu\u2019elle devrait avoir. C\u2019est plut\u00f4t l\u2019offici\u00e8re du d\u00e9partement qui fait le choix des malades et l\u2019on tient plus compte de l\u2019efficacit\u00e9 de ceux-ci que du besoin th\u00e9rapeutique (Wallot, 200).<\/p>\n<figure id=\"attachment_3109\" aria-describedby=\"caption-attachment-3109\" style=\"width: 231px\" class=\"wp-caption alignright\"><a href=\"https:\/\/madnesscanada.com\/wp-content\/uploads\/2020\/04\/Concours-de-sculpture-sur-neige-rotated-e1587749849762.jpg\"><img loading=\"lazy\" decoding=\"async\" class=\"wp-image-3109 size-medium\" src=\"https:\/\/madnesscanada.com\/wp-content\/uploads\/2020\/04\/Concours-de-sculpture-sur-neige-rotated-e1587749849762-231x300.jpg\" alt=\"Photo en noir et blanc d'une femme d\u00e9corant un bonhomme de neige\" width=\"231\" height=\"300\" \/><\/a><figcaption id=\"caption-attachment-3109\" class=\"wp-caption-text\">Concours de sculpture sur neige. Source: Lambert, Mille fen\u00eatres.<\/figcaption><\/figure>\n<p>Au cours des ann\u00e9es 1960, l\u2019h\u00f4pital met en place diff\u00e9rentes activit\u00e9s \u00e0 des fins d\u2019occupation th\u00e9rapeutique (ergoth\u00e9rapie, th\u00e9rapie industrielle, loisirs). Une \u00e9quipe de 26 femmes, dipl\u00f4m\u00e9es en sciences familiales, organise pour les patientes des ateliers de couture, tricot, broderie, peinture et fabrication de bibelots. Des cours de cuisine sont \u00e9galement donn\u00e9s. Dans la section des hommes, on offre d\u00e9sormais des ateliers d\u2019initiation \u00e0 la sculpture sur bois, \u00e0 la c\u00e9ramique, au cuir et \u00e0 l\u2019\u00e9tain repouss\u00e9s, \u00e0 l\u2019embossage, \u00e0 la peinture \u00e0 l\u2019huile, au tissage, au crochetage de tapis, au montage de colliers. Des activit\u00e9s sportives sont \u00e9galement organis\u00e9es, parmi lesquelles des olympiades annuelles. Des ateliers de chant et de musique s\u2019ajoutent aussi \u00e0 l\u2019offre d\u2019activit\u00e9s au cours de la m\u00eame d\u00e9cennie (Lambert, 107\u2013108).<\/p>\n<h4>Du patient \u00e0 la personne:<\/h4>\n<p>\u00c0 partir de 1965, des patients participent \u00e0 la r\u00e9daction et \u00e0 l\u2019\u00e9dition d\u2019un journal, La Br\u00e8ch.<\/p>\n<h4>Le personnel durant la p\u00e9riode de d\u00e9sinstitutionnalisation:<\/h4>\n<figure id=\"attachment_3110\" aria-describedby=\"caption-attachment-3110\" style=\"width: 300px\" class=\"wp-caption alignleft\"><a href=\"https:\/\/madnesscanada.com\/wp-content\/uploads\/2020\/04\/cours-de-psychiatrie.jpg\"><img loading=\"lazy\" decoding=\"async\" class=\"size-medium wp-image-3110\" src=\"https:\/\/madnesscanada.com\/wp-content\/uploads\/2020\/04\/cours-de-psychiatrie-300x199.jpg\" alt=\"Photo en noir et blanc repr\u00e9sentant une religieuse s'adressant \u00e0 une classe compos\u00e9e de femmes en tenue d'infirmi\u00e8re et de femmes en tenue de religieuse\" width=\"300\" height=\"199\" \/><\/a><figcaption id=\"caption-attachment-3110\" class=\"wp-caption-text\">Cours de psychiatrie \u00e0 l\u2019\u00c9cole des infirmi\u00e8res de l\u2019H\u00f4pital Saint-Michel-Archange, en 1956.<br \/>Source: Archives\u2014Chaire de recherche du Canada en patrimoine ethnologique de l\u2019Universit\u00e9 Laval.<\/figcaption><\/figure>\n<p>L\u2019h\u00f4pital compte en 1956 1 147 membres du personnel, parmi lesquels 210 religieuses, 50 m\u00e9decins sp\u00e9cialistes consultants et \u00e9tudiants de 5e ann\u00e9e en m\u00e9decine, 49 infirmiers et infirmi\u00e8res en psychiatrie, 51 infirmiers et infirmi\u00e8res gradu\u00e9s, 63 \u00e9tudiants infirmi\u00e8res ou affili\u00e9es, 30 infirmi\u00e8res et un infirmier religieux ayant suivi le cours de perfectionnement en psychiatrie, 486 surveillants et surveillantes, 5 aum\u00f4niers, une dizaine de techniciens, 2 psychologues, un photographe, 13 employ\u00e9s de bureau, un ing\u00e9nieur et des membres de diff\u00e9rents corps de m\u00e9tier. Le rapport B\u00e9dard consid\u00e8re qu\u2019il faudrait quadrupler le nombre de psychiatres, multiplier par quinze l\u2019unique psychologue, par dix les travailleurs sociaux, par quatre le nombre d\u2019infirmi\u00e8res, en plus d\u2019embaucher 20 th\u00e9rapeutes d\u2019occupation et 1000 pr\u00e9pos\u00e9s aux malades.<\/p>\n<p>En 1965, 12 psychologues travaillent \u00e0 l\u2019h\u00f4pital. Le d\u00e9partement de psychologie de l\u2019h\u00f4pital devient alors un endroit de stage et d\u2019internat en psychologie pour les \u00e9tudiants de psychologie des universit\u00e9s Laval, d\u2019Ottawa et de Moncton.<\/p>\n<p>Cr\u00e9\u00e9 en 1963, le service social professionnel est compos\u00e9 l\u2019ann\u00e9e suivante de six stagiaires, trois professeurs de l\u2019\u00c9cole du service social de l\u2019Universit\u00e9 Laval et de quatre travailleurs sociaux \u00e0 plein temps. Au cours de l\u2019ann\u00e9e 1965, le service social engage dix travailleurs sociaux, portant \u00e0 17 le nombre de membres de l\u2019\u00e9quipe.<\/p>\n<p>Pour sa part, le personnel infirmier continue d\u2019augmenter au cours des ann\u00e9es 1960. \u00c0 la fin de l\u2019ann\u00e9e 1965, on d\u00e9nombre 269 infirmi\u00e8res et infirmiers dipl\u00f4m\u00e9s. L\u2019ann\u00e9e suivante, ce nombre atteint 294, auquel s\u2019ajoutent 77 infirmi\u00e8res et infirmiers auxiliaires. En 1967, l\u2019h\u00f4pital compte 1 718 personnes affect\u00e9es aux soins infirmiers.<\/p>\n<p>L\u2019int\u00e9gration en 1971 des cours de soins infirmiers au programme des c\u00e9geps entra\u00eene la fermeture de l\u2019\u00c9cole des infirmi\u00e8res de l\u2019H\u00f4pital Saint-Michel-Archange, qui avait jusqu\u2019alors form\u00e9 694 personnes. Pour leur part, les \u00c9coles de neuropsychiatrie et l\u2019\u00c9cole des gardes-malades auxiliaires ont form\u00e9 respectivement 551 et 240 \u00e9tudiants.<\/p>\n<h4>Bibliographie:<\/h4>\n<p>B\u00e9dard, Dominique, et al. Rapport de la Commission d\u2019\u00e9tudes des h\u00f4pitaux psychiatriques. Qu\u00e9bec: Minist\u00e8re de la sant\u00e9, 1962.<br \/>\nhttps:\/\/www.msss.gouv.qc.ca\/sujets\/prob_sante\/sante_mentale\/download.php?f=f8571bc8ed9d19dc9a35c6bcdc18d293<\/p>\n<p>Boudreau, Fran\u00e7oise. De l&rsquo;asile \u00e0 la sant\u00e9 mentale : les soins psychiatriques\u00a0: histoire et institutions. 2e \u00e9dition. Montr\u00e9al: \u00c9ditions Saint-Martin, [1984] 2003.<\/p>\n<p>Fleury, Marie-Jos\u00e9e, et Guy Grenier. \u00abHistorique et enjeux du syst\u00e8me de sant\u00e9 mentale qu\u00e9b\u00e9cois.\u00bb Ruptures, revue transdisciplinaire en sant\u00e9 vol. 10, n\u00b0 1 (2004): 21\u201338.<\/p>\n<p>Lambert, Jules. Mille fen\u00eatres. Beauport: Centre hospitalier Robert-Giffard, 1995.<\/p>\n<p>Lecomte, Yves. \u00abDe la dynamique des politiques de d\u00e9sinstitutionnalisation au Qu\u00e9bec.\u00bb Sant\u00e9 mentale au Qu\u00e9bec vol. 22, n\u00b0 2 (1997): 7\u201324.<\/p>\n<p>Wallot, Hubert. La danse du fou\u00a0entre la compassion et l\u2019oubli : Survol de l\u2019histoire organisationnelle de la prise en charge de la folie au Qu\u00e9bec depuis les origines jusqu\u2019\u00e0 nos jours. Beauport: Beauport Publications MNH, 1998.<\/p>\n<p>&nbsp;<\/p>\n<p>&nbsp;<\/p>","protected":false},"excerpt":{"rendered":"<p>H\u00f4pital Saint-Michel-Archangel Nom(s) de l\u2019institution: H\u00f4pital Saint-Michel-Archange Fond\u00e9 en 1845 sous le nom d\u2019Asile provisoire de Beauport. Devient en 1850 la Quebec Lunatic Asylum. Devient en 1865 l\u2019Asile des ali\u00e9n\u00e9s de Qu\u00e9bec. Devient en 1912 l\u2019Asile Saint-Michel-Archange. Devient en 1914 l\u2019H\u00f4pital Saint-Michel-Archange. Devient en 1976 le Centre hospitalier Robert-Giffard. Devient en 2009 l\u2019Institut universitaire en &hellip; <\/p>\n","protected":false},"author":3,"featured_media":0,"parent":9137,"menu_order":9,"comment_status":"closed","ping_status":"closed","template":"","meta":{"footnotes":""},"class_list":["post-146","page","type-page","status-publish","hentry","entry"],"aioseo_notices":[],"_links":{"self":[{"href":"https:\/\/madnesscanada.com\/fr\/wp-json\/wp\/v2\/pages\/146"}],"collection":[{"href":"https:\/\/madnesscanada.com\/fr\/wp-json\/wp\/v2\/pages"}],"about":[{"href":"https:\/\/madnesscanada.com\/fr\/wp-json\/wp\/v2\/types\/page"}],"author":[{"embeddable":true,"href":"https:\/\/madnesscanada.com\/fr\/wp-json\/wp\/v2\/users\/3"}],"replies":[{"embeddable":true,"href":"https:\/\/madnesscanada.com\/fr\/wp-json\/wp\/v2\/comments?post=146"}],"version-history":[{"count":1,"href":"https:\/\/madnesscanada.com\/fr\/wp-json\/wp\/v2\/pages\/146\/revisions"}],"predecessor-version":[{"id":9400,"href":"https:\/\/madnesscanada.com\/fr\/wp-json\/wp\/v2\/pages\/146\/revisions\/9400"}],"up":[{"embeddable":true,"href":"https:\/\/madnesscanada.com\/fr\/wp-json\/wp\/v2\/pages\/9137"}],"wp:attachment":[{"href":"https:\/\/madnesscanada.com\/fr\/wp-json\/wp\/v2\/media?parent=146"}],"curies":[{"name":"wp","href":"https:\/\/api.w.org\/{rel}","templated":true}]}}