{"id":159,"date":"2026-04-10T18:20:57","date_gmt":"2026-04-10T22:20:57","guid":{"rendered":"https:\/\/madnesscanada.com\/?page_id=159"},"modified":"2026-04-23T10:30:00","modified_gmt":"2026-04-23T14:30:00","slug":"library","status":"publish","type":"page","link":"https:\/\/madnesscanada.com\/fr\/library\/","title":{"rendered":"Bibliotheque"},"content":{"rendered":"<h1 class=\"wp-block-heading\">Bibliotheque<\/h1>\n\n\n\n<p>Notre biblioth\u00e8que de r\u00eave est pleine d\u2019id\u00e9es de gens fous et d\u2019histoires qui centrent leurs exp\u00e9riences v\u00e9cues. La collection de Folie Canada contient des publications populaires et obscures par des individus fous et des collectifs ainsi que des bibliographies th\u00e9matiques de bourses d\u2019\u00e9tudes \u2013 g\u00e9n\u00e9ralement des th\u00e8ses universitaires et des articles non publi\u00e9s. Vous trouverez des biographies, de l\u2019art, de la po\u00e9sie, des r\u00e9cits cr\u00e9atifs et des bourses d\u2019\u00e9tudes qui observent la folie depuis diff\u00e9rentes perspectives. <\/p>\n\n\n\n<p>Si vous avez une r\u00e9f\u00e9rence \u00e0 contribuer \u00e0 la section bibliographique du site, veuillez nous <a href=\"mailto:info@madnesscanada.com\">envoyer un courriel<\/a> avec la citation compl\u00e8te. Si elle n\u2019est pas accessible au public, veuillez mettre en pi\u00e8ce jointe une copie en PDF ou en format Word. Si vous avez une suggestion pour un livre, contactez-nous.<\/p>\n\n\n\n<div class=\"wp-block-columns tablecol is-layout-flex wp-container-core-columns-is-layout-9d6595d7 wp-block-columns-is-layout-flex\">\n<div class=\"wp-block-column is-vertically-aligned-stretch clickable-column three is-layout-flow wp-block-column-is-layout-flow\">\n<h3 class=\"wp-block-heading has-text-align-center\"><strong>Sur nos \u00e9tag\u00e8res<\/strong><\/h3>\n\n\n\n<p class=\"has-text-align-center\">Cliquez pour explorer.<\/p>\n\n\n\n<a href=\"https:\/\/madnesscanada.com\/fr\/category\/bookshelves\/\"><\/a>\n<\/div>\n\n\n\n<div class=\"wp-block-column is-vertically-aligned-stretch clickable-column six is-layout-flow wp-block-column-is-layout-flow\">\n<h3 class=\"wp-block-heading has-text-align-center\"><strong>Bibliographies folles<\/strong><\/h3>\n\n\n\n<p class=\"has-text-align-center\">Cliquez pour explorer.<\/p>\n\n\n\n<a href=\"https:\/\/madnesscanada.com\/category\/fr\/bibliographies\/\"><\/a>\n<\/div>\n<\/div>","protected":false},"excerpt":{"rendered":"<p>Bibliotheque Notre biblioth\u00e8que de r\u00eave est pleine d\u2019id\u00e9es de gens fous et d\u2019histoires qui centrent leurs exp\u00e9riences v\u00e9cues. La collection de Folie Canada contient des publications populaires et obscures par des individus fous et des collectifs ainsi que des bibliographies th\u00e9matiques de bourses d\u2019\u00e9tudes \u2013 g\u00e9n\u00e9ralement des th\u00e8ses universitaires et des articles non publi\u00e9s. Vous &hellip; <\/p>\n<p class=\"link-more\"><a href=\"https:\/\/madnesscanada.com\/fr\/library\/\" class=\"more-link\">Continuer la lecture<span class=\"screen-reader-text\"> de &laquo;&nbsp;Bibliotheque&nbsp;&raquo;<\/span><\/a><\/p>\n","protected":false},"author":3,"featured_media":0,"parent":0,"menu_order":3,"comment_status":"closed","ping_status":"closed","template":"","meta":{"footnotes":""},"class_list":["post-159","page","type-page","status-publish","hentry"],"_links":{"self":[{"href":"https:\/\/madnesscanada.com\/fr\/wp-json\/wp\/v2\/pages\/159","targetHints":{"allow":["GET"]}}],"collection":[{"href":"https:\/\/madnesscanada.com\/fr\/wp-json\/wp\/v2\/pages"}],"about":[{"href":"https:\/\/madnesscanada.com\/fr\/wp-json\/wp\/v2\/types\/page"}],"author":[{"embeddable":true,"href":"https:\/\/madnesscanada.com\/fr\/wp-json\/wp\/v2\/users\/3"}],"replies":[{"embeddable":true,"href":"https:\/\/madnesscanada.com\/fr\/wp-json\/wp\/v2\/comments?post=159"}],"version-history":[{"count":7,"href":"https:\/\/madnesscanada.com\/fr\/wp-json\/wp\/v2\/pages\/159\/revisions"}],"predecessor-version":[{"id":13309,"href":"https:\/\/madnesscanada.com\/fr\/wp-json\/wp\/v2\/pages\/159\/revisions\/13309"}],"wp:attachment":[{"href":"https:\/\/madnesscanada.com\/fr\/wp-json\/wp\/v2\/media?parent=159"}],"curies":[{"name":"wp","href":"https:\/\/api.w.org\/{rel}","templated":true}]}}