{"id":1591,"date":"2019-08-09T16:12:05","date_gmt":"2019-08-09T20:12:05","guid":{"rendered":"http:\/\/madnesscanada.com\/?page_id=1591"},"modified":"2022-07-03T22:54:02","modified_gmt":"2022-07-04T02:54:02","slug":"sound","status":"publish","type":"page","link":"https:\/\/madnesscanada.com\/fr\/resources\/sound\/","title":{"rendered":"(English) Sound"},"content":{"rendered":"<p><\/p>\n<!-- Widget Shortcode --><div id=\"nav_menu-3\" class=\"widget widget_nav_menu widget-shortcode area-arbitrary \"><h2 class=\"widgettitle\">(English) Resources<\/h2><div class=\"menu-resources-container\"><ul id=\"menu-resources-1\" class=\"menu\"><li class=\"menu-item menu-item-type-post_type menu-item-object-page menu-item-836\"><a href=\"https:\/\/madnesscanada.com\/fr\/resources\/\">Ressources<\/a><\/li>\n<li class=\"menu-item menu-item-type-post_type menu-item-object-page menu-item-838\"><a href=\"https:\/\/madnesscanada.com\/fr\/resources\/scholarship\/\">Publications scientifiques<\/a><\/li>\n<li class=\"menu-item menu-item-type-post_type menu-item-object-page menu-item-841\"><a href=\"https:\/\/madnesscanada.com\/fr\/resources\/archives\/\">Archives<\/a><\/li>\n<li class=\"menu-item menu-item-type-post_type menu-item-object-page menu-item-839\"><a href=\"https:\/\/madnesscanada.com\/fr\/resources\/images\/\">Photographies<\/a><\/li>\n<li class=\"menu-item menu-item-type-post_type menu-item-object-page menu-item-840\"><a href=\"https:\/\/madnesscanada.com\/fr\/resources\/video\/\">Vid\u00e9os<\/a><\/li>\n<li class=\"menu-item menu-item-type-post_type menu-item-object-page menu-item-1595\"><a href=\"https:\/\/madnesscanada.com\/fr\/resources\/voices\/\">T\u00e9moignages<\/a><\/li>\n<li class=\"menu-item menu-item-type-post_type menu-item-object-page menu-item-2339\"><a href=\"https:\/\/madnesscanada.com\/fr\/resources\/about-resources\/\">\u00c0 propos des ressources<\/a><\/li>\n<\/ul><\/div><\/div><!-- \/Widget Shortcode -->\n<!-- Widget Shortcode --><div id=\"search-3\" class=\"widget widget_search widget-shortcode area-arbitrary \"><h2 class=\"widgettitle\">(English) SEARCH<\/h2><form role=\"search\" method=\"get\" class=\"search-form\" action=\"https:\/\/madnesscanada.com\/fr\/\">\n\t\t\t\t<label>\n\t\t\t\t\t<span class=\"screen-reader-text\">Rechercher\u00a0:<\/span>\n\t\t\t\t\t<input type=\"search\" class=\"search-field\" placeholder=\"Rechercher\u2026\" value=\"\" name=\"s\" \/>\n\t\t\t\t<\/label>\n\t\t\t\t<input type=\"submit\" class=\"search-submit\" value=\"Rechercher\" \/>\n\t\t\t<\/form><\/div><!-- \/Widget Shortcode -->\n<div class=\"rightmenu\"><!-- Widget Shortcode --><div id=\"nav_menu-45\" class=\"widget widget_nav_menu widget-shortcode area-arbitrary \"><h2 class=\"widgettitle\">COLLECTIONS<\/h2><\/div><!-- \/Widget Shortcode --><\/div>\n<nav aria-label=\"breadcrumbs\">\n            <div class=\"breadcrumb-container theme1\">\n                <ol>\n                                    <\/ol>\n            <\/div>\n        <\/nav>    <script type=\"application\/ld+json\">\n        {\n            \"@context\": \"http:\/\/schema.org\",\n            \"@type\": \"BreadcrumbList\",\n            \"itemListElement\": [\n                            ]\n        }\n    <\/script>\n   \n    <script>\n            <\/script>\n\n<h1>Sound<\/h1>\n<h4 id=\"moduleIntro\" class=\"artefacts\">Utilisation de ces ressources.<\/h4>\n<p>Un certain nombre d\u2019entrevues enregistr\u00e9es sur bandes magn\u00e9tiques audio qui ont \u00e9t\u00e9 men\u00e9es dans le cadre du projet Apr\u00e8s l\u2019asile sont disponibles ici, ainsi qu\u2019un enregistrement audio d\u2019une pr\u00e9sentation publique, \u00ab\u00a0Mad in Parkdale\u00a0\u00bb, consacr\u00e9e \u00e0 l\u2019histoire du ghetto psychiatrique de Toronto.<\/p>\n<p>Pour utiliser les ressources \u00e0 des fins de publication, une autorisation doit \u00eatre obtenue\u00a0au pr\u00e9alable aupr\u00e8s de Folie Canada. L\u2019utilisation en classe, en conf\u00e9rence ou \u00e0 des fins personnelles n\u2019exige pas l\u2019obtention de notre autorisation.<\/p>\n<p>&nbsp;<\/p>\n<p><\/p>","protected":false},"excerpt":{"rendered":"<p>Sound Utilisation de ces ressources. Un certain nombre d\u2019entrevues enregistr\u00e9es sur bandes magn\u00e9tiques audio qui ont \u00e9t\u00e9 men\u00e9es dans le cadre du projet Apr\u00e8s l\u2019asile sont disponibles ici, ainsi qu\u2019un enregistrement audio d\u2019une pr\u00e9sentation publique, \u00ab\u00a0Mad in Parkdale\u00a0\u00bb, consacr\u00e9e \u00e0 l\u2019histoire du ghetto psychiatrique de Toronto. Pour utiliser les ressources \u00e0 des fins de publication, &hellip; <\/p>\n","protected":false},"author":3,"featured_media":0,"parent":143,"menu_order":4,"comment_status":"closed","ping_status":"closed","template":"","meta":{"footnotes":""},"class_list":["post-1591","page","type-page","status-publish","hentry","entry"],"aioseo_notices":[],"_links":{"self":[{"href":"https:\/\/madnesscanada.com\/fr\/wp-json\/wp\/v2\/pages\/1591"}],"collection":[{"href":"https:\/\/madnesscanada.com\/fr\/wp-json\/wp\/v2\/pages"}],"about":[{"href":"https:\/\/madnesscanada.com\/fr\/wp-json\/wp\/v2\/types\/page"}],"author":[{"embeddable":true,"href":"https:\/\/madnesscanada.com\/fr\/wp-json\/wp\/v2\/users\/3"}],"replies":[{"embeddable":true,"href":"https:\/\/madnesscanada.com\/fr\/wp-json\/wp\/v2\/comments?post=1591"}],"version-history":[{"count":16,"href":"https:\/\/madnesscanada.com\/fr\/wp-json\/wp\/v2\/pages\/1591\/revisions"}],"predecessor-version":[{"id":4928,"href":"https:\/\/madnesscanada.com\/fr\/wp-json\/wp\/v2\/pages\/1591\/revisions\/4928"}],"up":[{"embeddable":true,"href":"https:\/\/madnesscanada.com\/fr\/wp-json\/wp\/v2\/pages\/143"}],"wp:attachment":[{"href":"https:\/\/madnesscanada.com\/fr\/wp-json\/wp\/v2\/media?parent=1591"}],"curies":[{"name":"wp","href":"https:\/\/api.w.org\/{rel}","templated":true}]}}