{"id":1593,"date":"2019-08-09T16:12:30","date_gmt":"2019-08-09T20:12:30","guid":{"rendered":"http:\/\/madnesscanada.com\/?page_id=1593"},"modified":"2022-07-03T22:54:02","modified_gmt":"2022-07-04T02:54:02","slug":"voices","status":"publish","type":"page","link":"https:\/\/madnesscanada.com\/fr\/resources\/voices\/","title":{"rendered":"T\u00e9moignages"},"content":{"rendered":"<p><\/p>\n<!-- Widget Shortcode --><div id=\"nav_menu-3\" class=\"widget widget_nav_menu widget-shortcode area-arbitrary \"><h2 class=\"widgettitle\">(English) Resources<\/h2><div class=\"menu-resources-container\"><ul id=\"menu-resources-1\" class=\"menu\"><li class=\"menu-item menu-item-type-post_type menu-item-object-page menu-item-836\"><a href=\"https:\/\/madnesscanada.com\/fr\/resources\/\">Ressources<\/a><\/li>\n<li class=\"menu-item menu-item-type-post_type menu-item-object-page menu-item-838\"><a href=\"https:\/\/madnesscanada.com\/fr\/resources\/scholarship\/\">Publications scientifiques<\/a><\/li>\n<li class=\"menu-item menu-item-type-post_type menu-item-object-page menu-item-841\"><a href=\"https:\/\/madnesscanada.com\/fr\/resources\/archives\/\">Archives<\/a><\/li>\n<li class=\"menu-item menu-item-type-post_type menu-item-object-page menu-item-839\"><a href=\"https:\/\/madnesscanada.com\/fr\/resources\/images\/\">Photographies<\/a><\/li>\n<li class=\"menu-item menu-item-type-post_type menu-item-object-page menu-item-840\"><a href=\"https:\/\/madnesscanada.com\/fr\/resources\/video\/\">Vid\u00e9os<\/a><\/li>\n<li class=\"menu-item menu-item-type-post_type menu-item-object-page menu-item-1595\"><a href=\"https:\/\/madnesscanada.com\/fr\/resources\/voices\/\">T\u00e9moignages<\/a><\/li>\n<li class=\"menu-item menu-item-type-post_type menu-item-object-page menu-item-2339\"><a href=\"https:\/\/madnesscanada.com\/fr\/resources\/about-resources\/\">\u00c0 propos des ressources<\/a><\/li>\n<\/ul><\/div><\/div><!-- \/Widget Shortcode -->\n<!-- Widget Shortcode --><div id=\"search-3\" class=\"widget widget_search widget-shortcode area-arbitrary \"><h2 class=\"widgettitle\">(English) SEARCH<\/h2><form role=\"search\" method=\"get\" class=\"search-form\" action=\"https:\/\/madnesscanada.com\/fr\/\">\n\t\t\t\t<label>\n\t\t\t\t\t<span class=\"screen-reader-text\">Rechercher\u00a0:<\/span>\n\t\t\t\t\t<input type=\"search\" class=\"search-field\" placeholder=\"Rechercher\u2026\" value=\"\" name=\"s\" \/>\n\t\t\t\t<\/label>\n\t\t\t\t<input type=\"submit\" class=\"search-submit\" value=\"Rechercher\" \/>\n\t\t\t<\/form><\/div><!-- \/Widget Shortcode -->\n<div class=\"rightmenu\"><!-- Widget Shortcode --><div id=\"nav_menu-49\" class=\"widget widget_nav_menu widget-shortcode area-arbitrary \"><h2 class=\"widgettitle\">ARTICLES<\/h2><\/div><!-- \/Widget Shortcode --><\/div>\n<nav aria-label=\"breadcrumbs\">\n            <div class=\"breadcrumb-container theme1\">\n                <ol>\n                                    <\/ol>\n            <\/div>\n        <\/nav>    <script type=\"application\/ld+json\">\n        {\n            \"@context\": \"http:\/\/schema.org\",\n            \"@type\": \"BreadcrumbList\",\n            \"itemListElement\": [\n                            ]\n        }\n    <\/script>\n   \n    <script>\n            <\/script>\n\n<h1>T\u00e9moignages<\/h1>\n<p>Les voix de la folie rev\u00eatent de multiples formes\u00a0: m\u00e9moires, journaux, po\u00e9sies, cr\u00e9ations artistiques, analyses, articles de presse et reliques. Cette section contient une s\u00e9rie de t\u00e9moignages de personnes ayant une exp\u00e9rience v\u00e9cue en lien avec la sant\u00e9 mentale au Canada, de m\u00eame que des liens vers des ressources canadiennes pertinentes qui sont conserv\u00e9es dans d\u2019autres biblioth\u00e8ques et centres d\u2019archives.<\/p>\n<p>Nous cherchons \u00e0 enrichir cette section gr\u00e2ce \u00e0 la d\u00e9couverte constante d\u2019\u0153uvres de gens jug\u00e9s fous qui ont \u00e9t\u00e9 oubli\u00e9es dans des archives, des classeurs et des cartons.<\/p>\n<p>Pour utiliser les ressources \u00e0 des fins de publication, une autorisation doit \u00eatre obtenue\u00a0au pr\u00e9alable aupr\u00e8s de Folie Canada. L\u2019utilisation en classe, en conf\u00e9rence ou \u00e0 des fins personnelles n\u2019exige pas l\u2019obtention de notre autorisation.<\/p>\n<p>Cliquer sur les sujets dans la liste situ\u00e9e \u00e0 droite pour consulter les t\u00e9moignages recueillis.<\/p>\n<p><\/p>","protected":false},"excerpt":{"rendered":"<p>T\u00e9moignages Les voix de la folie rev\u00eatent de multiples formes\u00a0: m\u00e9moires, journaux, po\u00e9sies, cr\u00e9ations artistiques, analyses, articles de presse et reliques. Cette section contient une s\u00e9rie de t\u00e9moignages de personnes ayant une exp\u00e9rience v\u00e9cue en lien avec la sant\u00e9 mentale au Canada, de m\u00eame que des liens vers des ressources canadiennes pertinentes qui sont conserv\u00e9es &hellip; <\/p>\n","protected":false},"author":3,"featured_media":0,"parent":143,"menu_order":5,"comment_status":"closed","ping_status":"closed","template":"","meta":{"footnotes":""},"class_list":["post-1593","page","type-page","status-publish","hentry","entry"],"aioseo_notices":[],"_links":{"self":[{"href":"https:\/\/madnesscanada.com\/fr\/wp-json\/wp\/v2\/pages\/1593"}],"collection":[{"href":"https:\/\/madnesscanada.com\/fr\/wp-json\/wp\/v2\/pages"}],"about":[{"href":"https:\/\/madnesscanada.com\/fr\/wp-json\/wp\/v2\/types\/page"}],"author":[{"embeddable":true,"href":"https:\/\/madnesscanada.com\/fr\/wp-json\/wp\/v2\/users\/3"}],"replies":[{"embeddable":true,"href":"https:\/\/madnesscanada.com\/fr\/wp-json\/wp\/v2\/comments?post=1593"}],"version-history":[{"count":20,"href":"https:\/\/madnesscanada.com\/fr\/wp-json\/wp\/v2\/pages\/1593\/revisions"}],"predecessor-version":[{"id":6683,"href":"https:\/\/madnesscanada.com\/fr\/wp-json\/wp\/v2\/pages\/1593\/revisions\/6683"}],"up":[{"embeddable":true,"href":"https:\/\/madnesscanada.com\/fr\/wp-json\/wp\/v2\/pages\/143"}],"wp:attachment":[{"href":"https:\/\/madnesscanada.com\/fr\/wp-json\/wp\/v2\/media?parent=1593"}],"curies":[{"name":"wp","href":"https:\/\/api.w.org\/{rel}","templated":true}]}}