{"id":1715,"date":"2019-08-10T10:21:49","date_gmt":"2019-08-10T14:21:49","guid":{"rendered":"http:\/\/madnesscanada.com\/?page_id=1715"},"modified":"2019-11-10T20:12:48","modified_gmt":"2019-11-11T01:12:48","slug":"articles-chapters","status":"publish","type":"page","link":"https:\/\/madnesscanada.com\/fr\/resources\/scholarship\/community-living\/articles-chapters\/","title":{"rendered":"Articles \/ Chapitres"},"content":{"rendered":"<p><\/p>\n<!-- Widget Shortcode --><div id=\"nav_menu-3\" class=\"widget widget_nav_menu widget-shortcode area-arbitrary \"><h2 class=\"widgettitle\">(English) Resources<\/h2><div class=\"menu-resources-container\"><ul id=\"menu-resources-1\" class=\"menu\"><li class=\"menu-item menu-item-type-post_type menu-item-object-page menu-item-836\"><a href=\"https:\/\/madnesscanada.com\/fr\/resources\/\">Ressources<\/a><\/li>\n<li class=\"menu-item menu-item-type-post_type menu-item-object-page menu-item-838\"><a href=\"https:\/\/madnesscanada.com\/fr\/resources\/scholarship\/\">Publications scientifiques<\/a><\/li>\n<li class=\"menu-item menu-item-type-post_type menu-item-object-page menu-item-841\"><a href=\"https:\/\/madnesscanada.com\/fr\/resources\/archives\/\">Archives<\/a><\/li>\n<li class=\"menu-item menu-item-type-post_type menu-item-object-page menu-item-839\"><a href=\"https:\/\/madnesscanada.com\/fr\/resources\/images\/\">Photographies<\/a><\/li>\n<li class=\"menu-item menu-item-type-post_type menu-item-object-page menu-item-840\"><a href=\"https:\/\/madnesscanada.com\/fr\/resources\/video\/\">Vid\u00e9os<\/a><\/li>\n<li class=\"menu-item menu-item-type-post_type menu-item-object-page menu-item-1595\"><a href=\"https:\/\/madnesscanada.com\/fr\/resources\/voices\/\">T\u00e9moignages<\/a><\/li>\n<li class=\"menu-item menu-item-type-post_type menu-item-object-page menu-item-2339\"><a href=\"https:\/\/madnesscanada.com\/fr\/resources\/about-resources\/\">\u00c0 propos des ressources<\/a><\/li>\n<\/ul><\/div><\/div><!-- \/Widget Shortcode -->\n<!-- Widget Shortcode --><div id=\"search-3\" class=\"widget widget_search widget-shortcode area-arbitrary \"><h2 class=\"widgettitle\">(English) SEARCH<\/h2><form role=\"search\" method=\"get\" class=\"search-form\" action=\"https:\/\/madnesscanada.com\/fr\/\">\n\t\t\t\t<label>\n\t\t\t\t\t<span class=\"screen-reader-text\">Rechercher\u00a0:<\/span>\n\t\t\t\t\t<input type=\"search\" class=\"search-field\" placeholder=\"Rechercher\u2026\" value=\"\" name=\"s\" \/>\n\t\t\t\t<\/label>\n\t\t\t\t<input type=\"submit\" class=\"search-submit\" value=\"Rechercher\" \/>\n\t\t\t<\/form><\/div><!-- \/Widget Shortcode -->\n<div class=\"rightmenu\"><!-- Widget Shortcode --><div id=\"nav_menu-14\" class=\"widget widget_nav_menu widget-shortcode area-arbitrary \"><h2 class=\"widgettitle\">(English) Community Living<\/h2><div class=\"menu-community-living-container\"><ul id=\"menu-community-living-1\" class=\"menu\"><li class=\"menu-item menu-item-type-post_type menu-item-object-page menu-item-1720\"><a href=\"https:\/\/madnesscanada.com\/fr\/resources\/scholarship\/community-living\/\">Int\u00e9gration communautaire<\/a><\/li>\n<li class=\"menu-item menu-item-type-post_type menu-item-object-page menu-item-1721\"><a href=\"https:\/\/madnesscanada.com\/fr\/resources\/scholarship\/community-living\/theses-unpublished\/\">Textes in\u00e9dits \/ th\u00e8ses<\/a><\/li>\n<li class=\"menu-item menu-item-type-post_type menu-item-object-page menu-item-1722\"><a href=\"https:\/\/madnesscanada.com\/fr\/resources\/scholarship\/community-living\/articles-chapters\/\">Articles \/ Chapitres<\/a><\/li>\n<li class=\"menu-item menu-item-type-post_type menu-item-object-page menu-item-1723\"><a href=\"https:\/\/madnesscanada.com\/fr\/resources\/scholarship\/community-living\/books\/\">Livres<\/a><\/li>\n<li class=\"menu-item menu-item-type-post_type menu-item-object-page menu-item-1719\"><a href=\"https:\/\/madnesscanada.com\/fr\/resources\/scholarship\/\">Scholarship<\/a><\/li>\n<\/ul><\/div><\/div><!-- \/Widget Shortcode --><\/div>\n<nav aria-label=\"breadcrumbs\">\n            <div class=\"breadcrumb-container theme1\">\n                <ol>\n                                    <\/ol>\n            <\/div>\n        <\/nav>    <script type=\"application\/ld+json\">\n        {\n            \"@context\": \"http:\/\/schema.org\",\n            \"@type\": \"BreadcrumbList\",\n            \"itemListElement\": [\n                            ]\n        }\n    <\/script>\n   \n    <script>\n            <\/script>\n\n<h1>Articles \/ Chapitres<\/h1>\n<h4 id=\"moduleIntro\" class=\"artefacts\">Int\u00e9gration communautaire\u00a0<\/h4>\n<p>Babarik, Paul. \u201cThe Buried Canadian Roots of Community Psychology.\u201d<em>\u00a0Journal of Community Psychology<\/em>\u00a07 (1979): 362-367.<\/p>\n<p>Baird, G. \u201c999 Queen: A Collective Failure of Imagination.\u201d\u00a0<em>City Magazine\u00a0<\/em>2,3,4 (1976): 34-59.\u00a0<\/p>\n<p>Burnet, Jean R. \u201cThe Urban Community and Changing Moral Standards.\u201d In Michiel Horn and Ronald Sabourin (eds.).\u00a0<em>Studies in Canadian Social History.<\/em> Toronto: McClelland &amp; Stewart, 1974: 298-325.\u00a0<\/p>\n<p>Dorvil, Henri. \u201cLa d\u00e9sinstitutionnalisation: du fou de village aux fous des villes.\u201d <em>Bulletin l\u2019histoire politique<\/em>, num\u00e9ro sp\u00e9cial Folie et soci\u00e9t\u00e9 XIXe-XXe si\u00e8cles 10:3 (2002): 88- 104.<\/p>\n<p>Everett, B. \u201cSomething is Happening: The Contemporary Consumer and Psychiatric Survivor Movement in Historical Context.\u201d <em>The Journal of Mind and Behaviour<\/em> 15 (1994): 55-70.<\/p>\n<p>Hendrie, H.C. and J. Varsamis. \u201cThe Winnipeg Psychopathic Hospital, 1919-1969: An Experiment in Community Psychiatry.\u201d <em>Canadian Psychiatric Association Journal<\/em> 16:2 (April, 1971): 185-186.\u00a0<\/p>\n<p>Herman, Nancy J. and C.M. Smith. \u201cMental Hospital Depopulation in Canada: Patient Perspectives.\u201d <em>Canadian Journal of Psychiatry<\/em> 34:5 (June, 1989): 386-392.\u00a0<\/p>\n<p>Kappel, Bruce. \u201cA History of People First in Canada.\u201d In Gunnar Dybwad and Hank Bersani Jr. (eds.). <em>New Voices: Self-Advocacy by People with Disabilities<\/em>. Cambridge, Massachusetts: Brookline Books, 1996: 93-129.\u00a0<\/p>\n<p>Lebel, Alain. \u00abHistoire et \u00e9volution des h\u00f4pitaux de jour\u00bb, <em>Prisme<\/em> 4:4 (automne, 1994): 374-386.<\/p>\n<p>Lecompte, Yves. \u00abDe la dynamique des politiques de d\u00e9sinstitutionnalisation au Qu\u00e9bec\u00bb, <em>Sant\u00e9 mentale au Qu\u00e9bec<\/em> 22:2 (automne, 1997): 7-24.<\/p>\n<p>MacLennan, David. \u201cBeyond the Asylum: Professionalization and the Mental Hygiene Movement in Canada, 1914-28.\u201d <em>Canadian Bulletin of Medical History<\/em> 4:1 (1987): 7-24.<\/p>\n<p>McLennan, David. \u201cBeyond the Asylum: Professionalization and the Mental Hygiene Movement in Canada 1914-1928.\u201d <em>Canadian Bulletin of Medical History<\/em> 4 (1987): 7-23.\u00a0<\/p>\n<p>Migneault, Pierre. \u00ab\u00a0La r\u00e9volution tranquille et la r\u00e9volution psychiatrique au Qu\u00e9bec\u00a0\u00bb, <em>Revue R\u00e9seau<\/em>, num\u00e9ro sp\u00e9cial 1, 1978, publi\u00e9 par le Centre Hospitalier Robert-Giffard.\u00a0<\/p>\n<p>Montigny, Edgar-Andr\u00e9. \u201cThe Decline in Family Care for the Aged in Nineteenth-Century Ontario: Fact or Fiction.\u201d <em>Canadian Bulletin of Medical History<\/em> 11:2 (1994): 357-373.<\/p>\n<p>Morell-Bellai, Tammy L. and Katherine M. Boydell. \u201cThe Experience of Mental Health Consumers as Researchers.\u201d <em>Canadian Journal of Community Mental Health<\/em> 13:1 (Spring, 1994): 97-110.<\/p>\n<p>Nootens, Thierry. \u201cFamille, communaut\u00e9 et folie au tournant du si\u00e8cle.\u201d <em>Revue d\u2019histoire de l\u2019Amerique francaise<\/em> 53:1 (\u00e9t\u00e9, 1999): 93-119.\u00a0<\/p>\n<p>Nootens, Thierry. \u201c\u2018For Years We Have Never Had a Happy Home\u201d: Madness and Families in Nineteenth-Century Montreal.\u201d In James E. Moran and David Wright (eds.).<em> Mental Health and Canadian Society: Historical Perspectives.<\/em> Montr\u00e9al-Kingston: McGill- Queen\u2019s University Press, 2006.<\/p>\n<p>Odell, Tracy. \u201cDisability and Relationships.\u201d <em>Canadian Woman Studies<\/em> 13:4 (Summer, 1993): 56-58.<\/p>\n<p>Reaume, Geoffrey. \u201cNo Profits, Just a Pittance: Work, Compensation and People Defined as Mentally Disabled in Ontario, 1964-1990.\u201d In Steven Noll and James W. Trent (eds.).<em> Mental Retardation in America.<\/em> New York: NYU Press, 2004.<\/p>\n<p>Reaume, Geoffrey. \u201cArchives, Activists and History: Psychiatric Survivor Archives, Toronto.\u201d <em>Sigerist Circle Newsletter and Bibliography<\/em> 18 (Winter, 2002).<\/p>\n<p>Reaume, Geoffrey. \u201cMental Hospital Patients and Family Relations in Southern Ontario, 1880- 1930.\u201d In Lori Chambers and Edgar-Andr\u00e9 Montigny (eds.). <em>Family Matters: Papers in Post-Confederation Canadian Family History.<\/em> Toronto: Canadian Scholars\u2019 Press, 1998.<\/p>\n<p>Rousseau, Cecile. \u201cCommunity Empowerment: The Alternative Resources Movement in Quebec.\u201d <em>Community Mental Health Journal<\/em> 29:6 (December, 1993): 535-546.<\/p>\n<p>Smith, Dorothy E. \u201cThe Statistics on Mental Illness: (What They Will Not Tell Us About Women and Why).\u201d In Dorothy E. Smith and Sara J. David (eds.). <em>Women Look at Psychiatry.<\/em> Vancouver: Press Gang Publishers, 1975: 73-119.<\/p>\n<p>Stewart, Stormie. \u201cThe Elderly Poor in Rural Ontario: Inmates of the Wellington County House of Industry, 1877-1907.\u201d Journal of the Canadian Historical Association 3 (Charlottetown, 1993): 217-234. Reprinted in Lori Chambers and Edgar-Andr\u00e9 Montigny (eds.). <em>Family Matters: Papers in Post-Confederation Canadian Family History<\/em>. (Toronto: Canadian Scholars\u2019 Press, 1998): 417-436.<\/p>\n<p>Sturgis, James L. \u2018\u2018\u2018The spectre of a drunkard\u2019s grave\u2019: One Family\u2019s Battle with Alcohol in Late Nineteenth-Century Canada.\u201d In Cheryl Krasnick Warsh (ed.). <em>Drink in Canada: Historical Essays<\/em>. Montreal &amp; Kingston: McGill-Queen\u2019s University Press, 1993: 115-143.<\/p>\n<p>Trainor, John S., Tammy Lee Morrell-Bellai, Ron Ballantyne and Katherine M. Boydell. \u201cHousing for People with with Mental Illnesses: A Comparison of Models and an Examination of the Growth of Alternative Housing in Canada.\u201d <em>Canadian Journal of Psychiatry<\/em> 38:7 (September, 1993): 494-501.\u00a0<\/p>\n<p>Warsh, C. Krasnick. \u2018\u2018\u2018John Barleycorn Must Die\u2019: An Introduction to the Social History of Alcohol.\u201d In Cheryl Krasnick Warsh (ed.). <em>Drink in Canada: Historical Essays<\/em>. Montreal and Kingston: McGill-Queen\u2019s University Press, 1993: 3-26.<\/p>\n<p>Weitz, Don. \u201cOn Our Own: A Self-Help Model.\u201d In D. Paul Lumsden (ed.). <em>Community Mental Health Action.<\/em> Ottawa: The Canadian Public Health Association, 1984: 312-320.<\/p>\n<p>\u00a0\u201cWill the Charter Change Sheltered Workshops?\u201d <em>Phoenix Rising: The Voice of the Psychiatrized<\/em> 5:2-3 (August, 1985): 31A-32A.<\/p>\n<p><\/p>","protected":false},"excerpt":{"rendered":"<p>Articles \/ Chapitres Int\u00e9gration communautaire\u00a0 Babarik, Paul. \u201cThe Buried Canadian Roots of Community Psychology.\u201d\u00a0Journal of Community Psychology\u00a07 (1979): 362-367. Baird, G. \u201c999 Queen: A Collective Failure of Imagination.\u201d\u00a0City Magazine\u00a02,3,4 (1976): 34-59.\u00a0 Burnet, Jean R. \u201cThe Urban Community and Changing Moral Standards.\u201d In Michiel Horn and Ronald Sabourin (eds.).\u00a0Studies in Canadian Social History. Toronto: McClelland &amp; &hellip; <\/p>\n","protected":false},"author":3,"featured_media":0,"parent":1615,"menu_order":1,"comment_status":"closed","ping_status":"closed","template":"","meta":{"footnotes":""},"class_list":["post-1715","page","type-page","status-publish","hentry","entry"],"aioseo_notices":[],"_links":{"self":[{"href":"https:\/\/madnesscanada.com\/fr\/wp-json\/wp\/v2\/pages\/1715"}],"collection":[{"href":"https:\/\/madnesscanada.com\/fr\/wp-json\/wp\/v2\/pages"}],"about":[{"href":"https:\/\/madnesscanada.com\/fr\/wp-json\/wp\/v2\/types\/page"}],"author":[{"embeddable":true,"href":"https:\/\/madnesscanada.com\/fr\/wp-json\/wp\/v2\/users\/3"}],"replies":[{"embeddable":true,"href":"https:\/\/madnesscanada.com\/fr\/wp-json\/wp\/v2\/comments?post=1715"}],"version-history":[{"count":7,"href":"https:\/\/madnesscanada.com\/fr\/wp-json\/wp\/v2\/pages\/1715\/revisions"}],"predecessor-version":[{"id":2641,"href":"https:\/\/madnesscanada.com\/fr\/wp-json\/wp\/v2\/pages\/1715\/revisions\/2641"}],"up":[{"embeddable":true,"href":"https:\/\/madnesscanada.com\/fr\/wp-json\/wp\/v2\/pages\/1615"}],"wp:attachment":[{"href":"https:\/\/madnesscanada.com\/fr\/wp-json\/wp\/v2\/media?parent=1715"}],"curies":[{"name":"wp","href":"https:\/\/api.w.org\/{rel}","templated":true}]}}