{"id":1784,"date":"2019-08-10T10:49:46","date_gmt":"2019-08-10T14:49:46","guid":{"rendered":"http:\/\/madnesscanada.com\/?page_id=1784"},"modified":"2019-11-10T18:59:30","modified_gmt":"2019-11-10T23:59:30","slug":"books","status":"publish","type":"page","link":"https:\/\/madnesscanada.com\/fr\/resources\/scholarship\/institutions\/books\/","title":{"rendered":"Livres"},"content":{"rendered":"<p><\/p>\n<!-- Widget Shortcode --><div id=\"nav_menu-3\" class=\"widget widget_nav_menu widget-shortcode area-arbitrary \"><h2 class=\"widgettitle\">(English) Resources<\/h2><div class=\"menu-resources-container\"><ul id=\"menu-resources-1\" class=\"menu\"><li class=\"menu-item menu-item-type-post_type menu-item-object-page menu-item-836\"><a href=\"https:\/\/madnesscanada.com\/fr\/resources\/\">Ressources<\/a><\/li>\n<li class=\"menu-item menu-item-type-post_type menu-item-object-page menu-item-838\"><a href=\"https:\/\/madnesscanada.com\/fr\/resources\/scholarship\/\">Publications scientifiques<\/a><\/li>\n<li class=\"menu-item menu-item-type-post_type menu-item-object-page menu-item-841\"><a href=\"https:\/\/madnesscanada.com\/fr\/resources\/archives\/\">Archives<\/a><\/li>\n<li class=\"menu-item menu-item-type-post_type menu-item-object-page menu-item-839\"><a href=\"https:\/\/madnesscanada.com\/fr\/resources\/images\/\">Photographies<\/a><\/li>\n<li class=\"menu-item menu-item-type-post_type menu-item-object-page menu-item-840\"><a href=\"https:\/\/madnesscanada.com\/fr\/resources\/video\/\">Vid\u00e9os<\/a><\/li>\n<li class=\"menu-item menu-item-type-post_type menu-item-object-page menu-item-1595\"><a href=\"https:\/\/madnesscanada.com\/fr\/resources\/voices\/\">T\u00e9moignages<\/a><\/li>\n<li class=\"menu-item menu-item-type-post_type menu-item-object-page menu-item-2339\"><a href=\"https:\/\/madnesscanada.com\/fr\/resources\/about-resources\/\">\u00c0 propos des ressources<\/a><\/li>\n<\/ul><\/div><\/div><!-- \/Widget Shortcode -->\n<!-- Widget Shortcode --><div id=\"search-3\" class=\"widget widget_search widget-shortcode area-arbitrary \"><h2 class=\"widgettitle\">(English) SEARCH<\/h2><form role=\"search\" method=\"get\" class=\"search-form\" action=\"https:\/\/madnesscanada.com\/fr\/\">\n\t\t\t\t<label>\n\t\t\t\t\t<span class=\"screen-reader-text\">Rechercher\u00a0:<\/span>\n\t\t\t\t\t<input type=\"search\" class=\"search-field\" placeholder=\"Rechercher\u2026\" value=\"\" name=\"s\" \/>\n\t\t\t\t<\/label>\n\t\t\t\t<input type=\"submit\" class=\"search-submit\" value=\"Rechercher\" \/>\n\t\t\t<\/form><\/div><!-- \/Widget Shortcode -->\n<div class=\"rightmenu\"><!-- Widget Shortcode --><div id=\"nav_menu-20\" class=\"widget widget_nav_menu widget-shortcode area-arbitrary \"><h2 class=\"widgettitle\">(English) Insitutions<\/h2><div class=\"menu-institutions-container\"><ul id=\"menu-institutions-1\" class=\"menu\"><li class=\"menu-item menu-item-type-post_type menu-item-object-page menu-item-1790\"><a href=\"https:\/\/madnesscanada.com\/fr\/resources\/scholarship\/institutions\/\">Institutions<\/a><\/li>\n<li class=\"menu-item menu-item-type-post_type menu-item-object-page menu-item-1788\"><a href=\"https:\/\/madnesscanada.com\/fr\/resources\/scholarship\/institutions\/theses-unpublished\/\">Textes in\u00e9dits \/ th\u00e8ses<\/a><\/li>\n<li class=\"menu-item menu-item-type-post_type menu-item-object-page menu-item-1787\"><a href=\"https:\/\/madnesscanada.com\/fr\/resources\/scholarship\/institutions\/articles-chapters\/\">Articles \/ Chapitres<\/a><\/li>\n<li class=\"menu-item menu-item-type-post_type menu-item-object-page menu-item-1786\"><a href=\"https:\/\/madnesscanada.com\/fr\/resources\/scholarship\/institutions\/books\/\">Livres<\/a><\/li>\n<li class=\"menu-item menu-item-type-post_type menu-item-object-page menu-item-1789\"><a href=\"https:\/\/madnesscanada.com\/fr\/resources\/scholarship\/\">Scholarship<\/a><\/li>\n<\/ul><\/div><\/div><!-- \/Widget Shortcode --><\/div>\n<nav aria-label=\"breadcrumbs\">\n            <div class=\"breadcrumb-container theme1\">\n                <ol>\n                                    <\/ol>\n            <\/div>\n        <\/nav>    <script type=\"application\/ld+json\">\n        {\n            \"@context\": \"http:\/\/schema.org\",\n            \"@type\": \"BreadcrumbList\",\n            \"itemListElement\": [\n                            ]\n        }\n    <\/script>\n   \n    <script>\n            <\/script>\n\n<h1>Livres<\/h1>\n<h4 id=\"moduleIntro\" class=\"artefacts\">Institutions<\/h4>\n<p>Bellay, A.\u00a0<em>Histoire de L\u2019Hospice St-Jean-de-Dieu de la Longue Pointe.<\/em> Montr\u00e9al: Arbour and Laperle, 1892.<\/p>\n<p>Les Soeurs de la Charit\u00e9. <em>1849-1949: A l\u2019occasion du centenaire de fondation de leur Institut \u00e0 Qu\u00e9bec les Soeurs de la Charit\u00e9 de l\u2019H\u00f4pital St-Michel-Archange offrent respectueusement leur album souvenir.<\/em> Qu\u00e9bec: Les Soeurs de la Charit\u00e9 de l\u2019H\u00f4pital St- Michel-Archange, 1949.<\/p>\n<p>Adolf, Valerie.<em> Woodlands:\u00a0One Hundred Years of Progress.<\/em>\u00a0Victoria: Mental Health Branch, 1978.<\/p>\n<p>Alumnae Association, Ontario Hospital, Whitby.\u00a0<em>Forty Years of Nursing Progress, 1920-1960.<\/em> Oshawa, ON: Wick Printing Ltd., 1960.\u00a0<\/p>\n<p>Blackbridge, Persimmon.\u00a0<em>Sunnybrook. A True Story With Lies.<\/em> Vancouver: Press Gang, 1996.\u00a0<\/p>\n<p>Blackbridge, Persimmon and Sheila Gilhooly.\u00a0<em>Still Sane.<\/em> Vancouver: Press Gang, 1985.<\/p>\n<p>Cahn, Charles H.<em>\u00a0L\u2019H\u00f4pital Douglas: 100 ans d\u2019histoire et de progr\u00e8s. Douglas Hospital: 100 Years of History and Progress.<\/em> Montreal: J. Emile Roys &amp; Fils, Inc., 1981.<\/p>\n<p>Cellard, Andr\u00e9. <em>Histoire de la folie au Qu\u00e9bec de 1600 \u00e0 1850<\/em>: \u00abLe d\u00e9sordre\u00bb, Montr\u00e9al, Bor\u00e9al, 1991, 280 p.\u00a0<\/p>\n<p>Clark, Daniel. <em>Mental Diseases: A Synopsis of Twelve Lectures Delivered at the Hospital for the Insane<\/em>, Toronto, to the Graduating Medical Classes. Toronto: W Briggs, 1895.\u00a0<\/p>\n<p>Cosbie, Waring G. <em>The Toronto General Hospital, 1918-1965: A Chronicle<\/em>. Toronto: Macmillan, 1975.\u00a0<\/p>\n<p>Courteau, Bernard, De Saint-Jean-de-Dieu \u00e0 Louis H. Lafontaine.<em> Historique de l\u2019H\u00f4pital psychiatrique de Montr\u00e9al<\/em>, Montr\u00e9al, M\u00e9ridien, 1989, 210 p.\u00a0<\/p>\n<p>Easterbrook, Charles Cromhall. <em>Notes on a Visit in 1913 to some Mental Hospitals and Clinics in the United States of America and Canada.<\/em> London: Dumfries, 1914.<\/p>\n<p>Frayn, Douglas H. (ed). <em>The Clarke and Its Founders: The Thirtieth Anniversary.<\/em> Toronto: The Clarke Institute of Psychiatry, 1996.\u00a0<\/p>\n<p>Goulet, Denis and Andr\u00e9 Paradis. <em>Trois si\u00e8cles d\u2019histoire medicale au Qu\u00e9bec. Chronologie des institutions et des pratiques (1639-1939).<\/em> Montr\u00e9al: \u00e9ditions VLB, 1992.<\/p>\n<p>Grant, Agnes. <em>No End of Grief: Indian Residential Schools in Canada.<\/em> Winnipeg: Pemmican Publications, 1996.<\/p>\n<p>Greenland, Cyril. <em>The City and the Asylum: Celebrating the BiCentennial of the City of Toronto, 1793-1993.<\/em> Toronto: The Museum of Mental Health Services (Toronto) Inc., 1993.\u00a0<\/p>\n<p>Hudson, Edna (ed.). <em>The Provincial Asylum in Toronto. Reflections on Social and Architectural History.<\/em> Toronto: Toronto Region Architectural Conservancy, 2000. \u00a0<\/p>\n<p>Hurd, Henry M. <em>The Institutional Care of the Insane in the United States and Canada.<\/em> Baltimore: The John Hopkins Press, 1917 (Volume I &amp; IV).\u00a0<\/p>\n<p>Hutchinson, P.P. <em>The Mental Hygiene Institute: Its Development and Work, 1919-1968<\/em>. Montreal: The Mental Hygiene Institute, Inc., 1973.\u00a0<\/p>\n<p>Jameson, Mary Ann, ed., Daniel Brock et al., compilers. <em>Richard Maurice Bucke: A Catalogue Based Upon the Collections of The University of Western Ontario Libraries.<\/em> London, Ontario: The Libraries, The University of Western Ontario, 1978.\u00a0\u00a0<\/p>\n<p>Kahan, F.H. <em>Brains and Bricks: The History of the Yorkton Psychiatric Centre.<\/em> Regina: Saskatchewan Division, Canadian Mental Health Division, 1965.\u00a0<\/p>\n<p>Keating, Peter. <em>La science du mal: l\u2019institution de la psychiatrie au Qu\u00e9bec 1800-1914,<\/em> Bor\u00e9al, 1993.<\/p>\n<p>Martin, C.-A. <em>Le premier demi-si\u00e8cle de la psychiatrie a Qu\u00e9bec. De l\u2019asile provisoire de Beauport \u00e0 l\u2019H\u00f4pital St-Michel-Archange.<\/em> 2nd \u00e9dition. Qu\u00e9bec: Robert-Giffard Hospital, 1993.\u00a0<\/p>\n<p>Martin, Charles-Andr\u00e9. <em>Le premier demi-si\u00e8cle de la psychiatrie \u00e0 Qu\u00e9bec: de l\u2019Asile provisoire de Beauport \u00e0 l\u2019H\u00f4pital Saint-Michel-Archange<\/em>, Beauport, Centre Hospitalier Robert- Giffard, 1983.<\/p>\n<p>McKendry, Jennifer. <em>With Our Past Before Us. Nineteenth-Century Architecture in the Kingston Area<\/em>. Toronto: University of Toronto Press, 1995.\u00a0<\/p>\n<p>Miller, J.R. <em>Shingwauk\u2019s Vision: A History of Native Residential Schools.<\/em> Toronto: University of Toronto Press, 1996.\u00a0<\/p>\n<p>Millichamp, Dorothy with Mary L. Northway. <em>Conversations at Caledon: Some Reminiscences of the Blatz Era.<\/em> Toronto: The Brora Centre, 1977.<\/p>\n<p>Nielsen, Robert F. <em>Total Encounters. The Life and Times of the Mental Health Centre Penetanguishene.<\/em> Hamilton: McMaster University Press, 2000.\u00a0<\/p>\n<p>No author.\u00a0<em>A Summary of the Growth and Development of Mental Health Services in British Columbia, 1850-1970.<\/em> Victoria: Mental Health Branch, Department of Health Services and Hospital Insurance, 1972.<\/p>\n<p>No author. <em>The History of CPRI<\/em> [Child and Parent Resource Institute], London, Ontario, Canada. No publisher cited, circa 1995.<\/p>\n<p>O\u2019Brien, Patricia. <em>Out of Mind, Out of Sight: A History of the Waterford Hospital.<\/em> St. John\u2019s Newfoundland: Waterford Hospital, 1989.<\/p>\n<p>Reaume, Geoffrey. <em>Remembrance of Patients Past: Patient Life at the Toronto Hospital for the Insane, 1870-1940.<\/em> Toronto: Oxford University Press, 2000.\u00a0<\/p>\n<p>Refvik, Kurt. <em>History of the Brandon Mental Health Centre, 1891-1991<\/em>. Brandon: Brandon Mental Health Centre, 1991.\u00a0<\/p>\n<p>Roy, Bruno. Memoire d\u2019asile. Montr\u00e9al: Boreal, 1994.<\/p>\n<p>Rudy, Norma. <em>For Such A Time As This: L. Earl Ludlow and a History of Homes for the Aged in Ontario, 1837-1961<\/em>. Toronto: Ontario Association of Homes for the Aged, 1987.<\/p>\n<p>Scott, Charles (ed.). <em>To Light the Darkness: An Anthology On Pastoral Care Commemorating the 100th Anniversary of the Chapel Ministry at London Psychiatric Hospital<\/em>, London, Ontario. London, Ont.: Scott\u2019s Select Services, 1989.<\/p>\n<p>Scott, George D. <em>Inmate: The Casebook Revelations of a Canadian Penitentiary Psychiatrist.<\/em> Montreal: Optimum Publishing International, 1982.\u00a0<\/p>\n<p>Shorter, Edward (ed.). <em>TPH: History and Memories of the Toronto Psychiatric Hospital, 1925-1966.<\/em> Toronto: Wall and Emerson, 1996.\u00a0<\/p>\n<p>Shortt, S.E.D.<em> Victorian Lunacy: Richard M. Bucke and the Practice of Late Nineteenth Century Psychiatry.<\/em> Cambridge: Cambridge University Press, 1986.\u00a0<\/p>\n<p>Simmons, Harvey G. <em>Unbalanced: Mental Health Policy in Ontario, 1930-1989.<\/em> Toronto: Wall and Thompson, 1990.\u00a0<\/p>\n<p>Simmons, Harvey G. <em>From Asylum to Welfare: The Evolution of Mental Retardation Policy in Ontario from 1831 to 1980.<\/em> Downsview, ON: National Institute on Mental Retardation, 1982.<\/p>\n<p>Stimpson, Liz, Colleen Weir, Georgia Maxwell and Margaret C. Best. <em>Unlocking The Doors: Abuse Against Vulnerable People Within Ontario\u2019s Institutions.<\/em> Toronto: Advocacy Resource Centre for the Handicapped; Ontario Ministry of Citizenship, Recreation and Tourism Office for Disability Issues, 1996.\u00a0<\/p>\n<p><em>Un heritage de courage et d\u2019amour ou La petite histoire de I\u2019Hopital Saint-Jean- de-Dieu a Longue Pointe, 1873-1973.<\/em> Quebec: Les Presses de Therien Fr\u00e8res Limit\u00e9e, 1975.\u00a0<\/p>\n<p>Warsh, C. Krasnick. <em>Moments of Unreason: The Practice of Canadian Psychiatry and the Homewood Retreat, 1893-1923.<\/em> Montreal-Kingston: McGill-Queen\u2019s University Press, 1989.\u00a0<\/p>\n<p><\/p>","protected":false},"excerpt":{"rendered":"<p>Livres Institutions Bellay, A.\u00a0Histoire de L\u2019Hospice St-Jean-de-Dieu de la Longue Pointe. Montr\u00e9al: Arbour and Laperle, 1892. Les Soeurs de la Charit\u00e9. 1849-1949: A l\u2019occasion du centenaire de fondation de leur Institut \u00e0 Qu\u00e9bec les Soeurs de la Charit\u00e9 de l\u2019H\u00f4pital St-Michel-Archange offrent respectueusement leur album souvenir. Qu\u00e9bec: Les Soeurs de la Charit\u00e9 de l\u2019H\u00f4pital St- &hellip; <\/p>\n","protected":false},"author":3,"featured_media":0,"parent":1628,"menu_order":2,"comment_status":"closed","ping_status":"closed","template":"","meta":{"footnotes":""},"class_list":["post-1784","page","type-page","status-publish","hentry","entry"],"aioseo_notices":[],"_links":{"self":[{"href":"https:\/\/madnesscanada.com\/fr\/wp-json\/wp\/v2\/pages\/1784"}],"collection":[{"href":"https:\/\/madnesscanada.com\/fr\/wp-json\/wp\/v2\/pages"}],"about":[{"href":"https:\/\/madnesscanada.com\/fr\/wp-json\/wp\/v2\/types\/page"}],"author":[{"embeddable":true,"href":"https:\/\/madnesscanada.com\/fr\/wp-json\/wp\/v2\/users\/3"}],"replies":[{"embeddable":true,"href":"https:\/\/madnesscanada.com\/fr\/wp-json\/wp\/v2\/comments?post=1784"}],"version-history":[{"count":3,"href":"https:\/\/madnesscanada.com\/fr\/wp-json\/wp\/v2\/pages\/1784\/revisions"}],"predecessor-version":[{"id":2584,"href":"https:\/\/madnesscanada.com\/fr\/wp-json\/wp\/v2\/pages\/1784\/revisions\/2584"}],"up":[{"embeddable":true,"href":"https:\/\/madnesscanada.com\/fr\/wp-json\/wp\/v2\/pages\/1628"}],"wp:attachment":[{"href":"https:\/\/madnesscanada.com\/fr\/wp-json\/wp\/v2\/media?parent=1784"}],"curies":[{"name":"wp","href":"https:\/\/api.w.org\/{rel}","templated":true}]}}