{"id":1828,"date":"2019-08-10T11:05:46","date_gmt":"2019-08-10T15:05:46","guid":{"rendered":"http:\/\/madnesscanada.com\/?page_id=1828"},"modified":"2019-11-10T19:27:27","modified_gmt":"2019-11-11T00:27:27","slug":"books","status":"publish","type":"page","link":"https:\/\/madnesscanada.com\/fr\/resources\/scholarship\/psychiatry-psychology\/books\/","title":{"rendered":"Livres"},"content":{"rendered":"<p><\/p>\n<!-- Widget Shortcode --><div id=\"nav_menu-3\" class=\"widget widget_nav_menu widget-shortcode area-arbitrary \"><h2 class=\"widgettitle\">(English) Resources<\/h2><div class=\"menu-resources-container\"><ul id=\"menu-resources-1\" class=\"menu\"><li class=\"menu-item menu-item-type-post_type menu-item-object-page menu-item-836\"><a href=\"https:\/\/madnesscanada.com\/fr\/resources\/\">Ressources<\/a><\/li>\n<li class=\"menu-item menu-item-type-post_type menu-item-object-page menu-item-838\"><a href=\"https:\/\/madnesscanada.com\/fr\/resources\/scholarship\/\">Publications scientifiques<\/a><\/li>\n<li class=\"menu-item menu-item-type-post_type menu-item-object-page menu-item-841\"><a href=\"https:\/\/madnesscanada.com\/fr\/resources\/archives\/\">Archives<\/a><\/li>\n<li class=\"menu-item menu-item-type-post_type menu-item-object-page menu-item-839\"><a href=\"https:\/\/madnesscanada.com\/fr\/resources\/images\/\">Photographies<\/a><\/li>\n<li class=\"menu-item menu-item-type-post_type menu-item-object-page menu-item-840\"><a href=\"https:\/\/madnesscanada.com\/fr\/resources\/video\/\">Vid\u00e9os<\/a><\/li>\n<li class=\"menu-item menu-item-type-post_type menu-item-object-page menu-item-1595\"><a href=\"https:\/\/madnesscanada.com\/fr\/resources\/voices\/\">T\u00e9moignages<\/a><\/li>\n<li class=\"menu-item menu-item-type-post_type menu-item-object-page menu-item-2339\"><a href=\"https:\/\/madnesscanada.com\/fr\/resources\/about-resources\/\">\u00c0 propos des ressources<\/a><\/li>\n<\/ul><\/div><\/div><!-- \/Widget Shortcode -->\n<!-- Widget Shortcode --><div id=\"search-3\" class=\"widget widget_search widget-shortcode area-arbitrary \"><h2 class=\"widgettitle\">(English) SEARCH<\/h2><form role=\"search\" method=\"get\" class=\"search-form\" action=\"https:\/\/madnesscanada.com\/fr\/\">\n\t\t\t\t<label>\n\t\t\t\t\t<span class=\"screen-reader-text\">Rechercher\u00a0:<\/span>\n\t\t\t\t\t<input type=\"search\" class=\"search-field\" placeholder=\"Rechercher\u2026\" value=\"\" name=\"s\" \/>\n\t\t\t\t<\/label>\n\t\t\t\t<input type=\"submit\" class=\"search-submit\" value=\"Rechercher\" \/>\n\t\t\t<\/form><\/div><!-- \/Widget Shortcode -->\n<div class=\"rightmenu\"><!-- Widget Shortcode --><div id=\"nav_menu-24\" class=\"widget widget_nav_menu widget-shortcode area-arbitrary \"><h2 class=\"widgettitle\">(English) Psychiatry \/ Psychology<\/h2><div class=\"menu-psychiatry-psychology-container\"><ul id=\"menu-psychiatry-psychology-1\" class=\"menu\"><li class=\"menu-item menu-item-type-post_type menu-item-object-page menu-item-1834\"><a href=\"https:\/\/madnesscanada.com\/fr\/resources\/scholarship\/psychiatry-psychology\/\">Psychiatrie \/ psychologie<\/a><\/li>\n<li class=\"menu-item menu-item-type-post_type menu-item-object-page menu-item-1832\"><a href=\"https:\/\/madnesscanada.com\/fr\/resources\/scholarship\/psychiatry-psychology\/theses-unpublished\/\">Textes in\u00e9dits \/ th\u00e8ses<\/a><\/li>\n<li class=\"menu-item menu-item-type-post_type menu-item-object-page menu-item-1831\"><a href=\"https:\/\/madnesscanada.com\/fr\/resources\/scholarship\/psychiatry-psychology\/articles-chapters\/\">Articles \/ Chapitres<\/a><\/li>\n<li class=\"menu-item menu-item-type-post_type menu-item-object-page menu-item-1830\"><a href=\"https:\/\/madnesscanada.com\/fr\/resources\/scholarship\/psychiatry-psychology\/books\/\">Livres<\/a><\/li>\n<li class=\"menu-item menu-item-type-post_type menu-item-object-page menu-item-1833\"><a href=\"https:\/\/madnesscanada.com\/fr\/resources\/scholarship\/\">Scholarship<\/a><\/li>\n<\/ul><\/div><\/div><!-- \/Widget Shortcode --><\/div>\n<nav aria-label=\"breadcrumbs\">\n            <div class=\"breadcrumb-container theme1\">\n                <ol>\n                                    <\/ol>\n            <\/div>\n        <\/nav>    <script type=\"application\/ld+json\">\n        {\n            \"@context\": \"http:\/\/schema.org\",\n            \"@type\": \"BreadcrumbList\",\n            \"itemListElement\": [\n                            ]\n        }\n    <\/script>\n   \n    <script>\n            <\/script>\n\n<h1>Livres<\/h1>\n<h4 id=\"moduleIntro\" class=\"artefacts\">Psychiatrie et psychologie\u00a0<\/h4>\n<p>Blackbridge, Persimmon and Sheila Gilhooly.<em>\u00a0Still Sane.<\/em> Vancouver: Press Gang, 1985.<\/p>\n<p>Burstow, Bonnie and Don Weitz (eds.).\u00a0<em>Shrink-Resistant: The Struggle Against Psychiatry in Canada.<\/em> Vancouver: New Star, 1998.\u00a0<\/p>\n<p>C.P.A. Richard Maurice Bucke: Catalogue to the Exhibition. Brochure on Exhibit by the Canadian Psychiatric Association, Committee on the History of Psychiatry;\u00a0Canadian Medical Association and Canadian Psychiatric Association Annual Meetings, 10-14 June, 1963, Toronto. Toronto: University of Toronto Press, 1963.\u00a0<\/p>\n<p>Cahn, Charles H.\u00a0<em>L\u2019H\u00f4pital Douglas: 100 ans d\u2019histoire et de progr\u00e8s.<\/em> Douglas Hospital: 100 Years of History and Progress. Montreal: J. Emile Roys &amp; Fils, Inc., 1981.\u00a0<\/p>\n<p>Caplan, Paula J.\u00a0<em>They Say You\u2019re Crazy: How the World\u2019s Most Powerful Psychiatrists Decide Who\u2019s Normal.<\/em> Reading, Massachusetts: Addison-Wesley Publishing Co., 1995.<\/p>\n<p>Cl\u00e9ment, Michel.<em> L\u2019aire du soup\u00e7on: contributions \u00e0 l\u2019histoire de la psychiatrie au Qu\u00e9bec.<\/em> Montr\u00e9al: \u00c9ditions du Triptyque, 1991, 218 p.\u00a0<\/p>\n<p>Collins, Anne. <em>In the Sleep Room<\/em> (2nd edition). Toronto: Key Porter Books, 1998.\u00a0 \u00a0<\/p>\n<p>Cooper, George. <em>Opinion of George Cooper, Q.C., Regarding Canadian Government Funding of the Allan Memorial Institute in the 1950s and 1960s.<\/em> Ottawa: Minister of Supply and Services Canada, 1986.\u00a0<\/p>\n<p>Copp, Terry and Bill McAndrew. <em>Battle Exhaustion: Soldiers and Psychiatrists in the Canadian Army, 1939-1945.<\/em> Montr\u00e9al and Kingston: McGill-Queen\u2019s University Press, 1990.\u00a0 \u00a0<\/p>\n<p>Courteau, Bernard. <em>De Saint-Jean-de-Dieu \u00e0 Louis H.-Lafontaine, historique de l\u2019H\u00f4pital psychiatrique de Montr\u00e9al.<\/em> Montr\u00e9al: M\u00e9ridien, 1989, 210 p.\u00a0<\/p>\n<p>Coyne, James H. <em>Richard Maurice Bucke: A Sketch.<\/em> Toronto: Henry S. Saunders, 1923.\u00a0<\/p>\n<p>Delev, Risto. <em>Psychiatry and Justice on Trial: Author\u2019s Experiences with Unscrupulous Quebec Psychiatrists and Justice.<\/em> Carla Adams (ed). Toronto: Sherwood Publishing Co., 1993.<\/p>\n<p>Dickinson, Harley D. <em>The Two Psychiatries: The Transformation of Psychiatric Work in Saskatchewan.<\/em> Regina: Canadian Plains Research Institute, University of Regina, 1989.<\/p>\n<p>Dowbiggin, Ian. <em>Keeping America Sane. Psychiatry and Eugenics in the United States and Canada, 1880-1940.<\/em> London: Cornell University Press, 1997.\u00a0 \u00a0\u00a0<\/p>\n<p>Endler, Norman. <em>Holiday of Darkness: A Psychologist\u2019s Personal Journey out of his Depression.<\/em> New York: Wiley, 1982.<\/p>\n<p>Frayn, Douglas H. (ed). <em>The Clarke and Its Founders: The Thirtieth Anniversary.<\/em> Toronto: The Clarke Institute of Psychiatry, 1996.\u00a0<\/p>\n<p>Gold, Judith H., Martine Lalinec-Michaud and Odette Bernazzani. <em>Pioneers All. Women Psychiatrists in Canada: A History.<\/em> Ottawa: Canadian Psychiatric Association, 1995.\u00a0<\/p>\n<p>Greenland, Cyril (ed). <em>Ontario Neuro-Psychiatric Association: Recollections from the First Fifty Years.<\/em> Toronto: Ontario Psychiatric Association, 1970.\u00a0\u00a0<\/p>\n<p>Greenland, Cyril. <em>Charles Kirk Clarke: A Pioneer of Canadian Psychiatry.<\/em> Toronto: The Clarke Institute of Psychiatry, 1966.\u00a0<\/p>\n<p>Greenland, Cyril and John Robert Colombo (eds.). <em>The New Consciousness: Selected Papers of Richard Maurice Bucke.<\/em> Toronto: Colombo and Company, 1997.\u00a0<\/p>\n<p>Guzman, Roger. <em>History of the New Brunswick Psychiatric Association: From the Asylum to Brain Imaging.<\/em> Saint John, New Brunswick: Kwik-Kopy Printing, 1997.\u00a0<\/p>\n<p>Jameson, Mary Ann, ed., Daniel Brock et al., compilers. <em>Richard Maurice Bucke: A Catalogue Based Upon the Collections of The University of Western Ontario Libraries<\/em>. London, Ontario: The Libraries, The University of Western Ontario, 1978.\u00a0\u00a0<\/p>\n<p>Johnston, Cameron. <em>The Father of Canadian Psychiatry: Joseph Workman.<\/em> Victoria: Ogden Press, 2000.\u00a0<\/p>\n<p>Lozynsky, Artem. <em>Richard Maurice Bucke, Medical Mystic.<\/em> Detroit: Wayne State University Press, 1977.\u00a0<\/p>\n<p>Marks, John. <em>The Search for the \u201cManchurian Candidate\u201d The CIA and Mind Control<\/em>. New York: Times Books, 1980.\u00a0<\/p>\n<p>Martin, Charles-Andr\u00e9. <em>Le premier demi-si\u00e8cle de la psychiatrie \u00e0 Qu\u00e9bec: de l\u2019Asile provisoire de Beauport \u00e0 l\u2019H\u00f4pital Saint-Michel-Archange.<\/em> Beauport, Centre Hospitalier Robert- Giffard, 1983, 24 p.<\/p>\n<p>McKerracher, Donald G. <em>L\u2019\u00e9volution des soins psychiatriques.<\/em> Ottawa: Impressions de la Reine, 1967, 315 p.<\/p>\n<p>Miller, J.R. <em>Shingwauk\u2019s Vision: A History of Native Residential Schools.<\/em> Toronto: University of Toronto Press, 1996.\u00a0<\/p>\n<p>Moran, James E. <em>Committed to the State Asylum: Insanity and Society in Nineteenth-Century Quebec and Ontario.<\/em> Montr\u00e9al and Kingston: McGill-Queen\u2019s University Press, 2000<\/p>\n<p>Moran, James E. and David Wright (eds.). <em>Mental Health and Canadian Society: Historical Perspectives.<\/em> Montreal\/Kingston: McGill-Queen\u2019s University Press, 2006: 69-96.\u00a0<\/p>\n<p>Paris, Joel. <em>The Fall of An Icon: Psychoanalysis and Academic Psychiatry.<\/em> Toronto: University of Toronto Press, 2005.\u00a0<\/p>\n<p>Paskauskas, R. Andrew (ed.). <em>The Complete Correspondence of Sigmund Freud and Ernest Jones, 1908-1939.<\/em> London: Belknap Press of Harvard University Press, 1993.<\/p>\n<p>Rae-Grant, Quentin (ed). <em>Psychiatry in Canada: 50 years<\/em> (1951-2001). Ottawa: Canadian Psychiatric Press, 2001.<\/p>\n<p>Rae-Grant, Quentin (ed). <em>Images in Psychiatry: Canada.<\/em> Washington; American Psychiatric Press, 1996.<\/p>\n<p>Ralph, Diana. <em>Work and Madness: The Rise of Community Psychiatry.<\/em> Montreal: Black Rose, 1983.\u00a0<\/p>\n<p>Raymond, Jocelyn Motyer. <em>The Nursery World of Dr. Blatz.<\/em> Toronto: University of Toronto Press, 1991.<\/p>\n<p>Reaume, Geoffrey.<em> A Classified Bibliography on the History of Psychiatry and Mental Health Services in Canada.<\/em> Toronto: Museum of Mental Health Services, 1998.<\/p>\n<p>Roazen, Paul. <em>Canada\u2019s King: An Essay in Political Psychology.<\/em> Oakville, ON: Mosaic Press, 1998.<\/p>\n<p>Shortt, S.E.D. <em>Victorian Lunacy: Richard M. Bucke and the Practice of Late Nineteenth Century Psychiatry.<\/em> Cambridge: Cambridge University Press, 1986.\u00a0<\/p>\n<p>Siggins, Maggie. <em>Riel: A Life of Revolution.<\/em> Toronto: Harper-Collins Canada, 1994.<\/p>\n<p>Simmie, Scott. <em>Out of Mind: An Investigation into Mental Health.<\/em> Toronto: Atkinson Foundation, 1998.\u00a0<\/p>\n<p>Simmie, Scott and Julia Nunes. <em>The Last Taboo: A Survival Guide to Mental Health Care in Canada.<\/em> Toronto: McLelland &amp; Stewart, 2001.\u00a0<\/p>\n<p>Smith, Dorothy E. and Sara J. David (eds.).<em> Women Look at Psychiatry.<\/em> Vancouver: Press Gang Publishers, 1975.\u00a0<\/p>\n<p>Sourkes, Theodore L. and Gilbert Pinnard (eds.). <em>Building on a Proud Past: 50 Years of Psychiatry at McGill.<\/em> Montreal: Department of Psychiatry, McGill University, 1995.\u00a0<\/p>\n<p>St-Amand, N\u00e9r\u00e9. <em>The Politics of Madness.<\/em> Halifax: Formac Publishing, 1988.\u00a0<\/p>\n<p>Stokes, Aldwyn B. (ed.). <em>Psychiatry in Transition, 1966-1967.<\/em> Toronto: University of Toronto Press, 1967.\u00a0<\/p>\n<p>Supeene, Shelagh Lynne.<em> As for the Sky, Falling: A Critical Look at Psychiatry and Suffering.<\/em> Toronto: Second Story Press, 1990.\u00a0<\/p>\n<p>Warsh, C. Krasnick. <em>Moments of Unreason: The Practice of Canadian Psychiatry and the Homewood Retreat, 1893-1923.<\/em> Montreal-Kingston: McGill-Queen\u2019s University Press, 1989.<\/p>\n<p>Weinstein, Harvey. <em>A Father, a Son and the CIA.<\/em> Toronto: Lorimer and Company, 1988.<\/p>\n<p>Wright, Mary J. and C. Roger Myers (eds.). <em>History of Academic Psychology in Canada.<\/em> Toronto: C.J. Hogrefe, 1982.<\/p>\n<p><\/p>","protected":false},"excerpt":{"rendered":"<p>Livres Psychiatrie et psychologie\u00a0 Blackbridge, Persimmon and Sheila Gilhooly.\u00a0Still Sane. Vancouver: Press Gang, 1985. Burstow, Bonnie and Don Weitz (eds.).\u00a0Shrink-Resistant: The Struggle Against Psychiatry in Canada. Vancouver: New Star, 1998.\u00a0 C.P.A. Richard Maurice Bucke: Catalogue to the Exhibition. Brochure on Exhibit by the Canadian Psychiatric Association, Committee on the History of Psychiatry;\u00a0Canadian Medical Association and &hellip; <\/p>\n","protected":false},"author":3,"featured_media":0,"parent":1637,"menu_order":2,"comment_status":"closed","ping_status":"closed","template":"","meta":{"footnotes":""},"class_list":["post-1828","page","type-page","status-publish","hentry","entry"],"aioseo_notices":[],"_links":{"self":[{"href":"https:\/\/madnesscanada.com\/fr\/wp-json\/wp\/v2\/pages\/1828"}],"collection":[{"href":"https:\/\/madnesscanada.com\/fr\/wp-json\/wp\/v2\/pages"}],"about":[{"href":"https:\/\/madnesscanada.com\/fr\/wp-json\/wp\/v2\/types\/page"}],"author":[{"embeddable":true,"href":"https:\/\/madnesscanada.com\/fr\/wp-json\/wp\/v2\/users\/3"}],"replies":[{"embeddable":true,"href":"https:\/\/madnesscanada.com\/fr\/wp-json\/wp\/v2\/comments?post=1828"}],"version-history":[{"count":4,"href":"https:\/\/madnesscanada.com\/fr\/wp-json\/wp\/v2\/pages\/1828\/revisions"}],"predecessor-version":[{"id":2600,"href":"https:\/\/madnesscanada.com\/fr\/wp-json\/wp\/v2\/pages\/1828\/revisions\/2600"}],"up":[{"embeddable":true,"href":"https:\/\/madnesscanada.com\/fr\/wp-json\/wp\/v2\/pages\/1637"}],"wp:attachment":[{"href":"https:\/\/madnesscanada.com\/fr\/wp-json\/wp\/v2\/media?parent=1828"}],"curies":[{"name":"wp","href":"https:\/\/api.w.org\/{rel}","templated":true}]}}