{"id":2528,"date":"2019-12-19T11:26:07","date_gmt":"2019-12-19T16:26:07","guid":{"rendered":"http:\/\/aftertheasylum.ca\/new-wordpress\/?page_id=2528"},"modified":"2022-06-22T13:08:40","modified_gmt":"2022-06-22T17:08:40","slug":"historical-context","status":"publish","type":"page","link":"https:\/\/madnesscanada.com\/fr\/after-the-asylum\/survivor-culture\/what-is-survivor-culture\/historical-context\/","title":{"rendered":"Contexte historique"},"content":{"rendered":"<p><\/p>\n<!-- Widget Shortcode --><div id=\"nav_menu-64\" class=\"widget widget_nav_menu widget-shortcode area-arbitrary \"><h2 class=\"widgettitle\">(English) After the Asylum<\/h2><div class=\"menu-after-the-asylum-container\"><ul id=\"menu-after-the-asylum-1\" class=\"menu\"><li class=\"menu-item menu-item-type-post_type menu-item-object-page menu-item-9204\"><a href=\"https:\/\/madnesscanada.com\/fr\/after-the-asylum\/\">Apr\u00e8s l\u2019asile<\/a><\/li>\n<li class=\"menu-item menu-item-type-post_type menu-item-object-page menu-item-9203\"><a href=\"https:\/\/madnesscanada.com\/fr\/after-the-asylum\/policy-and-practice\/\">Politiques de sant\u00e9 mentale<\/a><\/li>\n<li class=\"menu-item menu-item-type-post_type menu-item-object-page menu-item-9208\"><a href=\"https:\/\/madnesscanada.com\/fr\/after-the-asylum\/peer-support-activism\/\">Soutien par les pairs et activisme<\/a><\/li>\n<li class=\"menu-item menu-item-type-post_type menu-item-object-page menu-item-9207\"><a href=\"https:\/\/madnesscanada.com\/fr\/after-the-asylum\/survivor-culture\/\">Culture de la survivante<\/a><\/li>\n<li class=\"menu-item menu-item-type-post_type menu-item-object-page menu-item-9206\"><a href=\"https:\/\/madnesscanada.com\/fr\/after-the-asylum\/case-studies\/\">\u00c9tudes de cas<\/a><\/li>\n<\/ul><\/div><\/div><!-- \/Widget Shortcode -->\n<!-- Widget Shortcode --><div id=\"search-3\" class=\"widget widget_search widget-shortcode area-arbitrary \"><h2 class=\"widgettitle\">(English) SEARCH<\/h2><form role=\"search\" method=\"get\" class=\"search-form\" action=\"https:\/\/madnesscanada.com\/fr\/\">\n\t\t\t\t<label>\n\t\t\t\t\t<span class=\"screen-reader-text\">Rechercher\u00a0:<\/span>\n\t\t\t\t\t<input type=\"search\" class=\"search-field\" placeholder=\"Rechercher\u2026\" value=\"\" name=\"s\" \/>\n\t\t\t\t<\/label>\n\t\t\t\t<input type=\"submit\" class=\"search-submit\" value=\"Rechercher\" \/>\n\t\t\t<\/form><\/div><!-- \/Widget Shortcode -->\n<div class=\"rightmenu\"><!-- Widget Shortcode --><div id=\"nav_menu-76\" class=\"widget widget_nav_menu widget-shortcode area-arbitrary \"><div class=\"menu-what-is-survivor-culture-container\"><ul id=\"menu-what-is-survivor-culture-1\" class=\"menu\"><li class=\"menu-item menu-item-type-post_type menu-item-object-page menu-item-9286\"><a href=\"https:\/\/madnesscanada.com\/fr\/after-the-asylum\/survivor-culture\/what-is-survivor-culture\/\">\u00c9tablir une histoire culturelle<\/a><\/li>\n<li class=\"menu-item menu-item-type-post_type menu-item-object-page menu-item-9356\"><a href=\"https:\/\/madnesscanada.com\/fr\/after-the-asylum\/survivor-culture\/what-is-survivor-culture\/historical-context\/\">Contexte historique<\/a><\/li>\n<li class=\"menu-item menu-item-type-post_type menu-item-object-page menu-item-9354\"><a href=\"https:\/\/madnesscanada.com\/fr\/after-the-asylum\/survivor-culture\/what-is-survivor-culture\/power-and-intersectionality\/\">\u00c9quit\u00e9 et identit\u00e9<\/a><\/li>\n<li class=\"menu-item menu-item-type-post_type menu-item-object-page menu-item-9355\"><a href=\"https:\/\/madnesscanada.com\/fr\/after-the-asylum\/survivor-culture\/what-is-survivor-culture\/nurturing-survival-culture\/\">Alimenter la culture survivante<\/a><\/li>\n<li class=\"menu-item menu-item-type-post_type menu-item-object-page menu-item-9285\"><a href=\"https:\/\/madnesscanada.com\/fr\/after-the-asylum\/survivor-culture\/\">Culture de la survivante<\/a><\/li>\n<\/ul><\/div><\/div><!-- \/Widget Shortcode --><\/div>\n<nav aria-label=\"breadcrumbs\">\n            <div class=\"breadcrumb-container theme1\">\n                <ol>\n                                    <\/ol>\n            <\/div>\n        <\/nav>    <script type=\"application\/ld+json\">\n        {\n            \"@context\": \"http:\/\/schema.org\",\n            \"@type\": \"BreadcrumbList\",\n            \"itemListElement\": [\n                            ]\n        }\n    <\/script>\n   \n    <script>\n            <\/script>\n\n<h1>Contexte historique<\/h1>\n<p>Des journaux produits par des patients, comme <em>The Reversing Falls Review<\/em> au Nouveau-Brunswick et <em>The Leader<\/em> en Colombie-Britannique \u00e9taient caract\u00e9ristiques de la fin de la p\u00e9riode institutionnelle, mais la v\u00e9ritable culture survivante n\u2019a pu \u00e9merger au sein des grands \u00e9tablissements psychiatriques. La cr\u00e9ation artistique est un r\u00e9sultat imm\u00e9diat du passage vers des soins de sant\u00e9 mentale communautaires. L&rsquo;expression culturelle offrait un potentiel de gu\u00e9rison en permettant aux anciens patients de se r\u00e9approprier leur propre exp\u00e9rience \u00e0 travers l&rsquo;art, mais d\u00e8s le d\u00e9but elle permit des implications politiques plus larges. Des artistes \u00abfous\u00bb de toutes sortes ont conscientis\u00e9 le public sur les cons\u00e9quences de la psychiatrisation et les lacunes du syst\u00e8me de sant\u00e9 mentale. Les survivants psychiatriques se sont joints aux mouvements f\u00e9ministe, transgenre, anti-raciste et autres groupes progressistes afin de lutter contre les structures en place et les valeurs dominantes.<\/p>\n<p>Face \u00e0 un discours public sur les questions psychiatriques domin\u00e9 par les professionnels, des survivants psychiatriques ont commenc\u00e9 \u00e0 r\u00e9clamer leur voie au chapitre, se positionnant ainsi comme des \u00abexperts\u00bb de la sant\u00e9 mentale. Refusant de vivre dans la honte et le secret, comme on les a souvent encourag\u00e9s \u00e0 le faire, les survivants psychiatriques ont d\u00e9cid\u00e9 de s\u2019exprimer, de faire de l\u2019art et de cr\u00e9er une communaut\u00e9. Ce fut un processus riche. Sheila Gilhooly, une des premi\u00e8res artistes en arts visuels au Canada \u00e0 faire part de son v\u00e9cu psychiatrique a ainsi d\u00e9clar\u00e9\u00a0: \u00abQuand vous exposez quelque chose, personne ne peut l\u2019utiliser contre vous\u00bb. Au cours des ann\u00e9es 1970 et 1980, des journaux et magazines de psychiatris\u00e9s ont fait leur apparition\u00a0: <em>In a Nutshell<\/em>, <em>Phoenix Rising<\/em> et <em>Our Voice\/Notre Voix<\/em>. Des livres racontant leurs r\u00e9cits ont ensuite \u00e9t\u00e9 publi\u00e9s par des maisons d\u2019\u00e9dition alternatives, ouvertes \u00e0 ces voix dissonantes. Des expositions artistiques, des projections de films, des projets th\u00e9\u00e2traux et autres manifestations culturelles se sont ensuite ajout\u00e9s \u00e0 ce qui fut d\u2019abord exprim\u00e9 \u00e0 l\u2019\u00e9crit. Cette exposition ne pr\u00e9sente qu\u2019un survol de six des innombrables projets culturels ayant \u00e9t\u00e9 r\u00e9alis\u00e9s \u00e0 travers le canada depuis les ann\u00e9es 1970.<\/p>\n<p>&nbsp;<\/p>","protected":false},"excerpt":{"rendered":"<p>Contexte historique Des journaux produits par des patients, comme The Reversing Falls Review au Nouveau-Brunswick et The Leader en Colombie-Britannique \u00e9taient caract\u00e9ristiques de la fin de la p\u00e9riode institutionnelle, mais la v\u00e9ritable culture survivante n\u2019a pu \u00e9merger au sein des grands \u00e9tablissements psychiatriques. La cr\u00e9ation artistique est un r\u00e9sultat imm\u00e9diat du passage vers des soins &hellip; <\/p>\n","protected":false},"author":3,"featured_media":0,"parent":9141,"menu_order":0,"comment_status":"closed","ping_status":"closed","template":"","meta":{"footnotes":""},"class_list":["post-2528","page","type-page","status-publish","hentry","entry"],"aioseo_notices":[],"_links":{"self":[{"href":"https:\/\/madnesscanada.com\/fr\/wp-json\/wp\/v2\/pages\/2528"}],"collection":[{"href":"https:\/\/madnesscanada.com\/fr\/wp-json\/wp\/v2\/pages"}],"about":[{"href":"https:\/\/madnesscanada.com\/fr\/wp-json\/wp\/v2\/types\/page"}],"author":[{"embeddable":true,"href":"https:\/\/madnesscanada.com\/fr\/wp-json\/wp\/v2\/users\/3"}],"replies":[{"embeddable":true,"href":"https:\/\/madnesscanada.com\/fr\/wp-json\/wp\/v2\/comments?post=2528"}],"version-history":[{"count":1,"href":"https:\/\/madnesscanada.com\/fr\/wp-json\/wp\/v2\/pages\/2528\/revisions"}],"predecessor-version":[{"id":9477,"href":"https:\/\/madnesscanada.com\/fr\/wp-json\/wp\/v2\/pages\/2528\/revisions\/9477"}],"up":[{"embeddable":true,"href":"https:\/\/madnesscanada.com\/fr\/wp-json\/wp\/v2\/pages\/9141"}],"wp:attachment":[{"href":"https:\/\/madnesscanada.com\/fr\/wp-json\/wp\/v2\/media?parent=2528"}],"curies":[{"name":"wp","href":"https:\/\/api.w.org\/{rel}","templated":true}]}}