{"id":2534,"date":"2019-12-19T11:28:06","date_gmt":"2019-12-19T16:28:06","guid":{"rendered":"http:\/\/aftertheasylum.ca\/new-wordpress\/?page_id=2534"},"modified":"2022-06-22T13:11:19","modified_gmt":"2022-06-22T17:11:19","slug":"power-and-intersectionality","status":"publish","type":"page","link":"https:\/\/madnesscanada.com\/fr\/after-the-asylum\/survivor-culture\/what-is-survivor-culture\/power-and-intersectionality\/","title":{"rendered":"\u00c9quit\u00e9 et identit\u00e9"},"content":{"rendered":"<p><\/p>\n<!-- Widget Shortcode --><div id=\"nav_menu-64\" class=\"widget widget_nav_menu widget-shortcode area-arbitrary \"><h2 class=\"widgettitle\">(English) After the Asylum<\/h2><div class=\"menu-after-the-asylum-container\"><ul id=\"menu-after-the-asylum-1\" class=\"menu\"><li class=\"menu-item menu-item-type-post_type menu-item-object-page menu-item-9204\"><a href=\"https:\/\/madnesscanada.com\/fr\/after-the-asylum\/\">Apr\u00e8s l\u2019asile<\/a><\/li>\n<li class=\"menu-item menu-item-type-post_type menu-item-object-page menu-item-9203\"><a href=\"https:\/\/madnesscanada.com\/fr\/after-the-asylum\/policy-and-practice\/\">Politiques de sant\u00e9 mentale<\/a><\/li>\n<li class=\"menu-item menu-item-type-post_type menu-item-object-page menu-item-9208\"><a href=\"https:\/\/madnesscanada.com\/fr\/after-the-asylum\/peer-support-activism\/\">Soutien par les pairs et activisme<\/a><\/li>\n<li class=\"menu-item menu-item-type-post_type menu-item-object-page menu-item-9207\"><a href=\"https:\/\/madnesscanada.com\/fr\/after-the-asylum\/survivor-culture\/\">Culture de la survivante<\/a><\/li>\n<li class=\"menu-item menu-item-type-post_type menu-item-object-page menu-item-9206\"><a href=\"https:\/\/madnesscanada.com\/fr\/after-the-asylum\/case-studies\/\">\u00c9tudes de cas<\/a><\/li>\n<\/ul><\/div><\/div><!-- \/Widget Shortcode -->\n<!-- Widget Shortcode --><div id=\"search-3\" class=\"widget widget_search widget-shortcode area-arbitrary \"><h2 class=\"widgettitle\">(English) SEARCH<\/h2><form role=\"search\" method=\"get\" class=\"search-form\" action=\"https:\/\/madnesscanada.com\/fr\/\">\n\t\t\t\t<label>\n\t\t\t\t\t<span class=\"screen-reader-text\">Rechercher\u00a0:<\/span>\n\t\t\t\t\t<input type=\"search\" class=\"search-field\" placeholder=\"Rechercher\u2026\" value=\"\" name=\"s\" \/>\n\t\t\t\t<\/label>\n\t\t\t\t<input type=\"submit\" class=\"search-submit\" value=\"Rechercher\" \/>\n\t\t\t<\/form><\/div><!-- \/Widget Shortcode -->\n<div class=\"rightmenu\"><!-- Widget Shortcode --><div id=\"nav_menu-76\" class=\"widget widget_nav_menu widget-shortcode area-arbitrary \"><div class=\"menu-what-is-survivor-culture-container\"><ul id=\"menu-what-is-survivor-culture-1\" class=\"menu\"><li class=\"menu-item menu-item-type-post_type menu-item-object-page menu-item-9286\"><a href=\"https:\/\/madnesscanada.com\/fr\/after-the-asylum\/survivor-culture\/what-is-survivor-culture\/\">\u00c9tablir une histoire culturelle<\/a><\/li>\n<li class=\"menu-item menu-item-type-post_type menu-item-object-page menu-item-9356\"><a href=\"https:\/\/madnesscanada.com\/fr\/after-the-asylum\/survivor-culture\/what-is-survivor-culture\/historical-context\/\">Contexte historique<\/a><\/li>\n<li class=\"menu-item menu-item-type-post_type menu-item-object-page menu-item-9354\"><a href=\"https:\/\/madnesscanada.com\/fr\/after-the-asylum\/survivor-culture\/what-is-survivor-culture\/power-and-intersectionality\/\">\u00c9quit\u00e9 et identit\u00e9<\/a><\/li>\n<li class=\"menu-item menu-item-type-post_type menu-item-object-page menu-item-9355\"><a href=\"https:\/\/madnesscanada.com\/fr\/after-the-asylum\/survivor-culture\/what-is-survivor-culture\/nurturing-survival-culture\/\">Alimenter la culture survivante<\/a><\/li>\n<li class=\"menu-item menu-item-type-post_type menu-item-object-page menu-item-9285\"><a href=\"https:\/\/madnesscanada.com\/fr\/after-the-asylum\/survivor-culture\/\">Culture de la survivante<\/a><\/li>\n<\/ul><\/div><\/div><!-- \/Widget Shortcode --><\/div>\n<nav aria-label=\"breadcrumbs\">\n            <div class=\"breadcrumb-container theme1\">\n                <ol>\n                                    <\/ol>\n            <\/div>\n        <\/nav>    <script type=\"application\/ld+json\">\n        {\n            \"@context\": \"http:\/\/schema.org\",\n            \"@type\": \"BreadcrumbList\",\n            \"itemListElement\": [\n                            ]\n        }\n    <\/script>\n   \n    <script>\n            <\/script>\n\n<h1>\u00c9quit\u00e9 et identit\u00e9<\/h1>\n<p>La question de la folie est une dimension parfois tue, mais toujours pr\u00e9sente au sein de la culture survivante. Dans le projet <em>Still Sane<\/em>, bien que les deux artistes s\u2019identifient comme survivantes, elles ont constat\u00e9 que les spectateurs et les critiques avaient tendance \u00e0 r\u00e9agir diff\u00e9remment face \u00e0 chacune d\u2019elle car l\u2019exp\u00e9rience de survivante de Sheila \u00e9tait davantage expos\u00e9e que celle de Persimmon. Aussi, des diff\u00e9rends se sont parfois manifest\u00e9s dans la r\u00e9alisation d\u2019activit\u00e9s culturelles de Solidarit\u00e9-Psychiatrie entre les membres ayant \u00e9t\u00e9 psychiatris\u00e9s et des intervenants n\u2019ayant pas de v\u00e9cu psychiatrique. Dans d&rsquo;autres projets, tels que <em>Maladjusted<\/em>, les participants ont fait savoir qu&rsquo;ils ne croyaient pas \u00e0 l\u2019existence d\u2019un foss\u00e9 entre les survivants et non-survivants, et les survivants impliqu\u00e9s ont trouv\u00e9 l\u2019exp\u00e9rience gratifiante.<\/p>\n<p>Dans un espace culturel avec des vis\u00e9es explicites de justice sociale, l&rsquo;\u00e9quit\u00e9 doit \u00eatre per\u00e7ue comme un enjeu complexe. Au sein de la culture survivante, l\u2019art a \u00e9t\u00e9 utilis\u00e9 comme un moyen d\u2019explorer le croisement entre les in\u00e9galit\u00e9s en sant\u00e9 mentale et d\u2019autres formes de discrimination et d\u2019ostracisme. Le projet <em>Crazymaking<\/em> et certains textes de <em>Shrink Resistant<\/em> mettent en relief les effets de la colonisation sur la sant\u00e9 mentale des peuples autochtones. De m\u00eame, le projet <em>Still Sane<\/em> met l\u2019accent sur le traitement subi par les personnes LGBT dans les \u00e9tablissements psychiatriques \u00e0 travers l\u2019histoire. Les projets pr\u00e9sent\u00e9s ici ouvrent tranquillement la voie \u00e0 une meilleure compr\u00e9hension de la fa\u00e7on dont le sexe, l&rsquo;orientation sexuelle, l&rsquo;origine ethnique, les handicaps et les conditions \u00e9conomiques, entre autres formes d&rsquo;oppression, affectent un diagnostic de sant\u00e9 mentale.<\/p>\n<p>La plupart des projets pr\u00e9sent\u00e9s dans cette exposition ont \u00e9t\u00e9 initi\u00e9s et achev\u00e9s par des personnes s\u2019identifiant comme survivants psychiatriques, bien que tous n\u2019utilisent pas cette appellation. Certains pr\u00e9f\u00e8rent se d\u00e9crire comme des b\u00e9n\u00e9ficiaires, un terme qui cadre mal avec l\u2019histoire engag\u00e9e et militante racont\u00e9e ici. D\u2019autres, particuli\u00e8rement les jeunes artistes du projet <em>Crazymaking<\/em>, ne s\u2019identifient \u00e0 aucun terme sp\u00e9cifique li\u00e9 \u00e0 la sant\u00e9 mentale. Bien qu\u2019il soit imparfait et rarement utilis\u00e9 en fran\u00e7ais, nous avons choisi d\u2019utiliser le terme \u00absurvivant\u00bb car il reste celui qui semble le mieux d\u00e9crire la r\u00e9alit\u00e9 partag\u00e9e par les personnes ayant particip\u00e9 aux projets pr\u00e9sent\u00e9s ici.<\/p>","protected":false},"excerpt":{"rendered":"<p>\u00c9quit\u00e9 et identit\u00e9 La question de la folie est une dimension parfois tue, mais toujours pr\u00e9sente au sein de la culture survivante. Dans le projet Still Sane, bien que les deux artistes s\u2019identifient comme survivantes, elles ont constat\u00e9 que les spectateurs et les critiques avaient tendance \u00e0 r\u00e9agir diff\u00e9remment face \u00e0 chacune d\u2019elle car l\u2019exp\u00e9rience &hellip; <\/p>\n","protected":false},"author":3,"featured_media":0,"parent":9141,"menu_order":3,"comment_status":"closed","ping_status":"closed","template":"","meta":{"footnotes":""},"class_list":["post-2534","page","type-page","status-publish","hentry","entry"],"aioseo_notices":[],"_links":{"self":[{"href":"https:\/\/madnesscanada.com\/fr\/wp-json\/wp\/v2\/pages\/2534"}],"collection":[{"href":"https:\/\/madnesscanada.com\/fr\/wp-json\/wp\/v2\/pages"}],"about":[{"href":"https:\/\/madnesscanada.com\/fr\/wp-json\/wp\/v2\/types\/page"}],"author":[{"embeddable":true,"href":"https:\/\/madnesscanada.com\/fr\/wp-json\/wp\/v2\/users\/3"}],"replies":[{"embeddable":true,"href":"https:\/\/madnesscanada.com\/fr\/wp-json\/wp\/v2\/comments?post=2534"}],"version-history":[{"count":1,"href":"https:\/\/madnesscanada.com\/fr\/wp-json\/wp\/v2\/pages\/2534\/revisions"}],"predecessor-version":[{"id":9481,"href":"https:\/\/madnesscanada.com\/fr\/wp-json\/wp\/v2\/pages\/2534\/revisions\/9481"}],"up":[{"embeddable":true,"href":"https:\/\/madnesscanada.com\/fr\/wp-json\/wp\/v2\/pages\/9141"}],"wp:attachment":[{"href":"https:\/\/madnesscanada.com\/fr\/wp-json\/wp\/v2\/media?parent=2534"}],"curies":[{"name":"wp","href":"https:\/\/api.w.org\/{rel}","templated":true}]}}