{"id":49,"date":"2019-10-24T14:12:40","date_gmt":"2019-10-24T18:12:40","guid":{"rendered":"http:\/\/aftertheasylum.ca\/new-wordpress\/?page_id=49"},"modified":"2022-07-05T15:06:51","modified_gmt":"2022-07-05T19:06:51","slug":"peer-support-activism","status":"publish","type":"page","link":"https:\/\/madnesscanada.com\/fr\/after-the-asylum\/peer-support-activism\/","title":{"rendered":"Soutien par les pairs et activisme"},"content":{"rendered":"<p><\/p>\n<!-- Widget Shortcode --><div id=\"nav_menu-64\" class=\"widget widget_nav_menu widget-shortcode area-arbitrary \"><h2 class=\"widgettitle\">(English) After the Asylum<\/h2><div class=\"menu-after-the-asylum-container\"><ul id=\"menu-after-the-asylum-1\" class=\"menu\"><li class=\"menu-item menu-item-type-post_type menu-item-object-page menu-item-9204\"><a href=\"https:\/\/madnesscanada.com\/fr\/after-the-asylum\/\">Apr\u00e8s l\u2019asile<\/a><\/li>\n<li class=\"menu-item menu-item-type-post_type menu-item-object-page menu-item-9203\"><a href=\"https:\/\/madnesscanada.com\/fr\/after-the-asylum\/policy-and-practice\/\">Politiques de sant\u00e9 mentale<\/a><\/li>\n<li class=\"menu-item menu-item-type-post_type menu-item-object-page menu-item-9208\"><a href=\"https:\/\/madnesscanada.com\/fr\/after-the-asylum\/peer-support-activism\/\">Soutien par les pairs et activisme<\/a><\/li>\n<li class=\"menu-item menu-item-type-post_type menu-item-object-page menu-item-9207\"><a href=\"https:\/\/madnesscanada.com\/fr\/after-the-asylum\/survivor-culture\/\">Culture de la survivante<\/a><\/li>\n<li class=\"menu-item menu-item-type-post_type menu-item-object-page menu-item-9206\"><a href=\"https:\/\/madnesscanada.com\/fr\/after-the-asylum\/case-studies\/\">\u00c9tudes de cas<\/a><\/li>\n<\/ul><\/div><\/div><!-- \/Widget Shortcode -->\n<!-- Widget Shortcode --><div id=\"search-3\" class=\"widget widget_search widget-shortcode area-arbitrary \"><h2 class=\"widgettitle\">(English) SEARCH<\/h2><form role=\"search\" method=\"get\" class=\"search-form\" action=\"https:\/\/madnesscanada.com\/fr\/\">\n\t\t\t\t<label>\n\t\t\t\t\t<span class=\"screen-reader-text\">Rechercher\u00a0:<\/span>\n\t\t\t\t\t<input type=\"search\" class=\"search-field\" placeholder=\"Rechercher\u2026\" value=\"\" name=\"s\" \/>\n\t\t\t\t<\/label>\n\t\t\t\t<input type=\"submit\" class=\"search-submit\" value=\"Rechercher\" \/>\n\t\t\t<\/form><\/div><!-- \/Widget Shortcode -->\n<div class=\"rightmenu\"><!-- Widget Shortcode --><div id=\"nav_menu-69\" class=\"widget widget_nav_menu widget-shortcode area-arbitrary \"><h2 class=\"widgettitle\">l&rsquo;exposition<\/h2><div class=\"menu-peer-support-and-activism-container\"><ul id=\"menu-peer-support-and-activism-1\" class=\"menu\"><li class=\"menu-item menu-item-type-post_type menu-item-object-page menu-item-9213\"><a href=\"https:\/\/madnesscanada.com\/fr\/after-the-asylum\/peer-support-activism\/an-activist-and-an-academic\/\">Un activiste et un universitaire<\/a><\/li>\n<\/ul><\/div><\/div><!-- \/Widget Shortcode --><\/div>\n<nav aria-label=\"breadcrumbs\">\n            <div class=\"breadcrumb-container theme1\">\n                <ol>\n                                    <\/ol>\n            <\/div>\n        <\/nav>    <script type=\"application\/ld+json\">\n        {\n            \"@context\": \"http:\/\/schema.org\",\n            \"@type\": \"BreadcrumbList\",\n            \"itemListElement\": [\n                            ]\n        }\n    <\/script>\n   \n    <script>\n            <\/script>\n\n<h1>Soutien par les pairs et activisme<\/h1>\n<h5><em>L\u2019insertion communautaire a permis \u2013 voire exig\u00e9 \u2013 divers types d\u2019\u2019interaction entre les personnes psychiatris\u00e9es et la cr\u00e9ation des premiers groupes de soutien aux \u00ab\u00a0survivants\u00a0\u00bb. Elle a aussi permis d\u2019identifier des causes communes qui allaient alimenter l\u2019activisme politique.<\/em><\/h5>\n<h4>Un activiste et un universitaire<\/h4>\n<p><a href=\"https:\/\/madnesscanada.com\/after-the-asylum\/peer-support-activism\/an-activist-and-an-academic\/\"><img loading=\"lazy\" decoding=\"async\" class=\"alignleft wp-image-2286 \" src=\"https:\/\/madnesscanada.com\/wp-content\/uploads\/2019\/12\/our-voice-copy-e1575260415495-150x141.jpg\" alt=\"man and woman standing smiling in front of buildng holding award plaque\" width=\"164\" height=\"154\" \/><\/a>Les collaborations entre activistes et universitaires \u2013 l\u2019union entre l\u2019exp\u00e9rience de terrain et les comp\u00e9tences acad\u00e9miques \u2013 \u00e9taient impossibles \u00e0 l\u2019\u00e9poque des asiles. M\u00eame aujourd\u2019hui, elles demeurent rares. Cette exposition nous pr\u00e9sente Eug\u00e8ne Leblanc, directeur d\u2019un groupe de support innovateur \u00e0 Moncton, au Nouveau-Brunswick, et de N\u00e9r\u00e9e St-Amand, professeur de travail social \u00e0 l\u2019Universit\u00e9 d\u2019Ottawa. Depuis leur rencontre en 1987, les deux hommes ont ensemble men\u00e9 des recherches, r\u00e9dig\u00e9 et publi\u00e9 des articles et un livre. Apprenez-en plus sur leurs projets et leur critique du syst\u00e8me de sant\u00e9 mentale.<\/p>\n<p>&nbsp;<\/p>\n<p>&nbsp;<\/p>","protected":false},"excerpt":{"rendered":"<p>Soutien par les pairs et activisme L\u2019insertion communautaire a permis \u2013 voire exig\u00e9 \u2013 divers types d\u2019\u2019interaction entre les personnes psychiatris\u00e9es et la cr\u00e9ation des premiers groupes de soutien aux \u00ab\u00a0survivants\u00a0\u00bb. Elle a aussi permis d\u2019identifier des causes communes qui allaient alimenter l\u2019activisme politique. Un activiste et un universitaire Les collaborations entre activistes et universitaires &hellip; <\/p>\n","protected":false},"author":3,"featured_media":0,"parent":9133,"menu_order":1,"comment_status":"closed","ping_status":"closed","template":"","meta":{"footnotes":""},"class_list":["post-49","page","type-page","status-publish","hentry","entry"],"aioseo_notices":[],"_links":{"self":[{"href":"https:\/\/madnesscanada.com\/fr\/wp-json\/wp\/v2\/pages\/49"}],"collection":[{"href":"https:\/\/madnesscanada.com\/fr\/wp-json\/wp\/v2\/pages"}],"about":[{"href":"https:\/\/madnesscanada.com\/fr\/wp-json\/wp\/v2\/types\/page"}],"author":[{"embeddable":true,"href":"https:\/\/madnesscanada.com\/fr\/wp-json\/wp\/v2\/users\/3"}],"replies":[{"embeddable":true,"href":"https:\/\/madnesscanada.com\/fr\/wp-json\/wp\/v2\/comments?post=49"}],"version-history":[{"count":6,"href":"https:\/\/madnesscanada.com\/fr\/wp-json\/wp\/v2\/pages\/49\/revisions"}],"predecessor-version":[{"id":11770,"href":"https:\/\/madnesscanada.com\/fr\/wp-json\/wp\/v2\/pages\/49\/revisions\/11770"}],"up":[{"embeddable":true,"href":"https:\/\/madnesscanada.com\/fr\/wp-json\/wp\/v2\/pages\/9133"}],"wp:attachment":[{"href":"https:\/\/madnesscanada.com\/fr\/wp-json\/wp\/v2\/media?parent=49"}],"curies":[{"name":"wp","href":"https:\/\/api.w.org\/{rel}","templated":true}]}}