{"id":51,"date":"2019-10-24T14:13:24","date_gmt":"2019-10-24T18:13:24","guid":{"rendered":"http:\/\/aftertheasylum.ca\/new-wordpress\/?page_id=51"},"modified":"2026-03-13T15:20:06","modified_gmt":"2026-03-13T19:20:06","slug":"survivor-culture","status":"publish","type":"page","link":"https:\/\/madnesscanada.com\/fr\/after-the-asylum\/survivor-culture\/","title":{"rendered":"Culture de la survivante"},"content":{"rendered":"<p><\/p>\n<!-- Widget Shortcode --><div id=\"nav_menu-64\" class=\"widget widget_nav_menu widget-shortcode area-arbitrary \"><h2 class=\"widgettitle\">(English) After the Asylum<\/h2><div class=\"menu-after-the-asylum-container\"><ul id=\"menu-after-the-asylum-1\" class=\"menu\"><li class=\"menu-item menu-item-type-post_type menu-item-object-page menu-item-9204\"><a href=\"https:\/\/madnesscanada.com\/fr\/after-the-asylum\/\">Apr\u00e8s l\u2019asile<\/a><\/li>\n<li class=\"menu-item menu-item-type-post_type menu-item-object-page menu-item-9203\"><a href=\"https:\/\/madnesscanada.com\/fr\/after-the-asylum\/policy-and-practice\/\">Politiques de sant\u00e9 mentale<\/a><\/li>\n<li class=\"menu-item menu-item-type-post_type menu-item-object-page menu-item-9208\"><a href=\"https:\/\/madnesscanada.com\/fr\/after-the-asylum\/peer-support-activism\/\">Soutien par les pairs et activisme<\/a><\/li>\n<li class=\"menu-item menu-item-type-post_type menu-item-object-page menu-item-9207\"><a href=\"https:\/\/madnesscanada.com\/fr\/after-the-asylum\/survivor-culture\/\">Culture de la survivante<\/a><\/li>\n<li class=\"menu-item menu-item-type-post_type menu-item-object-page menu-item-9206\"><a href=\"https:\/\/madnesscanada.com\/fr\/after-the-asylum\/case-studies\/\">\u00c9tudes de cas<\/a><\/li>\n<\/ul><\/div><\/div><!-- \/Widget Shortcode -->\n<!-- Widget Shortcode --><div id=\"search-3\" class=\"widget widget_search widget-shortcode area-arbitrary \"><h2 class=\"widgettitle\">(English) SEARCH<\/h2><form role=\"search\" method=\"get\" class=\"search-form\" action=\"https:\/\/madnesscanada.com\/fr\/\">\n\t\t\t\t<label>\n\t\t\t\t\t<span class=\"screen-reader-text\">Rechercher\u00a0:<\/span>\n\t\t\t\t\t<input type=\"search\" class=\"search-field\" placeholder=\"Rechercher\u2026\" value=\"\" name=\"s\" \/>\n\t\t\t\t<\/label>\n\t\t\t\t<input type=\"submit\" class=\"search-submit\" value=\"Rechercher\" \/>\n\t\t\t<\/form><\/div><!-- \/Widget Shortcode -->\n<div class=\"rightmenu\"><!-- Widget Shortcode --><div id=\"nav_menu-70\" class=\"widget widget_nav_menu widget-shortcode area-arbitrary \"><h2 class=\"widgettitle\">l&rsquo;exposition<\/h2><div class=\"menu-survivor-culture-container\"><ul id=\"menu-survivor-culture-1\" class=\"menu\"><li class=\"menu-item menu-item-type-post_type menu-item-object-page menu-item-9216\"><a href=\"https:\/\/madnesscanada.com\/fr\/after-the-asylum\/survivor-culture\/what-is-survivor-culture\/\">\u00c9tablir une histoire culturelle<\/a><\/li>\n<li class=\"menu-item menu-item-type-post_type menu-item-object-page menu-item-9218\"><a href=\"https:\/\/madnesscanada.com\/fr\/after-the-asylum\/survivor-culture\/francais-solidarite-psychiatrie\/\">Solidarit\u00e9-Psychiatrie<\/a><\/li>\n<\/ul><\/div><\/div><!-- \/Widget Shortcode --><\/div>\n<nav aria-label=\"breadcrumbs\">\n            <div class=\"breadcrumb-container theme1\">\n                <ol>\n                                    <\/ol>\n            <\/div>\n        <\/nav>    <script type=\"application\/ld+json\">\n        {\n            \"@context\": \"http:\/\/schema.org\",\n            \"@type\": \"BreadcrumbList\",\n            \"itemListElement\": [\n                            ]\n        }\n    <\/script>\n   \n    <script>\n            <\/script>\n\n<h1>Culture de la survivante<\/h1>\n<h2><span style=\"color: #6a4686; font-size: 14pt;\">(cul\u00b7ture de la sur\u00b7vi\u00b7vante)<\/span><\/h2>\n<h2><span style=\"font-size: 14pt;\"><span style=\"color: #6a4686; font-weight: bold;\">1. nom. Arts pratiqu\u00e9s par celles et ceux qui vivent au-del\u00e0 des traitements psychiatriques.<\/span><\/span><\/h2>\n<p><span style=\"font-size: 13pt;\"><em>L\u2019art est-il r\u00e9volutionnaire? Hautement politique et intime, l\u2019art survivant a \u00e9merg\u00e9 au cours de l\u2019\u00e8re post-asiles. Pour Tracey Mitchell, la conservatrice qui a mont\u00e9 cette exposition, le travail est profond\u00e9ment personnel. Joignez-nous au sein de la galerie virtuelle qu\u2019elle a cr\u00e9\u00e9e pour voir comment l\u2019expression de la culture de la folie a enrichi notre monde.<\/em><\/span><\/p>\n<h4>\u00c9tablir une histoire culturelle<\/h4>\n<p><img loading=\"lazy\" decoding=\"async\" class=\"alignleft wp-image-2391\" src=\"https:\/\/madnesscanada.com\/wp-content\/uploads\/2019\/12\/the-beginning-another-green-150x150.jpg\" alt=\"Kathy Frank pen and ink sketch of naked woman curled in fetal position falling, &quot;to the beginning of the universe&quot; enscribed\" width=\"147\" height=\"147\" \/><span style=\"color: #6a4686; font-weight: bold;\">La culture des survivants ne s\u2019agit ni de th\u00e9rapie artistique, ni d\u2019histoires sollicit\u00e9es pour l\u2019\u00e9ducation du public. Elle repr\u00e9sente l&rsquo;expression culturelle d&rsquo;une qu\u00eate pour la justice. <\/span>Expliquant que la r\u00e9alisation de cette exposition a transform\u00e9 \u00e0 la fois sa perspective sur la communaut\u00e9 des survivants psychiatriques et sa propre identit\u00e9, la commissaire Tracey Mitchell soutient que le personnel et le politique sont inextricablement li\u00e9s dans la culture des survivants. <strong><a href=\"https:\/\/madnesscanada.com\/fr\/after-the-asylum\/survivor-culture\/francais-solidarite-psychiatrie\/\">Consulter la section \u00c9tablier une histoire culturelle.<\/a><\/strong><\/p>\n<h4>Solidarit\u00e9-Psychiartie<\/h4>\n<p><img loading=\"lazy\" decoding=\"async\" class=\"alignleft size-thumbnail wp-image-2420\" src=\"https:\/\/madnesscanada.com\/wp-content\/uploads\/2019\/12\/edited-version-150x150.png\" alt=\"\" width=\"150\" height=\"150\" \/>Mis sur pied en 1979 afin de tisser des liens de solidarit\u00e9 entre ex psychiatris\u00e9s, Solidarit\u00e9-Psychiatrie constitue un organisme pionnier parmi les regroupements alternatifs en sant\u00e9 mentale au Qu\u00e9bec. Cet organisme offrira un milieu de vie dynamique et un espace de solidarit\u00e9 et d\u2019\u00e9mancipation \u00e0 des centaines de membres jusqu\u2019\u00e0 sa disparition d\u00e9finitive en 2007. <a href=\"https:\/\/madnesscanada.com\/fr\/after-the-asylum\/survivor-culture\/francais-solidarite-psychiatrie\/\"><strong>Consulter la section Solidarit\u00e9-Psychiartie.<\/strong><\/a><\/p>\n<p>&nbsp;<\/p>","protected":false},"excerpt":{"rendered":"<p>Culture de la survivante (cul\u00b7ture de la sur\u00b7vi\u00b7vante) 1. nom. Arts pratiqu\u00e9s par celles et ceux qui vivent au-del\u00e0 des traitements psychiatriques. L\u2019art est-il r\u00e9volutionnaire? Hautement politique et intime, l\u2019art survivant a \u00e9merg\u00e9 au cours de l\u2019\u00e8re post-asiles. Pour Tracey Mitchell, la conservatrice qui a mont\u00e9 cette exposition, le travail est profond\u00e9ment personnel. Joignez-nous au &hellip; <\/p>\n","protected":false},"author":3,"featured_media":0,"parent":9133,"menu_order":2,"comment_status":"closed","ping_status":"closed","template":"","meta":{"footnotes":""},"class_list":["post-51","page","type-page","status-publish","hentry","entry"],"aioseo_notices":[],"_links":{"self":[{"href":"https:\/\/madnesscanada.com\/fr\/wp-json\/wp\/v2\/pages\/51"}],"collection":[{"href":"https:\/\/madnesscanada.com\/fr\/wp-json\/wp\/v2\/pages"}],"about":[{"href":"https:\/\/madnesscanada.com\/fr\/wp-json\/wp\/v2\/types\/page"}],"author":[{"embeddable":true,"href":"https:\/\/madnesscanada.com\/fr\/wp-json\/wp\/v2\/users\/3"}],"replies":[{"embeddable":true,"href":"https:\/\/madnesscanada.com\/fr\/wp-json\/wp\/v2\/comments?post=51"}],"version-history":[{"count":11,"href":"https:\/\/madnesscanada.com\/fr\/wp-json\/wp\/v2\/pages\/51\/revisions"}],"predecessor-version":[{"id":12366,"href":"https:\/\/madnesscanada.com\/fr\/wp-json\/wp\/v2\/pages\/51\/revisions\/12366"}],"up":[{"embeddable":true,"href":"https:\/\/madnesscanada.com\/fr\/wp-json\/wp\/v2\/pages\/9133"}],"wp:attachment":[{"href":"https:\/\/madnesscanada.com\/fr\/wp-json\/wp\/v2\/media?parent=51"}],"curies":[{"name":"wp","href":"https:\/\/api.w.org\/{rel}","templated":true}]}}