{"id":65,"date":"2019-01-08T14:51:36","date_gmt":"2019-01-08T19:51:36","guid":{"rendered":"https:\/\/madnesscanada.com\/?page_id=65"},"modified":"2026-04-29T09:35:48","modified_gmt":"2026-04-29T13:35:48","slug":"about-us","status":"publish","type":"page","link":"https:\/\/madnesscanada.com\/fr\/about-us\/","title":{"rendered":"\u00c0 propos"},"content":{"rendered":"<h1 class=\"wp-block-heading\">\u00c0 propos<\/h1>\n\n\n\n<p>Folie&nbsp;Canada croit que les \u00e9tudes sur la d\u00e9mence doivent se rapporter au public tout en accordant une attention particuli\u00e8re aux m\u00e9canismes de pouvoir et aux questions de justice sociale. Nous souhaitons utiliser l\u2019histoire pour comprendre le pr\u00e9sent et \u00e9clairer l\u2019avenir.<\/p>\n\n\n\n<p>Notre travail s\u2019appuie sur des exp\u00e9riences, des comp\u00e9tences et des perspectives diverses en reconnaissant l\u2019h\u00e9ritage Mad Pride (Fiert\u00e9 des fous) au sein des collectivit\u00e9s canadiennes. Parmi les collaborateurs du site Web figurent notamment des membres de la communaut\u00e9, des universitaires, des \u00e9ducateurs et des d\u00e9cideurs politiques.<\/p>\n\n\n\n<p>Nous cherchons de nouvelles expositions et nous encourageons aussi la participation de personnes ayant un v\u00e9cu exp\u00e9rientiel. Si vous souhaitez pr\u00e9senter une demande pour monter une exposition sur le site, veuillez remplir ce formulaire et nous l\u2019envoyer.<\/p>\n\n\n\n<h4 class=\"wp-block-heading\">Faites connaissance avec notre conseil d\u2019administration<\/h4>\n\n\n\n<p>Le Conseil d\u2019administration est compos\u00e9 de chercheurs, d\u2019\u00e9ducateurs et de personnes ayant un v\u00e9cu exp\u00e9rientiel. Le Conseil d\u2019administration formule l\u2019orientation strat\u00e9gique de Folie&nbsp;Canada.<\/p>\n\n\n\n<div class=\"wp-block-columns are-vertically-aligned-center is-layout-flex wp-container-core-columns-is-layout-9d6595d7 wp-block-columns-is-layout-flex\">\n<div class=\"wp-block-column is-vertically-aligned-center is-layout-flow wp-block-column-is-layout-flow\" style=\"flex-basis:20%\"><div class=\"wp-block-image\">\n<figure class=\"alignleft size-full\"><img loading=\"lazy\" decoding=\"async\" width=\"902\" height=\"890\" src=\"https:\/\/madnesscanada.com\/wp-content\/uploads\/MD-photo.png\" alt=\"Head and shoulders shot of smiling apparent woman wearing glasses, green jacket and head scarf.\" class=\"wp-image-6713\" srcset=\"https:\/\/madnesscanada.com\/wp-content\/uploads\/MD-photo.png 902w, https:\/\/madnesscanada.com\/wp-content\/uploads\/MD-photo-300x296.png 300w, https:\/\/madnesscanada.com\/wp-content\/uploads\/MD-photo-768x758.png 768w\" sizes=\"auto, (max-width: 767px) 89vw, (max-width: 1000px) 54vw, (max-width: 1071px) 543px, 580px\" \/><\/figure>\n<\/div><\/div>\n\n\n\n<div class=\"wp-block-column is-vertically-aligned-center is-layout-flow wp-block-column-is-layout-flow\" style=\"flex-basis:80%\">\n<p><strong>Megan Davies<\/strong> croit en un monde plus propice \u00e0 la sant\u00e9 mentale, ancr\u00e9 dans l\u2019identit\u00e9 individuelle, la bienveillance et l\u2019esprit collectif, et s\u2019efforce de refl\u00e9ter ces valeurs dans les pages de Folie Canada. Professeure \u00e9m\u00e9rite \u00e0 l\u2019Universit\u00e9 York, elle utilise des pratiques de l\u2019histoire activiste dans son travail sur la folie, la COVID, le vieillissement, la prestation de soins et la sant\u00e9 au quotidien. Megan est historienne, auteure, feutri\u00e8re, nageuse, jardini\u00e8re et soignante.<\/p>\n<\/div>\n<\/div>\n\n\n\n<div class=\"wp-block-columns are-vertically-aligned-center is-layout-flex wp-container-core-columns-is-layout-9d6595d7 wp-block-columns-is-layout-flex\">\n<div class=\"wp-block-column is-vertically-aligned-center is-layout-flow wp-block-column-is-layout-flow\" style=\"flex-basis:20%\"><div class=\"wp-block-image\">\n<figure class=\"alignleft size-full\"><img loading=\"lazy\" decoding=\"async\" width=\"1080\" height=\"1080\" src=\"https:\/\/madnesscanada.com\/wp-content\/uploads\/Rachel-G.jpg\" alt=\"\" class=\"wp-image-13068\" srcset=\"https:\/\/madnesscanada.com\/wp-content\/uploads\/Rachel-G.jpg 1080w, https:\/\/madnesscanada.com\/wp-content\/uploads\/Rachel-G-300x300.jpg 300w, https:\/\/madnesscanada.com\/wp-content\/uploads\/Rachel-G-1024x1024.jpg 1024w, https:\/\/madnesscanada.com\/wp-content\/uploads\/Rachel-G-150x150.jpg 150w, https:\/\/madnesscanada.com\/wp-content\/uploads\/Rachel-G-768x768.jpg 768w, https:\/\/madnesscanada.com\/wp-content\/uploads\/Rachel-G-100x100.jpg 100w\" sizes=\"auto, (max-width: 767px) 89vw, (max-width: 1000px) 54vw, (max-width: 1071px) 543px, 580px\" \/><\/figure>\n<\/div><\/div>\n\n\n\n<div class=\"wp-block-column is-vertically-aligned-center is-layout-flow wp-block-column-is-layout-flow\" style=\"flex-basis:80%\">\n<p><strong>Rachel Galea<\/strong>&nbsp;s\u2019int\u00e9resse \u00e0 la relation entre soins de sant\u00e9 et diagnostic de trouble mental chez les femmes, en particulier les troubles de la personnalit\u00e9 limite. Elle veut instaurer des services de sant\u00e9 novateurs et \u00e9quitables pour les personnes stigmatis\u00e9es. Infirmi\u00e8re autoris\u00e9e, Rachel enseigne \u00e0 temps plein \u00e0 l\u2019\u00e9cole des sciences infirmi\u00e8res Trent\/Fleming et est doctorante en recherche sociale interdisciplinaire \u00e0 l\u2019Universit\u00e9 Trent.<\/p>\n<\/div>\n<\/div>\n\n\n\n<div class=\"wp-block-columns are-vertically-aligned-center is-layout-flex wp-container-core-columns-is-layout-9d6595d7 wp-block-columns-is-layout-flex\">\n<div class=\"wp-block-column is-vertically-aligned-center is-layout-flow wp-block-column-is-layout-flow\" style=\"flex-basis:20%\"><div class=\"wp-block-image\">\n<figure class=\"alignleft size-full\"><img loading=\"lazy\" decoding=\"async\" width=\"1080\" height=\"1080\" src=\"https:\/\/madnesscanada.com\/wp-content\/uploads\/Peter-M.jpg\" alt=\"\" class=\"wp-image-13071\" srcset=\"https:\/\/madnesscanada.com\/wp-content\/uploads\/Peter-M.jpg 1080w, https:\/\/madnesscanada.com\/wp-content\/uploads\/Peter-M-300x300.jpg 300w, https:\/\/madnesscanada.com\/wp-content\/uploads\/Peter-M-1024x1024.jpg 1024w, https:\/\/madnesscanada.com\/wp-content\/uploads\/Peter-M-150x150.jpg 150w, https:\/\/madnesscanada.com\/wp-content\/uploads\/Peter-M-768x768.jpg 768w, https:\/\/madnesscanada.com\/wp-content\/uploads\/Peter-M-100x100.jpg 100w\" sizes=\"auto, (max-width: 767px) 89vw, (max-width: 1000px) 54vw, (max-width: 1071px) 543px, 580px\" \/><\/figure>\n<\/div><\/div>\n\n\n\n<div class=\"wp-block-column is-vertically-aligned-center is-layout-flow wp-block-column-is-layout-flow\" style=\"flex-basis:80%\">\n<p><strong>Peter Martin<\/strong>&nbsp;apporte au CA une expertise juridique issue de sa carri\u00e8re en droit des r\u00e9fugi\u00e9s, en droit des autochtones et en droit antiterroriste. Il a quitt\u00e9 le milieu pour s\u2019occuper de sa sant\u00e9 mentale et a v\u00e9cu un moment en situation d\u2019itin\u00e9rance. Apr\u00e8s avoir si\u00e9g\u00e9 au CA de PARC \u00e0 Toronto, Peter est devenu gestionnaire de l\u2019aide au logement pour la Toronto Alliance to End Homelessness, poste qu\u2019il occupe toujours.<\/p>\n<\/div>\n<\/div>\n\n\n\n<div class=\"wp-block-columns are-vertically-aligned-center is-layout-flex wp-container-core-columns-is-layout-9d6595d7 wp-block-columns-is-layout-flex\">\n<div class=\"wp-block-column is-vertically-aligned-center is-layout-flow wp-block-column-is-layout-flow\" style=\"flex-basis:20%\"><div class=\"wp-block-image\">\n<figure class=\"alignleft size-full\"><img loading=\"lazy\" decoding=\"async\" width=\"822\" height=\"822\" src=\"https:\/\/madnesscanada.com\/wp-content\/uploads\/MM-photo.png\" alt=\"Body shot of blond serious looking apparent woman standing against blue circular wall art.\" class=\"wp-image-6715\" srcset=\"https:\/\/madnesscanada.com\/wp-content\/uploads\/MM-photo.png 822w, https:\/\/madnesscanada.com\/wp-content\/uploads\/MM-photo-300x300.png 300w, https:\/\/madnesscanada.com\/wp-content\/uploads\/MM-photo-150x150.png 150w, https:\/\/madnesscanada.com\/wp-content\/uploads\/MM-photo-768x768.png 768w\" sizes=\"auto, (max-width: 767px) 89vw, (max-width: 1000px) 54vw, (max-width: 1071px) 543px, 580px\" \/><\/figure>\n<\/div><\/div>\n\n\n\n<div class=\"wp-block-column is-vertically-aligned-center is-layout-flow wp-block-column-is-layout-flow\" style=\"flex-basis:80%\">\n<p><strong>Marina Morrow<\/strong>&nbsp;travaille avec des organismes communautaires, des professionnels de la sant\u00e9, des d\u00e9fenseurs des droits et des d\u00e9cideurs politiques pour favoriser la mise en place d\u2019une aide en sant\u00e9 mentale non coercitive et orient\u00e9e par l\u2019utilisateur. Premi\u00e8re directrice du&nbsp;<a href=\"https:\/\/www.yorku.ca\/research\/madstudieshub\/\" target=\"_blank\" rel=\"noreferrer noopener\">Mad Studies Hub<\/a>&nbsp;de l\u2019Universit\u00e9 York, elle a maintenant un nouveau projet :&nbsp;<a href=\"https:\/\/www.socialjusticeinmentalhealth.org\/\" target=\"_blank\" rel=\"noreferrer noopener\">comprendre les droits de la personne et la justice sociale en sant\u00e9 mentale<\/a>. Marina a \u00e9t\u00e9 t\u00e9moin experte dans la contestation fond\u00e9e sur la Charte de la loi sur la sant\u00e9 mentale de la Colombie-Britannique en 2025.<\/p>\n<\/div>\n<\/div>\n\n\n\n<div class=\"wp-block-columns are-vertically-aligned-center is-layout-flex wp-container-core-columns-is-layout-9d6595d7 wp-block-columns-is-layout-flex\">\n<div class=\"wp-block-column is-vertically-aligned-center is-layout-flow wp-block-column-is-layout-flow\" style=\"flex-basis:20%\"><div class=\"wp-block-image\">\n<figure class=\"alignleft size-full\"><img loading=\"lazy\" decoding=\"async\" width=\"1080\" height=\"1080\" src=\"https:\/\/madnesscanada.com\/wp-content\/uploads\/Essya-N.jpg\" alt=\"\" class=\"wp-image-13073\" srcset=\"https:\/\/madnesscanada.com\/wp-content\/uploads\/Essya-N.jpg 1080w, https:\/\/madnesscanada.com\/wp-content\/uploads\/Essya-N-300x300.jpg 300w, https:\/\/madnesscanada.com\/wp-content\/uploads\/Essya-N-1024x1024.jpg 1024w, https:\/\/madnesscanada.com\/wp-content\/uploads\/Essya-N-150x150.jpg 150w, https:\/\/madnesscanada.com\/wp-content\/uploads\/Essya-N-768x768.jpg 768w, https:\/\/madnesscanada.com\/wp-content\/uploads\/Essya-N-100x100.jpg 100w\" sizes=\"auto, (max-width: 767px) 89vw, (max-width: 1000px) 54vw, (max-width: 1071px) 543px, 580px\" \/><\/figure>\n<\/div><\/div>\n\n\n\n<div class=\"wp-block-column is-vertically-aligned-center is-layout-flow wp-block-column-is-layout-flow\" style=\"flex-basis:80%\">\n<p><strong>Essya M. Nabbali<\/strong>&nbsp;militante tr\u00e8s active dans le domaine de la folie, a pour philosophie qu\u2019il faut recentrer la compassion et red\u00e9finir la vie en soci\u00e9t\u00e9. Cette chercheuse, \u00e9ducatrice et interpr\u00e8te des donn\u00e9es est bilingue (anglais-fran\u00e7ais) et \u0153uvre au sein de sa communaut\u00e9. Elle a pass\u00e9 l\u2019essentiel des deux derni\u00e8res d\u00e9cennies \u00e0 analyser les r\u00e9percussions des politiques, des genres et des contextes internationaux et nationaux, notamment la pauvret\u00e9 structurelle, sur la sant\u00e9, les soins et la compassion.<\/p>\n<\/div>\n<\/div>\n\n\n\n<div class=\"wp-block-columns are-vertically-aligned-center is-layout-flex wp-container-core-columns-is-layout-9d6595d7 wp-block-columns-is-layout-flex\">\n<div class=\"wp-block-column is-vertically-aligned-center is-layout-flow wp-block-column-is-layout-flow\" style=\"flex-basis:20%\"><div class=\"wp-block-image\">\n<figure class=\"alignleft size-full\"><img loading=\"lazy\" decoding=\"async\" width=\"1080\" height=\"1080\" src=\"https:\/\/madnesscanada.com\/wp-content\/uploads\/Kira-S.jpg\" alt=\"\" class=\"wp-image-13074\" srcset=\"https:\/\/madnesscanada.com\/wp-content\/uploads\/Kira-S.jpg 1080w, https:\/\/madnesscanada.com\/wp-content\/uploads\/Kira-S-300x300.jpg 300w, https:\/\/madnesscanada.com\/wp-content\/uploads\/Kira-S-1024x1024.jpg 1024w, https:\/\/madnesscanada.com\/wp-content\/uploads\/Kira-S-150x150.jpg 150w, https:\/\/madnesscanada.com\/wp-content\/uploads\/Kira-S-768x768.jpg 768w, https:\/\/madnesscanada.com\/wp-content\/uploads\/Kira-S-100x100.jpg 100w\" sizes=\"auto, (max-width: 767px) 89vw, (max-width: 1000px) 54vw, (max-width: 1071px) 543px, 580px\" \/><\/figure>\n<\/div><\/div>\n\n\n\n<div class=\"wp-block-column is-vertically-aligned-center is-layout-flow wp-block-column-is-layout-flow\" style=\"flex-basis:80%\">\n<p><strong>Kira A. Smith<\/strong>&nbsp;croit en l\u2019importance de l\u2019histoire et de la m\u00e9moire dans le d\u00e9veloppement du sentiment d\u2019appartenance et le r\u00eave d\u2019un avenir meilleur. \u00c0 Folie Canada, elle pr\u00e9voit utiliser ses comp\u00e9tences d\u2019historienne publique pour redonner \u00e0 la communaut\u00e9 en archivant et en interpr\u00e9tant l\u2019histoire de la folie. Sa th\u00e8se de doctorat et ses recherches r\u00e9centes ont port\u00e9 sur les diverses exp\u00e9riences v\u00e9cues par les enfants dans les asiles canadiens.<\/p>\n<\/div>\n<\/div>\n\n\n\n<div class=\"wp-block-columns are-vertically-aligned-center is-layout-flex wp-container-core-columns-is-layout-9d6595d7 wp-block-columns-is-layout-flex\">\n<div class=\"wp-block-column is-vertically-aligned-center is-layout-flow wp-block-column-is-layout-flow\" style=\"flex-basis:20%\"><div class=\"wp-block-image\">\n<figure class=\"alignleft size-full\"><img loading=\"lazy\" decoding=\"async\" width=\"1080\" height=\"1080\" src=\"https:\/\/madnesscanada.com\/wp-content\/uploads\/Allison-T.jpg\" alt=\"\" class=\"wp-image-13075\" srcset=\"https:\/\/madnesscanada.com\/wp-content\/uploads\/Allison-T.jpg 1080w, https:\/\/madnesscanada.com\/wp-content\/uploads\/Allison-T-300x300.jpg 300w, https:\/\/madnesscanada.com\/wp-content\/uploads\/Allison-T-1024x1024.jpg 1024w, https:\/\/madnesscanada.com\/wp-content\/uploads\/Allison-T-150x150.jpg 150w, https:\/\/madnesscanada.com\/wp-content\/uploads\/Allison-T-768x768.jpg 768w, https:\/\/madnesscanada.com\/wp-content\/uploads\/Allison-T-100x100.jpg 100w\" sizes=\"auto, (max-width: 767px) 89vw, (max-width: 1000px) 54vw, (max-width: 1071px) 543px, 580px\" \/><\/figure>\n<\/div><\/div>\n\n\n\n<div class=\"wp-block-column is-vertically-aligned-center is-layout-flow wp-block-column-is-layout-flow\" style=\"flex-basis:80%\">\n<p><strong>Allison Tarr<\/strong>&nbsp;pr\u00f4ne des soins courageux, relationnels, sans peur de la complexit\u00e9. Elle a h\u00e2te de travailler \u00e0 Folie Canada pour soutenir des espaces accessibles ax\u00e9s sur la justice qui embrassent le v\u00e9cu et stimulent un dialogue crucial avec l\u2019h\u00e9ritage des services de sant\u00e9 mentale au Canada. Artiste, auteure et conseill\u00e8re en devenir, Allison a une passion pour les oiseaux coureurs.<\/p>\n<\/div>\n<\/div>\n\n\n\n<div class=\"wp-block-columns are-vertically-aligned-center is-layout-flex wp-container-core-columns-is-layout-9d6595d7 wp-block-columns-is-layout-flex\">\n<div class=\"wp-block-column is-vertically-aligned-center is-layout-flow wp-block-column-is-layout-flow\" style=\"flex-basis:20%\"><div class=\"wp-block-image\">\n<figure class=\"alignleft size-full\"><img loading=\"lazy\" decoding=\"async\" width=\"1080\" height=\"1080\" src=\"https:\/\/madnesscanada.com\/wp-content\/uploads\/Tim-T.jpg\" alt=\"\" class=\"wp-image-13076\" srcset=\"https:\/\/madnesscanada.com\/wp-content\/uploads\/Tim-T.jpg 1080w, https:\/\/madnesscanada.com\/wp-content\/uploads\/Tim-T-300x300.jpg 300w, https:\/\/madnesscanada.com\/wp-content\/uploads\/Tim-T-1024x1024.jpg 1024w, https:\/\/madnesscanada.com\/wp-content\/uploads\/Tim-T-150x150.jpg 150w, https:\/\/madnesscanada.com\/wp-content\/uploads\/Tim-T-768x768.jpg 768w, https:\/\/madnesscanada.com\/wp-content\/uploads\/Tim-T-100x100.jpg 100w\" sizes=\"auto, (max-width: 767px) 89vw, (max-width: 1000px) 54vw, (max-width: 1071px) 543px, 580px\" \/><\/figure>\n<\/div><\/div>\n\n\n\n<div class=\"wp-block-column is-vertically-aligned-center is-layout-flow wp-block-column-is-layout-flow\" style=\"flex-basis:80%\">\n<p><strong>Tim Tripp<\/strong>&nbsp;fait le pont avec FOCA (Amis des Archives du CAMH), l\u2019alli\u00e9 de Folie Canada. L\u2019\u00e9nergie, les id\u00e9es et le rayonnement de Folie Canada le stimulent, de m\u00eame que la fra\u00eecheur qu\u2019apporteront les nouveaux membres du CA \u00e0 l\u2019automne 2025. Form\u00e9 en biblioth\u00e9conomie et en sciences de l\u2019information, Tim a travaill\u00e9 avec des technologies informatiques d\u2019avant-garde au CAMH et au R\u00e9seau universitaire de sant\u00e9 de Toronto.<\/p>\n<\/div>\n<\/div>\n\n\n\n<p>&nbsp;<\/p>","protected":false},"excerpt":{"rendered":"<p>\u00c0 propos Folie&nbsp;Canada croit que les \u00e9tudes sur la d\u00e9mence doivent se rapporter au public tout en accordant une attention particuli\u00e8re aux m\u00e9canismes de pouvoir et aux questions de justice sociale. Nous souhaitons utiliser l\u2019histoire pour comprendre le pr\u00e9sent et \u00e9clairer l\u2019avenir. Notre travail s\u2019appuie sur des exp\u00e9riences, des comp\u00e9tences et des perspectives diverses en &hellip; <\/p>\n<p class=\"link-more\"><a href=\"https:\/\/madnesscanada.com\/fr\/about-us\/\" class=\"more-link\">Continuer la lecture<span class=\"screen-reader-text\"> de &laquo;&nbsp;\u00c0 propos&nbsp;&raquo;<\/span><\/a><\/p>\n","protected":false},"author":3,"featured_media":0,"parent":0,"menu_order":14,"comment_status":"closed","ping_status":"closed","template":"","meta":{"footnotes":""},"class_list":["post-65","page","type-page","status-publish","hentry"],"_links":{"self":[{"href":"https:\/\/madnesscanada.com\/fr\/wp-json\/wp\/v2\/pages\/65","targetHints":{"allow":["GET"]}}],"collection":[{"href":"https:\/\/madnesscanada.com\/fr\/wp-json\/wp\/v2\/pages"}],"about":[{"href":"https:\/\/madnesscanada.com\/fr\/wp-json\/wp\/v2\/types\/page"}],"author":[{"embeddable":true,"href":"https:\/\/madnesscanada.com\/fr\/wp-json\/wp\/v2\/users\/3"}],"replies":[{"embeddable":true,"href":"https:\/\/madnesscanada.com\/fr\/wp-json\/wp\/v2\/comments?post=65"}],"version-history":[{"count":50,"href":"https:\/\/madnesscanada.com\/fr\/wp-json\/wp\/v2\/pages\/65\/revisions"}],"predecessor-version":[{"id":13447,"href":"https:\/\/madnesscanada.com\/fr\/wp-json\/wp\/v2\/pages\/65\/revisions\/13447"}],"wp:attachment":[{"href":"https:\/\/madnesscanada.com\/fr\/wp-json\/wp\/v2\/media?parent=65"}],"curies":[{"name":"wp","href":"https:\/\/api.w.org\/{rel}","templated":true}]}}