{"id":6768,"date":"2022-02-28T12:08:22","date_gmt":"2022-02-28T17:08:22","guid":{"rendered":"https:\/\/madnesscanada.com\/?page_id=6768"},"modified":"2024-04-10T07:50:21","modified_gmt":"2024-04-10T11:50:21","slug":"learning-ensemble","status":"publish","type":"page","link":"https:\/\/madnesscanada.com\/fr\/learning-ensemble\/","title":{"rendered":"(English) Learning Ensemble"},"content":{"rendered":"<p><!-- Widget Shortcode --><div id=\"search-3\" class=\"widget widget_search widget-shortcode area-arbitrary \"><h2 class=\"widgettitle\">(English) SEARCH<\/h2>\n\n<form role=\"search\" method=\"get\" class=\"search-form\" action=\"https:\/\/madnesscanada.com\/fr\/\">\n\t<label for=\"search-form-2\">\n\t\t<span class=\"screen-reader-text\">\n\t\t\tRecherche pour :\t\t<\/span>\n\t<\/label>\n\t<input type=\"search\" id=\"search-form-2\" class=\"search-field\" placeholder=\"Recherche&hellip;\" value=\"\" name=\"s\" \/>\n\t<button type=\"submit\" class=\"search-submit\"><svg class=\"icon icon-search\" aria-hidden=\"true\" role=\"img\"> <use href=\"#icon-search\" xlink:href=\"#icon-search\"><\/use> <\/svg><span class=\"screen-reader-text\">\n\t\tRecherche\t<\/span><\/button>\n<\/form>\n<\/div><!-- \/Widget Shortcode --><\/p>\n<h1>Apprendre ensemble<\/h1>\n<p>La sant\u00e9 mentale est un sujet de pr\u00e9occupation au Canada et dans le monde ; cependant, il est difficile de trouver des ressources p\u00e9dagogiques novatrices et objectives sur le sujet. Apprendre ensemble est n\u00e9e d\u2019un partenariat entre des experts universitaires et communautaires ayant une exp\u00e9rience directe des services de sant\u00e9 mentale. En compl\u00e9ment du programme scolaire, Apprendre ensemble permet aux \u00e9tudiants de favoriser des changements positifs en mati\u00e8re de sant\u00e9 mentale.<\/p>\n<p><strong>Comment utiliser ce site<\/strong><br \/>\nComment optimiser les ressources de ce site?<br \/>\n<a href=\"https:\/\/madschool.ca\/how-to-use-this-site\/\">Visiter Comment utiliser ce site<\/a><\/p>\n<p><strong>Module Stigmatisation<\/strong><br \/>\nComment lutter contre l\u2019intol\u00e9rance et l\u2019in\u00e9galit\u00e9 face \u00e0 la sant\u00e9 mentale?<br \/>\n<a href=\"https:\/\/madschool.ca\/stigma-and-discrimination\/\">Visiter Stigmatisation<\/a><\/p>\n<p><strong>Module Faire changement<\/strong><br \/>\nComment les praticiens peuvent-ils exploiter le potentiel de l\u2019activisme communautaire?<br \/>\n<a href=\"https:\/\/madschool.ca\/advocacy-activism\/\">Visiter Faire changement<\/a><\/p>\n<p><strong>Module M\u00e9decine et pouvoir<\/strong><br \/>\nPourquoi les mod\u00e8les de traitements m\u00e9dicaux dominent-ils le domaine de la sant\u00e9 mentale?<br \/>\n<a href=\"https:\/\/madschool.ca\/medicine-and-power\/\">Visiter M\u00e9decine et pouvoir<\/a><\/p>\n<p><strong>Module Alternatives<\/strong><br \/>\nQu\u2019est-ce qui fonctionne pour les usagers de services de sant\u00e9 mentale?<br \/>\n<a href=\"https:\/\/madschool.ca\/models-of-practice\/\">Visiter Alternatives<\/a><\/p>\n<p><strong>Module Politiques<\/strong><br \/>\nQuels ont \u00e9t\u00e9 les premiers mod\u00e8les de sant\u00e9 mentale communautaire?<br \/>\n<a href=\"https:\/\/madschool.ca\/policy-into-practice\/\">Visiter Politiques<\/a><\/p>","protected":false},"excerpt":{"rendered":"<p>Apprendre ensemble La sant\u00e9 mentale est un sujet de pr\u00e9occupation au Canada et dans le monde ; cependant, il est difficile de trouver des ressources p\u00e9dagogiques novatrices et objectives sur le sujet. Apprendre ensemble est n\u00e9e d\u2019un partenariat entre des experts universitaires et communautaires ayant une exp\u00e9rience directe des services de sant\u00e9 mentale. En compl\u00e9ment &hellip; <\/p>\n<p class=\"link-more\"><a href=\"https:\/\/madnesscanada.com\/fr\/learning-ensemble\/\" class=\"more-link\">Continuer la lecture<span class=\"screen-reader-text\"> de &laquo;&nbsp;(English) Learning Ensemble&nbsp;&raquo;<\/span><\/a><\/p>\n","protected":false},"author":3,"featured_media":0,"parent":0,"menu_order":16,"comment_status":"closed","ping_status":"closed","template":"","meta":{"footnotes":""},"class_list":["post-6768","page","type-page","status-publish","hentry"],"_links":{"self":[{"href":"https:\/\/madnesscanada.com\/fr\/wp-json\/wp\/v2\/pages\/6768","targetHints":{"allow":["GET"]}}],"collection":[{"href":"https:\/\/madnesscanada.com\/fr\/wp-json\/wp\/v2\/pages"}],"about":[{"href":"https:\/\/madnesscanada.com\/fr\/wp-json\/wp\/v2\/types\/page"}],"author":[{"embeddable":true,"href":"https:\/\/madnesscanada.com\/fr\/wp-json\/wp\/v2\/users\/3"}],"replies":[{"embeddable":true,"href":"https:\/\/madnesscanada.com\/fr\/wp-json\/wp\/v2\/comments?post=6768"}],"version-history":[{"count":3,"href":"https:\/\/madnesscanada.com\/fr\/wp-json\/wp\/v2\/pages\/6768\/revisions"}],"predecessor-version":[{"id":11988,"href":"https:\/\/madnesscanada.com\/fr\/wp-json\/wp\/v2\/pages\/6768\/revisions\/11988"}],"wp:attachment":[{"href":"https:\/\/madnesscanada.com\/fr\/wp-json\/wp\/v2\/media?parent=6768"}],"curies":[{"name":"wp","href":"https:\/\/api.w.org\/{rel}","templated":true}]}}