{"id":71,"date":"2019-01-08T14:53:51","date_gmt":"2019-01-08T19:53:51","guid":{"rendered":"http:\/\/madnesscanada.com\/?page_id=71"},"modified":"2022-04-22T20:53:16","modified_gmt":"2022-04-23T00:53:16","slug":"contact-us","status":"publish","type":"page","link":"https:\/\/madnesscanada.com\/fr\/contact-us\/","title":{"rendered":"CONTACT US"},"content":{"rendered":"<p><span lang=\"fr-CA\">Nous vous remercions de l\u2019int\u00e9r\u00eat que vous portez \u00e0 Folie Canada.<\/span><\/p>\r\n<div class=\"fEEQbbifEC8quzJXH0sd TiApUvaZOn0aLkSUHRf7 allowTextSelection\" tabindex=\"-1\" role=\"region\" aria-label=\"Message body\">\r\n<div>\r\n<div>\r\n<div lang=\"en-CA\">\r\n<div>\r\n<p><span lang=\"fr-CA\">Veuillez adresser toute question ou envoyer votre manifestation d\u2019int\u00e9r\u00eat \u00e0\u00a0:<\/span> <a href=\"mailto:madness@yorku.ca\">info@madnesscanada.com<\/a><\/p>\r\n<\/div>\r\n<\/div>\r\n<\/div>\r\n<\/div>\r\n<\/div>\r\n\r\n<p>&nbsp;<\/p>","protected":false},"excerpt":{"rendered":"<p>Nous vous remercions de l\u2019int\u00e9r\u00eat que vous portez \u00e0 Folie Canada. Veuillez adresser toute question ou envoyer votre manifestation d\u2019int\u00e9r\u00eat \u00e0\u00a0: info@madnesscanada.com &nbsp;<\/p>\n","protected":false},"author":3,"featured_media":0,"parent":0,"menu_order":8,"comment_status":"closed","ping_status":"closed","template":"","meta":{"footnotes":""},"class_list":["post-71","page","type-page","status-publish","hentry","entry"],"aioseo_notices":[],"_links":{"self":[{"href":"https:\/\/madnesscanada.com\/fr\/wp-json\/wp\/v2\/pages\/71"}],"collection":[{"href":"https:\/\/madnesscanada.com\/fr\/wp-json\/wp\/v2\/pages"}],"about":[{"href":"https:\/\/madnesscanada.com\/fr\/wp-json\/wp\/v2\/types\/page"}],"author":[{"embeddable":true,"href":"https:\/\/madnesscanada.com\/fr\/wp-json\/wp\/v2\/users\/3"}],"replies":[{"embeddable":true,"href":"https:\/\/madnesscanada.com\/fr\/wp-json\/wp\/v2\/comments?post=71"}],"version-history":[{"count":8,"href":"https:\/\/madnesscanada.com\/fr\/wp-json\/wp\/v2\/pages\/71\/revisions"}],"predecessor-version":[{"id":7408,"href":"https:\/\/madnesscanada.com\/fr\/wp-json\/wp\/v2\/pages\/71\/revisions\/7408"}],"wp:attachment":[{"href":"https:\/\/madnesscanada.com\/fr\/wp-json\/wp\/v2\/media?parent=71"}],"curies":[{"name":"wp","href":"https:\/\/api.w.org\/{rel}","templated":true}]}}