{"id":810,"date":"2026-04-16T16:01:06","date_gmt":"2026-04-16T20:01:06","guid":{"rendered":"https:\/\/madnesscanada.com\/?page_id=810"},"modified":"2026-04-23T10:33:12","modified_gmt":"2026-04-23T14:33:12","slug":"community","status":"publish","type":"page","link":"https:\/\/madnesscanada.com\/fr\/community\/","title":{"rendered":"Communaut\u00e9"},"content":{"rendered":"<h1 class=\"wp-block-heading\">Communaut\u00e9<\/h1>\n\n\n\n<p>Nous avons tous besoin de d\u00e9velopper notre communaut\u00e9 \u2013 <em>ce n\u2019est pas juste \u00e0 propos de nous, mais aussi \u00e0 propos de vous<\/em>. M\u00eame si elle est encore en d\u00e9veloppement, cette section se centre sur la communication, la connexion, la d\u00e9fense et la sensibilisation. C\u2019est un espace pour faciliter le partage, la collaboration et le dialogue et en apprendre plus sur nos activit\u00e9s, nos campagnes et notre financement. Regardez-la prendre forme. <\/p>\n\n\n\n<p>Nous vous invitons aussi \u00e0 partager vos id\u00e9es, vos \u00e9v\u00e9nements, votre action collective et plus encore. Veuillez nous <a href=\"mailto:info@madnesscanada.com\">envoyer un courriel<\/a> sur comment nous pouvons cr\u00e9er des espaces de folie ensemble et supporter la mobilisation collective. Bienvenue!<\/p>","protected":false},"excerpt":{"rendered":"<p>Communaut\u00e9 Nous avons tous besoin de d\u00e9velopper notre communaut\u00e9 \u2013 ce n\u2019est pas juste \u00e0 propos de nous, mais aussi \u00e0 propos de vous. M\u00eame si elle est encore en d\u00e9veloppement, cette section se centre sur la communication, la connexion, la d\u00e9fense et la sensibilisation. C\u2019est un espace pour faciliter le partage, la collaboration et &hellip; <\/p>\n<p class=\"link-more\"><a href=\"https:\/\/madnesscanada.com\/fr\/community\/\" class=\"more-link\">Continuer la lecture<span class=\"screen-reader-text\"> de &laquo;&nbsp;Communaut\u00e9&nbsp;&raquo;<\/span><\/a><\/p>\n","protected":false},"author":3,"featured_media":0,"parent":0,"menu_order":4,"comment_status":"closed","ping_status":"closed","template":"","meta":{"footnotes":""},"class_list":["post-810","page","type-page","status-publish","hentry"],"_links":{"self":[{"href":"https:\/\/madnesscanada.com\/fr\/wp-json\/wp\/v2\/pages\/810","targetHints":{"allow":["GET"]}}],"collection":[{"href":"https:\/\/madnesscanada.com\/fr\/wp-json\/wp\/v2\/pages"}],"about":[{"href":"https:\/\/madnesscanada.com\/fr\/wp-json\/wp\/v2\/types\/page"}],"author":[{"embeddable":true,"href":"https:\/\/madnesscanada.com\/fr\/wp-json\/wp\/v2\/users\/3"}],"replies":[{"embeddable":true,"href":"https:\/\/madnesscanada.com\/fr\/wp-json\/wp\/v2\/comments?post=810"}],"version-history":[{"count":5,"href":"https:\/\/madnesscanada.com\/fr\/wp-json\/wp\/v2\/pages\/810\/revisions"}],"predecessor-version":[{"id":13311,"href":"https:\/\/madnesscanada.com\/fr\/wp-json\/wp\/v2\/pages\/810\/revisions\/13311"}],"wp:attachment":[{"href":"https:\/\/madnesscanada.com\/fr\/wp-json\/wp\/v2\/media?parent=810"}],"curies":[{"name":"wp","href":"https:\/\/api.w.org\/{rel}","templated":true}]}}