{"id":826,"date":"2019-03-01T10:56:35","date_gmt":"2019-03-01T15:56:35","guid":{"rendered":"http:\/\/madnesscanada.com\/?page_id=826"},"modified":"2022-07-03T22:54:02","modified_gmt":"2022-07-04T02:54:02","slug":"video","status":"publish","type":"page","link":"https:\/\/madnesscanada.com\/fr\/resources\/video\/","title":{"rendered":"Vid\u00e9os"},"content":{"rendered":"<\/p>\r\n<!-- wp:html -->\r\n<!-- Widget Shortcode --><div id=\"nav_menu-3\" class=\"widget widget_nav_menu widget-shortcode area-arbitrary \"><h2 class=\"widgettitle\">(English) Resources<\/h2><div class=\"menu-resources-container\"><ul id=\"menu-resources-1\" class=\"menu\"><li class=\"menu-item menu-item-type-post_type menu-item-object-page menu-item-836\"><a href=\"https:\/\/madnesscanada.com\/fr\/resources\/\">Ressources<\/a><\/li>\n<li class=\"menu-item menu-item-type-post_type menu-item-object-page menu-item-838\"><a href=\"https:\/\/madnesscanada.com\/fr\/resources\/scholarship\/\">Publications scientifiques<\/a><\/li>\n<li class=\"menu-item menu-item-type-post_type menu-item-object-page menu-item-841\"><a href=\"https:\/\/madnesscanada.com\/fr\/resources\/archives\/\">Archives<\/a><\/li>\n<li class=\"menu-item menu-item-type-post_type menu-item-object-page menu-item-839\"><a href=\"https:\/\/madnesscanada.com\/fr\/resources\/images\/\">Photographies<\/a><\/li>\n<li class=\"menu-item menu-item-type-post_type menu-item-object-page menu-item-840\"><a href=\"https:\/\/madnesscanada.com\/fr\/resources\/video\/\">Vid\u00e9os<\/a><\/li>\n<li class=\"menu-item menu-item-type-post_type menu-item-object-page menu-item-1595\"><a href=\"https:\/\/madnesscanada.com\/fr\/resources\/voices\/\">T\u00e9moignages<\/a><\/li>\n<li class=\"menu-item menu-item-type-post_type menu-item-object-page menu-item-2339\"><a href=\"https:\/\/madnesscanada.com\/fr\/resources\/about-resources\/\">\u00c0 propos des ressources<\/a><\/li>\n<\/ul><\/div><\/div><!-- \/Widget Shortcode --><!-- Widget Shortcode --><div id=\"search-3\" class=\"widget widget_search widget-shortcode area-arbitrary \"><h2 class=\"widgettitle\">(English) SEARCH<\/h2><form role=\"search\" method=\"get\" class=\"search-form\" action=\"https:\/\/madnesscanada.com\/fr\/\">\n\t\t\t\t<label>\n\t\t\t\t\t<span class=\"screen-reader-text\">Rechercher\u00a0:<\/span>\n\t\t\t\t\t<input type=\"search\" class=\"search-field\" placeholder=\"Rechercher\u2026\" value=\"\" name=\"s\" \/>\n\t\t\t\t<\/label>\n\t\t\t\t<input type=\"submit\" class=\"search-submit\" value=\"Rechercher\" \/>\n\t\t\t<\/form><\/div><!-- \/Widget Shortcode -->\r\n<div class=\"rightmenu\"><!-- Widget Shortcode --><div id=\"nav_menu-40\" class=\"widget widget_nav_menu widget-shortcode area-arbitrary \"><h2 class=\"widgettitle\">COLLECTIONS<\/h2><\/div><!-- \/Widget Shortcode --><\/div>\r\n<h1>Vid\u00e9os<\/h1>\r\n<p>Plusieurs collections d\u2019entrevues d\u2019histoire orale men\u00e9es par diverses \u00e9quipes de recherche associ\u00e9es au projet Apr\u00e8s l\u2019asile sont disponibles ici en format vid\u00e9o.<\/p>\r\n<p>Une collection d\u2019entrevues film\u00e9es relatives \u00e0 l\u2019histoire d\u2019un programme pluridisciplinaire men\u00e9 entre 1975 et 1985 aupr\u00e8s de patients psychog\u00e9riatriques de Colombie-Britannique est \u00e9galement disponible.<\/p>\r\n<p>Pour utiliser les ressources \u00e0 des fins de publication, une autorisation doit \u00eatre obtenue\u00a0au pr\u00e9alable aupr\u00e8s de Folie Canada. L\u2019utilisation en classe, en conf\u00e9rence ou \u00e0 des fins personnelles n\u2019exige pas l\u2019obtention de notre autorisation.<\/p>\r\n<!-- \/wp:html -->\r\n<p><\/p><!-- wp:html -->\r\n<!-- Widget Shortcode --><div id=\"nav_menu-3\" class=\"widget widget_nav_menu widget-shortcode area-arbitrary \"><h2 class=\"widgettitle\">(English) Resources<\/h2><div class=\"menu-resources-container\"><ul id=\"menu-resources-2\" class=\"menu\"><li class=\"menu-item menu-item-type-post_type menu-item-object-page menu-item-836\"><a href=\"https:\/\/madnesscanada.com\/fr\/resources\/\">Ressources<\/a><\/li>\n<li class=\"menu-item menu-item-type-post_type menu-item-object-page menu-item-838\"><a href=\"https:\/\/madnesscanada.com\/fr\/resources\/scholarship\/\">Publications scientifiques<\/a><\/li>\n<li class=\"menu-item menu-item-type-post_type menu-item-object-page menu-item-841\"><a href=\"https:\/\/madnesscanada.com\/fr\/resources\/archives\/\">Archives<\/a><\/li>\n<li class=\"menu-item menu-item-type-post_type menu-item-object-page menu-item-839\"><a href=\"https:\/\/madnesscanada.com\/fr\/resources\/images\/\">Photographies<\/a><\/li>\n<li class=\"menu-item menu-item-type-post_type menu-item-object-page menu-item-840\"><a href=\"https:\/\/madnesscanada.com\/fr\/resources\/video\/\">Vid\u00e9os<\/a><\/li>\n<li class=\"menu-item menu-item-type-post_type menu-item-object-page menu-item-1595\"><a href=\"https:\/\/madnesscanada.com\/fr\/resources\/voices\/\">T\u00e9moignages<\/a><\/li>\n<li class=\"menu-item menu-item-type-post_type menu-item-object-page menu-item-2339\"><a href=\"https:\/\/madnesscanada.com\/fr\/resources\/about-resources\/\">\u00c0 propos des ressources<\/a><\/li>\n<\/ul><\/div><\/div><!-- \/Widget Shortcode --><!-- Widget Shortcode --><div id=\"search-3\" class=\"widget widget_search widget-shortcode area-arbitrary \"><h2 class=\"widgettitle\">(English) SEARCH<\/h2><form role=\"search\" method=\"get\" class=\"search-form\" action=\"https:\/\/madnesscanada.com\/fr\/\">\n\t\t\t\t<label>\n\t\t\t\t\t<span class=\"screen-reader-text\">Rechercher\u00a0:<\/span>\n\t\t\t\t\t<input type=\"search\" class=\"search-field\" placeholder=\"Rechercher\u2026\" value=\"\" name=\"s\" \/>\n\t\t\t\t<\/label>\n\t\t\t\t<input type=\"submit\" class=\"search-submit\" value=\"Rechercher\" \/>\n\t\t\t<\/form><\/div><!-- \/Widget Shortcode -->\r\n<div class=\"rightmenu\"><!-- Widget Shortcode --><div id=\"nav_menu-40\" class=\"widget widget_nav_menu widget-shortcode area-arbitrary \"><h2 class=\"widgettitle\">COLLECTIONS<\/h2><\/div><!-- \/Widget Shortcode --><\/div>\r\n<h1>Vid\u00e9os<\/h1>\r\n<p>Plusieurs collections d\u2019entrevues d\u2019histoire orale men\u00e9es par diverses \u00e9quipes de recherche associ\u00e9es au projet Apr\u00e8s l\u2019asile sont disponibles ici en format vid\u00e9o.<\/p>\r\n<p>Une collection d\u2019entrevues film\u00e9es relatives \u00e0 l\u2019histoire d\u2019un programme pluridisciplinaire men\u00e9 entre 1975 et 1985 aupr\u00e8s de patients psychog\u00e9riatriques de Colombie-Britannique est \u00e9galement disponible.<\/p>\r\n<p>Pour utiliser les ressources \u00e0 des fins de publication, une autorisation doit \u00eatre obtenue\u00a0au pr\u00e9alable aupr\u00e8s de Folie Canada. L\u2019utilisation en classe, en conf\u00e9rence ou \u00e0 des fins personnelles n\u2019exige pas l\u2019obtention de notre autorisation.<\/p>\r\n<!-- \/wp:html -->","protected":false},"excerpt":{"rendered":"<p>Vid\u00e9os Plusieurs collections d\u2019entrevues d\u2019histoire orale men\u00e9es par diverses \u00e9quipes de recherche associ\u00e9es au projet Apr\u00e8s l\u2019asile sont disponibles ici en format vid\u00e9o. Une collection d\u2019entrevues film\u00e9es relatives \u00e0 l\u2019histoire d\u2019un programme pluridisciplinaire men\u00e9 entre 1975 et 1985 aupr\u00e8s de patients psychog\u00e9riatriques de Colombie-Britannique est \u00e9galement disponible. Pour utiliser les ressources \u00e0 des fins de &hellip; <\/p>\n","protected":false},"author":3,"featured_media":0,"parent":143,"menu_order":3,"comment_status":"closed","ping_status":"closed","template":"","meta":{"footnotes":""},"class_list":["post-826","page","type-page","status-publish","hentry","entry"],"aioseo_notices":[],"_links":{"self":[{"href":"https:\/\/madnesscanada.com\/fr\/wp-json\/wp\/v2\/pages\/826"}],"collection":[{"href":"https:\/\/madnesscanada.com\/fr\/wp-json\/wp\/v2\/pages"}],"about":[{"href":"https:\/\/madnesscanada.com\/fr\/wp-json\/wp\/v2\/types\/page"}],"author":[{"embeddable":true,"href":"https:\/\/madnesscanada.com\/fr\/wp-json\/wp\/v2\/users\/3"}],"replies":[{"embeddable":true,"href":"https:\/\/madnesscanada.com\/fr\/wp-json\/wp\/v2\/comments?post=826"}],"version-history":[{"count":30,"href":"https:\/\/madnesscanada.com\/fr\/wp-json\/wp\/v2\/pages\/826\/revisions"}],"predecessor-version":[{"id":6682,"href":"https:\/\/madnesscanada.com\/fr\/wp-json\/wp\/v2\/pages\/826\/revisions\/6682"}],"up":[{"embeddable":true,"href":"https:\/\/madnesscanada.com\/fr\/wp-json\/wp\/v2\/pages\/143"}],"wp:attachment":[{"href":"https:\/\/madnesscanada.com\/fr\/wp-json\/wp\/v2\/media?parent=826"}],"curies":[{"name":"wp","href":"https:\/\/api.w.org\/{rel}","templated":true}]}}