{"id":828,"date":"2019-03-01T10:56:59","date_gmt":"2019-03-01T15:56:59","guid":{"rendered":"http:\/\/madnesscanada.com\/?page_id=828"},"modified":"2021-07-30T14:40:40","modified_gmt":"2021-07-30T18:40:40","slug":"images","status":"publish","type":"page","link":"https:\/\/madnesscanada.com\/fr\/resources\/images\/","title":{"rendered":"Photographies"},"content":{"rendered":"<!-- Widget Shortcode --><div id=\"nav_menu-3\" class=\"widget widget_nav_menu widget-shortcode area-arbitrary \"><h2 class=\"widgettitle\">(English) Resources<\/h2><div class=\"menu-resources-container\"><ul id=\"menu-resources-1\" class=\"menu\"><li class=\"menu-item menu-item-type-post_type menu-item-object-page menu-item-836\"><a href=\"https:\/\/madnesscanada.com\/fr\/resources\/\">Ressources<\/a><\/li>\n<li class=\"menu-item menu-item-type-post_type menu-item-object-page menu-item-838\"><a href=\"https:\/\/madnesscanada.com\/fr\/resources\/scholarship\/\">Publications scientifiques<\/a><\/li>\n<li class=\"menu-item menu-item-type-post_type menu-item-object-page menu-item-841\"><a href=\"https:\/\/madnesscanada.com\/fr\/resources\/archives\/\">Archives<\/a><\/li>\n<li class=\"menu-item menu-item-type-post_type menu-item-object-page menu-item-839\"><a href=\"https:\/\/madnesscanada.com\/fr\/resources\/images\/\">Photographies<\/a><\/li>\n<li class=\"menu-item menu-item-type-post_type menu-item-object-page menu-item-840\"><a href=\"https:\/\/madnesscanada.com\/fr\/resources\/video\/\">Vid\u00e9os<\/a><\/li>\n<li class=\"menu-item menu-item-type-post_type menu-item-object-page menu-item-1595\"><a href=\"https:\/\/madnesscanada.com\/fr\/resources\/voices\/\">T\u00e9moignages<\/a><\/li>\n<li class=\"menu-item menu-item-type-post_type menu-item-object-page menu-item-2339\"><a href=\"https:\/\/madnesscanada.com\/fr\/resources\/about-resources\/\">\u00c0 propos des ressources<\/a><\/li>\n<\/ul><\/div><\/div><!-- \/Widget Shortcode --><!-- Widget Shortcode --><div id=\"search-3\" class=\"widget widget_search widget-shortcode area-arbitrary \"><h2 class=\"widgettitle\">(English) SEARCH<\/h2><form role=\"search\" method=\"get\" class=\"search-form\" action=\"https:\/\/madnesscanada.com\/fr\/\">\n\t\t\t\t<label>\n\t\t\t\t\t<span class=\"screen-reader-text\">Rechercher\u00a0:<\/span>\n\t\t\t\t\t<input type=\"search\" class=\"search-field\" placeholder=\"Rechercher\u2026\" value=\"\" name=\"s\" \/>\n\t\t\t\t<\/label>\n\t\t\t\t<input type=\"submit\" class=\"search-submit\" value=\"Rechercher\" \/>\n\t\t\t<\/form><\/div><!-- \/Widget Shortcode -->\r\n<div class=\"rightmenu\"><!-- Widget Shortcode --><div id=\"nav_menu-34\" class=\"widget widget_nav_menu widget-shortcode area-arbitrary \"><h2 class=\"widgettitle\">COLLECTIONS<\/h2><\/div><!-- \/Widget Shortcode --><\/div>\r\n<div><nav aria-label=\"breadcrumbs\">\n            <div class=\"breadcrumb-container theme1\">\n                <ol>\n                                    <\/ol>\n            <\/div>\n        <\/nav>    <script type=\"application\/ld+json\">\n        {\n            \"@context\": \"http:\/\/schema.org\",\n            \"@type\": \"BreadcrumbList\",\n            \"itemListElement\": [\n                            ]\n        }\n    <\/script>\n   \n    <script>\n            <\/script>\n<\/div>\r\n<h1>Photographies<\/h1>\r\n<p>De nombreuses collections de photographies prises pendant la p\u00e9riode de d\u00e9sinstitutionnalisation et rassembl\u00e9es \u00e0 l\u2019occasion du projet Apr\u00e8s l\u2019asile sont pr\u00e9sent\u00e9es ici.<\/p>\r\n<p>Pour utiliser les ressources \u00e0 des fins de publication, une autorisation doit \u00eatre obtenue\u00a0au pr\u00e9alable aupr\u00e8s de Folie Canada. L\u2019utilisation en classe, en conf\u00e9rence ou \u00e0 des fins personnelles n\u2019exige pas l\u2019obtention de notre autorisation.<\/p>","protected":false},"excerpt":{"rendered":"<p>Photographies De nombreuses collections de photographies prises pendant la p\u00e9riode de d\u00e9sinstitutionnalisation et rassembl\u00e9es \u00e0 l\u2019occasion du projet Apr\u00e8s l\u2019asile sont pr\u00e9sent\u00e9es ici. Pour utiliser les ressources \u00e0 des fins de publication, une autorisation doit \u00eatre obtenue\u00a0au pr\u00e9alable aupr\u00e8s de Folie Canada. L\u2019utilisation en classe, en conf\u00e9rence ou \u00e0 des fins personnelles n\u2019exige pas l\u2019obtention &hellip; <\/p>\n","protected":false},"author":3,"featured_media":0,"parent":143,"menu_order":2,"comment_status":"closed","ping_status":"closed","template":"","meta":{"footnotes":""},"class_list":["post-828","page","type-page","status-publish","hentry","entry"],"aioseo_notices":[],"_links":{"self":[{"href":"https:\/\/madnesscanada.com\/fr\/wp-json\/wp\/v2\/pages\/828"}],"collection":[{"href":"https:\/\/madnesscanada.com\/fr\/wp-json\/wp\/v2\/pages"}],"about":[{"href":"https:\/\/madnesscanada.com\/fr\/wp-json\/wp\/v2\/types\/page"}],"author":[{"embeddable":true,"href":"https:\/\/madnesscanada.com\/fr\/wp-json\/wp\/v2\/users\/3"}],"replies":[{"embeddable":true,"href":"https:\/\/madnesscanada.com\/fr\/wp-json\/wp\/v2\/comments?post=828"}],"version-history":[{"count":31,"href":"https:\/\/madnesscanada.com\/fr\/wp-json\/wp\/v2\/pages\/828\/revisions"}],"predecessor-version":[{"id":6681,"href":"https:\/\/madnesscanada.com\/fr\/wp-json\/wp\/v2\/pages\/828\/revisions\/6681"}],"up":[{"embeddable":true,"href":"https:\/\/madnesscanada.com\/fr\/wp-json\/wp\/v2\/pages\/143"}],"wp:attachment":[{"href":"https:\/\/madnesscanada.com\/fr\/wp-json\/wp\/v2\/media?parent=828"}],"curies":[{"name":"wp","href":"https:\/\/api.w.org\/{rel}","templated":true}]}}