{"id":832,"date":"2019-03-01T10:57:54","date_gmt":"2019-03-01T15:57:54","guid":{"rendered":"http:\/\/madnesscanada.com\/?page_id=832"},"modified":"2021-07-30T14:43:12","modified_gmt":"2021-07-30T18:43:12","slug":"about-resources","status":"publish","type":"page","link":"https:\/\/madnesscanada.com\/fr\/resources\/about-resources\/","title":{"rendered":"\u00c0 propos des ressources"},"content":{"rendered":"<!-- wp:html -->\r\n<!-- Widget Shortcode --><div id=\"nav_menu-3\" class=\"widget widget_nav_menu widget-shortcode area-arbitrary \"><h2 class=\"widgettitle\">(English) Resources<\/h2><div class=\"menu-resources-container\"><ul id=\"menu-resources-1\" class=\"menu\"><li class=\"menu-item menu-item-type-post_type menu-item-object-page menu-item-836\"><a href=\"https:\/\/madnesscanada.com\/fr\/resources\/\">Ressources<\/a><\/li>\n<li class=\"menu-item menu-item-type-post_type menu-item-object-page menu-item-838\"><a href=\"https:\/\/madnesscanada.com\/fr\/resources\/scholarship\/\">Publications scientifiques<\/a><\/li>\n<li class=\"menu-item menu-item-type-post_type menu-item-object-page menu-item-841\"><a href=\"https:\/\/madnesscanada.com\/fr\/resources\/archives\/\">Archives<\/a><\/li>\n<li class=\"menu-item menu-item-type-post_type menu-item-object-page menu-item-839\"><a href=\"https:\/\/madnesscanada.com\/fr\/resources\/images\/\">Photographies<\/a><\/li>\n<li class=\"menu-item menu-item-type-post_type menu-item-object-page menu-item-840\"><a href=\"https:\/\/madnesscanada.com\/fr\/resources\/video\/\">Vid\u00e9os<\/a><\/li>\n<li class=\"menu-item menu-item-type-post_type menu-item-object-page menu-item-1595\"><a href=\"https:\/\/madnesscanada.com\/fr\/resources\/voices\/\">T\u00e9moignages<\/a><\/li>\n<li class=\"menu-item menu-item-type-post_type menu-item-object-page menu-item-2339\"><a href=\"https:\/\/madnesscanada.com\/fr\/resources\/about-resources\/\">\u00c0 propos des ressources<\/a><\/li>\n<\/ul><\/div><\/div><!-- \/Widget Shortcode --><!-- Widget Shortcode --><div id=\"search-3\" class=\"widget widget_search widget-shortcode area-arbitrary \"><h2 class=\"widgettitle\">(English) SEARCH<\/h2><form role=\"search\" method=\"get\" class=\"search-form\" action=\"https:\/\/madnesscanada.com\/fr\/\">\n\t\t\t\t<label>\n\t\t\t\t\t<span class=\"screen-reader-text\">Rechercher\u00a0:<\/span>\n\t\t\t\t\t<input type=\"search\" class=\"search-field\" placeholder=\"Rechercher\u2026\" value=\"\" name=\"s\" \/>\n\t\t\t\t<\/label>\n\t\t\t\t<input type=\"submit\" class=\"search-submit\" value=\"Rechercher\" \/>\n\t\t\t<\/form><\/div><!-- \/Widget Shortcode -->\r\n<!--\r\n\r\n\r\n\r\n<div class=\"rightmenu\">[widget id=\"nav_menu-4\"]<\/div>\r\n\r\n\r\n\r\n-->\r\n<nav aria-label=\"breadcrumbs\">\n            <div class=\"breadcrumb-container theme1\">\n                <ol>\n                                    <\/ol>\n            <\/div>\n        <\/nav>    <script type=\"application\/ld+json\">\n        {\n            \"@context\": \"http:\/\/schema.org\",\n            \"@type\": \"BreadcrumbList\",\n            \"itemListElement\": [\n                            ]\n        }\n    <\/script>\n   \n    <script>\n            <\/script>\n\r\n<h1>\u00c0 propos des ressources<\/h1>\r\n<p>Si vous poss\u00e9dez des contenus ou des documents de r\u00e9f\u00e9rence qui, selon vous, devraient figurer parmi nos ressources, veuillez nous en informer en remplissant le formulaire.<\/p>\r\n<p>Folie Canada est conscient du fait qu\u2019une partie des archives n\u2019est pas enti\u00e8rement accessible \u00e0 l\u2019ensemble de nos utilisateurs. Actuellement, nous ne recevons pas de financement pour num\u00e9riser les documents ou les rendre accessibles, mais nous cherchons des moyens pour rectifier la situation. Communiquez avec nous [link] si vous avez besoin d\u2019un document en format accessible, et nous ferons de notre mieux pour r\u00e9pondre \u00e0 votre demande.<\/p>\r\n<p>Veuillez noter que Folie Canada ne fournira plus de reproduction des ressources accessibles au public (p. ex. articles de journaux, revues de litt\u00e9rature).<\/p>\r\n<!-- \/wp:html -->\r\n<p>&nbsp;<\/p>\r\n<!-- wp:paragraph -->\r\n<p>&nbsp;<\/p>\r\n<!-- \/wp:paragraph -->\r\n<p>&nbsp;<\/p>\r\n<!-- wp:paragraph -->\r\n<p>&nbsp;<\/p>\r\n<!-- \/wp:paragraph -->","protected":false},"excerpt":{"rendered":"<p>\u00c0 propos des ressources Si vous poss\u00e9dez des contenus ou des documents de r\u00e9f\u00e9rence qui, selon vous, devraient figurer parmi nos ressources, veuillez nous en informer en remplissant le formulaire. Folie Canada est conscient du fait qu\u2019une partie des archives n\u2019est pas enti\u00e8rement accessible \u00e0 l\u2019ensemble de nos utilisateurs. Actuellement, nous ne recevons pas de &hellip; <\/p>\n","protected":false},"author":3,"featured_media":0,"parent":143,"menu_order":6,"comment_status":"closed","ping_status":"closed","template":"","meta":{"footnotes":""},"class_list":["post-832","page","type-page","status-publish","hentry","entry"],"aioseo_notices":[],"_links":{"self":[{"href":"https:\/\/madnesscanada.com\/fr\/wp-json\/wp\/v2\/pages\/832"}],"collection":[{"href":"https:\/\/madnesscanada.com\/fr\/wp-json\/wp\/v2\/pages"}],"about":[{"href":"https:\/\/madnesscanada.com\/fr\/wp-json\/wp\/v2\/types\/page"}],"author":[{"embeddable":true,"href":"https:\/\/madnesscanada.com\/fr\/wp-json\/wp\/v2\/users\/3"}],"replies":[{"embeddable":true,"href":"https:\/\/madnesscanada.com\/fr\/wp-json\/wp\/v2\/comments?post=832"}],"version-history":[{"count":14,"href":"https:\/\/madnesscanada.com\/fr\/wp-json\/wp\/v2\/pages\/832\/revisions"}],"predecessor-version":[{"id":6684,"href":"https:\/\/madnesscanada.com\/fr\/wp-json\/wp\/v2\/pages\/832\/revisions\/6684"}],"up":[{"embeddable":true,"href":"https:\/\/madnesscanada.com\/fr\/wp-json\/wp\/v2\/pages\/143"}],"wp:attachment":[{"href":"https:\/\/madnesscanada.com\/fr\/wp-json\/wp\/v2\/media?parent=832"}],"curies":[{"name":"wp","href":"https:\/\/api.w.org\/{rel}","templated":true}]}}