{"id":9133,"date":"2019-10-24T13:02:35","date_gmt":"2019-10-24T17:02:35","guid":{"rendered":"http:\/\/aftertheasylum.ca\/new-wordpress\/?page_id=15"},"modified":"2022-06-21T11:23:35","modified_gmt":"2022-06-21T15:23:35","slug":"after-the-asylum","status":"publish","type":"page","link":"https:\/\/madnesscanada.com\/fr\/after-the-asylum\/","title":{"rendered":"Apr\u00e8s l\u2019asile"},"content":{"rendered":"<p><\/p>\n<!-- Widget Shortcode --><div id=\"nav_menu-64\" class=\"widget widget_nav_menu widget-shortcode area-arbitrary \"><h2 class=\"widgettitle\">(English) After the Asylum<\/h2><div class=\"menu-after-the-asylum-container\"><ul id=\"menu-after-the-asylum-1\" class=\"menu\"><li class=\"menu-item menu-item-type-post_type menu-item-object-page menu-item-9204\"><a href=\"https:\/\/madnesscanada.com\/fr\/after-the-asylum\/\">Apr\u00e8s l\u2019asile<\/a><\/li>\n<li class=\"menu-item menu-item-type-post_type menu-item-object-page menu-item-9203\"><a href=\"https:\/\/madnesscanada.com\/fr\/after-the-asylum\/policy-and-practice\/\">Politiques de sant\u00e9 mentale<\/a><\/li>\n<li class=\"menu-item menu-item-type-post_type menu-item-object-page menu-item-9208\"><a href=\"https:\/\/madnesscanada.com\/fr\/after-the-asylum\/peer-support-activism\/\">Soutien par les pairs et activisme<\/a><\/li>\n<li class=\"menu-item menu-item-type-post_type menu-item-object-page menu-item-9207\"><a href=\"https:\/\/madnesscanada.com\/fr\/after-the-asylum\/survivor-culture\/\">Culture de la survivante<\/a><\/li>\n<li class=\"menu-item menu-item-type-post_type menu-item-object-page menu-item-9206\"><a href=\"https:\/\/madnesscanada.com\/fr\/after-the-asylum\/case-studies\/\">\u00c9tudes de cas<\/a><\/li>\n<\/ul><\/div><\/div><!-- \/Widget Shortcode -->\n<!-- Widget Shortcode --><div id=\"search-3\" class=\"widget widget_search widget-shortcode area-arbitrary \"><h2 class=\"widgettitle\">(English) SEARCH<\/h2><form role=\"search\" method=\"get\" class=\"search-form\" action=\"https:\/\/madnesscanada.com\/fr\/\">\n\t\t\t\t<label>\n\t\t\t\t\t<span class=\"screen-reader-text\">Rechercher\u00a0:<\/span>\n\t\t\t\t\t<input type=\"search\" class=\"search-field\" placeholder=\"Rechercher\u2026\" value=\"\" name=\"s\" \/>\n\t\t\t\t<\/label>\n\t\t\t\t<input type=\"submit\" class=\"search-submit\" value=\"Rechercher\" \/>\n\t\t\t<\/form><\/div><!-- \/Widget Shortcode -->\n<div class=\"gridcontainer\">\n<div class=\"double one textonly top\" style=\"padding-top: 30px;\">\n<div><\/div>\n<div class=\"container\" style=\"text-align: left; padding: 0 20px 0; font-weight: normal; font-size: 11pt;\"><span class=\"normaltextrun\" style=\"font-size: 12pt;\">La d\u00e9sinstitutionnalisation a marqu\u00e9 un changement de paradigme pour la sant\u00e9 mentale au Canada\u00a0; son histoire et les cons\u00e9quences qui en d\u00e9coulent sont complexes et troublantes. Entre 2007 et 2014, un groupe compos\u00e9 d\u2019universitaires, de partenaires communautaires, d\u2019\u00e9tudiants et de militants se sont mobilis\u00e9s pour retracer cette histoire et la publier sur le site. M\u00eame si la d\u00e9marche s\u2019est parfois av\u00e9r\u00e9e compliqu\u00e9e, elle a \u00e9t\u00e9 fructueuse et inspirante.<\/span><\/div>\n<div><\/div>\n<div><\/div>\n<\/div>\n<div id=\"one\" class=\"single three top\">\n<div id=\"second-body1\">\n<div class=\"container\">Politiques et pratiques<\/p>\n<div id=\"inside_the_text1\" class=\"overlay\">\n<div class=\"text\"><b> <span class=\"text_title_resource\">Politiques et pratiques<\/span> <\/b><\/p>\n<p>Les facteurs de changement<\/p>\n<p><a class=\"lonk\" href=\"policy-and-practice\/\">Consulter la section Politiques et pratiques<\/a><\/p>\n<\/div>\n<\/div>\n<\/div>\n<\/div>\n<\/div>\n<div id=\"two\" class=\"single one middle\">\n<div id=\"second-body2\">\n<div class=\"container\">Soutien par les pairs et activisme<\/p>\n<div id=\"inside_the_text2\" class=\"overlay\">\n<div class=\"text\"><b> <span class=\"text_title_resource\">Soutien par les pairs et activisme<\/span> <\/b><\/p>\n<p>Faire cause commune avec une communaut\u00e9<\/p>\n<p><a class=\"lonk\" href=\"peer-support-activism\/\">Consulter la section Soutien par les pairs et activisme<\/a><\/p>\n<\/div>\n<\/div>\n<\/div>\n<\/div>\n<\/div>\n<div id=\"three\" class=\"single two middle\">\n<div id=\"second-body3\">\n<div class=\"container\">Culture de la survivance<\/p>\n<div id=\"inside_the_text3\" class=\"overlay\">\n<div class=\"text\"><b> <span class=\"text_title_resource\">Culture de la survivance<\/span> <\/b><\/p>\n<p>Les t\u00e9moignages forts de la folie<\/p>\n<p><a class=\"lonk\" href=\"survivor-culture\/\">Consulter la section Culture de la survivance<\/a><\/p>\n<\/div>\n<\/div>\n<\/div>\n<\/div>\n<\/div>\n<div id=\"four\" class=\"single three middle\">\n<div id=\"second-body4\">\n<div class=\"container\">Initiatives communautaires<\/p>\n<div id=\"inside_the_text4\" class=\"overlay\">\n<div class=\"text\"><b> <span class=\"text_title_resource\">Initiatives communautaires<\/span> <\/b><\/p>\n<p>Soutien dans la communaut\u00e9<\/p>\n<p><a class=\"lonk\" href=\"community-initiatives\/\">Consulter la section Initiatives communautaires<\/a><\/p>\n<\/div>\n<\/div>\n<\/div>\n<\/div>\n<\/div>\n<div class=\"single one bottom\">\n<div id=\"second-body5\">\n<div class=\"container\">\u00c9tudes de cas<\/p>\n<div id=\"inside_the_text5\" class=\"overlay\">\n<div class=\"text\"><b><span class=\"text_title_resource\">\u00c9tudes de cas<\/span> <\/b><\/p>\n<p>Les premi\u00e8res options non institutionnelles<\/p>\n<p><a class=\"lonk\" href=\"case-studies\/\">Consulter la section \u00c9tudes de cas<\/a><\/p>\n<\/div>\n<\/div>\n<\/div>\n<\/div>\n<\/div>\n<div id=\"five\" class=\"single two bottom\">\n<div id=\"second-body6\">\n<div class=\"container\">Le project<\/p>\n<div id=\"inside_the_text6\" class=\"overlay\">\n<div class=\"text\"><b><span class=\"text_title_resource\">Le project<\/span> <\/b><\/p>\n<p><a class=\"lonk\" href=\"this-project\/\">Consulter le projet<\/a><\/p>\n<\/div>\n<\/div>\n<\/div>\n<\/div>\n<\/div>\n<\/div>\n<p><\/p>","protected":false},"excerpt":{"rendered":"<p>La d\u00e9sinstitutionnalisation a marqu\u00e9 un changement de paradigme pour la sant\u00e9 mentale au Canada\u00a0; son histoire et les cons\u00e9quences qui en d\u00e9coulent sont complexes et troublantes. Entre 2007 et 2014, un groupe compos\u00e9 d\u2019universitaires, de partenaires communautaires, d\u2019\u00e9tudiants et de militants se sont mobilis\u00e9s pour retracer cette histoire et la publier sur le site. M\u00eame &hellip; <\/p>\n","protected":false},"author":3,"featured_media":0,"parent":0,"menu_order":1,"comment_status":"closed","ping_status":"closed","template":"","meta":{"footnotes":""},"class_list":["post-9133","page","type-page","status-publish","hentry","entry"],"aioseo_notices":[],"_links":{"self":[{"href":"https:\/\/madnesscanada.com\/fr\/wp-json\/wp\/v2\/pages\/9133"}],"collection":[{"href":"https:\/\/madnesscanada.com\/fr\/wp-json\/wp\/v2\/pages"}],"about":[{"href":"https:\/\/madnesscanada.com\/fr\/wp-json\/wp\/v2\/types\/page"}],"author":[{"embeddable":true,"href":"https:\/\/madnesscanada.com\/fr\/wp-json\/wp\/v2\/users\/3"}],"replies":[{"embeddable":true,"href":"https:\/\/madnesscanada.com\/fr\/wp-json\/wp\/v2\/comments?post=9133"}],"version-history":[{"count":5,"href":"https:\/\/madnesscanada.com\/fr\/wp-json\/wp\/v2\/pages\/9133\/revisions"}],"predecessor-version":[{"id":9431,"href":"https:\/\/madnesscanada.com\/fr\/wp-json\/wp\/v2\/pages\/9133\/revisions\/9431"}],"wp:attachment":[{"href":"https:\/\/madnesscanada.com\/fr\/wp-json\/wp\/v2\/media?parent=9133"}],"curies":[{"name":"wp","href":"https:\/\/api.w.org\/{rel}","templated":true}]}}