{"id":9135,"date":"2019-10-24T14:17:34","date_gmt":"2019-10-24T18:17:34","guid":{"rendered":"http:\/\/aftertheasylum.ca\/new-wordpress\/?page_id=58"},"modified":"2025-07-10T17:02:33","modified_gmt":"2025-07-10T21:02:33","slug":"case-studies","status":"publish","type":"page","link":"https:\/\/madnesscanada.com\/fr\/after-the-asylum\/case-studies\/","title":{"rendered":"\u00c9tudes de cas"},"content":{"rendered":"<p><\/p>\n<!-- Widget Shortcode --><div id=\"nav_menu-2\" class=\"widget widget_nav_menu widget-shortcode area-arbitrary \"><h2 class=\"widgettitle\">(English) Mad Cities<\/h2><div class=\"menu-mad-cities-container\"><ul id=\"menu-mad-cities\" class=\"menu\"><li class=\"menu-item menu-item-type-post_type menu-item-object-page menu-item-608\"><a href=\"https:\/\/madnesscanada.com\/fr\/mad-cities\/\">Mad Cities<\/a><\/li>\n<li class=\"menu-item menu-item-type-post_type menu-item-object-page menu-item-612\"><a href=\"https:\/\/madnesscanada.com\/fr\/mad-cities\/legacies-of-mpa\/\">Legacies<\/a><\/li>\n<li class=\"menu-item menu-item-type-post_type menu-item-object-page menu-item-611\"><a href=\"https:\/\/madnesscanada.com\/fr\/mad-cities\/toronto-activists\/\">Toronto Activists<\/a><\/li>\n<li class=\"menu-item menu-item-type-post_type menu-item-object-page menu-item-610\"><a href=\"https:\/\/madnesscanada.com\/fr\/mad-cities\/the-inmates-are-running-the-asylum\/\">The Inmates<\/a><\/li>\n<\/ul><\/div><\/div><!-- \/Widget Shortcode -->\n<!-- Widget Shortcode --><div id=\"search-3\" class=\"widget widget_search widget-shortcode area-arbitrary \"><h2 class=\"widgettitle\">(English) SEARCH<\/h2><form role=\"search\" method=\"get\" class=\"search-form\" action=\"https:\/\/madnesscanada.com\/fr\/\">\n\t\t\t\t<label>\n\t\t\t\t\t<span class=\"screen-reader-text\">Rechercher\u00a0:<\/span>\n\t\t\t\t\t<input type=\"search\" class=\"search-field\" placeholder=\"Rechercher\u2026\" value=\"\" name=\"s\" \/>\n\t\t\t\t<\/label>\n\t\t\t\t<input type=\"submit\" class=\"search-submit\" value=\"Rechercher\" \/>\n\t\t\t<\/form><\/div><!-- \/Widget Shortcode -->\n<div class=\"rightmenu\"><!-- Widget Shortcode --><div id=\"nav_menu-72\" class=\"widget widget_nav_menu widget-shortcode area-arbitrary \"><h2 class=\"widgettitle\">l&rsquo;exposition<\/h2><div class=\"menu-case-studies-container\"><ul id=\"menu-case-studies-1\" class=\"menu\"><li class=\"menu-item menu-item-type-post_type menu-item-object-page menu-item-9226\"><a href=\"https:\/\/madnesscanada.com\/fr\/after-the-asylum\/case-studies\/marguerite-marie\/\">Marguerite-Marie<\/a><\/li>\n<\/ul><\/div><\/div><!-- \/Widget Shortcode --><\/div>\n<nav aria-label=\"breadcrumbs\">\n            <div class=\"breadcrumb-container theme1\">\n                <ol>\n                                    <\/ol>\n            <\/div>\n        <\/nav>    <script type=\"application\/ld+json\">\n        {\n            \"@context\": \"http:\/\/schema.org\",\n            \"@type\": \"BreadcrumbList\",\n            \"itemListElement\": [\n                            ]\n        }\n    <\/script>\n   \n    <script>\n            <\/script>\n\n<h1>\u00c9tudes de cas<\/h1>\n<h5><em>D\u00e8s les premi\u00e8res d\u00e9cennies du XXe si\u00e8cle, la famille et la communaut\u00e9 d\u2019appartenance des patients institutionnalis\u00e9s avaient un r\u00f4le de premier plan dans les approches th\u00e9rapeutiques.<\/em><\/h5>\n<h4>Nouveau regard: Marguerite-Marie<\/h4>\n<p><img loading=\"lazy\" decoding=\"async\" class=\"alignleft size-thumbnail wp-image-2982\" src=\"https:\/\/madnesscanada.com\/wp-content\/uploads\/2020\/04\/sisters-photo-2-150x150.png\" alt=\"Cinq petites filles les unes \u00e0 c\u00f4t\u00e9 des autres de la plus petite \u00e0 la plus grande toutes v\u00eatues d'une robe blanche\" width=\"150\" height=\"150\" \/><\/p>\n<p>Comment garder la t\u00eate \u00ab en dehors \u00bb pendant le temps long de l\u2019enfermement? L\u2019histoire de Marguerite-Marie donne acc\u00e8s \u00e0 un aper\u00e7u in\u00e9dit sur l\u2019enfermement d\u2019une jeune fille de 12 ans qui deviendra une femme \u00e0 Saint-Jean-de-Dieu.\u00a0 La correspondance retrouv\u00e9e entre Marguerite-Marie et sa famille r\u00e9v\u00e8le \u00e0 quoi elle s\u2019occupait, qu\u2019elles \u00e9taient ses r\u00eaves, ses d\u00e9sirs et surtout l\u2019importance des liens d\u2019attachement avec les membres de sa famille.<\/p>\n<p>&nbsp;<\/p>","protected":false},"excerpt":{"rendered":"<p>\u00c9tudes de cas D\u00e8s les premi\u00e8res d\u00e9cennies du XXe si\u00e8cle, la famille et la communaut\u00e9 d\u2019appartenance des patients institutionnalis\u00e9s avaient un r\u00f4le de premier plan dans les approches th\u00e9rapeutiques. Nouveau regard: Marguerite-Marie Comment garder la t\u00eate \u00ab en dehors \u00bb pendant le temps long de l\u2019enfermement? L\u2019histoire de Marguerite-Marie donne acc\u00e8s \u00e0 un aper\u00e7u in\u00e9dit &hellip; <\/p>\n","protected":false},"author":3,"featured_media":0,"parent":9133,"menu_order":4,"comment_status":"closed","ping_status":"closed","template":"","meta":{"footnotes":""},"class_list":["post-9135","page","type-page","status-publish","hentry","entry"],"aioseo_notices":[],"_links":{"self":[{"href":"https:\/\/madnesscanada.com\/fr\/wp-json\/wp\/v2\/pages\/9135"}],"collection":[{"href":"https:\/\/madnesscanada.com\/fr\/wp-json\/wp\/v2\/pages"}],"about":[{"href":"https:\/\/madnesscanada.com\/fr\/wp-json\/wp\/v2\/types\/page"}],"author":[{"embeddable":true,"href":"https:\/\/madnesscanada.com\/fr\/wp-json\/wp\/v2\/users\/3"}],"replies":[{"embeddable":true,"href":"https:\/\/madnesscanada.com\/fr\/wp-json\/wp\/v2\/comments?post=9135"}],"version-history":[{"count":5,"href":"https:\/\/madnesscanada.com\/fr\/wp-json\/wp\/v2\/pages\/9135\/revisions"}],"predecessor-version":[{"id":12308,"href":"https:\/\/madnesscanada.com\/fr\/wp-json\/wp\/v2\/pages\/9135\/revisions\/12308"}],"up":[{"embeddable":true,"href":"https:\/\/madnesscanada.com\/fr\/wp-json\/wp\/v2\/pages\/9133"}],"wp:attachment":[{"href":"https:\/\/madnesscanada.com\/fr\/wp-json\/wp\/v2\/media?parent=9135"}],"curies":[{"name":"wp","href":"https:\/\/api.w.org\/{rel}","templated":true}]}}