{"id":9136,"date":"2019-10-24T14:18:42","date_gmt":"2019-10-24T18:18:42","guid":{"rendered":"http:\/\/aftertheasylum.ca\/new-wordpress\/?page_id=60"},"modified":"2022-06-20T16:14:21","modified_gmt":"2022-06-20T20:14:21","slug":"this-project","status":"publish","type":"page","link":"https:\/\/madnesscanada.com\/fr\/after-the-asylum\/this-project\/","title":{"rendered":"(English) This Project"},"content":{"rendered":"<p><\/p>\n<!-- Widget Shortcode --><div id=\"nav_menu-64\" class=\"widget widget_nav_menu widget-shortcode area-arbitrary \"><h2 class=\"widgettitle\">(English) After the Asylum<\/h2><div class=\"menu-after-the-asylum-container\"><ul id=\"menu-after-the-asylum-1\" class=\"menu\"><li class=\"menu-item menu-item-type-post_type menu-item-object-page menu-item-9204\"><a href=\"https:\/\/madnesscanada.com\/fr\/after-the-asylum\/\">Apr\u00e8s l\u2019asile<\/a><\/li>\n<li class=\"menu-item menu-item-type-post_type menu-item-object-page menu-item-9203\"><a href=\"https:\/\/madnesscanada.com\/fr\/after-the-asylum\/policy-and-practice\/\">Politiques de sant\u00e9 mentale<\/a><\/li>\n<li class=\"menu-item menu-item-type-post_type menu-item-object-page menu-item-9208\"><a href=\"https:\/\/madnesscanada.com\/fr\/after-the-asylum\/peer-support-activism\/\">Soutien par les pairs et activisme<\/a><\/li>\n<li class=\"menu-item menu-item-type-post_type menu-item-object-page menu-item-9207\"><a href=\"https:\/\/madnesscanada.com\/fr\/after-the-asylum\/survivor-culture\/\">Culture de la survivante<\/a><\/li>\n<li class=\"menu-item menu-item-type-post_type menu-item-object-page menu-item-9206\"><a href=\"https:\/\/madnesscanada.com\/fr\/after-the-asylum\/case-studies\/\">\u00c9tudes de cas<\/a><\/li>\n<\/ul><\/div><\/div><!-- \/Widget Shortcode -->\n<!-- Widget Shortcode --><div id=\"search-3\" class=\"widget widget_search widget-shortcode area-arbitrary \"><h2 class=\"widgettitle\">(English) SEARCH<\/h2><form role=\"search\" method=\"get\" class=\"search-form\" action=\"https:\/\/madnesscanada.com\/fr\/\">\n\t\t\t\t<label>\n\t\t\t\t\t<span class=\"screen-reader-text\">Rechercher\u00a0:<\/span>\n\t\t\t\t\t<input type=\"search\" class=\"search-field\" placeholder=\"Rechercher\u2026\" value=\"\" name=\"s\" \/>\n\t\t\t\t<\/label>\n\t\t\t\t<input type=\"submit\" class=\"search-submit\" value=\"Rechercher\" \/>\n\t\t\t<\/form><\/div><!-- \/Widget Shortcode -->\n<nav aria-label=\"breadcrumbs\">\n            <div class=\"breadcrumb-container theme1\">\n                <ol>\n                                    <\/ol>\n            <\/div>\n        <\/nav>    <script type=\"application\/ld+json\">\n        {\n            \"@context\": \"http:\/\/schema.org\",\n            \"@type\": \"BreadcrumbList\",\n            \"itemListElement\": [\n                            ]\n        }\n    <\/script>\n   \n    <script>\n            <\/script>\n\n<h1><span class=\"text_title_resource\">Ce project<\/span><\/h1>\n<p>Le projet Apr\u00e8s l\u2019asile disponible sur Internet a \u00e9t\u00e9 r\u00e9alis\u00e9 par un large groupe d\u2019universitaires, de partenaires communautaires, d\u2019\u00e9tudiants, d\u2019activistes et de personnes dont la vie a \u00e9t\u00e9 happ\u00e9e par le mouvement de d\u00e9sinstitutionnalisation. Reconstituer cette histoire et la partager publiquement a \u00e9t\u00e9 un processus puissant nourri d&rsquo;espoir, nous rappelant que nous devons constamment repousser les limites du possible dans le monde de la sant\u00e9 mentale.<\/p>\n<h4>Contributrices-contributeurs<\/h4>\n<p><strong>Leslie Baker<\/strong> is a PhD student at the University of Saskatchewan. Her research deals with the history of mental health institutions.<\/p>\n<p><strong>Lanny Beckman, BA, MA,<\/strong> has had a number of careers, including acting in director Larry Kent\u2019s pioneering Canadian film productions. In the early 1970s he started MPA (Mental Patients Association), from 1975 until 1990 he was editor and publisher of New Star Press, and more recently he has participated in several projects relating to the History of Madness in Canada website, including the MPA documentary The Inmates Are Running the Asylum.<\/p>\n<p><strong>Geertje Boschma<\/strong> is a professor at the University of British Columbia whose primary research focus is the history of nursing and health care with a specific emphasis on mental health. In addition to her involvement with the After the Asylum project she works on projects related to the history of general hospital psychiatry and the transition to community mental health.<\/p>\n<p><strong>Michael Burtt<\/strong> is a community artist in Toronto and facilitator of the Making Room program at PARC (Parkdale Activity and Recreation Centre.)<\/p>\n<p><strong>Dominic Dagenais<\/strong> est titulaire d\u2019une ma\u00eetrise en histoire obtenue \u00e0 l\u2019Universit\u00e9 de Montr\u00e9al. Il travaille pr\u00e9sentement sur une th\u00e8se de doctorat portant sur l\u2019histoire de l\u2019homosexualit\u00e9 \u00e0 Montr\u00e9al \u00e0 l\u2019Universit\u00e9 du Qu\u00e9bec \u00e0 Montr\u00e9al.<\/p>\n<p><strong>Dominic Dagenais<\/strong> has completed an MA in history at the University of Montreal. He is currently working on a doctoral thesis on the history of homosexuality in Montreal at the University of Quebec in Montreal.<\/p>\n<p><strong>Megan Davies<\/strong>, a social historian of health with a regional specialization in BC, has researched and published on old age, social and health policy, madness, food history and home health. Since 2000 she has been involved in educational and research projects connected to the History of Madness in Canada website including working as film producer and co-creator of The Inmates Are Running the Asylum. Megan teaches in the Health &amp; Society Program at York University.<\/p>\n<p><strong>Chris Dooley<\/strong> is an historian who specializes in the history of mental health care in Western Canada and in the history of psychiatric nursing.\u00a0 He lives in Winnipeg where he has teaches Canadian History at the University of Winnipeg, and he is a public member of the Board of the College of Registered Psychiatric Nurses of Manitoba.<\/p>\n<p><strong>Erika Dyck<\/strong> is a Professor and Canada Research Chair in History of Medicine at the University of Saskatchewan.\u00a0\u00a0She is the author of Psychedelic Psychiatry: LSD from Clinic to Campus (2008) and Facing Eugenics: Sterilization, Reproduction and the Politics of Choice (2013).<\/p>\n<p><strong>Geoff Gans<\/strong>, a Toronto resident, is a PARC member.<\/p>\n<p><strong>Sheila Gibbons<\/strong> is in the PhD program in History at York University studying the history of eugenics.\u00a0 She is the author of \u201cOur Power to Remodel Civilization\u201d: The Development of Eugenic Feminism in Alberta, 1909-1921,\u201d which was published in the Canadian Bulletin of Medical History in 2014.<\/p>\n<p><strong>Alanna James<\/strong> is a Master&rsquo;s student in the History Department at the University of New Brunswick. Her thesis research examines depictions of Confederation in CBC radio programming leading up to\u00a0Canada&rsquo;s Centennial celebrations in 1967.<\/p>\n<p><strong>Kathleen Kendall<\/strong> is Associate Professor in Sociology as Applied to Medicine at the University of Southampton, UK. Her research is broadly focused upon patient and provider experiences of treatment for mental health issues.<\/p>\n<p><strong>Eug\u00e8ne Leblanc<\/strong> has been the director of the Moncton based self-help center: Groupe de support \u00e9motionnel inc, and the Publisher and Editor of Our Voice \/ Notre Voix since 1987. He was awarded the New Brunswick Human Rights Award in 2003.<\/p>\n<p>Depuis 1987, <strong>Eug\u00e8ne LeBlanc<\/strong> est le directeur du centre d&rsquo;entraide de Moncton; le Groupe de support \u00e9motionnel inc et l&rsquo;\u00c9diteur de la revue Our Voix \/ Notre Voix. Il fut le r\u00e9cipiendaire du Prix des droits de la personne du Nouveau-Brunswick en 2003.<\/p>\n<p><strong>Robert Menzies<\/strong> is a faculty member in the Department of Sociology and Anthropology at Simon Fraser University, and a founding member of the History of Madness in Canada website collective.\u00a0 His most recent book, co-edited with Brenda A. LeFran\u00e7ois and Geoffrey Reaume, is Mad Matters: A Critical Reader in Canadian Mad Studies (Canadian Scholars\u2019 Press, 2013).<\/p>\n<p><strong>Taegan McFarlane<\/strong> is a student at the University of Saskatchewan, currently working on finishing up an honours degree in History.\u00a0\u00a0Their interests include Canadian Indigenous history, consumer\/survivor activism and creativity, queer theory, and long bike rides.<\/p>\n<p><strong>Taegan McFarlane<\/strong> est une \u00e9tudiante de l\u2019Universit\u00e9 du Saskatchewan, en train de compl\u00e9ter ton baccalaur\u00e9at en l\u2019histoire. Ses int\u00e9r\u00eats est l&rsquo;histoire Indig\u00e8nes au Canada,\u00a0\u00a0l\u2019activisme et la cr\u00e9ativit\u00e9 de les consommateurs\/survivants, la th\u00e9orie queer, et des promenades \u00e0 v\u00e9lo de longue dur\u00e9e.<\/p>\n<p><strong>Tracey Mitchell<\/strong> is a community organizer based in Saskatoon, Saskatchewan. She coordinates the Next Up Saskatchewan leadership program for young social change leaders, recently began working as a Peer Mentor in Adult Mental Health &amp; Addictions Services at Saskatoon Health Region, and is a board member with The Council of Canadians and a leadership fellow with The Broadbent Institute.<\/p>\n<p><strong>Marina Morrow<\/strong>, PhD, is the Director, Centre for the Study of Gender, Social Inequities and Mental Health and an Associate Professor, Faculty of Health Sciences, Simon Fraser University in Vancouver Canada. In her work, Marina is interested in better understanding the social, political and institutional processes through which health and mental health policies and practices are developed and how social and health inequities are sustained or attenuated for different populations.<\/p>\n<p><strong>Lyndsay Rosenthal<\/strong> completed an MA in 2013 at\u00a0Memorial\u00a0University and is now enrolled in the PhD program at Wilfrid Laurier\u00a0University. Her current research is on prostitution and venereal disease in the Canadian Expeditionary force during the First World War.<\/p>\n<p><strong>Lyndsay Rosenthal<\/strong>\u00a0 compl\u00e9t\u00e9 ma ma\u00eetrise en 2013 \u00e0 l&rsquo;Universit\u00e9 Memorial et je vais commencer la deuxi\u00e8me ann\u00e9e de mon programme de doctorat \u00e0 l&rsquo;Universit\u00e9 Wilfird Laurier cet automne. Ma recherche actuelle est la prostitution et les maladies v\u00e9n\u00e9riennes dans la force exp\u00e9ditionnaire canadien pendant la Premi\u00e8re Guerre mondiale.<\/p>\n<p><strong>PARC<\/strong> (Parkdale Activity and Recreation Centre), founded in 1980, is a community support organization in Toronto that helps people rebuild their lives.<\/p>\n<p><strong>Bob Rose<\/strong> is a writer, canoeist, and pivotal person at PARC (Parkdale Activity and Recreation Centre), where he has worked since the 1980s.<\/p>\n<p><strong>N\u00e9r\u00e9e St-Amand<\/strong>, a native of New Brunswick, was shocked when he first visited one of his relatives who had been involuntarily hospitalized in one of his province\u2019s two asylums. He then completed his PhD thesis on non-voluntary commitment and treatment of psychiatrized populations (The Politics of Madness, Fernwood, 1985). He has continued to explore both the trends of psychiatric diagnosis and drugs as well as the multitude of unexplored alternatives to this oppressive system. For four years, he has represented the families in the Mental Health Commission of Canada. He is a tenured professor at the School of Social Work, University of Ottawa, a school he created in 1990.<\/p>\n<p><strong>N\u00e9r\u00e9e St-Amand<\/strong>s\u2019 int\u00e9resse \u00e0 la sant\u00e9 mentale depuis plus de trente ans. Tout a d\u00e9but\u00e9 lorsqu\u2019une parente a \u00e9t\u00e9 admise en institution psychiatrique dans les ann\u00e9es 1970. C\u2019est alors qu\u2019il a commenc\u00e9 \u00e0 questionner le peu de liens entre la psychiatrie asilaire et la sant\u00e9 mentale. \u00c0 ce jour, il continue d\u2019\u00e9tudier les cons\u00e9quences d\u2019une psychiatrie invasive sur les femmes, les jeunes, les personnes \u00e2g\u00e9es, les minorit\u00e9s. Ce faisant, il propose des alternatives tout aussi efficaces que moins couteuses et moins dommageables pour la sant\u00e9 des personnes affect\u00e9es. Il a sign\u00e9 plusieurs articles et volumes sur le sujet, s\u2019int\u00e9ressant en particulier \u00e0 son Acadie natale tout en continuant d\u2019enseigner \u00e0 l\u2019\u00c9cole de service social de l\u2019Universit\u00e9 d\u2019Ottawa, \u00e9cole qu\u2019il a d\u2019ailleurs cr\u00e9\u00e9 en 1990<\/p>\n<p><strong>Marie-Claude Thifault<\/strong>, historienne sp\u00e9cialiste de l\u2019univers asilaire qu\u00e9b\u00e9cois et canadien, est professeure agr\u00e9g\u00e9e \u00e0 l\u2019\u00c9cole des sciences infirmi\u00e8res de l\u2019Universit\u00e9 d\u2019Ottawa, titulaire de la Chaire de recherche sur la francophonie canadienne en sant\u00e9 et directrice the l&rsquo;Unit\u00e9 de recherche sur l&rsquo;histoire du nursing.<\/p>\n<p><strong>Marie-Claude Thifault<\/strong>, a historian specializing in the history of asylums in Quebec and Canada, is an associate professor in the School of Nursing, Faculty of Health Sciences. She is the Director of the Nursing history research unit and has been named University of Ottawa Research Chair in health and the Canadian francophonie.<\/p>\n<p><strong>Jayne Melville Whyte<\/strong>, B.A., is an independent author and speaker with experiential and research interest in mental health topics.\u00a0 She entered the mental health system in 1965 on the cusp between institutional and community services and has been active in the Canadian Mental Health Association since 1975.\u00a0 Jayne lives and writes in Regina, Saskatchewan.<\/p>\n<h4>Acc\u00e9der aux expositions:<\/h4>\n<p>Dans la mesure du possible, les documents, images, extraits sonores et vid\u00e9os du site Apr\u00e8s l&rsquo;asile ont \u00e9t\u00e9 rendus enti\u00e8rement accessible gr\u00e2ce \u00e0 l&rsquo;utilisation de transcriptions et de descriptions d\u2019\u00e9l\u00e9ments visuels. Cependant, les limites budg\u00e9taires ne nous ont pas permis de retranscrire l\u2019enti\u00e8ret\u00e9 de livres manuscrits et de sous-titrer le film de l\u2019Office national du film Feelings of Depression. Plut\u00f4t que d\u2019exclure ces \u00e9l\u00e9ments du site, nous avons choisi de les inclure dans leur format d\u2019origine avec cette explication.<\/p>\n<p>&nbsp;<\/p>\n<p>&nbsp;<\/p>","protected":false},"excerpt":{"rendered":"<p>Ce project Le projet Apr\u00e8s l\u2019asile disponible sur Internet a \u00e9t\u00e9 r\u00e9alis\u00e9 par un large groupe d\u2019universitaires, de partenaires communautaires, d\u2019\u00e9tudiants, d\u2019activistes et de personnes dont la vie a \u00e9t\u00e9 happ\u00e9e par le mouvement de d\u00e9sinstitutionnalisation. Reconstituer cette histoire et la partager publiquement a \u00e9t\u00e9 un processus puissant nourri d&rsquo;espoir, nous rappelant que nous devons &hellip; <\/p>\n","protected":false},"author":3,"featured_media":0,"parent":9133,"menu_order":5,"comment_status":"closed","ping_status":"closed","template":"","meta":{"footnotes":""},"class_list":["post-9136","page","type-page","status-publish","hentry","entry"],"aioseo_notices":[],"_links":{"self":[{"href":"https:\/\/madnesscanada.com\/fr\/wp-json\/wp\/v2\/pages\/9136"}],"collection":[{"href":"https:\/\/madnesscanada.com\/fr\/wp-json\/wp\/v2\/pages"}],"about":[{"href":"https:\/\/madnesscanada.com\/fr\/wp-json\/wp\/v2\/types\/page"}],"author":[{"embeddable":true,"href":"https:\/\/madnesscanada.com\/fr\/wp-json\/wp\/v2\/users\/3"}],"replies":[{"embeddable":true,"href":"https:\/\/madnesscanada.com\/fr\/wp-json\/wp\/v2\/comments?post=9136"}],"version-history":[{"count":1,"href":"https:\/\/madnesscanada.com\/fr\/wp-json\/wp\/v2\/pages\/9136\/revisions"}],"predecessor-version":[{"id":9378,"href":"https:\/\/madnesscanada.com\/fr\/wp-json\/wp\/v2\/pages\/9136\/revisions\/9378"}],"up":[{"embeddable":true,"href":"https:\/\/madnesscanada.com\/fr\/wp-json\/wp\/v2\/pages\/9133"}],"wp:attachment":[{"href":"https:\/\/madnesscanada.com\/fr\/wp-json\/wp\/v2\/media?parent=9136"}],"curies":[{"name":"wp","href":"https:\/\/api.w.org\/{rel}","templated":true}]}}