{"id":9137,"date":"2019-10-28T13:47:42","date_gmt":"2019-10-28T17:47:42","guid":{"rendered":"http:\/\/aftertheasylum.ca\/new-wordpress\/?page_id=70"},"modified":"2022-06-21T10:26:57","modified_gmt":"2022-06-21T14:26:57","slug":"the-last-asylums","status":"publish","type":"page","link":"https:\/\/madnesscanada.com\/fr\/after-the-asylum\/policy-and-practice\/the-last-asylums\/","title":{"rendered":"Les derniers asiles"},"content":{"rendered":"<p><\/p>\n<!-- Widget Shortcode --><div id=\"nav_menu-64\" class=\"widget widget_nav_menu widget-shortcode area-arbitrary \"><h2 class=\"widgettitle\">(English) After the Asylum<\/h2><div class=\"menu-after-the-asylum-container\"><ul id=\"menu-after-the-asylum-1\" class=\"menu\"><li class=\"menu-item menu-item-type-post_type menu-item-object-page menu-item-9204\"><a href=\"https:\/\/madnesscanada.com\/fr\/after-the-asylum\/\">Apr\u00e8s l\u2019asile<\/a><\/li>\n<li class=\"menu-item menu-item-type-post_type menu-item-object-page menu-item-9203\"><a href=\"https:\/\/madnesscanada.com\/fr\/after-the-asylum\/policy-and-practice\/\">Politiques de sant\u00e9 mentale<\/a><\/li>\n<li class=\"menu-item menu-item-type-post_type menu-item-object-page menu-item-9208\"><a href=\"https:\/\/madnesscanada.com\/fr\/after-the-asylum\/peer-support-activism\/\">Soutien par les pairs et activisme<\/a><\/li>\n<li class=\"menu-item menu-item-type-post_type menu-item-object-page menu-item-9207\"><a href=\"https:\/\/madnesscanada.com\/fr\/after-the-asylum\/survivor-culture\/\">Culture de la survivante<\/a><\/li>\n<li class=\"menu-item menu-item-type-post_type menu-item-object-page menu-item-9206\"><a href=\"https:\/\/madnesscanada.com\/fr\/after-the-asylum\/case-studies\/\">\u00c9tudes de cas<\/a><\/li>\n<\/ul><\/div><\/div><!-- \/Widget Shortcode -->\n<!-- Widget Shortcode --><div id=\"search-3\" class=\"widget widget_search widget-shortcode area-arbitrary \"><h2 class=\"widgettitle\">(English) SEARCH<\/h2><form role=\"search\" method=\"get\" class=\"search-form\" action=\"https:\/\/madnesscanada.com\/fr\/\">\n\t\t\t\t<label>\n\t\t\t\t\t<span class=\"screen-reader-text\">Rechercher\u00a0:<\/span>\n\t\t\t\t\t<input type=\"search\" class=\"search-field\" placeholder=\"Rechercher\u2026\" value=\"\" name=\"s\" \/>\n\t\t\t\t<\/label>\n\t\t\t\t<input type=\"submit\" class=\"search-submit\" value=\"Rechercher\" \/>\n\t\t\t<\/form><\/div><!-- \/Widget Shortcode -->\n<div class=\"rightmenu\"><!-- Widget Shortcode --><div id=\"nav_menu-66\" class=\"widget widget_nav_menu widget-shortcode area-arbitrary \"><div class=\"menu-the-last-asylums-container\"><ul id=\"menu-the-last-asylums-1\" class=\"menu\"><li class=\"menu-item menu-item-type-post_type menu-item-object-page menu-item-9228\"><a href=\"https:\/\/madnesscanada.com\/fr\/after-the-asylum\/policy-and-practice\/the-last-asylums\/\">Les derniers asiles<\/a><\/li>\n<li class=\"menu-item menu-item-type-post_type menu-item-object-page menu-item-9229\"><a href=\"https:\/\/madnesscanada.com\/fr\/after-the-asylum\/policy-and-practice\/the-last-asylums\/riverview\/\">Riverview<\/a><\/li>\n<li class=\"menu-item menu-item-type-post_type menu-item-object-page menu-item-9230\"><a href=\"https:\/\/madnesscanada.com\/fr\/after-the-asylum\/policy-and-practice\/the-last-asylums\/ponoka\/\">Ponoka<\/a><\/li>\n<li class=\"menu-item menu-item-type-post_type menu-item-object-page menu-item-9231\"><a href=\"https:\/\/madnesscanada.com\/fr\/after-the-asylum\/policy-and-practice\/the-last-asylums\/weyburn\/\">Weyburn<\/a><\/li>\n<li class=\"menu-item menu-item-type-post_type menu-item-object-page menu-item-9232\"><a href=\"https:\/\/madnesscanada.com\/fr\/after-the-asylum\/policy-and-practice\/the-last-asylums\/brandon\/\">Brandon<\/a><\/li>\n<li class=\"menu-item menu-item-type-post_type menu-item-object-page menu-item-9233\"><a href=\"https:\/\/madnesscanada.com\/fr\/after-the-asylum\/policy-and-practice\/the-last-asylums\/hamilton\/\">Hamilton<\/a><\/li>\n<li class=\"menu-item menu-item-type-post_type menu-item-object-page menu-item-9234\"><a href=\"https:\/\/madnesscanada.com\/fr\/after-the-asylum\/policy-and-practice\/the-last-asylums\/lakeshore\/\">Lakeshore<\/a><\/li>\n<li class=\"menu-item menu-item-type-post_type menu-item-object-page menu-item-9235\"><a href=\"https:\/\/madnesscanada.com\/fr\/after-the-asylum\/policy-and-practice\/the-last-asylums\/queen-street\/\">Queen Street<\/a><\/li>\n<li class=\"menu-item menu-item-type-post_type menu-item-object-page menu-item-9236\"><a href=\"https:\/\/madnesscanada.com\/fr\/after-the-asylum\/policy-and-practice\/the-last-asylums\/verdun-douglas\/\">Verdun \/ Douglas<\/a><\/li>\n<li class=\"menu-item menu-item-type-post_type menu-item-object-page menu-item-9238\"><a href=\"https:\/\/madnesscanada.com\/fr\/after-the-asylum\/policy-and-practice\/the-last-asylums\/hospice-saint-jean-de-dieu\/\">Hospice Saint-Jean-de-Dieu<\/a><\/li>\n<li class=\"menu-item menu-item-type-post_type menu-item-object-page menu-item-9237\"><a href=\"https:\/\/madnesscanada.com\/fr\/after-the-asylum\/policy-and-practice\/the-last-asylums\/hopital-saint-michel-archangel\/\">H\u00f4pital Saint-Michel-Archangel<\/a><\/li>\n<li class=\"menu-item menu-item-type-post_type menu-item-object-page menu-item-9239\"><a href=\"https:\/\/madnesscanada.com\/fr\/after-the-asylum\/policy-and-practice\/the-last-asylums\/nova-scotia-hospital\/\">Nova Scotia Hospital<\/a><\/li>\n<li class=\"menu-item menu-item-type-post_type menu-item-object-page menu-item-9240\"><a href=\"https:\/\/madnesscanada.com\/fr\/after-the-asylum\/policy-and-practice\/the-last-asylums\/the-provincial-hospital\/\">The Provincial Hospital<\/a><\/li>\n<li class=\"menu-item menu-item-type-post_type menu-item-object-page menu-item-9241\"><a href=\"https:\/\/madnesscanada.com\/fr\/after-the-asylum\/policy-and-practice\/the-last-asylums\/waterford\/\">H\u00f4pital de Waterford<\/a><\/li>\n<li class=\"menu-item menu-item-type-post_type menu-item-object-page menu-item-9227\"><a href=\"https:\/\/madnesscanada.com\/fr\/after-the-asylum\/policy-and-practice\/\">Politiques de sant\u00e9 mentale<\/a><\/li>\n<\/ul><\/div><\/div><!-- \/Widget Shortcode --><\/div>\n<nav aria-label=\"breadcrumbs\">\n            <div class=\"breadcrumb-container theme1\">\n                <ol>\n                                    <\/ol>\n            <\/div>\n        <\/nav>    <script type=\"application\/ld+json\">\n        {\n            \"@context\": \"http:\/\/schema.org\",\n            \"@type\": \"BreadcrumbList\",\n            \"itemListElement\": [\n                            ]\n        }\n    <\/script>\n   \n    <script>\n            <\/script>\n\n<h1>Les derniers asiles<\/h1>\n<p><span style=\"font-size: 14pt;\">Par L. Baker, L. Beckman, M. Davies, C. Dooley, and E. Dyck<\/span><\/p>\n<p><a href=\"https:\/\/madnesscanada.com\/wp-content\/uploads\/2019\/12\/QSMHC-Old-and-New-1972-e1576033819953.jpg\"><img loading=\"lazy\" decoding=\"async\" class=\"alignnone wp-image-2454\" src=\"https:\/\/madnesscanada.com\/wp-content\/uploads\/2019\/12\/QSMHC-Old-and-New-1972-e1576033819953-300x148.jpg\" alt=\"1970s black and white photo showing modern institutional building on the left and old 19th century institutional structure on the right\" width=\"620\" height=\"306\" \/><\/a><\/p>\n<p>Avec le d\u00e9veloppement de la psychiatrie bas\u00e9e sur un mod\u00e8le communautaire dans les ann\u00e9es 1960, les h\u00f4pitaux psychiatriques canadiens offrant des soins de longue dur\u00e9e furent principalement transform\u00e9s en centres de services de courte dur\u00e9e. Cette exposition innovante et bilingue retrace la rapidit\u00e9, l\u2019ampleur et la forme de cette adaptation institutionnelle de m\u00eame que l\u2019exp\u00e9rience des patients et des membres du personnel impliqu\u00e9s. Charg\u00e9s de cr\u00e9er un survol national de la d\u00e9sinstitutionnalisation, des chercheurs de partout au Canada ont consult\u00e9 les archives et les synth\u00e8ses historiques de diverses institutions pour cr\u00e9er ces Cartes postales de d\u00e9sinstitutionnalisation et encourager la poursuite de recherches sur ce sujet d\u2019int\u00e9r\u00eat.<\/p>\n<p>Ces recherches nous am\u00e8nent \u00e0 constater des taux de d\u00e9peuplement institutionnel variables et parfois spectaculaires \u00e0 travers le pays. Il appara\u00eet toutefois manifeste que le terme g\u00e9n\u00e9rique de d\u00e9sinstitutionnalisation refl\u00e8te plus que de simples changements dans la d\u00e9mographie des patients institutionnalis\u00e9s et dans la composition du personnel. En \u00e9tudiant les statistiques, les initiatives l\u00e9gislatives et les rapports gouvernementaux, nous avons relev\u00e9 de profondes transformations dans la vie des patients institutionnalis\u00e9s, des praticiens, des administrateurs et du personnel de soutien.<\/p>\n<p>Au sein des anciens h\u00f4pitaux psychiatriques, le d\u00e9veloppement de nouvelles m\u00e9thodes th\u00e9rapeutiques entraina des reconfigurations professionnelles et la th\u00e9rapie par le travail fut remplac\u00e9e par des formations destin\u00e9es \u00e0 d\u00e9velopper les aptitudes au travail et \u00e0 la vie quotidienne afin de mieux pr\u00e9parer les patients \u00e0 la vie en communaut\u00e9. L\u2019adoption de nouvelles politiques institutionnelles et le renouvellement de l\u2019offre r\u00e9cr\u00e9ative propos\u00e9e aux patients refl\u00e9taient une r\u00e9interpr\u00e9tation du patient, d\u00e9sormais davantage consid\u00e9r\u00e9 en tant que \u00ab\u00a0personne\u00a0\u00bb. Les institutions vieillissantes eurent de nouveaux mandats et d\u00e9velopp\u00e8rent des programmes qu\u2019il aurait \u00e9t\u00e9 impossible d\u2019imaginer \u00e0 l\u2019\u00e9poque des s\u00e9jours psychiatriques de longue dur\u00e9e. Certaines institutions ferm\u00e8rent d\u00e9finitivement leurs portes et devinrent des sites pris\u00e9s par les cin\u00e9astes et explorateurs urbains ou furent d\u00e9molis et effac\u00e9s \u00e0 jamais du paysage.<\/p>\n<p>Le d\u00e9mant\u00e8lement des grands h\u00f4pitaux psychiatriques \u00e9tait motiv\u00e9 par la volont\u00e9 de faciliter la r\u00e9insertion des patients \u00a0dans la soci\u00e9t\u00e9. Mais en d\u00e9pit des ambitions des pionniers de la psychiatrie communautaire, la marginalisation des personnes qualifi\u00e9es de malades mentales persista et prit de nouvelles formes. La p\u00e9riode de transinstitutionnalisation, au cours de laquelle les patients \u00e9taient r\u00e9partis dans des environnements psychiatriques de plus petite taille, parmi lesquels les pensions, les maisons d\u2019accueil, les r\u00e9sidences sp\u00e9cialis\u00e9es et m\u00eame les prisons, apparut comme un nouveau mod\u00e8le et repr\u00e9sente peut-\u00eatre la meilleure approche pour comprendre les grands changements que connut la psychiatrie. M\u00eame les anciens patients qui cherchaient \u00e0 vivre ind\u00e9pendamment trouv\u00e8rent souvent que leur vie \u00e9tait g\u00e9r\u00e9e trop \u00e9troitement par les travailleurs sociaux et les \u00e9quipes de soins communautaires. D\u2019autres pass\u00e8rent \u00e0 travers les mailles du filet lorsqu\u2019\u00e0 la fin des ann\u00e9es 1970 les politiques de r\u00e9duction des d\u00e9penses prirent une place grandissante au d\u00e9triment de la r\u00e9insertion sociale des anciens patients et devinrent le moteur de la d\u00e9sinstitutionnalisation<\/p>\n<p>Dans l\u2019\u00e8re post-asile, le maintien des soins fut remplac\u00e9 par un \u00e9ventail de traitements prodigu\u00e9s par des m\u00e9decins du secteur priv\u00e9 et des \u00e9quipes psychiatriques locales, soutenus par les services d\u2019intervention en situation de crise des d\u00e9partements de psychiatrie d\u2019h\u00f4pitaux g\u00e9n\u00e9raux. L\u2019isolement social, une identit\u00e9 profond\u00e9ment stigmatis\u00e9e, l\u2019exclusion du monde du travail, la pauvret\u00e9 constante et m\u00eame l\u2019itin\u00e9rance encadrent souvent le sort r\u00e9serv\u00e9 aux anciens patients. Il est encore facile de percevoir les murs fantomatiques de l\u2019asile d\u2019autrefois parmi les programmes qui constituent aujourd\u2019hui le syst\u00e8me de psychiatrie communautaire.<\/p>\n<p>&nbsp;<\/p>","protected":false},"excerpt":{"rendered":"<p>Les derniers asiles Par L. Baker, L. Beckman, M. Davies, C. Dooley, and E. Dyck Avec le d\u00e9veloppement de la psychiatrie bas\u00e9e sur un mod\u00e8le communautaire dans les ann\u00e9es 1960, les h\u00f4pitaux psychiatriques canadiens offrant des soins de longue dur\u00e9e furent principalement transform\u00e9s en centres de services de courte dur\u00e9e. Cette exposition innovante et bilingue &hellip; <\/p>\n","protected":false},"author":3,"featured_media":0,"parent":9134,"menu_order":0,"comment_status":"closed","ping_status":"closed","template":"","meta":{"footnotes":""},"class_list":["post-9137","page","type-page","status-publish","hentry","entry"],"aioseo_notices":[],"_links":{"self":[{"href":"https:\/\/madnesscanada.com\/fr\/wp-json\/wp\/v2\/pages\/9137"}],"collection":[{"href":"https:\/\/madnesscanada.com\/fr\/wp-json\/wp\/v2\/pages"}],"about":[{"href":"https:\/\/madnesscanada.com\/fr\/wp-json\/wp\/v2\/types\/page"}],"author":[{"embeddable":true,"href":"https:\/\/madnesscanada.com\/fr\/wp-json\/wp\/v2\/users\/3"}],"replies":[{"embeddable":true,"href":"https:\/\/madnesscanada.com\/fr\/wp-json\/wp\/v2\/comments?post=9137"}],"version-history":[{"count":2,"href":"https:\/\/madnesscanada.com\/fr\/wp-json\/wp\/v2\/pages\/9137\/revisions"}],"predecessor-version":[{"id":9384,"href":"https:\/\/madnesscanada.com\/fr\/wp-json\/wp\/v2\/pages\/9137\/revisions\/9384"}],"up":[{"embeddable":true,"href":"https:\/\/madnesscanada.com\/fr\/wp-json\/wp\/v2\/pages\/9134"}],"wp:attachment":[{"href":"https:\/\/madnesscanada.com\/fr\/wp-json\/wp\/v2\/media?parent=9137"}],"curies":[{"name":"wp","href":"https:\/\/api.w.org\/{rel}","templated":true}]}}