{"id":9141,"date":"2019-10-28T13:53:33","date_gmt":"2019-10-28T17:53:33","guid":{"rendered":"http:\/\/aftertheasylum.ca\/new-wordpress\/?page_id=82"},"modified":"2022-06-22T13:07:53","modified_gmt":"2022-06-22T17:07:53","slug":"what-is-survivor-culture","status":"publish","type":"page","link":"https:\/\/madnesscanada.com\/fr\/after-the-asylum\/survivor-culture\/what-is-survivor-culture\/","title":{"rendered":"\u00c9tablir une histoire culturelle"},"content":{"rendered":"<p><\/p>\n<!-- Widget Shortcode --><div id=\"nav_menu-64\" class=\"widget widget_nav_menu widget-shortcode area-arbitrary \"><h2 class=\"widgettitle\">(English) After the Asylum<\/h2><div class=\"menu-after-the-asylum-container\"><ul id=\"menu-after-the-asylum-1\" class=\"menu\"><li class=\"menu-item menu-item-type-post_type menu-item-object-page menu-item-9204\"><a href=\"https:\/\/madnesscanada.com\/fr\/after-the-asylum\/\">Apr\u00e8s l\u2019asile<\/a><\/li>\n<li class=\"menu-item menu-item-type-post_type menu-item-object-page menu-item-9203\"><a href=\"https:\/\/madnesscanada.com\/fr\/after-the-asylum\/policy-and-practice\/\">Politiques de sant\u00e9 mentale<\/a><\/li>\n<li class=\"menu-item menu-item-type-post_type menu-item-object-page menu-item-9208\"><a href=\"https:\/\/madnesscanada.com\/fr\/after-the-asylum\/peer-support-activism\/\">Soutien par les pairs et activisme<\/a><\/li>\n<li class=\"menu-item menu-item-type-post_type menu-item-object-page menu-item-9207\"><a href=\"https:\/\/madnesscanada.com\/fr\/after-the-asylum\/survivor-culture\/\">Culture de la survivante<\/a><\/li>\n<li class=\"menu-item menu-item-type-post_type menu-item-object-page menu-item-9206\"><a href=\"https:\/\/madnesscanada.com\/fr\/after-the-asylum\/case-studies\/\">\u00c9tudes de cas<\/a><\/li>\n<\/ul><\/div><\/div><!-- \/Widget Shortcode -->\n<!-- Widget Shortcode --><div id=\"search-3\" class=\"widget widget_search widget-shortcode area-arbitrary \"><h2 class=\"widgettitle\">(English) SEARCH<\/h2><form role=\"search\" method=\"get\" class=\"search-form\" action=\"https:\/\/madnesscanada.com\/fr\/\">\n\t\t\t\t<label>\n\t\t\t\t\t<span class=\"screen-reader-text\">Rechercher\u00a0:<\/span>\n\t\t\t\t\t<input type=\"search\" class=\"search-field\" placeholder=\"Rechercher\u2026\" value=\"\" name=\"s\" \/>\n\t\t\t\t<\/label>\n\t\t\t\t<input type=\"submit\" class=\"search-submit\" value=\"Rechercher\" \/>\n\t\t\t<\/form><\/div><!-- \/Widget Shortcode -->\n<div class=\"rightmenu\"><!-- Widget Shortcode --><div id=\"nav_menu-76\" class=\"widget widget_nav_menu widget-shortcode area-arbitrary \"><div class=\"menu-what-is-survivor-culture-container\"><ul id=\"menu-what-is-survivor-culture-1\" class=\"menu\"><li class=\"menu-item menu-item-type-post_type menu-item-object-page menu-item-9286\"><a href=\"https:\/\/madnesscanada.com\/fr\/after-the-asylum\/survivor-culture\/what-is-survivor-culture\/\">\u00c9tablir une histoire culturelle<\/a><\/li>\n<li class=\"menu-item menu-item-type-post_type menu-item-object-page menu-item-9356\"><a href=\"https:\/\/madnesscanada.com\/fr\/after-the-asylum\/survivor-culture\/what-is-survivor-culture\/historical-context\/\">Contexte historique<\/a><\/li>\n<li class=\"menu-item menu-item-type-post_type menu-item-object-page menu-item-9354\"><a href=\"https:\/\/madnesscanada.com\/fr\/after-the-asylum\/survivor-culture\/what-is-survivor-culture\/power-and-intersectionality\/\">\u00c9quit\u00e9 et identit\u00e9<\/a><\/li>\n<li class=\"menu-item menu-item-type-post_type menu-item-object-page menu-item-9355\"><a href=\"https:\/\/madnesscanada.com\/fr\/after-the-asylum\/survivor-culture\/what-is-survivor-culture\/nurturing-survival-culture\/\">Alimenter la culture survivante<\/a><\/li>\n<li class=\"menu-item menu-item-type-post_type menu-item-object-page menu-item-9285\"><a href=\"https:\/\/madnesscanada.com\/fr\/after-the-asylum\/survivor-culture\/\">Culture de la survivante<\/a><\/li>\n<\/ul><\/div><\/div><!-- \/Widget Shortcode --><\/div>\n<nav aria-label=\"breadcrumbs\">\n            <div class=\"breadcrumb-container theme1\">\n                <ol>\n                                    <\/ol>\n            <\/div>\n        <\/nav>    <script type=\"application\/ld+json\">\n        {\n            \"@context\": \"http:\/\/schema.org\",\n            \"@type\": \"BreadcrumbList\",\n            \"itemListElement\": [\n                            ]\n        }\n    <\/script>\n   \n    <script>\n            <\/script>\n\n<h1>\u00c9tablir une histoire culturelle<\/h1>\n<h5><span style=\"font-size: 15pt;\">Par Tracey Mitchell<\/span><\/h5>\n<p>\u00c0 l\u2019\u00e9t\u00e9\u00a02013, on m\u2019a demand\u00e9 de cr\u00e9er une exposition illustrant l\u2019histoire de la culture de survivance psychiatrique au Canada. Les projets que j\u2019ai retenus couvrent la p\u00e9riode entre 1979 \u00e0 2013 et offrent un \u00e9ventail d\u2019\u00e2ges, d\u2019ethnies et de formes culturelles. Le fait que la quasi-totalit\u00e9 des projets choisis soit issue des plus grandes villes canadiennes, \u00e0 savoir Vancouver, Toronto et Montr\u00e9al, laisse sous-entendre qu\u2019il est plus facile de s\u2019afficher en tant que survivant psychiatrique dans les centres urbains, qui ont \u00e9t\u00e9 \u00e9galement les premiers foyers de la culture LGBT.<\/p>\n<figure id=\"attachment_1718\" aria-describedby=\"caption-attachment-1718\" style=\"width: 300px\" class=\"wp-caption alignleft\"><a href=\"https:\/\/madnesscanada.com\/wp-content\/uploads\/2019\/11\/Screen-Shot-2019-11-13-at-8.32.56-AM.png\"><img loading=\"lazy\" decoding=\"async\" class=\"wp-image-1718 size-medium\" src=\"https:\/\/madnesscanada.com\/wp-content\/uploads\/2019\/11\/Screen-Shot-2019-11-13-at-8.32.56-AM-300x201.png\" alt=\"smiling red haired woman\" width=\"300\" height=\"201\" \/><\/a><figcaption id=\"caption-attachment-1718\" class=\"wp-caption-text\"><span lang=\"fr\">Une photo r\u00e9cente de Tracey<\/span>.<\/figcaption><\/figure>\n<p>Je suis historienne de formation et je suis famili\u00e8re avec une grande partie de la litt\u00e9rature contemporaine sur la sant\u00e9 mentale. Entre 2005 et 2007, j\u2019ai publi\u00e9\u00a0<em>On Edge<\/em>, un zine traitant de questions li\u00e9es \u00e0 la sant\u00e9 mentale et au militantisme. Tout comme une grande partie des artistes dans ce projet, j\u2019ai constat\u00e9 que lorsque j\u2019exposais au public les \u00e9l\u00e9ments de ma propre histoire de survie, beaucoup de gens s\u2019identifiaient \u00e0 mon v\u00e9cu, et m\u2019en faisaient part. Cependant, je ne savais rien \u00e0 propos des anciens projets pr\u00e9sent\u00e9s dans cette exposition. J\u2019ignorais \u00e9galement que David\u00a0Reville, survivant psychiatrique et militant de la premi\u00e8re heure, avait \u00e9t\u00e9 \u00e9lu fonctionnaire municipal et provincial durant les ann\u00e9es\u00a01980 et que des extraits de ses journaux avaient \u00e9t\u00e9 publi\u00e9s dans l\u2019ouvrage\u00a0<em>Shrink Resistant<\/em> paru en 1988. De telles histoires ont \u00e9t\u00e9 pour moi extr\u00eamement enrichissantes. Mes rencontres avec des collaborateurs comme Erin Arnold et Sheila Gilhooly ont figur\u00e9 parmi les moments les plus marquants de ma vie. Ayant pu mieux comprendre comment les survivants psychiatriques forment un mouvement politique, je suis d\u00e9sormais convaincue que notre culture doit chercher \u00e0 construire une communaut\u00e9 et une solidarit\u00e9 malgr\u00e9 les luttes personnelles et politiques. Chaque t\u00e9moignage personnel doit aussi \u00eatre re\u00e7u dans le cadre d\u2019un r\u00e9cit collectif, en r\u00e9ponse au r\u00e9cit ma\u00eetre de la \u00ab\u2009saine\u2009\u00bb soci\u00e9t\u00e9 dominante.<\/p>\n<h5><span style=\"font-size: 12pt;\">Saskatoon, 30 avril, 2014<\/span><\/h5>\n<p><\/p>","protected":false},"excerpt":{"rendered":"<p>\u00c9tablir une histoire culturelle Par Tracey Mitchell \u00c0 l\u2019\u00e9t\u00e9\u00a02013, on m\u2019a demand\u00e9 de cr\u00e9er une exposition illustrant l\u2019histoire de la culture de survivance psychiatrique au Canada. Les projets que j\u2019ai retenus couvrent la p\u00e9riode entre 1979 \u00e0 2013 et offrent un \u00e9ventail d\u2019\u00e2ges, d\u2019ethnies et de formes culturelles. Le fait que la quasi-totalit\u00e9 des projets &hellip; <\/p>\n","protected":false},"author":3,"featured_media":0,"parent":51,"menu_order":0,"comment_status":"closed","ping_status":"closed","template":"","meta":{"footnotes":""},"class_list":["post-9141","page","type-page","status-publish","hentry","entry"],"aioseo_notices":[],"_links":{"self":[{"href":"https:\/\/madnesscanada.com\/fr\/wp-json\/wp\/v2\/pages\/9141"}],"collection":[{"href":"https:\/\/madnesscanada.com\/fr\/wp-json\/wp\/v2\/pages"}],"about":[{"href":"https:\/\/madnesscanada.com\/fr\/wp-json\/wp\/v2\/types\/page"}],"author":[{"embeddable":true,"href":"https:\/\/madnesscanada.com\/fr\/wp-json\/wp\/v2\/users\/3"}],"replies":[{"embeddable":true,"href":"https:\/\/madnesscanada.com\/fr\/wp-json\/wp\/v2\/comments?post=9141"}],"version-history":[{"count":1,"href":"https:\/\/madnesscanada.com\/fr\/wp-json\/wp\/v2\/pages\/9141\/revisions"}],"predecessor-version":[{"id":9476,"href":"https:\/\/madnesscanada.com\/fr\/wp-json\/wp\/v2\/pages\/9141\/revisions\/9476"}],"up":[{"embeddable":true,"href":"https:\/\/madnesscanada.com\/fr\/wp-json\/wp\/v2\/pages\/51"}],"wp:attachment":[{"href":"https:\/\/madnesscanada.com\/fr\/wp-json\/wp\/v2\/media?parent=9141"}],"curies":[{"name":"wp","href":"https:\/\/api.w.org\/{rel}","templated":true}]}}