{"id":9148,"date":"2019-10-28T13:58:51","date_gmt":"2019-10-28T17:58:51","guid":{"rendered":"http:\/\/aftertheasylum.ca\/new-wordpress\/?page_id=87"},"modified":"2022-06-22T13:27:26","modified_gmt":"2022-06-22T17:27:26","slug":"francais-solidarite-psychiatrie","status":"publish","type":"page","link":"https:\/\/madnesscanada.com\/fr\/after-the-asylum\/survivor-culture\/francais-solidarite-psychiatrie\/","title":{"rendered":"Solidarit\u00e9-Psychiatrie"},"content":{"rendered":"<p><\/p>\n<!-- Widget Shortcode --><div id=\"nav_menu-64\" class=\"widget widget_nav_menu widget-shortcode area-arbitrary \"><h2 class=\"widgettitle\">(English) After the Asylum<\/h2><div class=\"menu-after-the-asylum-container\"><ul id=\"menu-after-the-asylum\" class=\"menu\"><li class=\"menu-item menu-item-type-post_type menu-item-object-page menu-item-9204\"><a href=\"https:\/\/madnesscanada.com\/fr\/after-the-asylum\/\">Apr\u00e8s l\u2019asile<\/a><\/li>\n<li class=\"menu-item menu-item-type-post_type menu-item-object-page menu-item-9203\"><a href=\"https:\/\/madnesscanada.com\/fr\/after-the-asylum\/policy-and-practice\/\">Politiques de sant\u00e9 mentale<\/a><\/li>\n<li class=\"menu-item menu-item-type-post_type menu-item-object-page menu-item-9208\"><a href=\"https:\/\/madnesscanada.com\/fr\/after-the-asylum\/peer-support-activism\/\">Soutien par les pairs et activisme<\/a><\/li>\n<li class=\"menu-item menu-item-type-post_type menu-item-object-page menu-item-9207\"><a href=\"https:\/\/madnesscanada.com\/fr\/after-the-asylum\/survivor-culture\/\">Culture de la survivante<\/a><\/li>\n<li class=\"menu-item menu-item-type-post_type menu-item-object-page menu-item-9206\"><a href=\"https:\/\/madnesscanada.com\/fr\/after-the-asylum\/case-studies\/\">\u00c9tudes de cas<\/a><\/li>\n<\/ul><\/div><\/div><!-- \/Widget Shortcode -->\n<!-- Widget Shortcode --><div id=\"search-3\" class=\"widget widget_search widget-shortcode area-arbitrary \"><h2 class=\"widgettitle\">(English) SEARCH<\/h2><form role=\"search\" method=\"get\" class=\"search-form\" action=\"https:\/\/madnesscanada.com\/fr\/\">\n\t\t\t\t<label>\n\t\t\t\t\t<span class=\"screen-reader-text\">Rechercher\u00a0:<\/span>\n\t\t\t\t\t<input type=\"search\" class=\"search-field\" placeholder=\"Rechercher\u2026\" value=\"\" name=\"s\" \/>\n\t\t\t\t<\/label>\n\t\t\t\t<input type=\"submit\" class=\"search-submit\" value=\"Rechercher\" \/>\n\t\t\t<\/form><\/div><!-- \/Widget Shortcode -->\n<div class=\"rightmenu\"><!-- Widget Shortcode --><div id=\"nav_menu-86\" class=\"widget widget_nav_menu widget-shortcode area-arbitrary \"><div class=\"menu-solidarite-psychiatrie-container\"><ul id=\"menu-solidarite-psychiatrie\" class=\"menu\"><li class=\"menu-item menu-item-type-post_type menu-item-object-page menu-item-9358\"><a href=\"https:\/\/madnesscanada.com\/fr\/after-the-asylum\/survivor-culture\/francais-solidarite-psychiatrie\/\">Solidarit\u00e9-Psychiatrie<\/a><\/li>\n<li class=\"menu-item menu-item-type-post_type menu-item-object-page menu-item-9364\"><a href=\"https:\/\/madnesscanada.com\/fr\/after-the-asylum\/survivor-culture\/francais-solidarite-psychiatrie\/francais-page-un\/\">Le premier noyau<\/a><\/li>\n<li class=\"menu-item menu-item-type-post_type menu-item-object-page menu-item-9363\"><a href=\"https:\/\/madnesscanada.com\/fr\/after-the-asylum\/survivor-culture\/francais-solidarite-psychiatrie\/francais-page-deux\/\">Une interpr\u00e9tation alternative<\/a><\/li>\n<li class=\"menu-item menu-item-type-post_type menu-item-object-page menu-item-9362\"><a href=\"https:\/\/madnesscanada.com\/fr\/after-the-asylum\/survivor-culture\/francais-solidarite-psychiatrie\/francais-page-trois\/\">Des projets artistiques<\/a><\/li>\n<li class=\"menu-item menu-item-type-post_type menu-item-object-page menu-item-9361\"><a href=\"https:\/\/madnesscanada.com\/fr\/after-the-asylum\/survivor-culture\/francais-solidarite-psychiatrie\/francais-page-quatre\/\">Une \u00e9volution cyclique<\/a><\/li>\n<li class=\"menu-item menu-item-type-post_type menu-item-object-page menu-item-9360\"><a href=\"https:\/\/madnesscanada.com\/fr\/after-the-asylum\/survivor-culture\/francais-solidarite-psychiatrie\/francais-page-cinq\/\">Sources<\/a><\/li>\n<li class=\"menu-item menu-item-type-post_type menu-item-object-page menu-item-9359\"><a href=\"https:\/\/madnesscanada.com\/fr\/after-the-asylum\/survivor-culture\/\">Culture survivante<\/a><\/li>\n<\/ul><\/div><\/div><!-- \/Widget Shortcode --><\/div>\n<nav aria-label=\"breadcrumbs\">\n            <div class=\"breadcrumb-container theme1\">\n                <ol>\n                                    <\/ol>\n            <\/div>\n        <\/nav>    <script type=\"application\/ld+json\">\n        {\n            \"@context\": \"http:\/\/schema.org\",\n            \"@type\": \"BreadcrumbList\",\n            \"itemListElement\": [\n                            ]\n        }\n    <\/script>\n   \n    <script>\n            <\/script>\n\n<h1>Solidarit\u00e9-Psychiatrie<\/h1>\n<h3>par Dominic Dagenais, historien<\/h3>\n<p>Mis sur pied en 1979 afin de tisser des liens de solidarit\u00e9 entre ex psychiatris\u00e9s, Solidarit\u00e9-Psychiatrie constitue un organisme pionnier parmi les regroupements alternatifs en sant\u00e9 mentale au Qu\u00e9bec. Proposant une critique radicale du syst\u00e8me de sant\u00e9 mental institutionnel, l\u2019organisme place les arts au c\u0153ur de son offre de services. Divers ateliers de cr\u00e9ation seront ainsi mis sur pied, permettant la r\u00e9alisation et la diffusion de nombreuses \u0153uvres th\u00e9\u00e2trales, litt\u00e9raires et cin\u00e9matographiques.<\/p>\n<figure id=\"attachment_1765\" aria-describedby=\"caption-attachment-1765\" style=\"width: 599px\" class=\"wp-caption alignleft\"><a href=\"https:\/\/madnesscanada.com\/wp-content\/uploads\/2019\/11\/Pas-fou-comme-on-le-pense-review-La-Presse.jpg\"><img loading=\"lazy\" decoding=\"async\" class=\"wp-image-1765\" src=\"https:\/\/madnesscanada.com\/wp-content\/uploads\/2019\/11\/Pas-fou-comme-on-le-pense-review-La-Presse-300x143.jpg\" alt=\"add transcriptioon\" width=\"599\" height=\"285\" \/><\/a><figcaption id=\"caption-attachment-1765\" class=\"wp-caption-text\"><span style=\"font-size: 10pt;\">Article du journal <em>La Presse<\/em>, paru en octobre 1984, traitant du documentaire \u00abPas fou comme on le pense\u00bb et de sa r\u00e9alisatrice Jacqueline Levitin.<\/span><\/figcaption><\/figure>\n<p>Rejetant la hi\u00e9rarchie caract\u00e9ristique du syst\u00e8me de sant\u00e9 mental, Solidarit\u00e9-Psychiatrie se veut administr\u00e9e par et pour ses membres, dans une perspective d\u2019autogestion et d\u2019\u00e9galit\u00e9. Cet organisme offrira un milieu de vie dynamique et un espace de solidarit\u00e9 et d\u2019\u00e9mancipation \u00e0 des centaines de membres jusqu\u2019\u00e0 sa disparition d\u00e9finitive en 2007.<\/p>\n<p>Le but du projet est de fournir un lieu de rencontre pour les gens concern\u00e9s par la r\u00e9alit\u00e9 de la maladie mentale o\u00f9 ils refl\u00e9teraient les diff\u00e9rents aspects de la maladie mentale et apprendraient \u00e0 lire ses manifestations dans la vie quotidienne. Le projet est devenu op\u00e9rationnel en avril 1979, depuis lors plus de 100 personnes en ont b\u00e9n\u00e9fici\u00e9. Elles ont des rencontres hebdomadaires, des activit\u00e9s continues comme le jeu th\u00e9\u00e2tral, des discussions r\u00e9guli\u00e8res sur des th\u00e8mes vari\u00e9s ; trois comit\u00e9s ont \u00e9t\u00e9 form\u00e9s : 1) un comit\u00e9 pour l&rsquo;atelier th\u00e9\u00e2tre ; 2) un comit\u00e9 pour la r\u00e9flexion ; 3) un comit\u00e9 pour faire face aux urgences. Elles ont aussi travaill\u00e9 sur les proc\u00e9dures n\u00e9cessaires pour obtenir une charte.<\/p>","protected":false},"excerpt":{"rendered":"<p>Solidarit\u00e9-Psychiatrie par Dominic Dagenais, historien Mis sur pied en 1979 afin de tisser des liens de solidarit\u00e9 entre ex psychiatris\u00e9s, Solidarit\u00e9-Psychiatrie constitue un organisme pionnier parmi les regroupements alternatifs en sant\u00e9 mentale au Qu\u00e9bec. Proposant une critique radicale du syst\u00e8me de sant\u00e9 mental institutionnel, l\u2019organisme place les arts au c\u0153ur de son offre de services. &hellip; <\/p>\n","protected":false},"author":3,"featured_media":0,"parent":51,"menu_order":3,"comment_status":"closed","ping_status":"closed","template":"","meta":{"footnotes":""},"class_list":["post-9148","page","type-page","status-publish","hentry","entry"],"aioseo_notices":[],"_links":{"self":[{"href":"https:\/\/madnesscanada.com\/fr\/wp-json\/wp\/v2\/pages\/9148"}],"collection":[{"href":"https:\/\/madnesscanada.com\/fr\/wp-json\/wp\/v2\/pages"}],"about":[{"href":"https:\/\/madnesscanada.com\/fr\/wp-json\/wp\/v2\/types\/page"}],"author":[{"embeddable":true,"href":"https:\/\/madnesscanada.com\/fr\/wp-json\/wp\/v2\/users\/3"}],"replies":[{"embeddable":true,"href":"https:\/\/madnesscanada.com\/fr\/wp-json\/wp\/v2\/comments?post=9148"}],"version-history":[{"count":1,"href":"https:\/\/madnesscanada.com\/fr\/wp-json\/wp\/v2\/pages\/9148\/revisions"}],"predecessor-version":[{"id":9500,"href":"https:\/\/madnesscanada.com\/fr\/wp-json\/wp\/v2\/pages\/9148\/revisions\/9500"}],"up":[{"embeddable":true,"href":"https:\/\/madnesscanada.com\/fr\/wp-json\/wp\/v2\/pages\/51"}],"wp:attachment":[{"href":"https:\/\/madnesscanada.com\/fr\/wp-json\/wp\/v2\/media?parent=9148"}],"curies":[{"name":"wp","href":"https:\/\/api.w.org\/{rel}","templated":true}]}}