{"id":9165,"date":"2019-10-29T11:53:21","date_gmt":"2019-10-29T15:53:21","guid":{"rendered":"http:\/\/aftertheasylum.ca\/new-wordpress\/?page_id=241"},"modified":"2022-06-22T12:33:36","modified_gmt":"2022-06-22T16:33:36","slug":"dare-to-imagine","status":"publish","type":"page","link":"https:\/\/madnesscanada.com\/fr\/after-the-asylum\/peer-support-activism\/an-activist-and-an-academic\/dare-to-imagine\/","title":{"rendered":"Le militantisme politique"},"content":{"rendered":"<p><\/p>\n<!-- Widget Shortcode --><div id=\"nav_menu-64\" class=\"widget widget_nav_menu widget-shortcode area-arbitrary \"><h2 class=\"widgettitle\">(English) After the Asylum<\/h2><div class=\"menu-after-the-asylum-container\"><ul id=\"menu-after-the-asylum-1\" class=\"menu\"><li class=\"menu-item menu-item-type-post_type menu-item-object-page menu-item-9204\"><a href=\"https:\/\/madnesscanada.com\/fr\/after-the-asylum\/\">Apr\u00e8s l\u2019asile<\/a><\/li>\n<li class=\"menu-item menu-item-type-post_type menu-item-object-page menu-item-9203\"><a href=\"https:\/\/madnesscanada.com\/fr\/after-the-asylum\/policy-and-practice\/\">Politiques de sant\u00e9 mentale<\/a><\/li>\n<li class=\"menu-item menu-item-type-post_type menu-item-object-page menu-item-9208\"><a href=\"https:\/\/madnesscanada.com\/fr\/after-the-asylum\/peer-support-activism\/\">Soutien par les pairs et activisme<\/a><\/li>\n<li class=\"menu-item menu-item-type-post_type menu-item-object-page menu-item-9207\"><a href=\"https:\/\/madnesscanada.com\/fr\/after-the-asylum\/survivor-culture\/\">Culture de la survivante<\/a><\/li>\n<li class=\"menu-item menu-item-type-post_type menu-item-object-page menu-item-9206\"><a href=\"https:\/\/madnesscanada.com\/fr\/after-the-asylum\/case-studies\/\">\u00c9tudes de cas<\/a><\/li>\n<\/ul><\/div><\/div><!-- \/Widget Shortcode -->\n<!-- Widget Shortcode --><div id=\"search-3\" class=\"widget widget_search widget-shortcode area-arbitrary \"><h2 class=\"widgettitle\">(English) SEARCH<\/h2><form role=\"search\" method=\"get\" class=\"search-form\" action=\"https:\/\/madnesscanada.com\/fr\/\">\n\t\t\t\t<label>\n\t\t\t\t\t<span class=\"screen-reader-text\">Rechercher\u00a0:<\/span>\n\t\t\t\t\t<input type=\"search\" class=\"search-field\" placeholder=\"Rechercher\u2026\" value=\"\" name=\"s\" \/>\n\t\t\t\t<\/label>\n\t\t\t\t<input type=\"submit\" class=\"search-submit\" value=\"Rechercher\" \/>\n\t\t\t<\/form><\/div><!-- \/Widget Shortcode -->\n<div class=\"rightmenu\"><!-- Widget Shortcode --><div id=\"nav_menu-73\" class=\"widget widget_nav_menu widget-shortcode area-arbitrary \"><div class=\"menu-activist-and-academic-container\"><ul id=\"menu-activist-and-academic-1\" class=\"menu\"><li class=\"menu-item menu-item-type-post_type menu-item-object-page menu-item-9262\"><a href=\"https:\/\/madnesscanada.com\/fr\/after-the-asylum\/peer-support-activism\/an-activist-and-an-academic\/\">Un activiste et un universitaire<\/a><\/li>\n<li class=\"menu-item menu-item-type-post_type menu-item-object-page menu-item-9263\"><a href=\"https:\/\/madnesscanada.com\/fr\/after-the-asylum\/peer-support-activism\/an-activist-and-an-academic\/crafting-a-partnership\/\">Une alliance inusit\u00e9e<\/a><\/li>\n<li class=\"menu-item menu-item-type-post_type menu-item-object-page menu-item-9264\"><a href=\"https:\/\/madnesscanada.com\/fr\/after-the-asylum\/peer-support-activism\/an-activist-and-an-academic\/an-activist-agenda-co-created-knowledge\/\">Une union entre le communautaire et l\u2019acad\u00e9mique<\/a><\/li>\n<li class=\"menu-item menu-item-type-post_type menu-item-object-page menu-item-9265\"><a href=\"https:\/\/madnesscanada.com\/fr\/after-the-asylum\/peer-support-activism\/an-activist-and-an-academic\/dare-to-imagine\/\">Le militantisme politique<\/a><\/li>\n<li class=\"menu-item menu-item-type-post_type menu-item-object-page menu-item-9266\"><a href=\"https:\/\/madnesscanada.com\/fr\/after-the-asylum\/peer-support-activism\/an-activist-and-an-academic\/mary-pengilly-diaries\/\">Osons imaginer<\/a><\/li>\n<li class=\"menu-item menu-item-type-post_type menu-item-object-page menu-item-9261\"><a href=\"https:\/\/madnesscanada.com\/fr\/after-the-asylum\/peer-support-activism\/\">Soutien par les pairs et activisme<\/a><\/li>\n<\/ul><\/div><\/div><!-- \/Widget Shortcode --><\/div>\n<nav aria-label=\"breadcrumbs\">\n            <div class=\"breadcrumb-container theme1\">\n                <ol>\n                                    <\/ol>\n            <\/div>\n        <\/nav>    <script type=\"application\/ld+json\">\n        {\n            \"@context\": \"http:\/\/schema.org\",\n            \"@type\": \"BreadcrumbList\",\n            \"itemListElement\": [\n                            ]\n        }\n    <\/script>\n   \n    <script>\n            <\/script>\n\n<h1>Le militantisme politique<\/h1>\n<p>Les s\u00e9v\u00e8res critiques de LeBlanc et St-Amand \u00e0 l\u2019endroit du syst\u00e8me psychiatrique et leurs positions en faveur d\u2019alternatives en sant\u00e9 mentale les ont in\u00e9vitablement conduits \u00e0 quelques confrontations avec les milieux institutionnel et politique. Toutefois, les dol\u00e9ances qu\u2019ils expriment lors d\u2019\u00e9v\u00e9nements officiels sont parfois des occasions pour obtenir la reconnaissance des instances en place. Ainsi, apr\u00e8s l\u2019annonce du retrait d\u2019une subvention gouvernementale destin\u00e9e au GSEI \u00e0 quelques jours d\u2019une rencontre dans laquelle il devait pr\u00e9senter le ministre de la Sant\u00e9 du Nouveau-Brunswick, LeBlanc adresse une lettre au ministre et en livre une copie aux personnes attendues \u00e0 la r\u00e9union. Il fallut alors peu de temps pour que la subvention soit finalement accord\u00e9e de nouveau. Pour LeBlanc, ces pressions exerc\u00e9es sur les instances gouvernementales sont une strat\u00e9gie oblig\u00e9e pour assurer la r\u00e9alisation et la long\u00e9vit\u00e9 de ses projets : \u00abil faut toujours essayer de d\u00e9jouer l\u2019autre pour aller un peu plus haut\u00bb. \u00c0 l\u2019occasion de la pr\u00e9sentation du projet visant \u00e0 recueillir la parole d\u2019ex-psychiatris\u00e9s, faite lors d\u2019une conf\u00e9rence r\u00e9unissant les fonctionnaires et les professionnels de la sant\u00e9 mentale \u00e0 Fredericton en 2003, LeBlanc d\u00e9clare que la psychiatrie est la seule branche m\u00e9dicale dont les fa\u00e7ons de faire sont contest\u00e9es par ses patients. Quelques mois plus tard, les centres d\u2019activit\u00e9s alternatifs de la province re\u00e7urent du financement gouvernemental.<\/p>\n<p>L\u2019engagement de LeBlanc et St-Amand en faveur d\u2019alternatives en soins de sant\u00e9 mentale se heurte souvent \u00e0 un rapport de force d\u00e9favorable face \u00e0 la Commission de sant\u00e9 mentale du Canada qu\u2019ils consid\u00e8rent comme l\u2019\u00e9lite du milieu psychiatrique. Malgr\u00e9 ses critiques du milieu institutionnel, LeBlanc fut invit\u00e9 \u00e0 si\u00e9ger \u00e0 un comit\u00e9 compos\u00e9 d\u2019anciens psychiatris\u00e9s, The Hallway Group, et participa \u00e0 d\u2019autres comit\u00e9s de consultation. Il constate toutefois rapidement que les membres de la Commission de sant\u00e9 mentale se montrent souvent intol\u00e9rants envers les groupes de personnes psychiatris\u00e9es. Il remarque que la Commission manifeste beaucoup de compassion pour l\u2019individu, pris isol\u00e9ment, mais se montre beaucoup plus hostile envers les regroupements. De plus, dans les conf\u00e9rences organis\u00e9es par la Commission, les r\u00e9cits personnels qui y sont pr\u00e9sent\u00e9s sont g\u00e9n\u00e9ralement constitu\u00e9s autour d\u2019une trame dans laquelle le milieu psychiatrique est valoris\u00e9. L\u2019intervention d\u2019un psychiatre y \u00e9tant pr\u00e9sent\u00e9e comme un moment salutaire pour l\u2019individu. Aussi, les modifications r\u00e9centes des structures et du mode d\u2019op\u00e9ration de la Commission ont accentu\u00e9 sa proximit\u00e9 avec les institutions psychiatriques. S\u2019il reconna\u00eet que le programme At Home\/Chez soi visant \u00e0 assurer un logement aux personnes psychiatris\u00e9es s\u2019est av\u00e9r\u00e9 b\u00e9n\u00e9fique pour certains individus, LeBlanc se dit consid\u00e9rablement d\u00e9\u00e7u de l\u2019orientation globale prise par la Commission au cours des derni\u00e8res ann\u00e9es :<\/p>\n<h5>N\u00e9r\u00e9e partage son avis mitig\u00e9 au sujet de la Commission de sant\u00e9 mentale du Canada:<\/h5>\n<!--[if lt IE 9]><script>document.createElement('audio');<\/script><![endif]-->\n<audio class=\"wp-audio-shortcode\" id=\"audio-9165-1\" preload=\"none\" style=\"width: 100%;\" controls=\"controls\"><source type=\"audio\/mpeg\" src=\"https:\/\/madnesscanada.com\/wp-content\/uploads\/2019\/11\/Audio7.mp3?_=1\" \/><a href=\"https:\/\/madnesscanada.com\/wp-content\/uploads\/2019\/11\/Audio7.mp3\">https:\/\/madnesscanada.com\/wp-content\/uploads\/2019\/11\/Audio7.mp3<\/a><\/audio>\n<p>&nbsp;<\/p>\n<p>De son c\u00f4t\u00e9, St-Amand a \u00e9t\u00e9 invit\u00e9 \u00e0 si\u00e9ger au comit\u00e9 consacr\u00e9 aux familles de personnes ayant \u00e9t\u00e9 psychiatris\u00e9es. Il sent alors que sa pr\u00e9sence est peu appr\u00e9ci\u00e9e par certains membres de son comit\u00e9, sans doute en raison de ses positions tr\u00e8s critiques \u00e0 l\u2019\u00e9gard de la psychiatrie. Il constate de plus que les huit diff\u00e9rents comit\u00e9s de la Commission sont loin d\u2019avoir le m\u00eame poids. Le comit\u00e9 consacr\u00e9 aux familles de personnes psychiatris\u00e9es s\u2019av\u00e8re ainsi nettement moins influent que d\u2019autres comit\u00e9s dirig\u00e9s par des psychiatres \u00e0 la t\u00eate d\u2019h\u00f4pitaux ou d\u2019autres institutions prestigieuses :<\/p>\n<h5>N\u00e9r\u00e9e fait part du d\u00e9squilibre entre les divers comit\u00e9s composant la Commission de sant\u00e9 mentale du Canada:<\/h5>\n<audio class=\"wp-audio-shortcode\" id=\"audio-9165-2\" preload=\"none\" style=\"width: 100%;\" controls=\"controls\"><source type=\"audio\/mpeg\" src=\"https:\/\/madnesscanada.com\/wp-content\/uploads\/2019\/11\/Audio8.mp3?_=2\" \/><a href=\"https:\/\/madnesscanada.com\/wp-content\/uploads\/2019\/11\/Audio8.mp3\">https:\/\/madnesscanada.com\/wp-content\/uploads\/2019\/11\/Audio8.mp3<\/a><\/audio>\n<p>&nbsp;<\/p>\n<p>St-Amand constate aussi d\u2019importantes lacunes dans le fonctionnement de la Commission, notamment dans sa consid\u00e9ration d\u00e9faillante des francophones et des Autochtones; dans sa m\u00e9connaissance des particularit\u00e9s des institutions et organisations de sant\u00e9 mentale qu\u00e9b\u00e9coises; de m\u00eame que dans sa tendance \u00e0 n\u00e9gliger les acteurs communautaires et alternatifs en sant\u00e9 mentale. LeBlanc d\u00e9nonce le manque d\u2019ouverture de la Commission face aux francophones, un ph\u00e9nom\u00e8ne dont il a \u00e9t\u00e9 maintes fois t\u00e9moin. Lors de la conf\u00e9rence sur le stigma par exemple, la Commission n\u2019a contact\u00e9 que des m\u00e9dias anglophones sous pr\u00e9texte qu\u2019elle n\u2019avait pas suffisamment de fonds. M\u00eame ph\u00e9nom\u00e8ne lors de la conf\u00e9rence internationale sur la sant\u00e9 mentale de Vancouver en 2009, alors que des pr\u00e9sentations bilingues \u00e9taient r\u00e9dig\u00e9es dans un tr\u00e8s mauvais fran\u00e7ais.<\/p>\n<p>&nbsp;<\/p>","protected":false},"excerpt":{"rendered":"<p>Le militantisme politique Les s\u00e9v\u00e8res critiques de LeBlanc et St-Amand \u00e0 l\u2019endroit du syst\u00e8me psychiatrique et leurs positions en faveur d\u2019alternatives en sant\u00e9 mentale les ont in\u00e9vitablement conduits \u00e0 quelques confrontations avec les milieux institutionnel et politique. Toutefois, les dol\u00e9ances qu\u2019ils expriment lors d\u2019\u00e9v\u00e9nements officiels sont parfois des occasions pour obtenir la reconnaissance des instances &hellip; <\/p>\n","protected":false},"author":3,"featured_media":0,"parent":76,"menu_order":2,"comment_status":"closed","ping_status":"closed","template":"","meta":{"footnotes":""},"class_list":["post-9165","page","type-page","status-publish","hentry","entry"],"aioseo_notices":[],"_links":{"self":[{"href":"https:\/\/madnesscanada.com\/fr\/wp-json\/wp\/v2\/pages\/9165"}],"collection":[{"href":"https:\/\/madnesscanada.com\/fr\/wp-json\/wp\/v2\/pages"}],"about":[{"href":"https:\/\/madnesscanada.com\/fr\/wp-json\/wp\/v2\/types\/page"}],"author":[{"embeddable":true,"href":"https:\/\/madnesscanada.com\/fr\/wp-json\/wp\/v2\/users\/3"}],"replies":[{"embeddable":true,"href":"https:\/\/madnesscanada.com\/fr\/wp-json\/wp\/v2\/comments?post=9165"}],"version-history":[{"count":1,"href":"https:\/\/madnesscanada.com\/fr\/wp-json\/wp\/v2\/pages\/9165\/revisions"}],"predecessor-version":[{"id":9447,"href":"https:\/\/madnesscanada.com\/fr\/wp-json\/wp\/v2\/pages\/9165\/revisions\/9447"}],"up":[{"embeddable":true,"href":"https:\/\/madnesscanada.com\/fr\/wp-json\/wp\/v2\/pages\/76"}],"wp:attachment":[{"href":"https:\/\/madnesscanada.com\/fr\/wp-json\/wp\/v2\/media?parent=9165"}],"curies":[{"name":"wp","href":"https:\/\/api.w.org\/{rel}","templated":true}]}}