{"id":9200,"date":"2020-04-23T15:02:02","date_gmt":"2020-04-23T19:02:02","guid":{"rendered":"http:\/\/aftertheasylum.ca\/new-wordpress\/?page_id=3005"},"modified":"2026-04-20T09:09:46","modified_gmt":"2026-04-20T13:09:46","slug":"francais-page-cinq","status":"publish","type":"page","link":"https:\/\/madnesscanada.com\/fr\/after-the-asylum\/survivor-culture\/francais-solidarite-psychiatrie\/francais-page-cinq\/","title":{"rendered":"Sources"},"content":{"rendered":"<h1 class=\"wp-block-heading\">Sources<\/h1>\n\n\n\n<p>Letendre, Robert et Chantal Saab, \u00ab\u00a0Solidarit\u00e9-Psychiatrie Inc.\u00a0\u00bb, <em>Sant\u00e9 mentale au Qu\u00e9bec<\/em>, vol. 5, n\u00b0 1, 1980, p. 42-43.<\/p>\n\n\n\n<p>Solidarit\u00e9-Psychiatrie, <em>La folie comme de raison<\/em> : Histoires vraies, Montr\u00e9al, VLB \u00c9diteur, 1984.<\/p>\n\n\n\n<p>Solidarit\u00e9-Psychiatrie, \u00ab\u00a0Texte de base\u00a0\u00bb, 1981, Biblioth\u00e8que et Archives nationales du Qu\u00e9bec, Fonds Solidarit\u00e9 Alternative en sant\u00e9 mentale (P817), 2009-06-006\/1.<\/p>\n\n\n\n<p><strong><a href=\"https:\/\/madnesscanada.com\/wp-content\/uploads\/2019\/11\/1980-Article.pdf\">Robert Letendre et Chantal Saab, \u00ab\u00a0Solidarit\u00e9-Psychiatrie Inc.\u00a0\u00bb <em>Sant\u00e9 mentale au Qu\u00e9bec<\/em>, vol. 5, n\u00b01, 1980, p. 41-46<\/a>.<\/strong><\/p>\n\n\n\n<p>Article de Robert Letendre et Chantal Saab publi\u00e9 dans la revue Sant\u00e9 mentale au Qu\u00e9bec en 1980. Letendre et Saab travaillaient \u00e0 la clinique de psychiatrie de l\u2019h\u00f4pital Jean-Talon et sont les deux membres fondateurs de Solidarit\u00e9-Psychiatrie. Dans ce texte, ils exposent les objectifs et les orientations du regroupement, les motivations ayant men\u00e9 \u00e0 sa cr\u00e9ation, de m\u00eame que ses diff\u00e9rents projets.<\/p>\n\n\n\n<p><a href=\"https:\/\/madnesscanada.com\/wp-content\/uploads\/2019\/11\/1981-Texte-de-base.pdf\"><strong>Solidarit\u00e9-Psychiatrie, \u00ab\u00a0Texte de base\u00a0\u00bb, 1981, Biblioth\u00e8que et Archives nationales du Qu\u00e9bec, Fonds Solidarit\u00e9 Alternative en sant\u00e9 mentale (P817), 2009-06-006\/1.<\/strong><\/a><\/p>\n\n\n\n<p>Texte de base de 1981 \u00e9non\u00e7ant les principes et le mode de fonctionnement de Solidarit\u00e9-Psychiatrie. On y d\u00e9crit la conception de la folie telle que d\u00e9velopp\u00e9e par le regroupement de m\u00eame que ses principales motivations, aspirations et activit\u00e9s. D\u2019autres versions reprenant essentiellement les m\u00eames \u00e9l\u00e9ments furent produites dans les ann\u00e9es subs\u00e9quentes.<\/p>\n\n\n\n<p><strong><a href=\"https:\/\/madnesscanada.com\/wp-content\/uploads\/2019\/11\/Pas-fou-comme-on-le-pense-review-La-Presse.jpg\">\u00ab\u00a0Jacqueline Levitin veut faire du cin\u00e9ma utile\u00a0\u00bb, <em>La Presse<\/em>, 20 octobre 1984, E18.<\/a><\/strong><\/p>\n\n\n\n<p>Article de Serge Dussault publi\u00e9 dans le journal montr\u00e9alais <em>La Presse<\/em> qui pr\u00e9sente une entrevue. faite avec la cin\u00e9aste Jacqueline Levitin \u00e0 propos du film Pas si fou d\u2019\u00eatre fou au moment de sa sortie en salle. Levitin y explique sa d\u00e9marche, entre documentaire et fiction, et le r\u00f4le des membres de Solidarit\u00e9-Psychiatrie dans la r\u00e9alisation du film.<\/p>\n\n\n<!-- Widget Shortcode --><div id=\"nav_menu-86\" class=\"widget widget_nav_menu widget-shortcode area-arbitrary \"><h2 class=\"widgettitle\">Explorer davantage<\/h2><nav class=\"menu-solidarite-psychiatrie-container\" aria-label=\"Explorer davantage\"><ul id=\"menu-solidarite-psychiatrie\" class=\"menu\"><li id=\"menu-item-9364\" class=\"menu-item menu-item-type-post_type menu-item-object-page menu-item-9364\"><a href=\"https:\/\/madnesscanada.com\/fr\/after-the-asylum\/survivor-culture\/francais-solidarite-psychiatrie\/francais-page-un\/\">Le premier noyau<\/a><\/li>\n<li id=\"menu-item-9363\" class=\"menu-item menu-item-type-post_type menu-item-object-page menu-item-9363\"><a href=\"https:\/\/madnesscanada.com\/fr\/after-the-asylum\/survivor-culture\/francais-solidarite-psychiatrie\/francais-page-deux\/\">Une interpr\u00e9tation alternative<\/a><\/li>\n<li id=\"menu-item-9362\" class=\"menu-item menu-item-type-post_type menu-item-object-page menu-item-9362\"><a href=\"https:\/\/madnesscanada.com\/fr\/after-the-asylum\/survivor-culture\/francais-solidarite-psychiatrie\/francais-page-trois\/\">Des projets artistiques<\/a><\/li>\n<li id=\"menu-item-9361\" class=\"menu-item menu-item-type-post_type menu-item-object-page menu-item-9361\"><a href=\"https:\/\/madnesscanada.com\/fr\/after-the-asylum\/survivor-culture\/francais-solidarite-psychiatrie\/francais-page-quatre\/\">Une \u00e9volution cyclique<\/a><\/li>\n<li id=\"menu-item-9360\" class=\"menu-item menu-item-type-post_type menu-item-object-page menu-item-9360\"><a href=\"https:\/\/madnesscanada.com\/fr\/after-the-asylum\/survivor-culture\/francais-solidarite-psychiatrie\/francais-page-cinq\/\">Sources<\/a><\/li>\n<li id=\"menu-item-1532\" class=\"menu-item menu-item-type-post_type menu-item-object-post menu-item-1532\"><a href=\"https:\/\/madnesscanada.com\/fr\/francais-solidarite-psychiatrie\/\">Page d&rsquo;affichage officiel<\/a><\/li>\n<\/ul><\/nav><\/div><!-- \/Widget Shortcode -->","protected":false},"excerpt":{"rendered":"<p>Sources Letendre, Robert et Chantal Saab, \u00ab\u00a0Solidarit\u00e9-Psychiatrie Inc.\u00a0\u00bb, Sant\u00e9 mentale au Qu\u00e9bec, vol. 5, n\u00b0 1, 1980, p. 42-43. Solidarit\u00e9-Psychiatrie, La folie comme de raison : Histoires vraies, Montr\u00e9al, VLB \u00c9diteur, 1984. Solidarit\u00e9-Psychiatrie, \u00ab\u00a0Texte de base\u00a0\u00bb, 1981, Biblioth\u00e8que et Archives nationales du Qu\u00e9bec, Fonds Solidarit\u00e9 Alternative en sant\u00e9 mentale (P817), 2009-06-006\/1. Robert Letendre et Chantal &hellip; <\/p>\n<p class=\"link-more\"><a href=\"https:\/\/madnesscanada.com\/fr\/after-the-asylum\/survivor-culture\/francais-solidarite-psychiatrie\/francais-page-cinq\/\" class=\"more-link\">Continuer la lecture<span class=\"screen-reader-text\"> de &laquo;&nbsp;Sources&nbsp;&raquo;<\/span><\/a><\/p>\n","protected":false},"author":3,"featured_media":0,"parent":9148,"menu_order":4,"comment_status":"closed","ping_status":"closed","template":"","meta":{"footnotes":""},"class_list":["post-9200","page","type-page","status-publish","hentry"],"_links":{"self":[{"href":"https:\/\/madnesscanada.com\/fr\/wp-json\/wp\/v2\/pages\/9200","targetHints":{"allow":["GET"]}}],"collection":[{"href":"https:\/\/madnesscanada.com\/fr\/wp-json\/wp\/v2\/pages"}],"about":[{"href":"https:\/\/madnesscanada.com\/fr\/wp-json\/wp\/v2\/types\/page"}],"author":[{"embeddable":true,"href":"https:\/\/madnesscanada.com\/fr\/wp-json\/wp\/v2\/users\/3"}],"replies":[{"embeddable":true,"href":"https:\/\/madnesscanada.com\/fr\/wp-json\/wp\/v2\/comments?post=9200"}],"version-history":[{"count":2,"href":"https:\/\/madnesscanada.com\/fr\/wp-json\/wp\/v2\/pages\/9200\/revisions"}],"predecessor-version":[{"id":1540,"href":"https:\/\/madnesscanada.com\/fr\/wp-json\/wp\/v2\/pages\/9200\/revisions\/1540"}],"up":[{"embeddable":true,"href":"https:\/\/madnesscanada.com\/fr\/wp-json\/wp\/v2\/pages\/9148"}],"wp:attachment":[{"href":"https:\/\/madnesscanada.com\/fr\/wp-json\/wp\/v2\/media?parent=9200"}],"curies":[{"name":"wp","href":"https:\/\/api.w.org\/{rel}","templated":true}]}}